{"id":3448,"date":"2020-07-14T22:50:01","date_gmt":"2020-07-15T01:50:01","guid":{"rendered":"http:\/\/oxfordbrazilebm.com\/?page_id=3448"},"modified":"2020-07-14T22:50:01","modified_gmt":"2020-07-15T01:50:01","slug":"humanos-urbanos-como-novos-hospedeiros-a-continua-fragmentacao-do-habitat-selvagem-ira-acelerar-as-condicoes-para-futuras-epidemias","status":"publish","type":"page","link":"https:\/\/oxfordbrazilebm.com\/index.php\/humanos-urbanos-como-novos-hospedeiros-a-continua-fragmentacao-do-habitat-selvagem-ira-acelerar-as-condicoes-para-futuras-epidemias\/","title":{"rendered":"Humanos urbanos como novos hospedeiros: a cont\u00ednua fragmenta\u00e7\u00e3o do habitat selvagem ir\u00e1 acelerar as condi\u00e7\u00f5es para futuras epidemias"},"content":{"rendered":"<div class=\"wpb-content-wrapper\"><p>[vc_row][vc_column][vc_column_text]Tradutores:\u00a0Ana Paula Pires dos Santos, Luis Eduardo Fontes<\/p>\n<hr \/>\n<p><span style=\"color: #ffffff;\">.<\/span><\/p>\n<p style=\"text-align: right;\">25 de junho de 2020<\/p>\n<p style=\"text-align: right;\"><strong>Olivia Duncan<\/strong><br \/>\nArquiteta,\u00a0<a href=\"https:\/\/www.conted.ox.ac.uk\/about\/msc-in-sustainable-urban-development\">Mestrado em Desenvolvimento Urbano Sustent\u00e1vel<\/a>, Universidade de Oxford<\/p>\n<p>&nbsp;<\/p>\n<p style=\"text-align: right;\">Em nome da Equipe do Oxford COVID-19 Evidence Service Team<\/p>\n<p style=\"text-align: right;\">Universidade de Oxford<\/p>\n<p style=\"text-align: right;\">Correspond\u00eancia para\u00a0<a href=\"mailto:oliviaduncan@gmail.com\">oliviaduncan@gmail.com<\/a><\/p>\n<p>&nbsp;<\/p>\n<p style=\"text-align: justify;\"><strong>PARECER<\/strong><\/p>\n<p style=\"text-align: justify;\">Uma abordagem de &#8220;coaliz\u00e3o&#8221; entre estrategistas urbanos \u00e9 um elemento chave para mitigar a atual crise da COVID-19 e as futuras epidemias. Cada contexto urbano com diferentes densidades populacionais e de constru\u00e7\u00e3o requer abordagens de mitiga\u00e7\u00e3o espec\u00edficas para o contexto, incluindo o reconhecimento do impacto urbano sobre o ambiente natural ou biof\u00edsico. A COVID-19, combinada com os impactos negativos da fragmenta\u00e7\u00e3o generalizada do habitat resultante dos padr\u00f5es de urbaniza\u00e7\u00e3o, exige agora uma reforma dos conhecimentos especializados em desenvolvimento urbano. Abordagens colaborativas para proteger os seres humanos de futuras epidemias s\u00e3o essenciais para o &#8220;futuro urbano&#8221;;<\/p>\n<p style=\"text-align: justify;\">Mais pesquisas e experimentos em biomim\u00e9tica representam uma grande oportunidade para mitigar a contamina\u00e7\u00e3o de superf\u00edcies.<\/p>\n<p style=\"text-align: justify;\"><strong><img loading=\"lazy\" decoding=\"async\" class=\"alignnone wp-image-3449 size-full\" src=\"http:\/\/oxfordbrazilebm.com\/wp-content\/uploads\/2020\/07\/img59_1.jpg\" alt=\"\" width=\"600\" height=\"450\" srcset=\"https:\/\/oxfordbrazilebm.com\/wp-content\/uploads\/2020\/07\/img59_1.jpg 600w, https:\/\/oxfordbrazilebm.com\/wp-content\/uploads\/2020\/07\/img59_1-300x225.jpg 300w\" sizes=\"auto, (max-width: 600px) 100vw, 600px\" \/><\/strong><\/p>\n<p style=\"text-align: justify;\"><strong>CONECTANDO A URBANIZA\u00c7\u00c3O R\u00c1PIDA, OS HABITATS FRAGMENTADOS E O AMBIENTE CONSTRU\u00cdDO P\u00d3S-COVID<\/strong><\/p>\n<p style=\"text-align: justify;\">A atual pandemia e as rotas de transmiss\u00e3o do SARS-CoV-2 ainda est\u00e3o sendo pesquisadas globalmente, e as cidades mais densas e pobres do Sul Global s\u00e3o provavelmente <a href=\"https:\/\/theconversation.com\/coronavirus-there-is-no-global-south-exceptionalism-137806\">as mais afetadas<\/a>. No meio de grande incerteza, um <a href=\"https:\/\/academic.oup.com\/jid\/advance-article\/doi\/10.1093\/infdis\/jiaa189\/5820886\">estudo publicado recentemente<\/a> reconhece que, embora as rotas de transmiss\u00e3o do v\u00edrus n\u00e3o estejam bem caracterizadas, pesquisas sugerem que a sua propaga\u00e7\u00e3o ocorre atrav\u00e9s de contato f\u00edsico, got\u00edculas e vias a\u00e9reas. Considerando que a maioria dos <a href=\"https:\/\/ourworldindata.org\/urbanization\">seres humanos atualmente s\u00e3o urbanos<\/a>, e geralmente passam <a href=\"https:\/\/www.ncbi.nlm.nih.gov\/pmc\/articles\/PMC6072925\/\">mais de 90% do seu tempo em ambientes fechados<\/a> &#8211; assumindo-se que o tempo restante \u00e9 passado em espa\u00e7os p\u00fablicos compartilhados &#8211; um questionamento sobre o papel do ambiente urbano no apoio ou supress\u00e3o da propaga\u00e7\u00e3o parece inevit\u00e1vel.<\/p>\n<p style=\"text-align: justify;\">Diante do advento de uma doen\u00e7a infecciosa, a preocupa\u00e7\u00e3o mais apropriada de qualquer governo municipal, antes de tudo, \u00e9 provavelmente controlar a propaga\u00e7\u00e3o dessa doen\u00e7a. A hist\u00f3ria humana fornece uma <a href=\"https:\/\/time.com\/5803225\/yuval-noah-harari-coronavirus-humanity-leadership\/\">vis\u00e3o<\/a> das abordagens anteriores para controlar a propaga\u00e7\u00e3o extensiva de infec\u00e7\u00f5es desconhecidas; e os nossos equivalentes medievais encontraram uma pandemia mais devastadora do que a nossa atual COVID-19, conhecida como a <a href=\"https:\/\/www.manchesterhive.com\/view\/9781526112712\/9781526112712.xml\">Peste Negra<\/a>, pois h\u00e1 evidencias de que a <a href=\"https:\/\/www.historytoday.com\/archive\/black-death-greatest-catastrophe-ever\">popula\u00e7\u00e3o europeia foi quase dizimada por ela<\/a>.<\/p>\n<p style=\"text-align: justify;\">A maioria das <a href=\"https:\/\/www.medrxiv.org\/content\/10.1101\/2020.03.26.20044677v1\">estrat\u00e9gias atuais de supress\u00e3o e mitiga\u00e7\u00e3o<\/a> requer um per\u00edodo de testes e um monitoramento rigoroso do comportamento desconhecido do v\u00edrus. Neste contexto, estrategistas urbanos e epidemiologistas poderiam formar um grupo de coaliz\u00e3o de entusiastas da &#8220;imunidade do rebanho&#8221; e apoiadores rigorosos da supress\u00e3o, dependendo da densidades urbana das suas cidades e n\u00edvel de desenvolvimento econ\u00f4mico. \u00c9 bem reconhecido que, <a href=\"https:\/\/www.tse-fr.eu\/sites\/default\/files\/TSE\/documents\/doc\/by\/gollier\/agespecific1.pdf\">dada a alta taxa de mortalidade da COVID-19<\/a> em compara\u00e7\u00e3o \u00e0 gripe, uma ado\u00e7\u00e3o precoce da estrat\u00e9gia de &#8220;imunidade de rebanho&#8221; &#8211; onde o n\u00edvel de imunidade da popula\u00e7\u00e3o seria alcan\u00e7ado organicamente &#8211; significaria que <a href=\"https:\/\/www.tse-fr.eu\/sites\/default\/files\/TSE\/documents\/doc\/by\/gollier\/agespecific1.pdf\">aproximadamente 0,8% do total da popula\u00e7\u00e3o mundial provavelmente ser\u00e1 morta<\/a> antes que uma vacina esteja acess\u00edvel \u00e0 comunidade, excluindo o excesso de mortalidade resultante da capacidade de qualquer sistema de sa\u00fade de lidar com o alto n\u00famero de infec\u00e7\u00f5es.<\/p>\n<p style=\"text-align: justify;\">Da hist\u00f3ria ao mundo acad\u00eamico atual, h\u00e1 muitas evid\u00eancias de m\u00e9todos bem sucedidos e <a href=\"https:\/\/fr.ircwash.org\/sites\/default\/files\/elusive-2014-schmidt.pdf\">f\u00fateis <\/a>\u00a0para combater doen\u00e7as infecciosas no n\u00edvel da cidade: <a href=\"https:\/\/www.tandfonline.com\/doi\/full\/10.1080\/13574809.2011.571164?scroll=top&amp;needAccess=true\">programas de sanitiza\u00e7\u00e3o em massa<\/a>; \u00a0<a href=\"https:\/\/www.sciencedirect.com\/science\/article\/abs\/pii\/S0263786312001858\">gerenciamento de res\u00edduos urbanos<\/a>;\u00a0<a href=\"https:\/\/www.ncbi.nlm.nih.gov\/pmc\/articles\/PMC6072925\/\">ventila\u00e7\u00e3o natural cruzada<\/a> em edif\u00edcios, bem como medidas comportamentais como <a href=\"https:\/\/www.cdc.gov\/quarantine\/historyquarantine.html\">quarentena<\/a>; distanciamento social rigoroso; toque de recolher e o\u00a0<a href=\"https:\/\/www.thenational.ae\/uae\/health\/uae-clarifies-regulations-on-medical-masks-use-during-coronavirus-pandemic-1.998384\">uso obrigat\u00f3rio de m\u00e1scaras faciais<\/a>.<\/p>\n<p style=\"text-align: justify;\">Desde os anos 70, tem havido maior aten\u00e7\u00e3o ao papel da urbaniza\u00e7\u00e3o na perturba\u00e7\u00e3o dos habitats naturais, gerando polui\u00e7\u00e3o global e, posteriormente, sua contribui\u00e7\u00e3o para o surgimento de pandemias. Independentemente de <a href=\"https:\/\/www.jstor.org\/stable\/26016173?seq=1\">alertas e valida\u00e7\u00f5es de pesquisas<\/a> sobre o impacto da mudan\u00e7a clim\u00e1tica no planeta, as cidades continuaram a crescer e a invadir ecossistemas biof\u00edsicos causando, <a href=\"https:\/\/www.nature.com\/scitable\/knowledge\/library\/the-characteristics-causes-and-consequences-of-sprawling-103014747\/\">entre outras consequ\u00eancias negativas<\/a>,\u00a0<a href=\"https:\/\/www.caryinstitute.org\/science\/research-projects\/biodiversity-community-ecology-and-dilution-effect\">fragmenta\u00e7\u00e3o do habitat<\/a> e\u00a0<a href=\"https:\/\/www.scientificamerican.com\/article\/destroyed-habitat-creates-the-perfect-conditions-for-coronavirus-to-emerge\/\">a destrui\u00e7\u00e3o de variedades de animais e plantas que hospedam v\u00edrus potenciais<\/a>. Por exemplo, a urbaniza\u00e7\u00e3o na China aumentou exponencialmente de <a href=\"https:\/\/www.tandfonline.com\/doi\/full\/10.1080\/10095020.2019.1710438\">17,92% para 52,57%, no per\u00edodo entre 1987 e 2013<\/a> e est\u00e1 previsto que aumente para 70% at\u00e9 2030. Esta r\u00e1pida urbaniza\u00e7\u00e3o \u00e9 evidente na cidade de Wuhan, marcada pela <a href=\"https:\/\/www.tandfonline.com\/doi\/full\/10.1080\/10095020.2019.1710438\">deteriora\u00e7\u00e3o de sua cobertura vegetal e crescimento de \u00e1reas imperme\u00e1veis<\/a> como resultado do desenvolvimento de terrenos residenciais entre 1991 e 2013. Entre muitos indicadores, a afirma\u00e7\u00e3o de que Wuhan foi a fonte da <a href=\"https:\/\/www.ncbi.nlm.nih.gov\/pmc\/articles\/PMC7098034\/\">primeira infec\u00e7\u00e3o humana<\/a> do SARS-CoV-2, faz com que seja apropriado que este evento provoque uma reavalia\u00e7\u00e3o n\u00e3o apenas do paradigma de crescimento econ\u00f4mico, mas da profunda necessidade de uma abordagem multidisciplinar da expans\u00e3o urbana, integrando a pesquisa nas ci\u00eancias m\u00e9dicas com o desenvolvimento urbano sustent\u00e1vel. A necessidade de colabora\u00e7\u00e3o entre profissionais de sa\u00fade de todo o mundo, epidemiologistas, antrop\u00f3logos e ativistas comunit\u00e1rios urbanos no processo de planejamento urbano parece inquestion\u00e1vel.<\/p>\n<p style=\"text-align: justify;\">No n\u00edvel arquitet\u00f4nico, a demanda por infraestrutura para suportar uma qualidade de ar \u00f3tima dentro dos edif\u00edcios, e para promover superf\u00edcies n\u00e3o contaminadas, exige mais investiga\u00e7\u00e3o e solu\u00e7\u00f5es inovadoras. <a href=\"https:\/\/www.ashrae.org\/technical-resources\/resources\">As estrat\u00e9gias de gerenciamento AVAC (Aquecimento, Ventila\u00e7\u00e3o e Ar Condicionado)<\/a> combinadas com um pioneiro <a href=\"https:\/\/www.acs.org\/content\/acs\/en\/pressroom\/presspacs\/2018\/acs-presspac-june-13-2018\/attacking-bacteria-with-shark-skin-inspired-surfaces.html\">revestimento de superf\u00edcie inspirado em biomim\u00e9tica<\/a> desempenham um papel importante na prote\u00e7\u00e3o dos ocupantes de um edif\u00edcio contra a exposi\u00e7\u00e3o a aeross\u00f3is infecciosos e transmiss\u00e3o de contato. Os edif\u00edcios de servi\u00e7os de sa\u00fade parecem ser o foco da <a href=\"https:\/\/www.ashrae.org\/file%20library\/about\/position%20documents\/pd_infectiousaerosols_2020.pdf\">literatura cientifica AVAC<\/a>, e geralmente apoiam a proposta de que uma mistura de fluxo de ar, pressuriza\u00e7\u00e3o de salas e projetos de ventila\u00e7\u00e3o apropriados, juntamente com controles de temperatura e umidade relativa, \u00e9 eficaz no controle da transmiss\u00e3o. Enquanto o filme de prote\u00e7\u00e3o de superf\u00edcie <a href=\"http:\/\/www.sharklet.com\/our-products\/adhesively-backed-film\/\">SharkletFilm<\/a> dispon\u00edvel comercialmente proporciona inibi\u00e7\u00e3o bacteriana em superf\u00edcies ambientais de alta resist\u00eancia, apoiando a redu\u00e7\u00e3o da desinfec\u00e7\u00e3o de superf\u00edcies a base de produtos qu\u00edmicos, o desenvolvimento de uma solu\u00e7\u00e3o antiviral universal para superf\u00edcies ainda est\u00e1 para ser alcan\u00e7ada.<\/p>\n<p style=\"text-align: justify;\">Fim.<\/p>\n<p style=\"text-align: justify;\"><strong>\u00a0<\/strong><\/p>\n<p style=\"text-align: justify;\"><strong>Aviso:<\/strong> o artigo n\u00e3o foi revisado por pares; ele n\u00e3o deve substituir o julgamento cl\u00ednico individual e as fontes citadas devem ser verificadas. As opini\u00f5es expressas neste coment\u00e1rio representam as opini\u00f5es dos autores e n\u00e3o necessariamente as da institui\u00e7\u00e3o anfitri\u00e3, do NHS, do NIHR, ou do Departamento de Sa\u00fade e Assist\u00eancia Social. Os pontos de vista n\u00e3o s\u00e3o um substituto para o aconselhamento m\u00e9dico profissional.<\/p>\n<p style=\"text-align: justify;\"><strong>AUTORA<\/strong><\/p>\n<p style=\"text-align: justify;\">Olivia Duncan \u00e9 uma arquiteta e urbanista com Mestrado em Desenvolvimento Urbano Sustent\u00e1vel pela Universidade de Oxford. Tendo uma grande experi\u00eancia internacional em arquitetura, planejamento urbano e design, Olivia tem interesse no ambiente constru\u00eddo, no bem-estar e na participa\u00e7\u00e3o da comunidade nos projetos de desenvolvimento urbano.<\/p>\n<p>[\/vc_column_text][\/vc_column][\/vc_row]<\/p>\n<\/div>","protected":false},"excerpt":{"rendered":"<p>[vc_row][vc_column][vc_column_text]Tradutores:\u00a0Ana Paula Pires dos Santos, Luis Eduardo Fontes . 25 de junho de 2020 Olivia Duncan Arquiteta,\u00a0Mestrado em Desenvolvimento Urbano Sustent\u00e1vel, Universidade de Oxford &nbsp; Em nome da Equipe do Oxford COVID-19 Evidence Service Team Universidade de Oxford Correspond\u00eancia para\u00a0oliviaduncan@gmail.com &nbsp; PARECER Uma abordagem de &#8220;coaliz\u00e3o&#8221; entre estrategistas urbanos \u00e9 um elemento chave para mitigar&hellip;<\/p>\n","protected":false},"author":1,"featured_media":0,"parent":0,"menu_order":0,"comment_status":"closed","ping_status":"closed","template":"","meta":{"footnotes":""},"class_list":["post-3448","page","type-page","status-publish","hentry","description-off"],"_links":{"self":[{"href":"https:\/\/oxfordbrazilebm.com\/index.php\/wp-json\/wp\/v2\/pages\/3448","targetHints":{"allow":["GET"]}}],"collection":[{"href":"https:\/\/oxfordbrazilebm.com\/index.php\/wp-json\/wp\/v2\/pages"}],"about":[{"href":"https:\/\/oxfordbrazilebm.com\/index.php\/wp-json\/wp\/v2\/types\/page"}],"author":[{"embeddable":true,"href":"https:\/\/oxfordbrazilebm.com\/index.php\/wp-json\/wp\/v2\/users\/1"}],"replies":[{"embeddable":true,"href":"https:\/\/oxfordbrazilebm.com\/index.php\/wp-json\/wp\/v2\/comments?post=3448"}],"version-history":[{"count":1,"href":"https:\/\/oxfordbrazilebm.com\/index.php\/wp-json\/wp\/v2\/pages\/3448\/revisions"}],"predecessor-version":[{"id":3450,"href":"https:\/\/oxfordbrazilebm.com\/index.php\/wp-json\/wp\/v2\/pages\/3448\/revisions\/3450"}],"wp:attachment":[{"href":"https:\/\/oxfordbrazilebm.com\/index.php\/wp-json\/wp\/v2\/media?parent=3448"}],"curies":[{"name":"wp","href":"https:\/\/api.w.org\/{rel}","templated":true}]}}