{"id":3434,"date":"2020-07-11T12:04:13","date_gmt":"2020-07-11T15:04:13","guid":{"rendered":"http:\/\/oxfordbrazilebm.com\/?page_id=3434"},"modified":"2020-07-11T12:04:13","modified_gmt":"2020-07-11T15:04:13","slug":"o-futuro-dos-escritorios-no-centro-da-cidade-apos-a-pandemia","status":"publish","type":"page","link":"https:\/\/oxfordbrazilebm.com\/index.php\/o-futuro-dos-escritorios-no-centro-da-cidade-apos-a-pandemia\/","title":{"rendered":"O futuro dos escrit\u00f3rios no centro da cidade ap\u00f3s a pandemia"},"content":{"rendered":"<div class=\"wpb-content-wrapper\"><p>[vc_row][vc_column][vc_column_text]Tradutor: Luis Eduardo Fontes<\/p>\n<hr \/>\n<p><span style=\"color: #ffffff;\">.<\/span><\/p>\n<p style=\"text-align: right;\">6 de julho de 2020<\/p>\n<p style=\"text-align: right;\">Richard Darby e Tom Darby<\/p>\n<p style=\"text-align: right;\">Em nome da equipe de servi\u00e7o de provas da Oxford COVID-19<\/p>\n<p style=\"text-align: right;\">Universidade de Oxford<\/p>\n<p style=\"text-align: right;\">Correspond\u00eancia para: richarddarby@darbygroup.co.ukANTECEDENTES<\/p>\n<p style=\"text-align: justify;\">Uma das poucas vantagens que a atual crise mundial de sa\u00fade apresenta \u00e9 a dram\u00e1tica <a href=\"https:\/\/unctad.org\/en\/pages\/newsdetails.aspx?OriginalVersionID=2333\">redu\u00e7\u00e3o de emiss\u00f5es nocivas<\/a>, em parte como resultado de tantas pessoas serem obrigadas a trabalhar de casa em vez de ir para os locais de trabalho no centro da cidade. Isto n\u00e3o s\u00f3 levou a um <a href=\"https:\/\/unctad.org\/en\/pages\/newsdetails.aspx?OriginalVersionID=2333\">benef\u00edcio ambiental<\/a> significativo, mas tamb\u00e9m muitos est\u00e3o relatando os benef\u00edcios sociais de um melhor <a href=\"https:\/\/www.thetimes.co.uk\/article\/heres-to-the-end-of-office-life-as-we-knew-it-vfchtbxxl\">equil\u00edbrio trabalho-vida<\/a> como resultado de poder passar mais tempo com seus familiares ou exercitar-se, e menos tempo se deslocando. Assim, dois dos pilares da sustentabilidade urbana est\u00e3o sendo apoiados, mas atualmente isto tem um <a href=\"https:\/\/assets.kpmg\/content\/dam\/kpmg\/uk\/pdf\/2020\/06\/uk-economic-outlook-june.pdf\">custo econ\u00f4mico terr\u00edvel.<\/a><\/p>\n<p style=\"text-align: justify;\">A quest\u00e3o que colocamos aqui \u00e9 se um modelo pode ser previsto para o futuro, em um mundo p\u00f3s-pandemia, no qual os benef\u00edcios ambientais e sociais descritos acima s\u00e3o mantidos, mas a sustentabilidade econ\u00f4mica tamb\u00e9m se torna uma possibilidade. Estamos considerando isto puramente no contexto do mercado de escrit\u00f3rios urbanos, ao inv\u00e9s de qualquer outro setor do mercado imobili\u00e1rio ou da economia.<\/p>\n<p style=\"text-align: justify;\">EVID\u00caNCIAS ATUAIS E EMERGENTES NA COVID-19<\/p>\n<p style=\"text-align: justify;\">Foi amplamente divulgado que <a href=\"https:\/\/www.forbes.com\/sites\/jackkelly\/2020\/05\/24\/the-work-from-home-revolution-is-quickly-gaining-momentum\/#58b752e41848\">Twitter,<\/a> <a href=\"https:\/\/www.forbes.com\/sites\/jackkelly\/2020\/05\/24\/the-work-from-home-revolution-is-quickly-gaining-momentum\/#5554e3cf1848\">Facebook e Google<\/a> prop\u00f5em permitir que todo o seu pessoal trabalhe de casa at\u00e9, pelo menos, o final de 2020. <a href=\"https:\/\/www.lawgazette.co.uk\/practice\/slater-and-gordon-to-close-london-office-as-remote-working-becomes-norm\/5104404.article\">Slater Gordon Solicitors<\/a> anunciou que deixar\u00e1 seu escrit\u00f3rio de Londres em setembro de 2020 e que o trabalho remoto se tornar\u00e1 a norma para todos os seus dois mil funcion\u00e1rios. De acordo com a <a href=\"https:\/\/www.lsh.co.uk\/covid-19\/rethinking-your-office-requirement\">LSH<\/a>, 88% dos funcion\u00e1rios do escrit\u00f3rio acreditam que poderiam trabalhar pelo menos dois dias por semana em casa sem impacto em seu trabalho e bem estar mental.<\/p>\n<p style=\"text-align: justify;\">Entretanto, nada disto significa que o escrit\u00f3rio est\u00e1 morto, embora os propriet\u00e1rios e ocupantes precisar\u00e3o ambos responder a estas exig\u00eancias de mudan\u00e7a. A intera\u00e7\u00e3o f\u00edsica ainda \u00e9 um catalisador chave para a inova\u00e7\u00e3o, o que requer que as pessoas estejam juntas e trabalhem em equipe. A <a href=\"https:\/\/www.us.jll.com\/en\/trends-and-insights\/research\/2020-first-look-navigating-post-COVID-19\">colabora\u00e7\u00e3o<\/a> tamb\u00e9m \u00e9 importante para a solu\u00e7\u00e3o de problemas e o desenvolvimento da cultura corporativa. Al\u00e9m disso, enquanto os trabalhadores mais velhos abra\u00e7aram o trabalho em casa, porque n\u00e3o precisam de supervis\u00e3o e j\u00e1 possuem redes profissionais, o pessoal j\u00fanior precisa <a href=\"https:\/\/www.lsh.co.uk\/covid-19\/rethinking-your-office-requirement\">aprender com os colegas<\/a> e almejar o trabalho e as <a href=\"https:\/\/www.thetimes.co.uk\/article\/heres-to-the-end-of-office-life-as-we-knew-it-vfchtbxxl\">rela\u00e7\u00f5es sociais<\/a> que os escrit\u00f3rios podem proporcionar.<\/p>\n<p style=\"text-align: justify;\">CONCLUS\u00d5ES<\/p>\n<p style=\"text-align: justify;\">O resultado do exposto acima pode ser que a demanda geral por espa\u00e7o de escrit\u00f3rio n\u00e3o mudar\u00e1 significativamente, mas que o impacto no design e localiza\u00e7\u00e3o do ambiente de trabalho ser\u00e1 consider\u00e1vel. Os escrit\u00f3rios n\u00e3o ser\u00e3o mais apenas lugares para vir trabalhar todos os dias, mas se tornar\u00e3o espa\u00e7os colaborativos\/criativos, talvez visitados duas vezes por semana. Consequentemente, as empresas poder\u00e3o optar por ter mais escrit\u00f3rios locais, suburbanos e menores, mais <a href=\"https:\/\/home.kpmg\/uk\/en\/home\/insights\/2020\/05\/covid-19-a-perspective-for-real-estate-businesses.html\">pr\u00f3ximos de onde as pessoas moram<\/a>, a fim de reduzir os deslocamentos &#8211; solu\u00e7\u00f5es com m\u00faltiplos espa\u00e7os ou compartilhados. Isto, por sua vez, ter\u00e1 impacto no formato urbano, reduzindo a import\u00e2ncia do centro da cidade e possivelmente redefinindo as prioridades dos bairros.<\/p>\n<p style=\"text-align: justify;\">Um benef\u00edcio social adicional desta mudan\u00e7a ambiental e econ\u00f4mica poderia ser que a tend\u00eancia existente para locais de trabalho mais inclusivos se aceleraria. Uma cultura de trabalho genuinamente sem um <a href=\"https:\/\/www.kpmgenterprise.co.uk\/perspectives\/home-working-and-new-commuting-patterns-to-benefit-regional-economies\/\">foco presencial<\/a> fornece uma oportunidade de produtividade para aqueles anteriormente relutantes ou incapazes de aceitar trabalho de escrit\u00f3rio em tempo integral. Isto ent\u00e3o se torna um benef\u00edcio tanto econ\u00f4mico quanto social e refor\u00e7a ainda mais a resili\u00eancia deste novo paradigma.<\/p>\n<p style=\"text-align: justify;\">AUTORES<\/p>\n<p style=\"text-align: justify;\">Richard Darby \u00e9 pesquisador e diretor do Darby Group Ltd. Ele tem um mestrado em Desenvolvimento Urbano Sustent\u00e1vel e um mestrado em Gest\u00e3o de Terrenos.<\/p>\n<p style=\"text-align: justify;\">Tom Darby \u00e9 analista de investimentos da Barwood Capital Ltd. Ele tem um mestrado em Administra\u00e7\u00e3o de Im\u00f3veis.<\/p>\n<p>[\/vc_column_text][\/vc_column][\/vc_row]<\/p>\n<\/div>","protected":false},"excerpt":{"rendered":"<p>[vc_row][vc_column][vc_column_text]Tradutor: Luis Eduardo Fontes . 6 de julho de 2020 Richard Darby e Tom Darby Em nome da equipe de servi\u00e7o de provas da Oxford COVID-19 Universidade de Oxford Correspond\u00eancia para: richarddarby@darbygroup.co.ukANTECEDENTES Uma das poucas vantagens que a atual crise mundial de sa\u00fade apresenta \u00e9 a dram\u00e1tica redu\u00e7\u00e3o de emiss\u00f5es nocivas, em parte como resultado&hellip;<\/p>\n","protected":false},"author":1,"featured_media":0,"parent":0,"menu_order":0,"comment_status":"closed","ping_status":"closed","template":"","meta":{"footnotes":""},"class_list":["post-3434","page","type-page","status-publish","hentry","description-off"],"_links":{"self":[{"href":"https:\/\/oxfordbrazilebm.com\/index.php\/wp-json\/wp\/v2\/pages\/3434","targetHints":{"allow":["GET"]}}],"collection":[{"href":"https:\/\/oxfordbrazilebm.com\/index.php\/wp-json\/wp\/v2\/pages"}],"about":[{"href":"https:\/\/oxfordbrazilebm.com\/index.php\/wp-json\/wp\/v2\/types\/page"}],"author":[{"embeddable":true,"href":"https:\/\/oxfordbrazilebm.com\/index.php\/wp-json\/wp\/v2\/users\/1"}],"replies":[{"embeddable":true,"href":"https:\/\/oxfordbrazilebm.com\/index.php\/wp-json\/wp\/v2\/comments?post=3434"}],"version-history":[{"count":1,"href":"https:\/\/oxfordbrazilebm.com\/index.php\/wp-json\/wp\/v2\/pages\/3434\/revisions"}],"predecessor-version":[{"id":3435,"href":"https:\/\/oxfordbrazilebm.com\/index.php\/wp-json\/wp\/v2\/pages\/3434\/revisions\/3435"}],"wp:attachment":[{"href":"https:\/\/oxfordbrazilebm.com\/index.php\/wp-json\/wp\/v2\/media?parent=3434"}],"curies":[{"name":"wp","href":"https:\/\/api.w.org\/{rel}","templated":true}]}}