{"id":3329,"date":"2020-06-25T12:09:37","date_gmt":"2020-06-25T11:09:37","guid":{"rendered":"http:\/\/oxfordbrazilebm.com\/?page_id=3329"},"modified":"2020-06-25T12:09:37","modified_gmt":"2020-06-25T11:09:37","slug":"covid-19-esquecemos-das-nossas-criancas-nisso-tudo","status":"publish","type":"page","link":"https:\/\/oxfordbrazilebm.com\/index.php\/covid-19-esquecemos-das-nossas-criancas-nisso-tudo\/","title":{"rendered":"Covid-19: Esquecemos das nossas crian\u00e7as nisso tudo?"},"content":{"rendered":"<p>Tradutores:<\/p>\n<hr \/>\n<p><span style=\"color: #ffffff;\">.<\/span><\/p>\n<p><span style=\"color: #ffffff;\">.<\/span><\/p>\n<p style=\"text-align: right;\">Carl Heneghan, Tom Jefferson<\/p>\n<p>&nbsp;<\/p>\n<p style=\"text-align: justify;\">\n<p style=\"text-align: justify;\">A UNESCO produziu um relat\u00f3rio sobre a <a href=\"https:\/\/en.unesco.org\/covid19\/educationresponse\">Interrup\u00e7\u00e3o Educacional e Resposta \u00e0 Covid-19<\/a>. Os pontos principais s\u00e3o:<\/p>\n<ul style=\"text-align: justify;\">\n<li>&#8220;A maioria dos governos ao redor do mundo fechou temporariamente institui\u00e7\u00f5es educacionais na tentativa de conter a propaga\u00e7\u00e3o da <a href=\"http:\/\/www.who.int\/emergencies\/diseases\/novel-coronavirus-2019\">pandemia Covid-19<\/a>&#8220;.<\/li>\n<li>&#8220;Esses fechamentos impactam quase 70% da popula\u00e7\u00e3o estudantil do mundo&#8221;. S\u00e3o 1.214.075.186 alunos afetados.<\/li>\n<li>Mais de 190 pa\u00edses fecharam escolas por mais de dois meses &#8211; 90% da popula\u00e7\u00e3o estudantil do mundo.<\/li>\n<li>O fechamento das escolas ocorreu rapidamente. No entanto, quando se trata da reabertura, muitos pa\u00edses est\u00e3o indecisos sobre quando, como, e com um consider\u00e1vel grau de incerteza, qual o caminho a seguir.<\/li>\n<li>De acordo com a UNESCO: &#8220;<em>100 pa\u00edses ainda n\u00e3o anunciaram uma data para a reabertura das escolas, 65 t\u00eam planos de reabertura parcial ou total, enquanto 32 terminar\u00e3o o ano acad\u00eamico online<\/em>&#8220;.<\/li>\n<\/ul>\n<p style=\"text-align: justify;\">\n<p><img loading=\"lazy\" decoding=\"async\" class=\"alignnone wp-image-3330 size-full\" src=\"http:\/\/oxfordbrazilebm.com\/wp-content\/uploads\/2020\/06\/img51_01.jpg\" alt=\"\" width=\"553\" height=\"409\" srcset=\"https:\/\/oxfordbrazilebm.com\/wp-content\/uploads\/2020\/06\/img51_01.jpg 553w, https:\/\/oxfordbrazilebm.com\/wp-content\/uploads\/2020\/06\/img51_01-300x222.jpg 300w\" sizes=\"auto, (max-width: 553px) 100vw, 553px\" \/><\/p>\n<p style=\"text-align: justify;\"><a href=\"https:\/\/www.cebm.net\/covid-19\/covid-19-deaths-compared-with-swine-flu\/\">Em uma pandemia<\/a>, a propor\u00e7\u00e3o de mortes entre os jovens deve aumentar, mas esse n\u00e3o est\u00e1 sendo o caso. <a href=\"https:\/\/jamanetwork.com\/journals\/jama\/fullarticle\/2762130\">Uma revis\u00e3o de 72.314<\/a> casos na China mostrou que menos de 1% foram em crian\u00e7as com menos de 10 anos. <a href=\"https:\/\/www.medrxiv.org\/content\/10.1101\/2020.04.23.20076042v1.full.pdf\">Das 16.749 interna\u00e7\u00f5es no Reino Unido<\/a>, apenas 239 pacientes (2%) tinham menos de 18 anos e 139 pacientes (1,1%) tinham menos de 5 anos. Na <a href=\"https:\/\/www.epicentro.iss.it\/coronavirus\/sars-cov-2-sorveglianza-dati\">It\u00e1lia<\/a>, tr\u00eas mortes foram registradas na faixa et\u00e1ria de 0 a 19 anos. Dados de pessoas com menos de 45 anos do Office National Statistics (<a href=\"https:\/\/www.ons.gov.uk\/peoplepopulationandcommunity\/birthsdeathsandmarriages\/deaths\/datasets\/weeklyprovisionalfiguresondeathsregisteredinenglandandwales\">ONS<\/a>) mostram que na Inglaterra e no Pa\u00eds de Gales ocorreram 384 (1,2%) mortes entre 33.365 casos de Covid-19, e apenas duas destas mortes foram em menores de 14 anos.<\/p>\n<p style=\"text-align: justify;\">\n<p style=\"text-align: justify;\">De mar\u00e7o a meados de abril deste ano, nove estudantes e nove funcion\u00e1rios de <a href=\"http:\/\/www.ncirs.org.au\/covid-19-in-schools\">15 escolas de New South Wales<\/a>, na Austr\u00e1lia, tiveram diagn\u00f3stico confirmado de Covid-19. Havia 735 alunos e 128 funcion\u00e1rios em contato pr\u00f3ximo a eles &#8211; nenhum professor ou funcion\u00e1rio contraiu Covid-19 e apenas uma crian\u00e7a da escola prim\u00e1ria e uma do ensino m\u00e9dio podem ter contra\u00eddo Covid-19.<\/p>\n<p style=\"text-align: justify;\">\n<p style=\"text-align: justify;\"><a href=\"https:\/\/pubmed.ncbi.nlm.nih.gov\/32277759\/?dopt=Abstract\">Um estudo franc\u00eas<\/a> que identificou casos secund\u00e1rios vinculados ao caso-\u00edndice relatou que uma crian\u00e7a sintom\u00e1tica visitou tr\u00eas escolas diferentes, mas n\u00e3o transmitiu a doen\u00e7a, apesar de intera\u00e7\u00f5es pr\u00f3ximas.<\/p>\n<p style=\"text-align: justify;\">\n<p style=\"text-align: justify;\">O risco de transmiss\u00e3o de Covid-19 entre crian\u00e7as \u00e9 baixo. Para avan\u00e7armos, precisaremos muito do conhecimento futuro deles. A educa\u00e7\u00e3o das crian\u00e7as e seu bem-estar \u00e9 &#8211; e deve ser &#8211; uma prioridade. O bloqueio prolongado das escolas penaliza toda uma coorte global. Incentiva a depend\u00eancia excessiva de meios eletr\u00f4nicos de comunica\u00e7\u00e3o e um estilo de vida sedent\u00e1rio.<\/p>\n<p style=\"text-align: justify;\">\n<p style=\"text-align: justify;\">UNESCO: <a href=\"https:\/\/en.unesco.org\/news\/reopening-schools-when-where-and-how\">Reabrindo escolas: quando, onde e como?<\/a><\/p>\n<p style=\"text-align: justify;\"><strong>Tradu\u00e7\u00e3o italiana<\/strong>: <a href=\"https:\/\/www.cebm.net\/wp-content\/uploads\/2020\/05\/COVID-19-italian.pdf\">COVID-19 italiano<\/a><\/p>\n<p style=\"text-align: justify;\"><strong>Atualizar:<\/strong><\/p>\n<p style=\"text-align: justify;\">Veja tamb\u00e9m <a href=\"https:\/\/adc.bmj.com\/content\/early\/2020\/05\/05\/archdischild-2020-319474\">Crian\u00e7as n\u00e3o s\u00e3o \u201csuper transmissores\u201d de Covid-19<\/a>: hora de voltar para a escola.<\/p>\n<p style=\"text-align: justify;\">Um relat\u00f3rio da UNICEF tamb\u00e9m descreve milh\u00f5es de mortes de crian\u00e7as por causas evit\u00e1veis \u200b\u200bdevido ao fato de as crian\u00e7as n\u00e3o terem acesso aos cuidados &#8211; veja o <a href=\"https:\/\/www.nytimes.com\/2020\/05\/14\/world\/coronavirus-news.html\">artigo do New York Times<\/a> de 14 de maio: \u201cMilh\u00f5es de crian\u00e7as correm o risco de morrer, disseram as Na\u00e7\u00f5es Unidas na quarta-feira, n\u00e3o de Covid-19, mas de causas evit\u00e1veis. Incapazes de obter atendimento em hospitais que lutam contra o v\u00edrus, mais de um milh\u00e3o de crian\u00e7as com cinco anos de idade ou menores v\u00e3o morrer a cada seis meses, disse a UNICEF em um relat\u00f3rio.&#8217;<\/p>\n<p style=\"text-align: justify;\">\n<p style=\"text-align: justify;\"><strong>\u00a0<\/strong><\/p>\n<p style=\"text-align: justify;\"><strong>Agradecimentos <\/strong><\/p>\n<p style=\"text-align: justify;\">Agradecemos a Peter Doshi pelas atualiza\u00e7\u00f5es.<\/p>\n<p style=\"text-align: justify;\"><strong>Conflitos de interesse:<\/strong><\/p>\n<p style=\"text-align: justify;\">TJ e CH t\u00eam filhos e est\u00e3o preocupados com o futuro deles.<\/p>\n<p style=\"text-align: justify;\"><a href=\"https:\/\/www.phc.ox.ac.uk\/team\/tom-jefferson\">Tom Jefferson<\/a> \u00e9 tutor associado s\u00eanior e pesquisador honor\u00e1rio do <a href=\"http:\/\/www.cebm.net\/\">Centre for Evidence-Based Medicine<\/a>, University of Oxford. (Declara\u00e7\u00e3o de conflito de interesse <a href=\"https:\/\/restoringtrials.org\/competing-interests-tom-jefferson\/\">aqui<\/a>).<\/p>\n<p style=\"text-align: justify;\"><a href=\"https:\/\/www.phc.ox.ac.uk\/team\/carl-heneghan\">Carl Heneghan<\/a> \u00e9 professor de Medicina Baseada em Evid\u00eancias, Diretor do <a href=\"http:\/\/www.cebm.net\/\">Centro de Medicina Baseada em Evid\u00eancias<\/a> e <a href=\"https:\/\/www.cebm.net\/study-with-us\/\">Diretor de Estudos do Programa de Assist\u00eancia M\u00e9dica Baseada em Evid\u00eancias<\/a>. (Declara\u00e7\u00e3o de conflito de interesse e biografia completa <a href=\"https:\/\/www.phc.ox.ac.uk\/team\/carl-heneghan\">aqui<\/a>).<\/p>\n<p style=\"text-align: justify;\"><strong>Declara\u00e7\u00e3o de transpar\u00eancia: <\/strong>o artigo n\u00e3o foi revisado por pares e as fontes citadas devem ser verificadas. As opini\u00f5es expressas neste coment\u00e1rio representam as opini\u00f5es dos autores e n\u00e3o necessariamente as da institui\u00e7\u00e3o anfitri\u00e3, do NHS, do NIHR ou do Departamento de Sa\u00fade. As opini\u00f5es n\u00e3o substituem o aconselhamento m\u00e9dico profissional.<\/p>\n","protected":false},"excerpt":{"rendered":"<p>Tradutores: . . Carl Heneghan, Tom Jefferson &nbsp; A UNESCO produziu um relat\u00f3rio sobre a Interrup\u00e7\u00e3o Educacional e Resposta \u00e0 Covid-19. Os pontos principais s\u00e3o: &#8220;A maioria dos governos ao redor do mundo fechou temporariamente institui\u00e7\u00f5es educacionais na tentativa de conter a propaga\u00e7\u00e3o da pandemia Covid-19&#8220;. &#8220;Esses fechamentos impactam quase 70% da popula\u00e7\u00e3o estudantil do&hellip;<\/p>\n","protected":false},"author":1,"featured_media":0,"parent":0,"menu_order":0,"comment_status":"closed","ping_status":"closed","template":"","meta":{"footnotes":""},"class_list":["post-3329","page","type-page","status-publish","hentry","description-off"],"_links":{"self":[{"href":"https:\/\/oxfordbrazilebm.com\/index.php\/wp-json\/wp\/v2\/pages\/3329","targetHints":{"allow":["GET"]}}],"collection":[{"href":"https:\/\/oxfordbrazilebm.com\/index.php\/wp-json\/wp\/v2\/pages"}],"about":[{"href":"https:\/\/oxfordbrazilebm.com\/index.php\/wp-json\/wp\/v2\/types\/page"}],"author":[{"embeddable":true,"href":"https:\/\/oxfordbrazilebm.com\/index.php\/wp-json\/wp\/v2\/users\/1"}],"replies":[{"embeddable":true,"href":"https:\/\/oxfordbrazilebm.com\/index.php\/wp-json\/wp\/v2\/comments?post=3329"}],"version-history":[{"count":1,"href":"https:\/\/oxfordbrazilebm.com\/index.php\/wp-json\/wp\/v2\/pages\/3329\/revisions"}],"predecessor-version":[{"id":3331,"href":"https:\/\/oxfordbrazilebm.com\/index.php\/wp-json\/wp\/v2\/pages\/3329\/revisions\/3331"}],"wp:attachment":[{"href":"https:\/\/oxfordbrazilebm.com\/index.php\/wp-json\/wp\/v2\/media?parent=3329"}],"curies":[{"name":"wp","href":"https:\/\/api.w.org\/{rel}","templated":true}]}}