{"id":3327,"date":"2020-06-25T12:00:51","date_gmt":"2020-06-25T11:00:51","guid":{"rendered":"http:\/\/oxfordbrazilebm.com\/?page_id=3327"},"modified":"2020-06-25T12:00:51","modified_gmt":"2020-06-25T11:00:51","slug":"covid-19-e-a-ideia-antiquada-de-bairros-vizinhancas","status":"publish","type":"page","link":"https:\/\/oxfordbrazilebm.com\/index.php\/covid-19-e-a-ideia-antiquada-de-bairros-vizinhancas\/","title":{"rendered":"Covid-19 e a ideia \u2018antiquada\u2019 de bairros\/vizinhan\u00e7as"},"content":{"rendered":"<div class=\"wpb-content-wrapper\"><p>[vc_row][vc_column][vc_column_text]<\/p>\n<p style=\"text-align: left;\">Tradutores:\u00a0Ana Paula Pires dos Santos, Rachel Riera<\/p>\n<hr \/>\n<p><span style=\"color: #ffffff;\">.<\/span><\/p>\n<p><span style=\"color: #ffffff;\">.<\/span><\/p>\n<p style=\"text-align: right;\">8 de junho de 2020<\/p>\n<p style=\"text-align: right;\"><strong>Dr Patr\u00edcia Canelas<\/strong><br \/>\nProfessora, Programa de Desenvolvimento Urbano Sustent\u00e1vel, University of Oxford<\/p>\n<p style=\"text-align: right;\"><strong>Dr Idalina Baptista<\/strong><br \/>\nProfessora Associada, Programa de Desenvolvimento Urbano Sustent\u00e1vel, University of Oxford<\/p>\n<p style=\"text-align: right;\">Em nome da equipe do Oxford Covid-19 Evidence Service Team,<br \/>\nUniversity of Oxford<\/p>\n<p style=\"text-align: right;\">Correspond\u00eancia para\u00a0<a href=\"mailto:patricia.canelas@conted.ox.ac.uk\">patricia.canelas@conted.ox.ac.uk<\/a><\/p>\n<p style=\"text-align: right;\"><strong>\u00a0<\/strong><\/p>\n<p style=\"text-align: justify;\"><strong>\u00a0<\/strong><\/p>\n<p style=\"text-align: justify;\"><strong>\u00a0<\/strong><\/p>\n<p style=\"text-align: justify;\"><strong>\u00a0<\/strong><strong>PARECER<\/strong><\/p>\n<p style=\"text-align: justify;\">A Covid-19 oferece uma oportunidade para repensar o papel da vizinhan\u00e7a no enfrentamento de problemas de qualidade de vida urbana, especialmente para os moradores urbanos desfavorecidos, com o objetivo de facilitar a sustentabilidade justa nas cidades.<\/p>\n<p style=\"text-align: justify;\"><strong>\u00a0<\/strong><\/p>\n<p style=\"text-align: justify;\"><strong>ANTECEDENTES \/ EVID\u00caNCIA ATUAL<\/strong><\/p>\n<p style=\"text-align: justify;\">Esta revis\u00e3o <a href=\"https:\/\/online.liverpooluniversitypress.co.uk\/loi\/tpr\">investigou<\/a> como a Covid-19 tem sido vivenciada de forma desigual em todo o mundo e por diferentes segmentos da popula\u00e7\u00e3o. Enquanto muitos trabalhadores de classe m\u00e9dia\/alta em pa\u00edses como o Reino Unido parecem estar <a href=\"https:\/\/www.theguardian.com\/money\/2020\/may\/08\/homebuyers-plotting-move-to-country-amid-increased-home-working\">planejando se mudarem para o interior<\/a>, \u00a0esta op\u00e7\u00e3o n\u00e3o est\u00e1 dispon\u00edvel para a maioria dos &#8220;trabalhadores essenciais&#8221; &#8211; sejam eles m\u00e9dicos, enfermeiros e equipe de apoio do Servi\u00e7o Nacional de Sa\u00fade (NHS), trabalhadores da coleta de lixo, trabalhadores que reabastecem as prateleiras dos supermercados, ou os trabalhadores que mantiveram as in\u00fameras cadeias de suprimentos durante toda a pandemia.<\/p>\n<p style=\"text-align: justify;\">Ao mesmo tempo, na <a href=\"https:\/\/www.ft.com\/content\/31f42743-e211-48f9-af4a-66f67a7f7a04\">\u00cdndia<\/a>, o retorno ao campo parecia ser a \u00fanica op\u00e7\u00e3o dispon\u00edvel para milh\u00f5es de trabalhadores migrantes que, privados de seus empregos informais na cidade, n\u00e3o tinham a quem recorrer, a n\u00e3o ser suas aldeias rurais de origem.<\/p>\n<p style=\"text-align: justify;\">Nas <a href=\"https:\/\/www.theguardian.com\/world\/2020\/may\/06\/we-pray-for-this-bad-time-to-end-the-steep-cost-of-coronavirus-lockdown-in-south-africa\">favelas da \u00c1frica do Sul<\/a>, os moradores est\u00e3o igualmente lutando para conseguir pagar as contas, como resultado de regras r\u00edgidas de confinamento. Em todo o mundo, a popula\u00e7\u00e3o urbana desfavorecida, em sua maioria cidad\u00e3os de cor e\/ou migrantes, tem sido <a href=\"https:\/\/www.bbc.co.uk\/news\/health-52889106\">desproporcionalmente afetada<\/a> pelos impactos da Covid-19. Apesar dessas disparidades, as respostas do planejamento urbano continuam a ser problematizadas com foco nos moradores urbanos mais favorecidos, de classe m\u00e9dia, brancos, e dos pa\u00edses desenvolvidos. Parece haver uma grande preocupa\u00e7\u00e3o em evitar o retorno do uso dos carros (por meio da \u201cpedestreniza\u00e7\u00e3o\u201d), repensar a estrutura de escrit\u00f3rios e acomodar os turistas de volta \u00e0s cidades. Essas solu\u00e7\u00f5es parecem ignorar as necessidades de muitos moradores urbanos desfavorecidos que vivem em bairros com poucos servi\u00e7os e sem emprego.<\/p>\n<p style=\"text-align: justify;\"><strong>EVID\u00caNCIAS EMERGENTES EM COVID-19<\/strong><\/p>\n<p style=\"text-align: justify;\">A pandemia cria uma oportunidade de redirecionar a aten\u00e7\u00e3o para a qualidade de vida em n\u00edvel de vizinhan\u00e7as. N\u00f3s sugerimos revisitar a ideia de bairros como espa\u00e7os de uso misto, de renda mista e intergeracionais, promovida nos anos 60 por Jane Jacobs, atualizando-a para refletir as preocupa\u00e7\u00f5es contempor\u00e2neas de uma <em><u><a href=\"https:\/\/julianagyeman.com\/2012\/09\/21\/just-sustainabilities\/\">sustentabilidade justa<\/a><\/u><\/em>. Isso inclui a reflex\u00e3o sobre os princ\u00edpios da economia circular, por exemplo, o redimensionamento da produ\u00e7\u00e3o, distribui\u00e7\u00e3o e gest\u00e3o de res\u00edduos alimentares. Tamb\u00e9m requer um maior foco no fornecimento e renova\u00e7\u00e3o de infraestrutura, que pode incluir saneamento b\u00e1sico, comunica\u00e7\u00e3o via Internet e celular, e alternativas leves de mobilidade. Adicionalmente \u00e9 preciso ficar atento \u00e0s inequidades e exclus\u00f5es sist\u00eamicas embutidas no contexto urbano, onde os cidad\u00e3os de cor e\/ou migrantes t\u00eam menos qualidade de vida do que seus pares de vizinhan\u00e7as predominantemente brancas (e mais ricas), principalmente nos pa\u00edses de baixa renda.<\/p>\n<p style=\"text-align: justify;\">O que hoje entende-se como um bairro de uso misto, de renda mista e intergeracional bem planejado ser\u00e1 altamente contexto-espec\u00edfico e mediado por processos hist\u00f3ricos de exclus\u00e3o e desenvolvimento desigual caracter\u00edsticos de diferentes cidades.<\/p>\n<p style=\"text-align: justify;\">Esses fatores devem ser considerados se quisermos lutar por cidades mais justas e sustent\u00e1veis. De qualquer forma, no n\u00edvel de vizinhan\u00e7a, deve-se procurar melhorar e criar lugares que exijam deslocamentos menores para trabalho, cuidado e lazer.<\/p>\n<p style=\"text-align: justify;\">H\u00e1 <em><u><a href=\"https:\/\/www.penguin.co.uk\/books\/111\/1113605\/invisible-women\/9781784706289.html\">evid\u00eancias<\/a> significativas<\/u><\/em> que mostram que a estrutura e o planejamento urbanos atuais acrescentam um n\u00famero despropositado de horas extras de trabalho n\u00e3o remunerado para mulheres em todo o mundo. Os sistemas de transporte s\u00e3o projetados tendo em mente os padr\u00f5es de deslocamento dos homens (isto \u00e9, os padr\u00f5es de deslocamento \u2018casa-trabalho\u2019), mas n\u00e3o levam em conta o deslocamento \u2018cuidado-trabalho\u2019 que as mulheres fazem para, por exemplo, cuidar de crian\u00e7as e parentes, comprar alimentos, etc.). Essas falhas de projeto s\u00e3o cada vez mais evidentes nos pa\u00edses de baixa renda, onde as mulheres (e meninas) tamb\u00e9m t\u00eam que cumprir diariamente fun\u00e7\u00f5es b\u00e1sicas de servi\u00e7os, tais como buscar \u00e1gua ou combust\u00edvel para suas fam\u00edlias.<\/p>\n<p style=\"text-align: justify;\"><strong>CONCLUS\u00d5ES<\/strong><\/p>\n<p style=\"text-align: justify;\">Apesar da \u00f3bvia necessidade de a\u00e7\u00f5es r\u00e1pidas para proteger a sa\u00fade p\u00fablica nesta pandemia, n\u00f3s devemos observar que as decis\u00f5es que tomarmos hoje permanecer\u00e3o conosco por um longo tempo. N\u00f3s argumentamos que a\u00e7\u00f5es com foco nas vizinhan\u00e7as ou bairros oferecem uma escala adequada de an\u00e1lise e a\u00e7\u00e3o, ao mesmo tempo em que permitem colocar os mais necessitados no centro do nosso pensamento.<\/p>\n<p style=\"text-align: justify;\">Fim.<\/p>\n<p style=\"text-align: justify;\"><strong>\u00a0<\/strong><\/p>\n<p style=\"text-align: justify;\"><strong>Declara\u00e7\u00e3o de transpar\u00eancia: <\/strong>o artigo n\u00e3o foi revisado por pares; ele n\u00e3o deve substituir o julgamento cl\u00ednico individual e as fontes citadas devem ser verificadas. As opini\u00f5es expressas neste coment\u00e1rio representam as opini\u00f5es dos autores e n\u00e3o necessariamente as da institui\u00e7\u00e3o anfitri\u00e3, do NHS, do NIHR, ou do Departamento de Sa\u00fade e Assist\u00eancia Social. Os pontos de vista n\u00e3o substituem o aconselhamento m\u00e9dico profissional.<\/p>\n<p style=\"text-align: justify;\"><strong>AUTORES<\/strong><br \/>\n<strong>Patricia Canelas<\/strong>\u00a0\u00e9 Professora de Desenvolvimento Urbano Sustent\u00e1vel, University of Oxford. Ela \u00e9 arquiteta e urbanista e tem Doutorado em Planejamento pela Bartlett School of Planning, University College London e Mestrado em Arquitetura pela University of California, Berkeley.<\/p>\n<p style=\"text-align: justify;\"><strong>Idalina Baptista<\/strong>\u00a0\u00e9 Professora Associada de Antropologia Urbana na University of Oxford. Ela tem Doutorado em Planejamento Urbano e Regional pela University of California, Berkeley.<\/p>\n<p>[\/vc_column_text][\/vc_column][\/vc_row]<\/p>\n<\/div>","protected":false},"excerpt":{"rendered":"<p>[vc_row][vc_column][vc_column_text] Tradutores:\u00a0Ana Paula Pires dos Santos, Rachel Riera . . 8 de junho de 2020 Dr Patr\u00edcia Canelas Professora, Programa de Desenvolvimento Urbano Sustent\u00e1vel, University of Oxford Dr Idalina Baptista Professora Associada, Programa de Desenvolvimento Urbano Sustent\u00e1vel, University of Oxford Em nome da equipe do Oxford Covid-19 Evidence Service Team, University of Oxford Correspond\u00eancia para\u00a0patricia.canelas@conted.ox.ac.uk&hellip;<\/p>\n","protected":false},"author":1,"featured_media":0,"parent":0,"menu_order":0,"comment_status":"closed","ping_status":"closed","template":"","meta":{"footnotes":""},"class_list":["post-3327","page","type-page","status-publish","hentry","description-off"],"_links":{"self":[{"href":"https:\/\/oxfordbrazilebm.com\/index.php\/wp-json\/wp\/v2\/pages\/3327","targetHints":{"allow":["GET"]}}],"collection":[{"href":"https:\/\/oxfordbrazilebm.com\/index.php\/wp-json\/wp\/v2\/pages"}],"about":[{"href":"https:\/\/oxfordbrazilebm.com\/index.php\/wp-json\/wp\/v2\/types\/page"}],"author":[{"embeddable":true,"href":"https:\/\/oxfordbrazilebm.com\/index.php\/wp-json\/wp\/v2\/users\/1"}],"replies":[{"embeddable":true,"href":"https:\/\/oxfordbrazilebm.com\/index.php\/wp-json\/wp\/v2\/comments?post=3327"}],"version-history":[{"count":1,"href":"https:\/\/oxfordbrazilebm.com\/index.php\/wp-json\/wp\/v2\/pages\/3327\/revisions"}],"predecessor-version":[{"id":3328,"href":"https:\/\/oxfordbrazilebm.com\/index.php\/wp-json\/wp\/v2\/pages\/3327\/revisions\/3328"}],"wp:attachment":[{"href":"https:\/\/oxfordbrazilebm.com\/index.php\/wp-json\/wp\/v2\/media?parent=3327"}],"curies":[{"name":"wp","href":"https:\/\/api.w.org\/{rel}","templated":true}]}}