{"id":3285,"date":"2020-06-14T04:04:19","date_gmt":"2020-06-14T03:04:19","guid":{"rendered":"http:\/\/oxfordbrazilebm.com\/?page_id=3285"},"modified":"2020-06-14T04:04:19","modified_gmt":"2020-06-14T03:04:19","slug":"o-papel-da-nicotina-na-infeccao-de-covid-19","status":"publish","type":"page","link":"https:\/\/oxfordbrazilebm.com\/index.php\/o-papel-da-nicotina-na-infeccao-de-covid-19\/","title":{"rendered":"O papel da nicotina na infec\u00e7\u00e3o de COVID-19"},"content":{"rendered":"<div class=\"wpb-content-wrapper\"><p>[vc_row][vc_column][vc_column_text]Tradutores: Ana Paula Pires dos Santos, Ana Luiza Cabrera Martimbianco<\/p>\n<hr \/>\n<p>&nbsp;<\/p>\n<p>&nbsp;<\/p>\n<p style=\"text-align: right;\">Jamie Hartmann-Boyce e Nicola Lindson<\/p>\n<p style=\"text-align: right;\">Em nome da Equipe do Oxford COVID-19 Evidence Service Team<\/p>\n<p style=\"text-align: right;\">Centro de Medicina Baseada em Evid\u00eancia, Nuffield Department of Primary Care Health Sciences<\/p>\n<p style=\"text-align: right;\">Universidade de Oxford<\/p>\n<p style=\"text-align: right;\">Correspond\u00eancia para <a href=\"mailto:jamie.hartmann-boyce@phc.ox.ac.uk\">jamie.hartmann-boyce@phc.ox.ac.uk<\/a><\/p>\n<p>&nbsp;<\/p>\n<p style=\"text-align: justify;\"><strong>PARECER<\/strong><\/p>\n<p style=\"text-align: justify;\">Existem caminhos biologicamente plaus\u00edveis atrav\u00e9s dos quais a nicotina pode impactar o SARS-CoV-2, mas o significado cl\u00ednico destes \u00e9 totalmente obscuro.<\/p>\n<p style=\"text-align: justify;\"><strong>INTRODU\u00c7\u00c3O<\/strong><\/p>\n<p style=\"text-align: justify;\">H\u00e1 <a href=\"https:\/\/www.qeios.com\/read\/UJR2AW.3\">evid\u00eancias mistas<\/a> sobre o papel do tabagismo na infec\u00e7\u00e3o pela COVID-19 e seus desfechos associados. Enquanto <a href=\"https:\/\/www.facebook.com\/WHO\/photos\/a.167668209945237\/3015563535155676\/?type=3&amp;theater\">a expectativa<\/a> \u00e9 de que o tabagismo predisponha a piores desfechos da COVID-19, como \u00e9 o caso de outras <a href=\"https:\/\/www.cebm.net\/covid-19\/smoking-in-acute-respiratory-infections\/\">infec\u00e7\u00f5es respirat\u00f3rias agudas<\/a>, alguns (mas n\u00e3o todos) <a href=\"https:\/\/www.qeios.com\/read\/UJR2AW.3\">estudos sobre COVID-19<\/a> detectaram um n\u00famero menor do que seria esperado de pessoas que fumam entre os pacientes hospitalizados com COVID-19. N\u00e3o est\u00e1 claro se isto se deve a vieses, confundimento, relato enganoso ou um potencial efeito protetor do tabagismo nos desfechos da COVID-19. Independentemente da COVID-19, <a href=\"https:\/\/www2.hse.ie\/wellbeing\/quit-smoking\/reasons-to-quit-smoking\/smoking-facts-and-figures.html\">o tabagismo \u00e9 particularmente mortal<\/a>.\u00a0 Entretanto, a nicotina, o componente viciante dos cigarros, <a href=\"https:\/\/www.cochranelibrary.com\/cdsr\/doi\/10.1002\/14651858.CD000146.pub5\/full\">pode ser segura quando usada em outras formas<\/a>, e h\u00e1 alguma plausibilidade biol\u00f3gica em rela\u00e7\u00e3o a um poss\u00edvel papel da nicotina na infec\u00e7\u00e3o pela COVID-19. Abaixo revisamos brevemente as evid\u00eancias at\u00e9 o momento sobre o papel da nicotina na COVID-19. Isto \u00e9 importante para as pessoas que fumam, mas tamb\u00e9m pode ser de relev\u00e2ncia geral, pois alguns t\u00eam formulado hip\u00f3teses de que a nicotina pode ser um tratamento potencial para a COVID-19.<\/p>\n<p style=\"text-align: justify;\"><strong>EVID\u00caNCIA ATUAL<\/strong><\/p>\n<p style=\"text-align: justify;\">N\u00f3s buscamos na literatura estudos relacionados \u00e0 COVID-19 e nicotina. Alguns est\u00e3o em andamento, e este texto ser\u00e1 atualizado \u00e0 medida que novos achados surgirem. Enquanto isso, a literatura dispon\u00edvel apresenta-se principalmente sob a forma de coment\u00e1rios especulativos, com alguns estudos laboratoriais tamb\u00e9m relatados.<\/p>\n<p style=\"text-align: justify;\">Coment\u00e1rios sobre nicotina e COVID-19 concordam que a nicotina tem um papel potencial em desempenhar com base no seu papel no sistema renina-angiotensina. Em particular, a nicotina pode ter impacto na enzima conversora da angiotensina (ECA) 2, o que \u00e9 relevante porque os <a href=\"https:\/\/www.cebm.net\/covid-19\/coronaviruses-a-general-introduction\/\">coronav\u00edrus se ligam \u00e0 ECA2<\/a>. No entanto, na interpreta\u00e7\u00e3o de alguns autores isto sugere que a <a href=\"https:\/\/erj.ersjournals.com\/content\/erj\/early\/2020\/04\/20\/13993003.01116-2020.full.pdf\">nicotina \u00e9 provavelmente prejudicial<\/a> no contexto da COVID-19, e para outros isto <a href=\"https:\/\/www.ncbi.nlm.nih.gov\/pmc\/articles\/PMC7192087\/\">sugere o oposto<\/a>.<\/p>\n<p style=\"text-align: justify;\">\u00c9 extremamente dif\u00edcil sintetizar evid\u00eancias sobre nicotina e COVID-19, pois grande parte da literatura \u00e9 inconsistente. Abaixo destacamos caminhos\/ mecanismos hipot\u00e9ticos atrav\u00e9s dos quais pelo menos um artigo especulou que a nicotina poderia impactar o SARS-Cov-2:<\/p>\n<ul style=\"text-align: justify;\">\n<li>O tabagismo atual e pregresso est\u00e1 associados a <a href=\"https:\/\/www.qeios.com\/read\/VGJCUN\">mudan\u00e7as na express\u00e3o do receptor ECA2<\/a><\/li>\n<li>A nicotina regula positivamente o eixo da ECA\/angiotensina (ANG)-II\/ANG II tipo 1, e diminui a regula\u00e7\u00e3o do eixo compensat\u00f3rio da ECA2\/ANG-(1\u20137)\/Mas (<a href=\"https:\/\/erj.ersjournals.com\/content\/erj\/early\/2020\/04\/20\/13993003.01116-2020.full.pdf\">coment\u00e1rio<\/a>;\u00a0<a href=\"https:\/\/www.ncbi.nlm.nih.gov\/pmc\/articles\/PMC7161528\/pdf\/main.pdf\">coment\u00e1rio<\/a>)<\/li>\n<li>A nicotina pode se ligar ao receptor da ECA2, particularmente em pessoas com COVID-19, e assim interferir numa liga\u00e7\u00e3o posterior do SARS-CoV-2 com a ECA2 (<a href=\"https:\/\/arxiv.org\/abs\/2004.14943\">estudo in silico pre-print<\/a>)<\/li>\n<li>Nicotina e fuma\u00e7a de cigarro <a href=\"https:\/\/academic.oup.com\/ntr\/advance-article\/doi\/10.1093\/ntr\/ntaa077\/5834599\">diminuem os n\u00edveis de ECA2<\/a> em m\u00faltiplos \u00f3rg\u00e3os<\/li>\n<li><a href=\"https:\/\/www.ncbi.nlm.nih.gov\/pmc\/articles\/PMC7192087\/\">As tempestades de citocinas podem ser preyenidas ou suprimidas pela nicotina<\/a>\u00a0atrav\u00e9s do seu impacto no sistema colin\u00e9rgico anti-inflamat\u00f3rio;\u00a0<a href=\"https:\/\/academic.oup.com\/ntr\/advance-article\/doi\/10.1093\/ntr\/ntaa077\/5834599\">a nicotina pode inibir hiper inflama\u00e7\u00e3o e reatividade plaquet\u00e1ria <\/a><\/li>\n<li>Desfechos ruins da COVID-19 em pessoas que fumam podem ser impulsionados pela <a href=\"https:\/\/www.bmj.com\/content\/368\/bmj.m406\/rr-25\">abstin\u00eancia de nicotina<\/a> quando gravemente doentes, portanto adesivos de nicotina \u201cdevem ser urgentemente considerados e discutidos\u201d (nota,\u00a0<a href=\"https:\/\/www.nice.org.uk\/news\/article\/nice-guidance-on-smoking-cessation-in-hospitals-could-have-a-major-impact-on-cutting-smoking-rates\">o uso de adesivo de nicotina em hospital <\/a>\u00e9 uma abordagem comum em v\u00e1rias condi\u00e7\u00f5es)<\/li>\n<\/ul>\n<p style=\"text-align: justify;\"><a href=\"https:\/\/www.independent.co.uk\/news\/world\/europe\/coronavirus-france-nicotine-patch-gum-research-covid-19-a9484696.html\">A Fran\u00e7a teve que colocar restri\u00e7\u00f5es<\/a> \u00e0s vendas de terapia de reposi\u00e7\u00e3o de nicotina por temer que ela possa come\u00e7ar a ser estocada para uso inapropriado relacionado \u00e0 COVID-19. Estudos est\u00e3o em andamento para testar a terapia de reposi\u00e7\u00e3o de nicotina em pacientes com COVID-19, e at\u00e9 que os resultados estejam dispon\u00edveis, n\u00e3o h\u00e1 evid\u00eancias que apoiem o uso desta terapia pelo p\u00fablico em geral para a infec\u00e7\u00e3o por COVID-19. A terapia de reposi\u00e7\u00e3o de nicotina \u00e9 um dos <a href=\"https:\/\/www.cochranelibrary.com\/cdsr\/doi\/10.1002\/14651858.CD000146.pub5\/full\">pilares do tratamento para cessa\u00e7\u00e3o do tabagismo<\/a> e \u00e9 segura e eficaz neste caso.<\/p>\n<p style=\"text-align: justify;\"><strong>CONCLUS\u00d5ES<\/strong><\/p>\n<ul style=\"text-align: justify;\">\n<li>Existem caminhos biologicamente plaus\u00edveis atrav\u00e9s dos quais a nicotina pode ter impacto no SARS-CoV-2, mas o significado cl\u00ednico destes \u00e9 totalmente obscuro.<\/li>\n<li>Est\u00e3o em andamento estudos iniciais sobre o papel da terapia de reposi\u00e7\u00e3o de nicotina como aux\u00edlio terap\u00eautico para a COVID-19<\/li>\n<li>As evid\u00eancias at\u00e9 o momento s\u00e3o muito limitadas para informar qualquer decis\u00e3o sobre o uso da terapia de reposi\u00e7\u00e3o de nicotina na COVID-19<\/li>\n<li>Quando usada para a cessa\u00e7\u00e3o do tabagismo, h\u00e1 certeza alta de evid\u00eancia de que a terapia de reposi\u00e7\u00e3o de nicotina \u00e9 segura e efetiva.<\/li>\n<\/ul>\n<p style=\"text-align: justify;\"><strong>\u00a0<\/strong><\/p>\n<p style=\"text-align: justify;\"><strong>Aviso:<\/strong> o artigo n\u00e3o foi revisado por pares; ele n\u00e3o deve substituir o julgamento cl\u00ednico individual e as fontes citadas devem ser verificadas. As opini\u00f5es expressas neste coment\u00e1rio representam as opini\u00f5es dos autores e n\u00e3o necessariamente as da institui\u00e7\u00e3o anfitri\u00e3, do NHS, do NIHR, ou do Departamento de Sa\u00fade e Assist\u00eancia Social. Os pontos de vista n\u00e3o s\u00e3o um substituto para o aconselhamento m\u00e9dico profissional.<\/p>\n<p style=\"text-align: justify;\"><strong>AUTORES<\/strong><\/p>\n<p style=\"text-align: justify;\">Jamie Hartmann-Boyce \u00e9 professora e vice-diretora\u00a0do <a href=\"https:\/\/www.conted.ox.ac.uk\/about\/dphil-in-evidence-based-health-care\">Programa de Doutorado em Sa\u00fade Baseada em Evid\u00eancia<\/a>\u00a0no <a href=\"https:\/\/www.cebm.net\/\">Centro de Medicina Baseada em Evid\u00eancia<\/a>\u00a0no Nuffield Department of Primary Care Health Sciences, Universidade de Oxford. Ela trabalha com o Grupo Cochrane de Depend\u00eancia do Tabaco e \u00e9 editora associada do\u00a0<em>Addiction<\/em>.<\/p>\n<p style=\"text-align: justify;\">\u00a0Nicola Lindson \u00e9 um Pesquisador S\u00eanior na equipe de Comportamentos em Sa\u00fade no Nuffield Department of Primary Care Health Sciences, Universidade de Oxford. Ela trabalha com o Grupo Cochrane de Depend\u00eancia do Tabaco.<\/p>\n<p style=\"text-align: justify;\"><strong>\u00a0<\/strong><\/p>\n<p style=\"text-align: justify;\"><strong>TERMOS DA BUSCA<\/strong><\/p>\n<p style=\"text-align: justify;\">Buscas realizadas em 19 de maio de 2020<\/p>\n<table>\n<tbody>\n<tr>\n<td>(coronavirus OR covid-19) AND nicotine<\/td>\n<td><\/td>\n<td>Google e Google Scholar<\/td>\n<\/tr>\n<tr>\n<td>((coronavirus*[Title] OR coronovirus*[Title] OR coronoravirus*[Title] OR coronaravirus*[Title] OR corono-virus*[Title] OR corona-virus*[Title] OR \u201cCoronavirus\u201d[Mesh] OR \u201cCoronavirus Infections\u201d[Mesh] OR \u201cWuhan coronavirus\u201d [Supplementary Concept] OR \u201cSevere Acute Respiratory Syndrome Coronavirus 2\u2033[Supplementary Concept] OR COVID-19[All Fields] OR CORVID-19[All Fields] OR \u201c2019nCoV\u201d[All Fields] OR \u201c2019-nCoV\u201d[All Fields] OR WN-CoV[All Fields] OR nCoV[All Fields] OR \u201cSARS-CoV-2\u201d[All Fields] OR HCoV-19[All Fields] OR \u201cnovel coronavirus\u201d[All Fields])) AND ((\u201cTobacco Use Cessation Devices\u201d[Mesh]) OR (nicotine[Title\/Abstract] OR nrt[Title\/Abstract]))<\/td>\n<td>12<\/td>\n<td>PubMed<\/td>\n<\/tr>\n<tr>\n<td>term \u201c(covid-19 OR coronavirus) AND nicotine\u201d<\/td>\n<td>25<\/td>\n<td>medRxiv<\/td>\n<\/tr>\n<tr>\n<td>nicotine OR nrt<\/td>\n<td>15<\/td>\n<td>LitCOVID<\/td>\n<\/tr>\n<\/tbody>\n<\/table>\n<p style=\"text-align: justify;\"><span style=\"color: #ffffff;\">.<\/span><\/p>\n<hr \/>\n<p style=\"text-align: justify;\"><strong>REFER\u00caNCIAS<br \/>\n<\/strong>Os links para as refer\u00eancias est\u00e3o no texto<\/p>\n<p>[\/vc_column_text][\/vc_column][\/vc_row]<\/p>\n<\/div>","protected":false},"excerpt":{"rendered":"<p>[vc_row][vc_column][vc_column_text]Tradutores: Ana Paula Pires dos Santos, Ana Luiza Cabrera Martimbianco &nbsp; &nbsp; Jamie Hartmann-Boyce e Nicola Lindson Em nome da Equipe do Oxford COVID-19 Evidence Service Team Centro de Medicina Baseada em Evid\u00eancia, Nuffield Department of Primary Care Health Sciences Universidade de Oxford Correspond\u00eancia para jamie.hartmann-boyce@phc.ox.ac.uk &nbsp; PARECER Existem caminhos biologicamente plaus\u00edveis atrav\u00e9s dos quais&hellip;<\/p>\n","protected":false},"author":1,"featured_media":0,"parent":0,"menu_order":0,"comment_status":"closed","ping_status":"closed","template":"","meta":{"footnotes":""},"class_list":["post-3285","page","type-page","status-publish","hentry","description-off"],"_links":{"self":[{"href":"https:\/\/oxfordbrazilebm.com\/index.php\/wp-json\/wp\/v2\/pages\/3285","targetHints":{"allow":["GET"]}}],"collection":[{"href":"https:\/\/oxfordbrazilebm.com\/index.php\/wp-json\/wp\/v2\/pages"}],"about":[{"href":"https:\/\/oxfordbrazilebm.com\/index.php\/wp-json\/wp\/v2\/types\/page"}],"author":[{"embeddable":true,"href":"https:\/\/oxfordbrazilebm.com\/index.php\/wp-json\/wp\/v2\/users\/1"}],"replies":[{"embeddable":true,"href":"https:\/\/oxfordbrazilebm.com\/index.php\/wp-json\/wp\/v2\/comments?post=3285"}],"version-history":[{"count":1,"href":"https:\/\/oxfordbrazilebm.com\/index.php\/wp-json\/wp\/v2\/pages\/3285\/revisions"}],"predecessor-version":[{"id":3286,"href":"https:\/\/oxfordbrazilebm.com\/index.php\/wp-json\/wp\/v2\/pages\/3285\/revisions\/3286"}],"wp:attachment":[{"href":"https:\/\/oxfordbrazilebm.com\/index.php\/wp-json\/wp\/v2\/media?parent=3285"}],"curies":[{"name":"wp","href":"https:\/\/api.w.org\/{rel}","templated":true}]}}