{"id":3210,"date":"2020-06-07T18:23:55","date_gmt":"2020-06-07T17:23:55","guid":{"rendered":"http:\/\/oxfordbrazilebm.com\/?page_id=3210"},"modified":"2020-06-13T15:56:03","modified_gmt":"2020-06-13T14:56:03","slug":"covid-19-mortalidade-ao-longo-do-tempo-atualizacao-do-ons-em-02-de-junho","status":"publish","type":"page","link":"https:\/\/oxfordbrazilebm.com\/index.php\/covid-19-mortalidade-ao-longo-do-tempo-atualizacao-do-ons-em-02-de-junho\/","title":{"rendered":"COVID-19 Mortalidade ao longo do tempo \u2013 Atualiza\u00e7\u00e3o do ONS em 02 de junho"},"content":{"rendered":"<div class=\"wpb-content-wrapper\"><p>[vc_row][vc_column][vc_column_text]Tradutores: Ana Paula Pires dos Santos, Ana Luiza Cabrera Martimbianco<\/p>\n<hr \/>\n<p>&nbsp;<\/p>\n<p>&nbsp;<\/p>\n<p>2 de junho de 2020<\/p>\n<p style=\"text-align: justify;\">Jason Oke, Nick DeVito, Carl Heneghan.<\/p>\n<p style=\"text-align: justify;\"><em>N\u00f3s estamos monitorando os dados do ONS (\u201cOffice for National Statistics\u201d \u2013 Gabinete de Estat\u00edsticas Nacionais) sobre <\/em><em><a href=\"https:\/\/www.ons.gov.uk\/peoplepopulationandcommunity\/birthsdeathsandmarriages\/deaths\/datasets\/weeklyprovisionalfiguresondeathsregisteredinenglandandwales\">mortes<\/a><\/em><em>, que s\u00e3o atualizados toda ter\u00e7a-feira.<\/em><\/p>\n<p style=\"text-align: justify;\">Como podemos saber se a COVID-19 \u00e9 a principal causa dessas mortes?\u00a0 Ou se elas teriam ocorrido na aus\u00eancia da COVID-19, particularmente em idosos e pessoas com problemas cr\u00f4nicos de sa\u00fade? Uma maneira \u00e9 examinar as taxas de mortalidade e determinar se h\u00e1 mais pessoas morrendo do que se esperaria. O que queremos saber \u00e9 se as mortes relatadas pela COVID representam um &#8220;excesso&#8221; em rela\u00e7\u00e3o \u00e0 norma. (veja o relat\u00f3rio do ONS para essa semana\u00a0<a href=\"https:\/\/www.ons.gov.uk\/peoplepopulationandcommunity\/birthsdeathsandmarriages\/deaths\/bulletins\/deathsregisteredweeklyinenglandandwalesprovisional\/latest\">aqui).<\/a><\/p>\n<p style=\"text-align: justify;\"><strong>O n\u00famero semanal de mortes registradas para todas as idades.<\/strong><\/p>\n<p style=\"text-align: justify;\"><strong><img loading=\"lazy\" decoding=\"async\" class=\"alignnone wp-image-3211 size-full\" src=\"http:\/\/oxfordbrazilebm.com\/wp-content\/uploads\/2020\/06\/40_0001.jpg\" alt=\"\" width=\"648\" height=\"497\" srcset=\"https:\/\/oxfordbrazilebm.com\/wp-content\/uploads\/2020\/06\/40_0001.jpg 648w, https:\/\/oxfordbrazilebm.com\/wp-content\/uploads\/2020\/06\/40_0001-300x230.jpg 300w\" sizes=\"auto, (max-width: 648px) 100vw, 648px\" \/><\/strong><\/p>\n<p style=\"text-align: justify;\"><strong>Atualiza\u00e7\u00e3o em 2 de junho:<\/strong> a divulga\u00e7\u00e3o dos dados de hoje refere-se \u00e0 semana que terminou no dia 22 de maio (semana 21)<\/p>\n<ul style=\"text-align: justify;\">\n<li>Total de 12.288 mortes para todas as idades<\/li>\n<li>Isto \u00e9 2.348 (23%) a mais do que se esperaria para esta \u00e9poca do ano (a m\u00e9dia de 5 anos para esta semana \u00e9 de 9.940); risco relativo: 1,23 (1,20 a 1,27).<\/li>\n<\/ul>\n<p style=\"text-align: justify;\">Olhando para os anos anteriores, observamos varia\u00e7\u00e3o de ano para ano no n\u00famero de mortes e tamb\u00e9m h\u00e1 uma tend\u00eancia crescente ao longo do tempo.<\/p>\n<p style=\"text-align: justify;\"><img loading=\"lazy\" decoding=\"async\" class=\"alignnone wp-image-3212 size-full\" src=\"http:\/\/oxfordbrazilebm.com\/wp-content\/uploads\/2020\/06\/40_0002.jpg\" alt=\"\" width=\"644\" height=\"397\" srcset=\"https:\/\/oxfordbrazilebm.com\/wp-content\/uploads\/2020\/06\/40_0002.jpg 644w, https:\/\/oxfordbrazilebm.com\/wp-content\/uploads\/2020\/06\/40_0002-300x185.jpg 300w\" sizes=\"auto, (max-width: 644px) 100vw, 644px\" \/><\/p>\n<p style=\"text-align: justify;\">Estimar o excesso de mortes em compara\u00e7\u00e3o com um ano anterior daria um intervalo de excesso estimado entre 38.976 (2018) e 78.215 (2011). A popula\u00e7\u00e3o vem aumentando e envelhecendo e tem havido uma tend\u00eancia de aumento no n\u00famero absoluto de mortes ao longo do tempo.<\/p>\n<p style=\"text-align: justify;\">Modelando a tend\u00eancia com <a href=\"https:\/\/ncss-wpengine.netdna-ssl.com\/wp-content\/themes\/ncss\/pdf\/Procedures\/NCSS\/Harmonic_Regression.pdf\">regress\u00e3o harm\u00f4nica<\/a> com base nos anos 2010 &#8211; 2019 podemos prever o n\u00famero de mortes esperadas em 2020:<\/p>\n<ul style=\"text-align: justify;\">\n<li>A m\u00e9dia de 5 anos do ONS \u00e9 de 235.293 mortes, o que d\u00e1 um excesso de 51.486;<\/li>\n<li>O uso da tend\u00eancia da regress\u00e3o harm\u00f4nica* prev\u00ea 257.081 mortes em 2020, o que d\u00e1 um excesso de 29.698<\/li>\n<\/ul>\n<p style=\"text-align: justify;\">A regress\u00e3o harm\u00f4nica \u00e9 utilizada em fen\u00f4menos que tendem a exibir ritmos peri\u00f3dicos.<\/p>\n<p style=\"text-align: justify;\"><strong>Excesso por idade em 2020<\/strong>:<\/p>\n<p style=\"text-align: justify;\">N\u00f3s usamos o m\u00e9todo de regress\u00e3o harm\u00f3nica para prever o excesso de mortes em diferentes faixas et\u00e1rias. Naqueles com 44 anos ou menos, n\u00e3o observamos excesso de mortes registradas em 2020 at\u00e9 a semana 21 (15 de maio). Acima dessa idade, observamos excesso de mortes.<\/p>\n<p style=\"text-align: justify;\"><strong>Compara\u00e7\u00f5es do excesso de mortes em menores de 1 ano em 2020 (Sem excesso)<\/strong><\/p>\n<p style=\"text-align: justify;\"><strong><img loading=\"lazy\" decoding=\"async\" class=\"alignnone wp-image-3213 size-full\" src=\"http:\/\/oxfordbrazilebm.com\/wp-content\/uploads\/2020\/06\/40_0003.jpg\" alt=\"\" width=\"645\" height=\"397\" srcset=\"https:\/\/oxfordbrazilebm.com\/wp-content\/uploads\/2020\/06\/40_0003.jpg 645w, https:\/\/oxfordbrazilebm.com\/wp-content\/uploads\/2020\/06\/40_0003-300x185.jpg 300w\" sizes=\"auto, (max-width: 645px) 100vw, 645px\" \/>\u00a0<\/strong><\/p>\n<p style=\"text-align: justify;\"><strong>Compara\u00e7\u00f5es do excesso de mortes em menores de 1 ano a 14 anos de idade em 2020 &#8211; Sem excesso.<\/strong><\/p>\n<p style=\"text-align: justify;\"><img loading=\"lazy\" decoding=\"async\" class=\"alignnone wp-image-3214 size-full\" src=\"http:\/\/oxfordbrazilebm.com\/wp-content\/uploads\/2020\/06\/40_0004.jpg\" alt=\"\" width=\"645\" height=\"382\" srcset=\"https:\/\/oxfordbrazilebm.com\/wp-content\/uploads\/2020\/06\/40_0004.jpg 645w, https:\/\/oxfordbrazilebm.com\/wp-content\/uploads\/2020\/06\/40_0004-300x178.jpg 300w\" sizes=\"auto, (max-width: 645px) 100vw, 645px\" \/><\/p>\n<p style=\"text-align: justify;\"><strong>Compara\u00e7\u00f5es do excesso de mortes entre 15 a 44 anos de idade em 2020 &#8211; Sem excesso.<\/strong><\/p>\n<p style=\"text-align: justify;\"><img loading=\"lazy\" decoding=\"async\" class=\"alignnone wp-image-3215 size-full\" src=\"http:\/\/oxfordbrazilebm.com\/wp-content\/uploads\/2020\/06\/40_0005.jpg\" alt=\"\" width=\"644\" height=\"382\" srcset=\"https:\/\/oxfordbrazilebm.com\/wp-content\/uploads\/2020\/06\/40_0005.jpg 644w, https:\/\/oxfordbrazilebm.com\/wp-content\/uploads\/2020\/06\/40_0005-300x178.jpg 300w\" sizes=\"auto, (max-width: 644px) 100vw, 644px\" \/><\/p>\n<p style=\"text-align: justify;\"><strong>Compara\u00e7\u00f5es do excesso de mortes em &lt;45 a 64 anos de idade em 2020 \u2013 mortes previstas 27.164, o que d\u00e1 um excesso de 5.000.<\/strong><\/p>\n<p style=\"text-align: justify;\"><strong><img loading=\"lazy\" decoding=\"async\" class=\"alignnone wp-image-3216 size-full\" src=\"http:\/\/oxfordbrazilebm.com\/wp-content\/uploads\/2020\/06\/40_0006.jpg\" alt=\"\" width=\"644\" height=\"401\" srcset=\"https:\/\/oxfordbrazilebm.com\/wp-content\/uploads\/2020\/06\/40_0006.jpg 644w, https:\/\/oxfordbrazilebm.com\/wp-content\/uploads\/2020\/06\/40_0006-300x187.jpg 300w\" sizes=\"auto, (max-width: 644px) 100vw, 644px\" \/><\/strong><\/p>\n<p style=\"text-align: justify;\"><strong>Compara\u00e7\u00f5es do excesso de mortes em 65-74 anos de idade em 2020 \u2013 mortes previstas 40.777, o que d\u00e1 um excesso de 4.291 mortes.<\/strong><\/p>\n<p style=\"text-align: justify;\"><strong><img loading=\"lazy\" decoding=\"async\" class=\"alignnone wp-image-3217 size-full\" src=\"http:\/\/oxfordbrazilebm.com\/wp-content\/uploads\/2020\/06\/40_0007.jpg\" alt=\"\" width=\"643\" height=\"399\" srcset=\"https:\/\/oxfordbrazilebm.com\/wp-content\/uploads\/2020\/06\/40_0007.jpg 643w, https:\/\/oxfordbrazilebm.com\/wp-content\/uploads\/2020\/06\/40_0007-300x186.jpg 300w\" sizes=\"auto, (max-width: 643px) 100vw, 643px\" \/><\/strong><\/p>\n<p style=\"text-align: justify;\"><strong>Compara\u00e7\u00f5es do excesso de mortes entre 75 a 84 anos de idade em 2020: mortes previstas 71.146, o que d\u00e1 um excesso de 11.547 mortes.<\/strong><\/p>\n<p style=\"text-align: justify;\"><strong><img loading=\"lazy\" decoding=\"async\" class=\"alignnone wp-image-3218 size-full\" src=\"http:\/\/oxfordbrazilebm.com\/wp-content\/uploads\/2020\/06\/40_0008.jpg\" alt=\"\" width=\"642\" height=\"397\" srcset=\"https:\/\/oxfordbrazilebm.com\/wp-content\/uploads\/2020\/06\/40_0008.jpg 642w, https:\/\/oxfordbrazilebm.com\/wp-content\/uploads\/2020\/06\/40_0008-300x186.jpg 300w\" sizes=\"auto, (max-width: 642px) 100vw, 642px\" \/>\u00a0<\/strong><\/p>\n<p style=\"text-align: justify;\"><strong>Compara\u00e7\u00f5es do excesso de mortes em maiores de 85 anos idade em 2020 \u2013 mortes previstas 110.789, o que d\u00e1 um excesso de 8.325 mortes.<\/strong><\/p>\n<p style=\"text-align: justify;\"><strong><img loading=\"lazy\" decoding=\"async\" class=\"alignnone wp-image-3219 size-full\" src=\"http:\/\/oxfordbrazilebm.com\/wp-content\/uploads\/2020\/06\/40_0009.jpg\" alt=\"\" width=\"639\" height=\"381\" srcset=\"https:\/\/oxfordbrazilebm.com\/wp-content\/uploads\/2020\/06\/40_0009.jpg 639w, https:\/\/oxfordbrazilebm.com\/wp-content\/uploads\/2020\/06\/40_0009-300x179.jpg 300w\" sizes=\"auto, (max-width: 639px) 100vw, 639px\" \/>\u00a0<\/strong><\/p>\n<p style=\"text-align: justify;\"><strong>\u00a0<\/strong><\/p>\n<p style=\"text-align: justify;\"><strong>Aviso:<\/strong> o artigo n\u00e3o foi revisado por pares; ele n\u00e3o deve substituir o julgamento cl\u00ednico individual e as fontes citadas devem ser verificadas. As opini\u00f5es expressas neste coment\u00e1rio representam as opini\u00f5es dos autores e n\u00e3o necessariamente as da institui\u00e7\u00e3o anfitri\u00e3, do NHS, do NIHR, ou do Departamento de Sa\u00fade e Assist\u00eancia Social. Os pontos de vista n\u00e3o s\u00e3o um substituto para o aconselhamento m\u00e9dico profissional.<\/p>\n<hr \/>\n<p>&nbsp;<\/p>\n<p style=\"text-align: justify;\"><strong>AUTORES<\/strong><\/p>\n<p style=\"text-align: justify;\"><a href=\"https:\/\/www.phc.ox.ac.uk\/team\/jason-oke\">Jason Oke<\/a> \u00e9 um Estat\u00edstico S\u00eanior no Nuffield Department of Primary Care Health Sciences e Coordenador do M\u00f3dulo de <a href=\"https:\/\/www.conted.ox.ac.uk\/courses\/statistical-computing-with-r-and-stata\">Estat\u00edstica Computacional com R e Stata<\/a> (EBHC Med Stats) e <a href=\"https:\/\/www.conted.ox.ac.uk\/courses\/introduction-to-statistics-for-health-care-research\">Introdu\u00e7\u00e3o \u00e0 Estat\u00edstica para Pesquisa do Cuidado em Sa\u00fade<\/a> (EBHC), como parte do <a href=\"https:\/\/www.cebm.net\/study-with-us\/\">Programa de Cuidado em Sa\u00fade Baseado em Evid\u00eancia<\/a>.<\/p>\n<p style=\"text-align: justify;\">\u00a0<a href=\"https:\/\/www.phc.ox.ac.uk\/team\/carl-heneghan\">Carl Heneghan<\/a><strong>\u00a0<\/strong>\u00e9 Professor de Medicina Baseada em Evid\u00eancia, Diretor do\u00a0<a href=\"http:\/\/www.cebm.net\/\">Centro de Medicina Baseada em Evid\u00eancia<\/a> e Diretor de Estudos do <a href=\"https:\/\/www.cebm.net\/study-with-us\/\">Programa de Cuidado em Sa\u00fade Baseado em Evid\u00eancia<\/a>. (Biografia completa e declara\u00e7\u00e3o de conflitos de interesse <a href=\"https:\/\/www.phc.ox.ac.uk\/team\/carl-heneghan\">aqui<\/a>).<\/p>\n<p>[\/vc_column_text][\/vc_column][\/vc_row]<\/p>\n<\/div>","protected":false},"excerpt":{"rendered":"<p>[vc_row][vc_column][vc_column_text]Tradutores: Ana Paula Pires dos Santos, Ana Luiza Cabrera Martimbianco &nbsp; &nbsp; 2 de junho de 2020 Jason Oke, Nick DeVito, Carl Heneghan. N\u00f3s estamos monitorando os dados do ONS (\u201cOffice for National Statistics\u201d \u2013 Gabinete de Estat\u00edsticas Nacionais) sobre mortes, que s\u00e3o atualizados toda ter\u00e7a-feira. Como podemos saber se a COVID-19 \u00e9 a principal&hellip;<\/p>\n","protected":false},"author":1,"featured_media":0,"parent":0,"menu_order":0,"comment_status":"closed","ping_status":"closed","template":"","meta":{"footnotes":""},"class_list":["post-3210","page","type-page","status-publish","hentry","description-off"],"_links":{"self":[{"href":"https:\/\/oxfordbrazilebm.com\/index.php\/wp-json\/wp\/v2\/pages\/3210","targetHints":{"allow":["GET"]}}],"collection":[{"href":"https:\/\/oxfordbrazilebm.com\/index.php\/wp-json\/wp\/v2\/pages"}],"about":[{"href":"https:\/\/oxfordbrazilebm.com\/index.php\/wp-json\/wp\/v2\/types\/page"}],"author":[{"embeddable":true,"href":"https:\/\/oxfordbrazilebm.com\/index.php\/wp-json\/wp\/v2\/users\/1"}],"replies":[{"embeddable":true,"href":"https:\/\/oxfordbrazilebm.com\/index.php\/wp-json\/wp\/v2\/comments?post=3210"}],"version-history":[{"count":2,"href":"https:\/\/oxfordbrazilebm.com\/index.php\/wp-json\/wp\/v2\/pages\/3210\/revisions"}],"predecessor-version":[{"id":3280,"href":"https:\/\/oxfordbrazilebm.com\/index.php\/wp-json\/wp\/v2\/pages\/3210\/revisions\/3280"}],"wp:attachment":[{"href":"https:\/\/oxfordbrazilebm.com\/index.php\/wp-json\/wp\/v2\/media?parent=3210"}],"curies":[{"name":"wp","href":"https:\/\/api.w.org\/{rel}","templated":true}]}}