{"id":3206,"date":"2020-06-07T17:26:24","date_gmt":"2020-06-07T16:26:24","guid":{"rendered":"http:\/\/oxfordbrazilebm.com\/?page_id=3206"},"modified":"2020-06-07T17:26:24","modified_gmt":"2020-06-07T16:26:24","slug":"uma-saida-do-labirinto","status":"publish","type":"page","link":"https:\/\/oxfordbrazilebm.com\/index.php\/uma-saida-do-labirinto\/","title":{"rendered":"Uma sa\u00edda do labirinto?"},"content":{"rendered":"<div class=\"wpb-content-wrapper\"><p>[vc_row][vc_column][vc_column_text]Tradutores:\u00a0Michele Palmeira da Silva Reisky von Dubnitz, Ana Luiza Cabrera Martimbianco<\/p>\n<hr \/>\n<p>&nbsp;<\/p>\n<p>&nbsp;<\/p>\n<p style=\"text-align: justify;\">Os eventos nos pa\u00edses mais atingidos pelo COVID-19 s\u00e3o bastante claros. Houve uma corrida precipitada para reduzir o contato social, transportar e confinar pessoas em suas casas. Os resultados mostram a pior recess\u00e3o econ\u00f4mica em 300 anos, provavelmente sobrepassando a que se seguiu \u00e0 <a href=\"https:\/\/en.wikipedia.org\/wiki\/War_of_the_Spanish_Succession#Aftermath\">Guerra da Sucess\u00e3o Espanhola<\/a> e \u00e0 <a href=\"https:\/\/en.wikipedia.org\/wiki\/Great_Frost_of_1709\">grande geada<\/a> de 1709.<\/p>\n<p style=\"text-align: justify;\">Aqueles que acabaram de perder tudo e todos os que sofreram o peso do que est\u00e1 acontecendo buscar\u00e3o algu\u00e9m para culpar. Como o coronav\u00edrus n\u00e3o pode ser levado para a forca, pol\u00edticos e tomadores de decis\u00e3o s\u00e3o obviamente os pr\u00f3ximos alvos. Alguns dos apontamentos e confus\u00f5es j\u00e1 come\u00e7aram. Tamb\u00e9m h\u00e1 sinais de que os consultores cient\u00edficos podem estar na mira de uma opini\u00e3o p\u00fablica vingativa quando se pensa que a amea\u00e7a imediata acabou.<\/p>\n<p style=\"text-align: justify;\">Como o futuro \u00e9 incerto e \u00e9 poss\u00edvel que a transmiss\u00e3o do COVID 19 ou de outros agentes desconhecidos possa ocorrer, precisamos pensar com cuidado nos pr\u00f3ximos passos.<\/p>\n<p style=\"text-align: justify;\">O <em>lockdown<\/em> deve ser suspenso em pouco tempo, simplesmente porque n\u00e3o h\u00e1 alternativa. Para executar servi\u00e7os essenciais, precisamos que os impostos sejam pagos aos cofres do Estado. Isso n\u00e3o \u00e9 poss\u00edvel se a economia for interrompida. A educa\u00e7\u00e3o de uma gera\u00e7\u00e3o de crian\u00e7as em idade escolar ser\u00e1 prejudicada. Temos a impress\u00e3o de que os pol\u00edticos encurralados relutam em largar as cordas e a m\u00eddia \u00e9 incapaz de ver uma imagem maior, baseada no que sabemos das pandemias anteriores e no pouco que sabemos desta.<\/p>\n<p style=\"text-align: justify;\">Dado que precisamos reiniciar o motor da sociedade e que as confus\u00f5es, os questionamentos e os apontamentos ap\u00f3s o evento s\u00e3o de valor limitado, propomos uma maneira diferente de romper o impasse.<\/p>\n<p style=\"text-align: justify;\">Todos aqueles que tomaram decis\u00f5es (certas ou erradas) com base na ignor\u00e2ncia e na boa f\u00e9 n\u00e3o devem ser sujeitos a um inqu\u00e9rito ou cr\u00edtica, que n\u00e3o \u00e9 construtivo. Qualquer questionamento e avalia\u00e7\u00e3o de eventos deve ocorrer muito em breve, n\u00e3o para castigar ou marcar pontos, mas para aprender as li\u00e7\u00f5es e implementar as mudan\u00e7as que possam nos deixar mais preparados para quaisquer desafios semelhantes futuros, sejam eles em seis meses ou 100 anos \u00e0 frente.<\/p>\n<p style=\"text-align: justify;\">Impulsionamos todas as partes a: refor\u00e7ar a vigil\u00e2ncia de doen\u00e7as infecciosas e os sistemas laboratoriais existentes. Testar a melhor combina\u00e7\u00e3o de EPIs e outras medidas preventivas e armazenar ou organizar acesso instant\u00e2neo aos que forem mais adequados. Realizar uma revis\u00e3o aprofundada da constru\u00e7\u00e3o de hospitais e da arquitetura urbana para minimizar o risco futuro de transmiss\u00e3o. Iniciar um programa de emerg\u00eancia de hospitais para doen\u00e7as infecciosas que sejam totalmente separados das doen\u00e7as n\u00e3o infecciosas, constru\u00eddos de acordo com as li\u00e7\u00f5es do passado e da atual epidemia. Realizar exerc\u00edcios de mobiliza\u00e7\u00e3o gradativa usando diferentes cen\u00e1rios de transmiss\u00e3o, de leve a muito r\u00e1pido e gravidade da amea\u00e7a. Inscrever-se em um protocolo internacional para compartilhar dados epidemiol\u00f3gicos sem limite ou censura. Por fim, priorizar a pr\u00f3xima gera\u00e7\u00e3o de alunos, que podem nos ajudar a mitigar os erros do passado.<\/p>\n<p style=\"text-align: justify;\">Os agentes microbiol\u00f3gicos n\u00e3o se importam muito com a pol\u00edtica partid\u00e1ria e as divis\u00f5es cient\u00edficas. Quando isso for feito, devemos avan\u00e7ar com confian\u00e7a renovada e um esp\u00edrito de colabora\u00e7\u00e3o que falta atualmente.<\/p>\n<p style=\"text-align: justify;\">Declara\u00e7\u00e3o de transpar\u00eancia: O artigo n\u00e3o foi revisado por pares e as fontes citadas devem ser verificadas. As opini\u00f5es expressas neste texto representam as opini\u00f5es dos autores e n\u00e3o necessariamente as da institui\u00e7\u00e3o anfitri\u00e3, do NHS, do NIHR ou do Departamento de Sa\u00fade. As opini\u00f5es n\u00e3o substituem aconselhamento m\u00e9dico profissional.<\/p>\n<p style=\"text-align: justify;\">______________________________________________________________________________<\/p>\n<p style=\"text-align: justify;\">Link para o original: <a href=\"https:\/\/www.cebm.net\/covid-19\/covid-19-a-way-out-of-the-maze\/\">https:\/\/www.cebm.net\/covid-19\/covid-19-a-way-out-of-the-maze\/<\/a><\/p>\n<p style=\"text-align: justify;\">Nome dos autores e afilia\u00e7\u00f5es: Tom Jefferson, <a href=\"https:\/\/www.phc.ox.ac.uk\/team\/carl-heneghan\">Carl Heneghan<\/a>. University of Oxford<\/p>\n<p style=\"text-align: justify;\">Tom Jefferson \u00e9 tutor s\u00eanior associado e pesquisador honor\u00e1rio do Centro de Medicina Baseada em Evid\u00eancias da Universidade de Oxford. A declara\u00e7\u00e3o de divulga\u00e7\u00e3o <a href=\"https:\/\/restoringtrials.org\/competing-interests-tom-jefferson\/\">est\u00e1 aqui<\/a><br \/>\n<a href=\"https:\/\/www.phc.ox.ac.uk\/team\/carl-heneghan\">Carl Heneghan<\/a> \u00e9 professor de medicina baseada em evid\u00eancias e diretor de estudos para os <a href=\"https:\/\/www.cebm.net\/study-with-us\/\">Programas de Assist\u00eancia M\u00e9dica Baseada em Evid\u00eancias<\/a>. A declara\u00e7\u00e3o de divulga\u00e7\u00e3o <a href=\"https:\/\/www.phc.ox.ac.uk\/team\/carl-heneghan\">est\u00e1 aqui<\/a><\/p>\n<p style=\"text-align: justify;\"><strong>Deve ser citado como:<\/strong> Tom Jefferson, Carl Heneghan<strong>\u00a0\u00a0 <\/strong><a href=\"https:\/\/www.cebm.net\/covid-19\/covid-19-a-way-out-of-the-maze\/\">https:\/\/www.cebm.net\/covid-19\/covid-19-a-way-out-of-the-maze\/<\/a><\/p>\n<p>[\/vc_column_text][\/vc_column][\/vc_row]<\/p>\n<\/div>","protected":false},"excerpt":{"rendered":"<p>[vc_row][vc_column][vc_column_text]Tradutores:\u00a0Michele Palmeira da Silva Reisky von Dubnitz, Ana Luiza Cabrera Martimbianco &nbsp; &nbsp; Os eventos nos pa\u00edses mais atingidos pelo COVID-19 s\u00e3o bastante claros. Houve uma corrida precipitada para reduzir o contato social, transportar e confinar pessoas em suas casas. Os resultados mostram a pior recess\u00e3o econ\u00f4mica em 300 anos, provavelmente sobrepassando a que se&hellip;<\/p>\n","protected":false},"author":1,"featured_media":0,"parent":0,"menu_order":0,"comment_status":"closed","ping_status":"closed","template":"","meta":{"footnotes":""},"class_list":["post-3206","page","type-page","status-publish","hentry","description-off"],"_links":{"self":[{"href":"https:\/\/oxfordbrazilebm.com\/index.php\/wp-json\/wp\/v2\/pages\/3206","targetHints":{"allow":["GET"]}}],"collection":[{"href":"https:\/\/oxfordbrazilebm.com\/index.php\/wp-json\/wp\/v2\/pages"}],"about":[{"href":"https:\/\/oxfordbrazilebm.com\/index.php\/wp-json\/wp\/v2\/types\/page"}],"author":[{"embeddable":true,"href":"https:\/\/oxfordbrazilebm.com\/index.php\/wp-json\/wp\/v2\/users\/1"}],"replies":[{"embeddable":true,"href":"https:\/\/oxfordbrazilebm.com\/index.php\/wp-json\/wp\/v2\/comments?post=3206"}],"version-history":[{"count":1,"href":"https:\/\/oxfordbrazilebm.com\/index.php\/wp-json\/wp\/v2\/pages\/3206\/revisions"}],"predecessor-version":[{"id":3207,"href":"https:\/\/oxfordbrazilebm.com\/index.php\/wp-json\/wp\/v2\/pages\/3206\/revisions\/3207"}],"wp:attachment":[{"href":"https:\/\/oxfordbrazilebm.com\/index.php\/wp-json\/wp\/v2\/media?parent=3206"}],"curies":[{"name":"wp","href":"https:\/\/api.w.org\/{rel}","templated":true}]}}