{"id":3200,"date":"2020-06-07T17:08:35","date_gmt":"2020-06-07T16:08:35","guid":{"rendered":"http:\/\/oxfordbrazilebm.com\/?page_id=3200"},"modified":"2020-06-07T17:10:03","modified_gmt":"2020-06-07T16:10:03","slug":"ferramentas-de-avaliacao-critica-de-artigos-br","status":"publish","type":"page","link":"https:\/\/oxfordbrazilebm.com\/index.php\/ferramentas-de-avaliacao-critica-de-artigos-br\/","title":{"rendered":"Ferramentas de avalia\u00e7\u00e3o cr\u00edtica de artigos"},"content":{"rendered":"<div class=\"wpb-content-wrapper\"><p>[vc_row][vc_column width=&#8221;1\/6&#8243;][vc_icon icon_fontawesome=&#8221;fas fa-sitemap&#8221; color=&#8221;custom&#8221; css_animation=&#8221;fadeIn&#8221; link=&#8221;url:https%3A%2F%2Foxfordbrazilebm.com%2Findex.php%2Fferramentas-de-avaliacao-critica-de-artigos-br%2F|||&#8221; custom_color=&#8221;#004277&#8243;][\/vc_column][vc_column width=&#8221;2\/3&#8243;][\/vc_column][vc_column width=&#8221;1\/6&#8243;][vc_row_inner][vc_column_inner width=&#8221;1\/2&#8243;][vc_single_image image=&#8221;3100&#8243; alignment=&#8221;right&#8221; onclick=&#8221;custom_link&#8221; css=&#8221;.vc_custom_1591546084957{margin-right: -15px !important;}&#8221; link=&#8221;https:\/\/oxfordbrazilebm.com\/index.php\/ferramentas-de-avaliacao-critica-de-artigos\/&#8221;][\/vc_column_inner][vc_column_inner width=&#8221;1\/2&#8243;][vc_single_image image=&#8221;3099&#8243; onclick=&#8221;custom_link&#8221; css=&#8221;.vc_custom_1591546180785{margin-left: -15px !important;}&#8221; link=&#8221;https:\/\/oxfordbrazilebm.com\/index.php\/ferramentas-de-avaliacao-critica-de-artigos-br\/&#8221;][\/vc_column_inner][\/vc_row_inner][\/vc_column][\/vc_row][vc_row][vc_column css=&#8221;.vc_custom_1591497268942{margin-top: -15px !important;}&#8221;][vc_single_image image=&#8221;3201&#8243; img_size=&#8221;full&#8221; alignment=&#8221;center&#8221;][\/vc_column][\/vc_row]<\/p>\n<\/div>","protected":false},"excerpt":{"rendered":"<p>[vc_row][vc_column width=&#8221;1\/6&#8243;][vc_icon icon_fontawesome=&#8221;fas fa-sitemap&#8221; color=&#8221;custom&#8221; css_animation=&#8221;fadeIn&#8221; link=&#8221;url:https%3A%2F%2Foxfordbrazilebm.com%2Findex.php%2Fferramentas-de-avaliacao-critica-de-artigos-br%2F|||&#8221; custom_color=&#8221;#004277&#8243;][\/vc_column][vc_column width=&#8221;2\/3&#8243;][\/vc_column][vc_column width=&#8221;1\/6&#8243;][vc_row_inner][vc_column_inner width=&#8221;1\/2&#8243;][vc_single_image image=&#8221;3100&#8243; alignment=&#8221;right&#8221; onclick=&#8221;custom_link&#8221; css=&#8221;.vc_custom_1591546084957{margin-right: -15px !important;}&#8221; link=&#8221;https:\/\/oxfordbrazilebm.com\/index.php\/ferramentas-de-avaliacao-critica-de-artigos\/&#8221;][\/vc_column_inner][vc_column_inner width=&#8221;1\/2&#8243;][vc_single_image image=&#8221;3099&#8243; onclick=&#8221;custom_link&#8221; css=&#8221;.vc_custom_1591546180785{margin-left: -15px !important;}&#8221; link=&#8221;https:\/\/oxfordbrazilebm.com\/index.php\/ferramentas-de-avaliacao-critica-de-artigos-br\/&#8221;][\/vc_column_inner][\/vc_row_inner][\/vc_column][\/vc_row][vc_row][vc_column css=&#8221;.vc_custom_1591497268942{margin-top: -15px !important;}&#8221;][vc_single_image image=&#8221;3201&#8243; img_size=&#8221;full&#8221; alignment=&#8221;center&#8221;][\/vc_column][\/vc_row]<\/p>\n","protected":false},"author":1,"featured_media":0,"parent":0,"menu_order":0,"comment_status":"closed","ping_status":"closed","template":"","meta":{"footnotes":""},"class_list":["post-3200","page","type-page","status-publish","hentry","description-off"],"_links":{"self":[{"href":"https:\/\/oxfordbrazilebm.com\/index.php\/wp-json\/wp\/v2\/pages\/3200","targetHints":{"allow":["GET"]}}],"collection":[{"href":"https:\/\/oxfordbrazilebm.com\/index.php\/wp-json\/wp\/v2\/pages"}],"about":[{"href":"https:\/\/oxfordbrazilebm.com\/index.php\/wp-json\/wp\/v2\/types\/page"}],"author":[{"embeddable":true,"href":"https:\/\/oxfordbrazilebm.com\/index.php\/wp-json\/wp\/v2\/users\/1"}],"replies":[{"embeddable":true,"href":"https:\/\/oxfordbrazilebm.com\/index.php\/wp-json\/wp\/v2\/comments?post=3200"}],"version-history":[{"count":3,"href":"https:\/\/oxfordbrazilebm.com\/index.php\/wp-json\/wp\/v2\/pages\/3200\/revisions"}],"predecessor-version":[{"id":3204,"href":"https:\/\/oxfordbrazilebm.com\/index.php\/wp-json\/wp\/v2\/pages\/3200\/revisions\/3204"}],"wp:attachment":[{"href":"https:\/\/oxfordbrazilebm.com\/index.php\/wp-json\/wp\/v2\/media?parent=3200"}],"curies":[{"name":"wp","href":"https:\/\/api.w.org\/{rel}","templated":true}]}}