{"id":3159,"date":"2020-06-07T05:09:34","date_gmt":"2020-06-07T04:09:34","guid":{"rendered":"http:\/\/oxfordbrazilebm.com\/?page_id=3159"},"modified":"2020-06-07T05:16:05","modified_gmt":"2020-06-07T04:16:05","slug":"ferramentas-de-avaliacao-critica-de-artigos-13","status":"publish","type":"page","link":"https:\/\/oxfordbrazilebm.com\/index.php\/ferramentas-de-avaliacao-critica-de-artigos-13\/","title":{"rendered":"Ferramentas de avalia\u00e7\u00e3o cr\u00edtica de artigos &#8211; 13"},"content":{"rendered":"<p>Guidelines<\/p>\n\n\n<p><\/p>\n","protected":false},"excerpt":{"rendered":"<p>Guidelines<\/p>\n","protected":false},"author":1,"featured_media":0,"parent":0,"menu_order":0,"comment_status":"closed","ping_status":"closed","template":"","meta":{"footnotes":""},"class_list":["post-3159","page","type-page","status-publish","hentry","description-off"],"_links":{"self":[{"href":"https:\/\/oxfordbrazilebm.com\/index.php\/wp-json\/wp\/v2\/pages\/3159","targetHints":{"allow":["GET"]}}],"collection":[{"href":"https:\/\/oxfordbrazilebm.com\/index.php\/wp-json\/wp\/v2\/pages"}],"about":[{"href":"https:\/\/oxfordbrazilebm.com\/index.php\/wp-json\/wp\/v2\/types\/page"}],"author":[{"embeddable":true,"href":"https:\/\/oxfordbrazilebm.com\/index.php\/wp-json\/wp\/v2\/users\/1"}],"replies":[{"embeddable":true,"href":"https:\/\/oxfordbrazilebm.com\/index.php\/wp-json\/wp\/v2\/comments?post=3159"}],"version-history":[{"count":3,"href":"https:\/\/oxfordbrazilebm.com\/index.php\/wp-json\/wp\/v2\/pages\/3159\/revisions"}],"predecessor-version":[{"id":3169,"href":"https:\/\/oxfordbrazilebm.com\/index.php\/wp-json\/wp\/v2\/pages\/3159\/revisions\/3169"}],"wp:attachment":[{"href":"https:\/\/oxfordbrazilebm.com\/index.php\/wp-json\/wp\/v2\/media?parent=3159"}],"curies":[{"name":"wp","href":"https:\/\/api.w.org\/{rel}","templated":true}]}}