{"id":3156,"date":"2020-06-07T05:08:34","date_gmt":"2020-06-07T04:08:34","guid":{"rendered":"http:\/\/oxfordbrazilebm.com\/?page_id=3156"},"modified":"2020-06-07T16:54:06","modified_gmt":"2020-06-07T15:54:06","slug":"ferramentas-de-avaliacao-critica-de-artigos-10","status":"publish","type":"page","link":"https:\/\/oxfordbrazilebm.com\/index.php\/ferramentas-de-avaliacao-critica-de-artigos-10\/","title":{"rendered":"Ferramentas de avalia\u00e7\u00e3o cr\u00edtica de artigos &#8211; 10"},"content":{"rendered":"<div class=\"wpb-content-wrapper\"><p>[vc_row][vc_column width=&#8221;1\/6&#8243;][vc_icon icon_fontawesome=&#8221;fas fa-sitemap&#8221; color=&#8221;custom&#8221; css_animation=&#8221;fadeIn&#8221; link=&#8221;url:https%3A%2F%2Foxfordbrazilebm.com%2Findex.php%2Fferramentas-de-avaliacao-critica-de-artigos%2F|||&#8221; custom_color=&#8221;#004277&#8243;][\/vc_column][vc_column width=&#8221;2\/3&#8243;][\/vc_column][vc_column width=&#8221;1\/6&#8243;][\/vc_column][\/vc_row][vc_row][vc_column css=&#8221;.vc_custom_1591497268942{margin-top: -15px !important;}&#8221;][vc_column_text]Cross sectional study[\/vc_column_text][\/vc_column][\/vc_row]<\/p>\n<\/div>","protected":false},"excerpt":{"rendered":"<p>[vc_row][vc_column width=&#8221;1\/6&#8243;][vc_icon icon_fontawesome=&#8221;fas fa-sitemap&#8221; color=&#8221;custom&#8221; css_animation=&#8221;fadeIn&#8221; link=&#8221;url:https%3A%2F%2Foxfordbrazilebm.com%2Findex.php%2Fferramentas-de-avaliacao-critica-de-artigos%2F|||&#8221; custom_color=&#8221;#004277&#8243;][\/vc_column][vc_column width=&#8221;2\/3&#8243;][\/vc_column][vc_column width=&#8221;1\/6&#8243;][\/vc_column][\/vc_row][vc_row][vc_column css=&#8221;.vc_custom_1591497268942{margin-top: -15px !important;}&#8221;][vc_column_text]Cross sectional study[\/vc_column_text][\/vc_column][\/vc_row]<\/p>\n","protected":false},"author":1,"featured_media":0,"parent":0,"menu_order":0,"comment_status":"closed","ping_status":"closed","template":"","meta":{"footnotes":""},"class_list":["post-3156","page","type-page","status-publish","hentry","description-off"],"_links":{"self":[{"href":"https:\/\/oxfordbrazilebm.com\/index.php\/wp-json\/wp\/v2\/pages\/3156","targetHints":{"allow":["GET"]}}],"collection":[{"href":"https:\/\/oxfordbrazilebm.com\/index.php\/wp-json\/wp\/v2\/pages"}],"about":[{"href":"https:\/\/oxfordbrazilebm.com\/index.php\/wp-json\/wp\/v2\/types\/page"}],"author":[{"embeddable":true,"href":"https:\/\/oxfordbrazilebm.com\/index.php\/wp-json\/wp\/v2\/users\/1"}],"replies":[{"embeddable":true,"href":"https:\/\/oxfordbrazilebm.com\/index.php\/wp-json\/wp\/v2\/comments?post=3156"}],"version-history":[{"count":4,"href":"https:\/\/oxfordbrazilebm.com\/index.php\/wp-json\/wp\/v2\/pages\/3156\/revisions"}],"predecessor-version":[{"id":3197,"href":"https:\/\/oxfordbrazilebm.com\/index.php\/wp-json\/wp\/v2\/pages\/3156\/revisions\/3197"}],"wp:attachment":[{"href":"https:\/\/oxfordbrazilebm.com\/index.php\/wp-json\/wp\/v2\/media?parent=3156"}],"curies":[{"name":"wp","href":"https:\/\/api.w.org\/{rel}","templated":true}]}}