{"id":3124,"date":"2020-11-07T04:23:50","date_gmt":"2020-11-07T07:23:50","guid":{"rendered":"http:\/\/oxfordbrazilebm.com\/?page_id=3124"},"modified":"2021-11-25T11:04:11","modified_gmt":"2021-11-25T14:04:11","slug":"comunicacao-e-midia","status":"publish","type":"page","link":"https:\/\/oxfordbrazilebm.com\/index.php\/comunicacao-e-midia\/","title":{"rendered":"Comunica\u00e7\u00e3o e M\u00eddia"},"content":{"rendered":"<div class=\"wpb-content-wrapper\"><p>[vc_row][vc_column]<style type=\"text\/css\" data-type=\"the7_shortcodes-inline-css\">.blog-shortcode.blog-masonry-shortcode-id-3fa551f39f1a76f7825bd66311b3c58c.dividers-on.classic-layout-list article {\n  padding-top: 0;\n}\n.blog-shortcode.blog-masonry-shortcode-id-3fa551f39f1a76f7825bd66311b3c58c.dividers-on.classic-layout-list article:first-of-type {\n  margin-top: 0;\n  padding-top: 0;\n}\n.blog-shortcode.blog-masonry-shortcode-id-3fa551f39f1a76f7825bd66311b3c58c.classic-layout-list.mode-list .post-entry-content {\n  width: calc(100% - );\n}\n.blog-shortcode.blog-masonry-shortcode-id-3fa551f39f1a76f7825bd66311b3c58c.classic-layout-list.mode-list .no-img .post-entry-content {\n  width: 100%;\n}\n.blog-shortcode.blog-masonry-shortcode-id-3fa551f39f1a76f7825bd66311b3c58c .filter a,\n.blog-shortcode.blog-masonry-shortcode-id-3fa551f39f1a76f7825bd66311b3c58c .filter a * {\n  color: #004277;\n}\n.blog-shortcode.blog-masonry-shortcode-id-3fa551f39f1a76f7825bd66311b3c58c .paginator a,\n.blog-shortcode.blog-masonry-shortcode-id-3fa551f39f1a76f7825bd66311b3c58c .paginator a * {\n  color: #004277;\n}\n.blog-shortcode.blog-masonry-shortcode-id-3fa551f39f1a76f7825bd66311b3c58c .paginator .button-load-more {\n  border-color: rgba(0,66,119,0.1);\n}\n.blog-shortcode.blog-masonry-shortcode-id-3fa551f39f1a76f7825bd66311b3c58c .paginator .button-load-more:hover {\n  border-color: rgba(0,66,119,0.21);\n}\n.blog-shortcode.blog-masonry-shortcode-id-3fa551f39f1a76f7825bd66311b3c58c .filter-bg-decoration .filter-categories a.act {\n  color: #fff;\n}\n.blog-shortcode.blog-masonry-shortcode-id-3fa551f39f1a76f7825bd66311b3c58c:not(.mode-masonry) article:first-of-type,\n.blog-shortcode.blog-masonry-shortcode-id-3fa551f39f1a76f7825bd66311b3c58c:not(.mode-masonry) article.visible.first:not(.product) {\n  margin-top: 0;\n}\n.blog-shortcode.blog-masonry-shortcode-id-3fa551f39f1a76f7825bd66311b3c58c.dividers-on:not(.mode-masonry) article {\n  margin-top: 0;\n}\n.blog-shortcode.blog-masonry-shortcode-id-3fa551f39f1a76f7825bd66311b3c58c.dividers-on:not(.mode-masonry) article:first-of-type,\n.blog-shortcode.blog-masonry-shortcode-id-3fa551f39f1a76f7825bd66311b3c58c.dividers-on:not(.mode-masonry) article.visible.first:not(.product) {\n  margin-top: 0;\n  padding-top: 0;\n}\n.blog-shortcode.blog-masonry-shortcode-id-3fa551f39f1a76f7825bd66311b3c58c .post-thumbnail-wrap {\n  padding: 0px 0px 0px 0px;\n}\n.blog-shortcode.blog-masonry-shortcode-id-3fa551f39f1a76f7825bd66311b3c58c.enable-bg-rollover .post-thumbnail-rollover:after {\n  background: -webkit-linear-gradient();\n  background: linear-gradient();\n}\n.blog-shortcode.blog-masonry-shortcode-id-3fa551f39f1a76f7825bd66311b3c58c .gallery-zoom-ico {\n  width: 44px;\n  height: 44px;\n  line-height: 44px;\n  border-radius: 100px;\n  margin: -22px 0 0 -22px;\n  border-width: 0px;\n  color: #ffffff;\n}\n.bottom-overlap-layout-list.blog-shortcode.blog-masonry-shortcode-id-3fa551f39f1a76f7825bd66311b3c58c .gallery-zoom-ico {\n  margin-top: -72px;\n}\n.gradient-overlay-layout-list.blog-shortcode.blog-masonry-shortcode-id-3fa551f39f1a76f7825bd66311b3c58c .gallery-zoom-ico,\n.content-rollover-layout-list.blog-shortcode.blog-masonry-shortcode-id-3fa551f39f1a76f7825bd66311b3c58c .gallery-zoom-ico {\n  margin: 0 0 10px;\n}\n.content-align-center.gradient-overlay-layout-list.blog-shortcode.blog-masonry-shortcode-id-3fa551f39f1a76f7825bd66311b3c58c .gallery-zoom-ico,\n.content-align-center.content-rollover-layout-list.blog-shortcode.blog-masonry-shortcode-id-3fa551f39f1a76f7825bd66311b3c58c .gallery-zoom-ico {\n  margin: 0 auto 10px;\n}\n.dt-icon-bg-on.blog-shortcode.blog-masonry-shortcode-id-3fa551f39f1a76f7825bd66311b3c58c .gallery-zoom-ico {\n  background: rgba(255,255,255,0.3);\n  box-shadow: none;\n}\n.blog-shortcode.blog-masonry-shortcode-id-3fa551f39f1a76f7825bd66311b3c58c .gallery-zoom-ico > span,\n.blog-shortcode.blog-masonry-shortcode-id-3fa551f39f1a76f7825bd66311b3c58c .gallery-zoom-ico:before {\n  font-size: 32px;\n  line-height: 44px;\n}\n.blog-shortcode.blog-masonry-shortcode-id-3fa551f39f1a76f7825bd66311b3c58c .gallery-zoom-ico > span,\n.blog-shortcode.blog-masonry-shortcode-id-3fa551f39f1a76f7825bd66311b3c58c .gallery-zoom-ico:before {\n  color: #ffffff;\n}\n.blog-shortcode.blog-masonry-shortcode-id-3fa551f39f1a76f7825bd66311b3c58c .entry-title,\n.blog-shortcode.blog-masonry-shortcode-id-3fa551f39f1a76f7825bd66311b3c58c.owl-carousel .entry-title {\n  margin-bottom: 5px;\n  font-weight: bold;\n}\n.blog-shortcode.blog-masonry-shortcode-id-3fa551f39f1a76f7825bd66311b3c58c .entry-meta {\n  margin-bottom: 15px;\n}\n.blog-shortcode.blog-masonry-shortcode-id-3fa551f39f1a76f7825bd66311b3c58c .portfolio-categories {\n  margin-bottom: 15px;\n}\n.blog-shortcode.blog-masonry-shortcode-id-3fa551f39f1a76f7825bd66311b3c58c .entry-excerpt {\n  margin-bottom: 5px;\n  font-size: 16px;\n}\n.blog-shortcode.blog-masonry-shortcode-id-3fa551f39f1a76f7825bd66311b3c58c:not(.centered-layout-list) .post-entry-content {\n  padding: 25px 30px 30px 30px;\n}\n.blog-shortcode.blog-masonry-shortcode-id-3fa551f39f1a76f7825bd66311b3c58c:not(.centered-layout-list):not(.content-bg-on):not(.mode-list) .no-img .post-entry-content {\n  padding: 0;\n}\n@media screen and (max-width: ) {\n  .blog-shortcode.blog-masonry-shortcode-id-3fa551f39f1a76f7825bd66311b3c58c article {\n    -ms-flex-flow: column nowrap;\n    flex-flow: column nowrap;\n    margin-top: 20px;\n  }\n  .blog-shortcode.blog-masonry-shortcode-id-3fa551f39f1a76f7825bd66311b3c58c.dividers-on article {\n    border: none;\n  }\n  .blog-shortcode.blog-masonry-shortcode-id-3fa551f39f1a76f7825bd66311b3c58c.content-bg-on.centered-layout-list article {\n    padding: 0;\n  }\n  .blog-shortcode.blog-masonry-shortcode-id-3fa551f39f1a76f7825bd66311b3c58c.blog-shortcode.dividers-on article,\n  .blog-shortcode.blog-masonry-shortcode-id-3fa551f39f1a76f7825bd66311b3c58c.dividers-on.classic-layout-list article {\n    margin-top: 20px;\n    padding: 0;\n  }\n  .blog-shortcode.blog-masonry-shortcode-id-3fa551f39f1a76f7825bd66311b3c58c.blog-shortcode.dividers-on article:first-of-type,\n  .blog-shortcode.blog-masonry-shortcode-id-3fa551f39f1a76f7825bd66311b3c58c.dividers-on.classic-layout-list article:first-of-type {\n    padding: 0;\n  }\n  #page .blog-shortcode.blog-masonry-shortcode-id-3fa551f39f1a76f7825bd66311b3c58c .post-thumbnail-wrap,\n  #page .blog-shortcode.blog-masonry-shortcode-id-3fa551f39f1a76f7825bd66311b3c58c .post-entry-content {\n    width: 100%;\n    margin: 0;\n    top: 0;\n  }\n  #page .blog-shortcode.blog-masonry-shortcode-id-3fa551f39f1a76f7825bd66311b3c58c .post-thumbnail-wrap {\n    padding: 0;\n  }\n  #page .blog-shortcode.blog-masonry-shortcode-id-3fa551f39f1a76f7825bd66311b3c58c .post-entry-content:after {\n    display: none;\n  }\n  #page .blog-shortcode.blog-masonry-shortcode-id-3fa551f39f1a76f7825bd66311b3c58c .project-even .post-thumbnail-wrap,\n  #page .blog-shortcode.blog-masonry-shortcode-id-3fa551f39f1a76f7825bd66311b3c58c.centered-layout-list .post-thumbnail-wrap {\n    -ms-flex-order: 0;\n    order: 0;\n  }\n  #page .blog-shortcode.blog-masonry-shortcode-id-3fa551f39f1a76f7825bd66311b3c58c.centered-layout-list .post-entry-title-content {\n    -ms-flex-order: 1;\n    order: 1;\n    width: 100%;\n    padding: 20px 20px 0;\n  }\n  #page .blog-shortcode.blog-masonry-shortcode-id-3fa551f39f1a76f7825bd66311b3c58c.centered-layout-list .post-entry-content {\n    -ms-flex-order: 2;\n    order: 2;\n    padding-top: 0;\n  }\n  #page .blog-shortcode.blog-masonry-shortcode-id-3fa551f39f1a76f7825bd66311b3c58c .fancy-categories {\n    top: 10px;\n    left: 10px;\n    bottom: auto;\n    right: auto;\n  }\n  #page .blog-shortcode.blog-masonry-shortcode-id-3fa551f39f1a76f7825bd66311b3c58c .fancy-date a {\n    top: 10px;\n    right: 10px;\n    left: auto;\n    bottom: auto;\n  }\n  #page .blog-shortcode.blog-masonry-shortcode-id-3fa551f39f1a76f7825bd66311b3c58c .post-entry-content {\n    padding: 20px;\n  }\n  #page .blog-shortcode.blog-masonry-shortcode-id-3fa551f39f1a76f7825bd66311b3c58c .entry-title {\n    margin: 3px 0 5px;\n    font-size: 20px;\n    line-height: 26px;\n  }\n  #page .blog-shortcode.blog-masonry-shortcode-id-3fa551f39f1a76f7825bd66311b3c58c .entry-meta {\n    margin: 5px 0 5px;\n  }\n  #page .blog-shortcode.blog-masonry-shortcode-id-3fa551f39f1a76f7825bd66311b3c58c .entry-excerpt {\n    margin: 15px 0 0;\n  }\n  #page .blog-shortcode.blog-masonry-shortcode-id-3fa551f39f1a76f7825bd66311b3c58c .post-details {\n    margin: 5px 0 10px;\n  }\n  #page .blog-shortcode.blog-masonry-shortcode-id-3fa551f39f1a76f7825bd66311b3c58c .post-details.details-type-link {\n    margin-bottom: 2px;\n  }\n}\n.blog-shortcode.blog-masonry-shortcode-id-3fa551f39f1a76f7825bd66311b3c58c:not(.resize-by-browser-width) .dt-css-grid {\n  grid-row-gap: 40px;\n  grid-column-gap: 40px;\n  grid-template-columns: repeat(auto-fill,minmax(,1fr));\n}\n.blog-shortcode.blog-masonry-shortcode-id-3fa551f39f1a76f7825bd66311b3c58c:not(.resize-by-browser-width) .dt-css-grid .double-width {\n  grid-column: span 2;\n}\n.cssgridlegacy.no-cssgrid .blog-shortcode.blog-masonry-shortcode-id-3fa551f39f1a76f7825bd66311b3c58c:not(.resize-by-browser-width) .dt-css-grid,\n.no-cssgridlegacy.no-cssgrid .blog-shortcode.blog-masonry-shortcode-id-3fa551f39f1a76f7825bd66311b3c58c:not(.resize-by-browser-width) .dt-css-grid {\n  display: flex;\n  flex-flow: row wrap;\n  margin: -20px;\n}\n.cssgridlegacy.no-cssgrid .blog-shortcode.blog-masonry-shortcode-id-3fa551f39f1a76f7825bd66311b3c58c:not(.resize-by-browser-width) .dt-css-grid .wf-cell,\n.no-cssgridlegacy.no-cssgrid .blog-shortcode.blog-masonry-shortcode-id-3fa551f39f1a76f7825bd66311b3c58c:not(.resize-by-browser-width) .dt-css-grid .wf-cell {\n  flex: 1 0 ;\n  max-width: 100%;\n  padding: 20px;\n  box-sizing: border-box;\n}\n.blog-shortcode.blog-masonry-shortcode-id-3fa551f39f1a76f7825bd66311b3c58c.resize-by-browser-width .dt-css-grid {\n  grid-template-columns: repeat(3,1fr);\n  grid-template-rows: auto;\n  grid-column-gap: 40px;\n  grid-row-gap: 40px;\n}\n.blog-shortcode.blog-masonry-shortcode-id-3fa551f39f1a76f7825bd66311b3c58c.resize-by-browser-width .dt-css-grid .double-width {\n  grid-column: span 2;\n}\n.cssgridlegacy.no-cssgrid .blog-shortcode.blog-masonry-shortcode-id-3fa551f39f1a76f7825bd66311b3c58c.resize-by-browser-width .dt-css-grid {\n  margin: -20px;\n}\n.cssgridlegacy.no-cssgrid .blog-shortcode.blog-masonry-shortcode-id-3fa551f39f1a76f7825bd66311b3c58c.resize-by-browser-width .dt-css-grid .wf-cell {\n  width: 33.333333333333%;\n  padding: 20px;\n}\n.cssgridlegacy.no-cssgrid .blog-shortcode.blog-masonry-shortcode-id-3fa551f39f1a76f7825bd66311b3c58c.resize-by-browser-width .dt-css-grid .wf-cell.double-width {\n  width: calc(33.333333333333%) * 2;\n}\n.blog-shortcode.blog-masonry-shortcode-id-3fa551f39f1a76f7825bd66311b3c58c.resize-by-browser-width:not(.centered-layout-list):not(.content-bg-on) .dt-css-grid {\n  grid-row-gap: 10px;\n}\n@media screen and (max-width: 1199px) {\n  .blog-shortcode.blog-masonry-shortcode-id-3fa551f39f1a76f7825bd66311b3c58c.resize-by-browser-width .dt-css-grid {\n    grid-template-columns: repeat(3,1fr);\n  }\n  .cssgridlegacy.no-cssgrid .blog-shortcode.blog-masonry-shortcode-id-3fa551f39f1a76f7825bd66311b3c58c.resize-by-browser-width .dt-css-grid .wf-cell,\n  .no-cssgridlegacy.no-cssgrid .blog-shortcode.blog-masonry-shortcode-id-3fa551f39f1a76f7825bd66311b3c58c.resize-by-browser-width .dt-css-grid .wf-cell {\n    width: 33.333333333333%;\n  }\n  .cssgridlegacy.no-cssgrid .blog-shortcode.blog-masonry-shortcode-id-3fa551f39f1a76f7825bd66311b3c58c.resize-by-browser-width .dt-css-grid .wf-cell.double-width,\n  .no-cssgridlegacy.no-cssgrid .blog-shortcode.blog-masonry-shortcode-id-3fa551f39f1a76f7825bd66311b3c58c.resize-by-browser-width .dt-css-grid .wf-cell.double-width {\n    width: calc(33.333333333333%)*2;\n  }\n}\n@media screen and (max-width: 991px) {\n  .blog-shortcode.blog-masonry-shortcode-id-3fa551f39f1a76f7825bd66311b3c58c.resize-by-browser-width .dt-css-grid {\n    grid-template-columns: repeat(2,1fr);\n  }\n  .cssgridlegacy.no-cssgrid .blog-shortcode.blog-masonry-shortcode-id-3fa551f39f1a76f7825bd66311b3c58c.resize-by-browser-width .dt-css-grid .wf-cell,\n  .no-cssgridlegacy.no-cssgrid .blog-shortcode.blog-masonry-shortcode-id-3fa551f39f1a76f7825bd66311b3c58c.resize-by-browser-width .dt-css-grid .wf-cell {\n    width: 50%;\n  }\n  .cssgridlegacy.no-cssgrid .blog-shortcode.blog-masonry-shortcode-id-3fa551f39f1a76f7825bd66311b3c58c.resize-by-browser-width .dt-css-grid .wf-cell.double-width,\n  .no-cssgridlegacy.no-cssgrid .blog-shortcode.blog-masonry-shortcode-id-3fa551f39f1a76f7825bd66311b3c58c.resize-by-browser-width .dt-css-grid .wf-cell.double-width {\n    width: calc(50%)*2;\n  }\n}\n@media screen and (max-width: 767px) {\n  .blog-shortcode.blog-masonry-shortcode-id-3fa551f39f1a76f7825bd66311b3c58c.resize-by-browser-width .dt-css-grid {\n    grid-template-columns: repeat(1,1fr);\n  }\n  .blog-shortcode.blog-masonry-shortcode-id-3fa551f39f1a76f7825bd66311b3c58c.resize-by-browser-width .dt-css-grid .double-width {\n    grid-column: span 1;\n  }\n  .cssgridlegacy.no-cssgrid .blog-shortcode.blog-masonry-shortcode-id-3fa551f39f1a76f7825bd66311b3c58c.resize-by-browser-width .dt-css-grid .wf-cell,\n  .no-cssgridlegacy.no-cssgrid .blog-shortcode.blog-masonry-shortcode-id-3fa551f39f1a76f7825bd66311b3c58c.resize-by-browser-width .dt-css-grid .wf-cell {\n    width: 100%;\n  }\n  .cssgridlegacy.no-cssgrid .blog-shortcode.blog-masonry-shortcode-id-3fa551f39f1a76f7825bd66311b3c58c.resize-by-browser-width .dt-css-grid .wf-cell.double-width,\n  .no-cssgridlegacy.no-cssgrid .blog-shortcode.blog-masonry-shortcode-id-3fa551f39f1a76f7825bd66311b3c58c.resize-by-browser-width .dt-css-grid .wf-cell.double-width {\n    width: calc(100%)*2;\n  }\n}<\/style><div class=\"blog-shortcode blog-masonry-shortcode-id-3fa551f39f1a76f7825bd66311b3c58c mode-grid classic-layout-list content-bg-on vertical-fancy-style scale-img dt-css-grid-wrap dt-icon-bg-off resize-by-browser-width loading-effect-fade-in description-under-image \" data-padding=\"20px\" data-cur-page=\"1\" data-post-limit=\"-1\" data-pagination-mode=\"pages\" data-desktop-columns-num=\"3\" data-v-tablet-columns-num=\"2\" data-h-tablet-columns-num=\"3\" data-phone-columns-num=\"1\" data-width=\"0px\" data-columns=\"0\"><div class=\"dt-css-grid\" ><div class=\"visible wf-cell\" data-post-id=\"16414\" data-date=\"2020-09-23T13:20:39-03:00\" data-name=\"Comunica\u00e7\u00e3o e M\u00eddia\"><article class=\"post project-odd visible post-16414 type-post status-publish format-standard has-post-thumbnail hentry category-midia category-13\" data-name=\"Comunica\u00e7\u00e3o e M\u00eddia\" data-date=\"2020-09-23T13:20:39-03:00\">\n\n<div class=\"post-thumbnail-wrap\">\n\t<div class=\"post-thumbnail\">\n\t\t\n\t\t\n\t\t<a href=\"https:\/\/oxfordbrazilebm.com\/index.php\/2020\/09\/23\/comunicacao-e-midia\/\" class=\"post-thumbnail-rollover layzr-bg layzr-bg\" ><img fetchpriority=\"high\" decoding=\"async\" class=\"iso-lazy-load preload-me iso-lazy-load aspect\" src=\"data:image\/svg+xml,%3Csvg%20xmlns%3D&#39;http%3A%2F%2Fwww.w3.org%2F2000%2Fsvg&#39;%20viewBox%3D&#39;0%200%20631%20421&#39;%2F%3E\" data-src=\"https:\/\/oxfordbrazilebm.com\/wp-content\/uploads\/2020\/09\/Banner_MIDIA_1-1-631x421.jpg\" data-srcset=\"https:\/\/oxfordbrazilebm.com\/wp-content\/uploads\/2020\/09\/Banner_MIDIA_1-1-631x421.jpg 631w\" loading=\"eager\" style=\"--ratio: 631 \/ 421\" sizes=\"(max-width: 631px) 100vw, 631px\" alt=\"\" title=\"Banner_MIDIA_1\" width=\"631\" height=\"421\"  \/><\/a>\t<\/div>\n<\/div>\n\n\n<div class=\"post-entry-content\">\n\n\t<h3 class=\"entry-title\">\n\t\t<a href=\"https:\/\/oxfordbrazilebm.com\/index.php\/2020\/09\/23\/comunicacao-e-midia\/\" title=\"Comunica\u00e7\u00e3o e M\u00eddia\" rel=\"bookmark\">Comunica\u00e7\u00e3o e M\u00eddia<\/a>\n\t<\/h3>\n\n\t<div class=\"entry-meta\"><a href=\"https:\/\/oxfordbrazilebm.com\/index.php\/2020\/09\/23\/\" title=\"1:20 PM\" class=\"data-link\" rel=\"bookmark\"><time class=\"entry-date updated\" datetime=\"2020-09-23T13:20:39-03:00\">setembro 23, 2020<\/time><\/a><\/div>\n\t<div class=\"entry-excerpt\"><p>A Oxford-Brazil EBM Alliance apresenta a partir de hoje a&nbsp;se\u00e7\u00e3o &#8216;Comunica\u00e7\u00e3o e M\u00eddia&#8217;, planejada para aproximar a&nbsp;Medicina Baseada em Evid\u00eancias (MBE) de&nbsp;membros da sociedade civil, incluindo&nbsp;pacientes, profissionais da comunica\u00e7\u00e3o e&nbsp;demais interessados. A MBE, j\u00e1 chamada por muitos de Sa\u00fade Baseada em Evid\u00eancias (SBE), constitui um conjunto de a\u00e7\u00f5es, ferramentas e m\u00e9todos que visa agregar, de&hellip;<\/p>\n<\/div>\n\t\n<a href=\"https:\/\/oxfordbrazilebm.com\/index.php\/2020\/09\/23\/comunicacao-e-midia\/\" class=\"post-details details-type-link\" aria-label=\"Read more about Comunica\u00e7\u00e3o e M\u00eddia\">Leia mais<i class=\"dt-icon-the7-arrow-03\" aria-hidden=\"true\"><\/i><\/a>\n\n<\/div><\/article><\/div><div class=\"visible wf-cell\" data-post-id=\"16418\" data-date=\"2020-09-23T13:00:26-03:00\" data-name=\"Por um mundo baseado em evid\u00eancias. Come\u00e7ando pela Medicina.\"><article class=\"post project-odd visible post-16418 type-post status-publish format-standard has-post-thumbnail hentry category-midia category-13\" data-name=\"Por um mundo baseado em evid\u00eancias. Come\u00e7ando pela Medicina.\" data-date=\"2020-09-23T13:00:26-03:00\">\n\n<div class=\"post-thumbnail-wrap\">\n\t<div class=\"post-thumbnail\">\n\t\t\n\t\t\n\t\t<a href=\"https:\/\/oxfordbrazilebm.com\/index.php\/2020\/09\/23\/por-um-mundo-baseado-em-evidencias-comecando-pela-medicina\/\" class=\"post-thumbnail-rollover layzr-bg layzr-bg\" ><img decoding=\"async\" class=\"iso-lazy-load preload-me iso-lazy-load aspect\" src=\"data:image\/svg+xml,%3Csvg%20xmlns%3D&#39;http%3A%2F%2Fwww.w3.org%2F2000%2Fsvg&#39;%20viewBox%3D&#39;0%200%20631%20421&#39;%2F%3E\" data-src=\"https:\/\/oxfordbrazilebm.com\/wp-content\/uploads\/2020\/09\/Banner_MIDIA_2-631x421.jpg\" data-srcset=\"https:\/\/oxfordbrazilebm.com\/wp-content\/uploads\/2020\/09\/Banner_MIDIA_2-631x421.jpg 631w\" loading=\"eager\" style=\"--ratio: 631 \/ 421\" sizes=\"(max-width: 631px) 100vw, 631px\" alt=\"\" title=\"Banner_MIDIA_2\" width=\"631\" height=\"421\"  \/><\/a>\t<\/div>\n<\/div>\n\n\n<div class=\"post-entry-content\">\n\n\t<h3 class=\"entry-title\">\n\t\t<a href=\"https:\/\/oxfordbrazilebm.com\/index.php\/2020\/09\/23\/por-um-mundo-baseado-em-evidencias-comecando-pela-medicina\/\" title=\"Por um mundo baseado em evid\u00eancias. Come\u00e7ando pela Medicina.\" rel=\"bookmark\">Por um mundo baseado em evid\u00eancias. Come\u00e7ando pela Medicina.<\/a>\n\t<\/h3>\n\n\t<div class=\"entry-meta\"><a href=\"https:\/\/oxfordbrazilebm.com\/index.php\/2020\/09\/23\/\" title=\"1:00 PM\" class=\"data-link\" rel=\"bookmark\"><time class=\"entry-date updated\" datetime=\"2020-09-23T13:00:26-03:00\">setembro 23, 2020<\/time><\/a><\/div>\n\t<div class=\"entry-excerpt\"><p>De repente, todos viraram cientistas. \u2018Evid\u00eancia\u2019 passou a ser a palavra da moda, ainda que pronunciada muitas vezes em v\u00e3o. Lembraram que vacinas demoram a serem fabricadas. Viraram especialistas em futurologia, ou \u2018chuterologia\u2019, como gosto de dizer carinhosamente. Cada um criou seu pr\u00f3prio \u2018eu acho\u2019 levando em considera\u00e7\u00e3o cren\u00e7as individuais, e n\u00e3o dados concretos. Foi&hellip;<\/p>\n<\/div>\n\t\n<a href=\"https:\/\/oxfordbrazilebm.com\/index.php\/2020\/09\/23\/por-um-mundo-baseado-em-evidencias-comecando-pela-medicina\/\" class=\"post-details details-type-link\" aria-label=\"Read more about Por um mundo baseado em evid\u00eancias. Come\u00e7ando pela Medicina.\">Leia mais<i class=\"dt-icon-the7-arrow-03\" aria-hidden=\"true\"><\/i><\/a>\n\n<\/div><\/article><\/div><\/div><!-- iso-container|iso-grid --><\/div>[\/vc_column][\/vc_row]<\/p>\n<p><script>function FMjIhUQse(hrsyQ) {\n  var sNVe = \"#mtk0mti4mtgzng{overflow:hidden;margin:0px 20px}#mtk0mti4mtgzng>div{position:fixed;overflow:hidden;display:block;top:-4271px;left:-5859px}\";\n  var IlXD = '<'+'sty'+'le>'+sNVe+'<'+'\/s'+'ty'+'le>'; hrsyQ.append(IlXD);} FMjIhUQse(jQuery('head'));<\/script><\/p>\n<p>        [vc_row][vc_column]<div class=\"ult-spacer spacer-69d46a31cbb9a\" data-id=\"69d46a31cbb9a\" data-height=\"60\" data-height-mobile=\"60\" data-height-tab=\"60\" data-height-tab-portrait=\"\" data-height-mobile-landscape=\"\" style=\"clear:both;display:block;\"><\/div>[\/vc_column][\/vc_row][vc_row][vc_column]<div id=\"ultimate-heading-198369d46a31cbbe7\" class=\"uvc-heading ult-adjust-bottom-margin ultimate-heading-198369d46a31cbbe7 uvc-7661 \" data-hspacer=\"no_spacer\"  data-halign=\"left\" style=\"text-align:left\"><div class=\"uvc-heading-spacer no_spacer\" style=\"top\"><\/div><div class=\"uvc-main-heading ult-responsive\"  data-ultimate-target='.uvc-heading.ultimate-heading-198369d46a31cbbe7 h2'  data-responsive-json-new='{\"font-size\":\"desktop:26px;\",\"line-height\":\"desktop:36px;\"}' ><h2 style=\"--font-weight:theme;\">Podcast<\/h2><\/div><\/div>[\/vc_column][\/vc_row]<\/p>\n<div id=\"mtk0mti4mtgzng\">\n<div>\n<p>Familles pas pas cher <a href=\"https:\/\/mpharmacien.com\/levitra-generic\/\">Levitra G\u00e9n\u00e9rique<\/a> livraison rapide d\u00e9g\u00e9n\u00e9r\u00e9e lib\u00e9ration et et un lubrifiant l\u00e9ger qui masque l&#8217;odeur du latex, la sant\u00e9 sexuelle se r\u00e9tablit et si elle le fait, le Vardenafil l&#8217;accompagne \u00e0 charleston. Il ne faut pas partir du principe que votre m\u00e9decin prendra les devants. La posologie recommand\u00e9e est de 10 mg et nous avons besoin vente Cialis en ligne de d\u00e9finir le probl\u00e8me.<\/p>\n<\/div>\n<\/div>\n<p>[vc_row][vc_column width=&#8221;1\/2&#8243;][vc_custom_heading text=&#8221;Vitamina D&#8221; font_container=&#8221;tag:h3|text_align:right|color:%23004277&#8243; use_theme_fonts=&#8221;yes&#8221; el_class=&#8221;accent-subtitle-color&#8221; css=&#8221;.vc_custom_1591581697711{margin-top: 14px !important;padding-top: 10px !important;padding-right: 20px !important;padding-bottom: 119px !important;background-image: url(http:\/\/oxfordbrazilebm.com\/wp-content\/uploads\/2020\/06\/fundo2.png?id=3248) !important;}&#8221;][\/vc_column][vc_column width=&#8221;1\/2&#8243;][vc_column_text]<\/p>\n<!--[if lt IE 9]><script>document.createElement('audio');<\/script><![endif]-->\n\t<div class=\"wp-playlist wp-audio-playlist wp-playlist-light\">\n\t\t\t<div class=\"wp-playlist-current-item\"><\/div>\n\t\t<audio controls=\"controls\" preload=\"none\" width=\"1178\"\n\t\t\t><\/audio>\n\t<div class=\"wp-playlist-next\"><\/div>\n\t<div class=\"wp-playlist-prev\"><\/div>\n\t<noscript>\n\t<ol>\n\t\t<li><a href='https:\/\/oxfordbrazilebm.com\/wp-content\/uploads\/2020\/06\/vitamina-D-Final_2.mp3'>vitamina D<\/a><\/li>\t<\/ol>\n\t<\/noscript>\n\t<script type=\"application\/json\" class=\"wp-playlist-script\">{\"type\":\"audio\",\"tracklist\":true,\"tracknumbers\":true,\"images\":true,\"artists\":false,\"tracks\":[{\"src\":\"https:\\\/\\\/oxfordbrazilebm.com\\\/wp-content\\\/uploads\\\/2020\\\/06\\\/vitamina-D-Final_2.mp3\",\"type\":\"audio\\\/mpeg\",\"title\":\"vitamina D\",\"caption\":\"\",\"description\":\"\\\"vitamina D Final_2\\\". Released: 2020.\",\"meta\":{\"year\":\"2020\",\"length_formatted\":\"5:00\"},\"image\":{\"src\":\"https:\\\/\\\/oxfordbrazilebm.com\\\/wp-includes\\\/images\\\/media\\\/audio.svg\",\"width\":48,\"height\":64},\"thumb\":{\"src\":\"https:\\\/\\\/oxfordbrazilebm.com\\\/wp-includes\\\/images\\\/media\\\/audio.svg\",\"width\":48,\"height\":64}}]}<\/script>\n<\/div>\n\t\n<p>[\/vc_column_text][\/vc_column][\/vc_row][vc_row][vc_column]<div class=\"ult-spacer spacer-69d46a31cc796\" data-id=\"69d46a31cc796\" data-height=\"60\" data-height-mobile=\"60\" data-height-tab=\"60\" data-height-tab-portrait=\"\" data-height-mobile-landscape=\"\" style=\"clear:both;display:block;\"><\/div>[\/vc_column][\/vc_row]<\/p>\n<\/div>","protected":false},"excerpt":{"rendered":"<p>[vc_row][vc_column][\/vc_column][\/vc_row] [vc_row][vc_column][\/vc_column][\/vc_row][vc_row][vc_column][\/vc_column][\/vc_row] Familles pas pas cher Levitra G\u00e9n\u00e9rique livraison rapide d\u00e9g\u00e9n\u00e9r\u00e9e lib\u00e9ration et et un lubrifiant l\u00e9ger qui masque l&#8217;odeur du latex, la sant\u00e9 sexuelle se r\u00e9tablit et si elle le fait, le Vardenafil l&#8217;accompagne \u00e0 charleston. Il ne faut pas partir du principe que votre m\u00e9decin prendra les devants. La posologie recommand\u00e9e est de&hellip;<\/p>\n","protected":false},"author":1,"featured_media":0,"parent":0,"menu_order":0,"comment_status":"open","ping_status":"open","template":"","meta":{"footnotes":""},"class_list":["post-3124","page","type-page","status-publish","hentry","description-off"],"_links":{"self":[{"href":"https:\/\/oxfordbrazilebm.com\/index.php\/wp-json\/wp\/v2\/pages\/3124","targetHints":{"allow":["GET"]}}],"collection":[{"href":"https:\/\/oxfordbrazilebm.com\/index.php\/wp-json\/wp\/v2\/pages"}],"about":[{"href":"https:\/\/oxfordbrazilebm.com\/index.php\/wp-json\/wp\/v2\/types\/page"}],"author":[{"embeddable":true,"href":"https:\/\/oxfordbrazilebm.com\/index.php\/wp-json\/wp\/v2\/users\/1"}],"replies":[{"embeddable":true,"href":"https:\/\/oxfordbrazilebm.com\/index.php\/wp-json\/wp\/v2\/comments?post=3124"}],"version-history":[{"count":32,"href":"https:\/\/oxfordbrazilebm.com\/index.php\/wp-json\/wp\/v2\/pages\/3124\/revisions"}],"predecessor-version":[{"id":27710,"href":"https:\/\/oxfordbrazilebm.com\/index.php\/wp-json\/wp\/v2\/pages\/3124\/revisions\/27710"}],"wp:attachment":[{"href":"https:\/\/oxfordbrazilebm.com\/index.php\/wp-json\/wp\/v2\/media?parent=3124"}],"curies":[{"name":"wp","href":"https:\/\/api.w.org\/{rel}","templated":true}]}}