{"id":3085,"date":"2020-06-07T02:14:18","date_gmt":"2020-06-07T01:14:18","guid":{"rendered":"http:\/\/oxfordbrazilebm.com\/?page_id=3085"},"modified":"2020-06-07T02:14:18","modified_gmt":"2020-06-07T01:14:18","slug":"vies-de-participacao","status":"publish","type":"page","link":"https:\/\/oxfordbrazilebm.com\/index.php\/vies-de-participacao\/","title":{"rendered":"Vi\u00e9s de participa\u00e7\u00e3o volunt\u00e1ria"},"content":{"rendered":"<div class=\"wpb-content-wrapper\"><p>[vc_row bg_type=&#8221;bg_color&#8221; css=&#8221;.vc_custom_1572747881603{padding-top: 10px !important;padding-bottom: 10px !important;}&#8221; bg_color_value=&#8221;#f7f7f7&#8243;][vc_column width=&#8221;1\/3&#8243;][vc_column_text]<b>Nome original do vi\u00e9s: <\/b>Volunteer bias[\/vc_column_text][\/vc_column][vc_column width=&#8221;1\/3&#8243;][vc_column_text]<strong>Tradutor: <\/strong>Carolina Oliveira Cruz Latorraca<\/p>\n<p><strong>Primeiro revisor: <\/strong>Rafael Leite Pacheco<\/p>\n<p><strong>Segundo revisor: <\/strong>Lu\u00eds Eduardo Fontes<\/p>\n<p><strong>Terceiro revisor: <\/strong>Rachel Riera[\/vc_column_text][\/vc_column][\/vc_row][vc_row][vc_column]<div class=\"ult-spacer spacer-69f0bef51b7c5\" data-id=\"69f0bef51b7c5\" data-height=\"30\" data-height-mobile=\"30\" data-height-tab=\"30\" data-height-tab-portrait=\"\" data-height-mobile-landscape=\"\" style=\"clear:both;display:block;\"><\/div>[vc_separator]<div class=\"ult-spacer spacer-69f0bef51b7fc\" data-id=\"69f0bef51b7fc\" data-height=\"30\" data-height-mobile=\"30\" data-height-tab=\"30\" data-height-tab-portrait=\"\" data-height-mobile-landscape=\"\" style=\"clear:both;display:block;\"><\/div>[\/vc_column][\/vc_row][vc_row][vc_column][vc_column_text]<\/p>\n<p style=\"text-align: justify;\"><strong>LEGENDA TRADUZIDA<\/strong><\/p>\n<p style=\"text-align: justify;\">Participantes que se voluntariam para participar de um estudo intrinsecamente t\u00eam caracter\u00edsticas diferentes da popula\u00e7\u00e3o geral de interesse.<\/p>\n<p style=\"text-align: justify;\"><strong>TEXTO TRADUZIDO<\/strong><\/p>\n<p style=\"text-align: justify;\"><strong>Introdu\u00e7\u00e3o<\/strong><\/p>\n<p style=\"text-align: justify;\">Estudos sobre sa\u00fade humana utilizam amostras para obter informa\u00e7\u00f5es sobre a popula\u00e7\u00e3o. O objetivo \u00e9 que a amostra represente a popula\u00e7\u00e3o de interesse de forma mais acurada poss\u00edvel. A sele\u00e7\u00e3o de participantes deve ser feita de maneira que a amostra de participantes do estudo permane\u00e7a representativa da popula\u00e7\u00e3o como um todo. Quando a amostra \u00e9 composta por volunt\u00e1rios, existe o risco de que ela n\u00e3o represente a popula\u00e7\u00e3o geral.<\/p>\n<p style=\"text-align: justify;\">O vi\u00e9s de participa\u00e7\u00e3o volunt\u00e1ria pode ocorrer em todos os est\u00e1gios de um ensaio cl\u00ednico, desde o recrutamento at\u00e9 o per\u00edodo de seguimento. As diferen\u00e7as entre os volunt\u00e1rios e a popula\u00e7\u00e3o de interesse n\u00e3o est\u00e3o restritas a fatores s\u00f3cio-demogr\u00e1ficos, mas podem incluir atitudes relacionadas ao estudo e \u00e0 institui\u00e7\u00e3o envolvida.<\/p>\n<p style=\"text-align: justify;\">O vi\u00e9s de participa\u00e7\u00e3o volunt\u00e1ria tamb\u00e9m pode estar relacionado \u00e0s condi\u00e7\u00f5es ou doen\u00e7as estudadas, j\u00e1 que os volunt\u00e1rios t\u00eam menor probabilidade de participarem de estudos sobre doen\u00e7as ou comportamentos que s\u00e3o considerados como n\u00e3o aceit\u00e1veis pela sociedade, como doen\u00e7as relacionadas ao abuso de subst\u00e2ncias.<\/p>\n<p style=\"text-align: justify;\"><strong>Exemplos<\/strong><\/p>\n<p style=\"text-align: justify;\">Um estudo avaliando o vi\u00e9s de participa\u00e7\u00e3o volunt\u00e1ria usando dados de um ensaio cl\u00ednico sobre suplementa\u00e7\u00e3o com probi\u00f3ticos para atopia infantil (Jordan 2013) mostrou que \u00e0 medida que o estudo progredia, a participa\u00e7\u00e3o de pessoas mais carentes diminuia. A probabilidade de que esses participantes sa\u00edssem do estudo foi maior entre seis meses e dois anos de seguimento. Os autores tamb\u00e9m observaram que as m\u00e3es mais interessadas em probi\u00f3ticos estavam mais dispostas a comparecer \u00e0s visitas e consentir com os testes cut\u00e2neo-al\u00e9rgicos. M\u00e3es que participavam acompanhando seus filhos tamb\u00e9m estavam mais dispostas a consentir com a doa\u00e7\u00e3o de uma amostra de sangue.<\/p>\n<p style=\"text-align: justify;\">Em outro estudo sobre vi\u00e9s de participa\u00e7\u00e3o volunt\u00e1ria em pesquisas sobre sexualidade, os autores relataram que os participantes volunt\u00e1rios apresentavam atitude mais positiva com rela\u00e7\u00e3o \u00e0 sua sexualidade, menos culpa relacionada ao prazer e mais experi\u00eancia, do que os participantes n\u00e3o-volunt\u00e1rios (Strassberg 1995). Essas diferen\u00e7as foram independentes do sexo e os autores conclu\u00edram que &#8220;<em>as implica\u00e7\u00f5es desses achados s\u00e3o desanimadores para a generaliza\u00e7\u00e3o dos resultados de pesquisas sobre sexualidade<\/em>.&#8221;<\/p>\n<p style=\"text-align: justify;\"><strong>Impacto<\/strong><\/p>\n<p style=\"text-align: justify;\">\u00c9 dif\u00edcil estimar o impacto do vi\u00e9s de participa\u00e7\u00e3o volunt\u00e1ria e a dire\u00e7\u00e3o de seus efeitos. Volunt\u00e1rios tendem a ter maior n\u00edvel de educa\u00e7\u00e3o, serem de classes sociais mais altas e participam de forma mais entusiasmada do estudo. Um estudo descobriu que mulheres costumam se voluntariar mais, e serem mais saud\u00e1veis e aderirem a tratamentos mais frequentemente do que homens.<\/p>\n<p style=\"text-align: justify;\"><strong>Passos para preven\u00e7\u00e3o<\/strong><\/p>\n<p style=\"text-align: justify;\">A probabilidade de ocorrer o vi\u00e9s de participa\u00e7\u00e3o volunt\u00e1ria aumenta quando as taxas de recusa de volunt\u00e1rios aumentam. Portanto, qualquer t\u00e9cnica que aumente o n\u00famero de volunt\u00e1rios pode minimizar o risco de vi\u00e9s. Garantir o anonimato e a confidencialidade dos participantes \u00e9 essencial para aumentar a participa\u00e7\u00e3o das pessoas em estudos e diminuir o vi\u00e9s de participa\u00e7\u00e3o volunt\u00e1ria.<\/p>\n<p>[\/vc_column_text][\/vc_column][\/vc_row][vc_row][vc_column]<div class=\"ult-spacer spacer-69f0bef51b81b\" data-id=\"69f0bef51b81b\" data-height=\"30\" data-height-mobile=\"30\" data-height-tab=\"30\" data-height-tab-portrait=\"\" data-height-mobile-landscape=\"\" style=\"clear:both;display:block;\"><\/div>[vc_separator]<div class=\"ult-spacer spacer-69f0bef51b837\" data-id=\"69f0bef51b837\" data-height=\"30\" data-height-mobile=\"30\" data-height-tab=\"30\" data-height-tab-portrait=\"\" data-height-mobile-landscape=\"\" style=\"clear:both;display:block;\"><\/div>[\/vc_column][\/vc_row][vc_row bg_type=&#8221;bg_color&#8221; bg_color_value=&#8221;#f7f7f7&#8243; css=&#8221;.vc_custom_1572747847655{padding-top: 20px !important;padding-bottom: 20px !important;}&#8221;][vc_column][vc_column_text]<strong>Link para o original:<\/strong> <a href=\"https:\/\/catalogofbias.org\/biases\/volunteer-bias\/\">https:\/\/catalogofbias.org\/biases\/volunteer-bias\/<\/a><\/p>\n<p><strong>\u00a0<\/strong><\/p>\n<p><strong>Deve ser citado como:\u00a0 <\/strong>Catalogue of Bias Collaboration, Brassey J, Mahtani KR, Spencer EA, Heneghan C. Volunteer bias. Catalogue Of Bias 2017:\u00a0 <a href=\"https:\/\/catalogofbias.org\/biases\/volunteer-bias\/\">http:\/\/www.catalogofbias.org\/biases\/volunteer-bias<\/a><\/p>\n<p><strong>\u00a0<\/strong><\/p>\n<p><strong>Fontes<\/strong><\/p>\n<p>Jordan S, et al. <a href=\"https:\/\/www.ncbi.nlm.nih.gov\/pubmed\/23874465\">Volunteer bias in recruitment, retention, and blood sample donation in a randomised controlled trial involving mothers and their children at six months and two years: a longitudinal analysis.<\/a> PLoS One. 2013 Jul 9;8(7):e67912.<\/p>\n<p>Porta M et al. <a href=\"http:\/\/irea.ir\/files\/site1\/pages\/dictionary.pdf\">A dictionary of epidemiology. 6th edition.<\/a> New York: Oxford University Press: 2014<\/p>\n<p>Salkind, N. J. (2010). <a href=\"http:\/\/methods.sagepub.com\/reference\/encyc-of-research-design\/n492.xml\">Volunteer Bias.<\/a> <em>Encyclopedia of research design<\/em> Thousand Oaks, CA: SAGE Publications Ltd<\/p>\n<p>Strassberg DS et al. <a href=\"https:\/\/www.ncbi.nlm.nih.gov\/pubmed\/7661653\">Volunteer bias in sexuality research.<\/a> Arch Sex Behav. 1995;24(4):369-82.<\/p>\n<p>Sackett DL. <a href=\"https:\/\/drive.google.com\/drive\/folders\/0B65aSNYe6xdjUWk3c25EejNtUlU\">Bias in analytic research<\/a>. J Chron Dis 1979; 32: 51-63<\/p>\n<p>&nbsp;<\/p>\n<p><strong>PubMed feed<\/strong><\/p>\n<p>Estas fontes podem ser recuperadas dinamicamente a partir do PubMed:<\/p>\n<p>Dawson SJ, Huberman JS, Bouchard KN, McInnis MK, Pukall CF, Chivers ML. <a href=\"https:\/\/www.ncbi.nlm.nih.gov\/pubmed\/31011994?dopt=Abstract\">Effects of Individual Difference Variables, Gender, and Exclusivity of Sexual Attraction on Volunteer Bias in Sexuality Research.<\/a>[\/vc_column_text][\/vc_column][\/vc_row]<\/p>\n<\/div>","protected":false},"excerpt":{"rendered":"<p>[vc_row bg_type=&#8221;bg_color&#8221; css=&#8221;.vc_custom_1572747881603{padding-top: 10px !important;padding-bottom: 10px !important;}&#8221; bg_color_value=&#8221;#f7f7f7&#8243;][vc_column width=&#8221;1\/3&#8243;][vc_column_text]Nome original do vi\u00e9s: Volunteer bias[\/vc_column_text][\/vc_column][vc_column width=&#8221;1\/3&#8243;][vc_column_text]Tradutor: Carolina Oliveira Cruz Latorraca Primeiro revisor: Rafael Leite Pacheco Segundo revisor: Lu\u00eds Eduardo Fontes Terceiro revisor: Rachel Riera[\/vc_column_text][\/vc_column][\/vc_row][vc_row][vc_column][vc_separator][\/vc_column][\/vc_row][vc_row][vc_column][vc_column_text] LEGENDA TRADUZIDA Participantes que se voluntariam para participar de um estudo intrinsecamente t\u00eam caracter\u00edsticas diferentes da popula\u00e7\u00e3o geral de interesse. TEXTO TRADUZIDO&hellip;<\/p>\n","protected":false},"author":1,"featured_media":0,"parent":0,"menu_order":0,"comment_status":"closed","ping_status":"closed","template":"","meta":{"footnotes":""},"class_list":["post-3085","page","type-page","status-publish","hentry","description-off"],"_links":{"self":[{"href":"https:\/\/oxfordbrazilebm.com\/index.php\/wp-json\/wp\/v2\/pages\/3085","targetHints":{"allow":["GET"]}}],"collection":[{"href":"https:\/\/oxfordbrazilebm.com\/index.php\/wp-json\/wp\/v2\/pages"}],"about":[{"href":"https:\/\/oxfordbrazilebm.com\/index.php\/wp-json\/wp\/v2\/types\/page"}],"author":[{"embeddable":true,"href":"https:\/\/oxfordbrazilebm.com\/index.php\/wp-json\/wp\/v2\/users\/1"}],"replies":[{"embeddable":true,"href":"https:\/\/oxfordbrazilebm.com\/index.php\/wp-json\/wp\/v2\/comments?post=3085"}],"version-history":[{"count":1,"href":"https:\/\/oxfordbrazilebm.com\/index.php\/wp-json\/wp\/v2\/pages\/3085\/revisions"}],"predecessor-version":[{"id":3089,"href":"https:\/\/oxfordbrazilebm.com\/index.php\/wp-json\/wp\/v2\/pages\/3085\/revisions\/3089"}],"wp:attachment":[{"href":"https:\/\/oxfordbrazilebm.com\/index.php\/wp-json\/wp\/v2\/media?parent=3085"}],"curies":[{"name":"wp","href":"https:\/\/api.w.org\/{rel}","templated":true}]}}