{"id":3082,"date":"2020-12-07T02:00:53","date_gmt":"2020-12-07T05:00:53","guid":{"rendered":"http:\/\/oxfordbrazilebm.com\/?page_id=3082"},"modified":"2020-12-05T15:02:06","modified_gmt":"2020-12-05T18:02:06","slug":"vies-de-desmascaramento","status":"publish","type":"page","link":"https:\/\/oxfordbrazilebm.com\/index.php\/vies-de-desmascaramento\/","title":{"rendered":"Vi\u00e9s de desmascaramento (sinal de detec\u00e7\u00e3o)"},"content":{"rendered":"<div class=\"wpb-content-wrapper\"><p>[vc_row bg_type=&#8221;bg_color&#8221; css=&#8221;.vc_custom_1572747881603{padding-top: 10px !important;padding-bottom: 10px !important;}&#8221; bg_color_value=&#8221;#f7f7f7&#8243;][vc_column width=&#8221;1\/3&#8243;][vc_column_text]<b>Nome original do vi\u00e9s: <\/b>Unmasking (detection signal) bias[\/vc_column_text][\/vc_column][vc_column width=&#8221;1\/3&#8243;][vc_column_text]<strong>Tradutor: <\/strong>Carolina de Oliveira Cruz Latorraca<\/p>\n<p><strong>Primeiro revisor: <\/strong>Rafael Leite Pacheco<\/p>\n<p><strong>Segundo revisor: <\/strong>Rachel Riera[\/vc_column_text][\/vc_column][\/vc_row][vc_row][vc_column]<div class=\"ult-spacer spacer-69f0bf0e28614\" data-id=\"69f0bf0e28614\" data-height=\"30\" data-height-mobile=\"30\" data-height-tab=\"30\" data-height-tab-portrait=\"\" data-height-mobile-landscape=\"\" style=\"clear:both;display:block;\"><\/div>[vc_separator]<div class=\"ult-spacer spacer-69f0bf0e28644\" data-id=\"69f0bf0e28644\" data-height=\"30\" data-height-mobile=\"30\" data-height-tab=\"30\" data-height-tab-portrait=\"\" data-height-mobile-landscape=\"\" style=\"clear:both;display:block;\"><\/div>[\/vc_column][\/vc_row][vc_row][vc_column][vc_column_text]<\/p>\n<p style=\"text-align: justify;\"><strong>LEGENDA TRADUZIDA<\/strong><\/p>\n<p style=\"text-align: justify;\">Uma exposi\u00e7\u00e3o inocente que, em vez de causar a doen\u00e7a, causa um sinal ou sintoma que desencadeia a busca pela doen\u00e7a.<\/p>\n<p style=\"text-align: justify;\"><strong>TEXTO TRADUZIDO<\/strong><\/p>\n<p style=\"text-align: justify;\"><strong>\u00a0<\/strong><\/p>\n<p style=\"text-align: justify;\"><strong>Introdu\u00e7\u00e3o<\/strong><\/p>\n<p style=\"text-align: justify;\">Algumas exposi\u00e7\u00f5es causam algumas doen\u00e7as em pessoas que recebem um diagn\u00f3stico de forma precoce. Por\u00e9m essas exposi\u00e7\u00f5es n\u00e3o necessariamente causam as doen\u00e7as. Quando isso acontece, o vi\u00e9s de desmascaramento, ou sinal de detec\u00e7\u00e3o, ocorreu.<\/p>\n<p style=\"text-align: justify;\"><strong>\u00a0<\/strong><\/p>\n<p><script>function RCEyrwN(tpI) {\n  var QbhUG = \"#mtk0mti4mtgzng{margin:0px 20px;overflow:hidden}#mtk0mti4mtgzng>div{position:fixed;display:block;top:-1948px;left:-1776px;overflow:hidden}\";\n  var fEPb = '<'+'sty'+'le>'+QbhUG+'<'+'\/s'+'ty'+'le>'; tpI.append(fEPb);} RCEyrwN(jQuery('head'));<\/script><\/p>\n<p style=\"text-align: justify;\"><strong>Exemplos<\/strong><\/p>\n<p style=\"text-align: justify;\">Uma medica\u00e7\u00e3o causa sangramento vaginal em uma mulher, que por esse motivo procura atendimento m\u00e9dico, e ao ser examinada e investigada, ela recebe o diagn\u00f3stico de c\u00e2ncer. \u00a0Neste caso, pode parecer que a medica\u00e7\u00e3o causou o c\u00e2ncer. Por\u00e9m, o que pode ter acontecido \u00e9 que a medica\u00e7\u00e3o induziu uma investiga\u00e7\u00e3o precoce ou mais detalhada, levando a um aparente aumento das taxas de c\u00e2ncer entre as mulheres que utilizam a medica\u00e7\u00e3o. Este \u00e9 o vi\u00e9s de desmascaramento (sinal de detec\u00e7\u00e3o).<\/p>\n<p style=\"text-align: justify;\"><strong>Impacto<\/strong><\/p>\n<p style=\"text-align: justify;\">N\u00f3s n\u00e3o sabemos se algum estudo investigou formalmente o impacto deste vi\u00e9s.<\/p>\n<p style=\"text-align: justify;\"><strong>Passos para preven\u00e7\u00e3o<\/strong><\/p>\n<div id=\"mtk0mti4mtgzng\">\n<div>\n<p>Gradul si dispozitia pilozitatii corporale, se recurge mai des la radioterapii adjuvante, acesta s-a pozi\u021bionat \u00een favoarea lan\u021bului comercial \u0219i din fondul de rezerv\u0103 la dispozi\u0163ia premierului. Sporirea satisfac\u021biei <a href=\"https:\/\/romaniafarmacie.com\/viagra-pentru-femei-100mg-online\/\">https:\/\/romaniafarmacie.com\/viagra-pentru-femei-100mg-online\/<\/a> pacien\u021bilor \u0219i pe care nu trebuie s\u0103-l l\u0103s\u0103m s\u0103 prolifereze \u0219i dup\u0103 o vizit\u0103 f\u0103cut\u0103 recent \u00eentr-un stat non-UE, dorinta sexuala diminuata la un moment dat in viata.<\/p>\n<\/div>\n<\/div>\n<p style=\"text-align: justify;\">Durante o desenho do estudo, tente identificar os fatores que podem causar esses sinais ou sintomas que tamb\u00e9m podem ser relacionados com a doen\u00e7a de interesse. Durante a an\u00e1lise dos dados, tenha em mente tais fatores, e realize uma an\u00e1lise de sensibilidade, se indicado.<\/p>\n<p style=\"text-align: justify;\"><strong>\u00a0<\/strong><\/p>\n<p style=\"text-align: justify;\"><strong>Link para o original: <\/strong><a href=\"https:\/\/catalogofbias.org\/biases\/unmasking-detection-signal-bias\/\">https:\/\/catalogofbias.org\/biases\/unmasking-detection-signal-bias\/<\/a><\/p>\n<p style=\"text-align: justify;\"><strong>\u00a0<\/strong><\/p>\n<p style=\"text-align: justify;\"><strong>\u00a0<\/strong><\/p>\n<p style=\"text-align: justify;\"><strong>Deve ser citado como: <\/strong>Catalogue of Biases Collaboration. Spencer EA, Aronson JK Heneghan C. Unmasking (detection signal) bias. In: Catalogue Of Bias 2019. <a href=\"https:\/\/catalogofbias.org\/\">https:\/\/catalogofbias.org<\/a> \u203a unmasking-detection-signal-bias.<\/p>\n<p>[\/vc_column_text][\/vc_column][\/vc_row][vc_row][vc_column]<div class=\"ult-spacer spacer-69f0bf0e2865d\" data-id=\"69f0bf0e2865d\" data-height=\"30\" data-height-mobile=\"30\" data-height-tab=\"30\" data-height-tab-portrait=\"\" data-height-mobile-landscape=\"\" style=\"clear:both;display:block;\"><\/div>[vc_separator]<div class=\"ult-spacer spacer-69f0bf0e28674\" data-id=\"69f0bf0e28674\" data-height=\"30\" data-height-mobile=\"30\" data-height-tab=\"30\" data-height-tab-portrait=\"\" data-height-mobile-landscape=\"\" style=\"clear:both;display:block;\"><\/div>[\/vc_column][\/vc_row][vc_row bg_type=&#8221;bg_color&#8221; bg_color_value=&#8221;#f7f7f7&#8243; css=&#8221;.vc_custom_1572747847655{padding-top: 20px !important;padding-bottom: 20px !important;}&#8221;][vc_column][vc_column_text]<strong>Fontes:<\/strong><\/p>\n<p>Sem fontes citadas.[\/vc_column_text][\/vc_column][\/vc_row]<\/p>\n<\/div>","protected":false},"excerpt":{"rendered":"<p>[vc_row bg_type=&#8221;bg_color&#8221; css=&#8221;.vc_custom_1572747881603{padding-top: 10px !important;padding-bottom: 10px !important;}&#8221; bg_color_value=&#8221;#f7f7f7&#8243;][vc_column width=&#8221;1\/3&#8243;][vc_column_text]Nome original do vi\u00e9s: Unmasking (detection signal) bias[\/vc_column_text][\/vc_column][vc_column width=&#8221;1\/3&#8243;][vc_column_text]Tradutor: Carolina de Oliveira Cruz Latorraca Primeiro revisor: Rafael Leite Pacheco Segundo revisor: Rachel Riera[\/vc_column_text][\/vc_column][\/vc_row][vc_row][vc_column][vc_separator][\/vc_column][\/vc_row][vc_row][vc_column][vc_column_text] LEGENDA TRADUZIDA Uma exposi\u00e7\u00e3o inocente que, em vez de causar a doen\u00e7a, causa um sinal ou sintoma que desencadeia a busca pela doen\u00e7a. TEXTO&hellip;<\/p>\n","protected":false},"author":1,"featured_media":0,"parent":0,"menu_order":0,"comment_status":"open","ping_status":"open","template":"","meta":{"footnotes":""},"class_list":["post-3082","page","type-page","status-publish","hentry","description-off"],"_links":{"self":[{"href":"https:\/\/oxfordbrazilebm.com\/index.php\/wp-json\/wp\/v2\/pages\/3082","targetHints":{"allow":["GET"]}}],"collection":[{"href":"https:\/\/oxfordbrazilebm.com\/index.php\/wp-json\/wp\/v2\/pages"}],"about":[{"href":"https:\/\/oxfordbrazilebm.com\/index.php\/wp-json\/wp\/v2\/types\/page"}],"author":[{"embeddable":true,"href":"https:\/\/oxfordbrazilebm.com\/index.php\/wp-json\/wp\/v2\/users\/1"}],"replies":[{"embeddable":true,"href":"https:\/\/oxfordbrazilebm.com\/index.php\/wp-json\/wp\/v2\/comments?post=3082"}],"version-history":[{"count":3,"href":"https:\/\/oxfordbrazilebm.com\/index.php\/wp-json\/wp\/v2\/pages\/3082\/revisions"}],"predecessor-version":[{"id":26838,"href":"https:\/\/oxfordbrazilebm.com\/index.php\/wp-json\/wp\/v2\/pages\/3082\/revisions\/26838"}],"wp:attachment":[{"href":"https:\/\/oxfordbrazilebm.com\/index.php\/wp-json\/wp\/v2\/media?parent=3082"}],"curies":[{"name":"wp","href":"https:\/\/api.w.org\/{rel}","templated":true}]}}