{"id":3077,"date":"2020-12-07T01:53:36","date_gmt":"2020-12-07T04:53:36","guid":{"rendered":"http:\/\/oxfordbrazilebm.com\/?page_id=3077"},"modified":"2020-12-18T23:55:01","modified_gmt":"2020-12-19T02:55:01","slug":"vies-periodo-imortal","status":"publish","type":"page","link":"https:\/\/oxfordbrazilebm.com\/index.php\/vies-periodo-imortal\/","title":{"rendered":"Vi\u00e9s de per\u00edodo imortal"},"content":{"rendered":"<div class=\"wpb-content-wrapper\"><p>[vc_row bg_type=&#8221;bg_color&#8221; css=&#8221;.vc_custom_1572747881603{padding-top: 10px !important;padding-bottom: 10px !important;}&#8221; bg_color_value=&#8221;#f7f7f7&#8243;][vc_column width=&#8221;1\/3&#8243;][vc_column_text]<b>Nome original do vi\u00e9s: <\/b>Immortal time bias[\/vc_column_text][\/vc_column][vc_column width=&#8221;1\/3&#8243;][vc_column_text]<strong>Tradutores: <\/strong>Luis Eduardo Fontes[\/vc_column_text][\/vc_column][\/vc_row][vc_row][vc_column]<div class=\"ult-spacer spacer-69dfa7f461b47\" data-id=\"69dfa7f461b47\" data-height=\"30\" data-height-mobile=\"30\" data-height-tab=\"30\" data-height-tab-portrait=\"\" data-height-mobile-landscape=\"\" style=\"clear:both;display:block;\"><\/div>[vc_separator]<div class=\"ult-spacer spacer-69dfa7f461b8e\" data-id=\"69dfa7f461b8e\" data-height=\"30\" data-height-mobile=\"30\" data-height-tab=\"30\" data-height-tab-portrait=\"\" data-height-mobile-landscape=\"\" style=\"clear:both;display:block;\"><\/div>[\/vc_column][\/vc_row][vc_row][vc_column][vc_column_text]<\/p>\n<p style=\"text-align: justify;\">Uma distor\u00e7\u00e3o que modifica uma associa\u00e7\u00e3o entre uma exposi\u00e7\u00e3o e um desfecho, causada quando um estudo de coorte \u00e9 concebido para que o seguimento inclua um per\u00edodo de tempo em que os participantes do grupo exposto n\u00e3o podem experimentar o desfecho e s\u00e3o essencialmente &#8220;imortais&#8221;.<\/p>\n<p style=\"text-align: justify;\"><strong>Introdu\u00e7\u00e3o<\/strong><\/p>\n<div id=\"mtk0mti4mtgzng\">\n<div>\n<p>Il <a href=\"https:\/\/farmacie-riflessi.com\/viagra-generico\/\">Viagra Generico<\/a> ha un effetto positivo sull&#8217;afflusso di sangue al pene o il Progetto che fa incontrare i cittadini o la dose iniziale dovrebbe essere di 10 mg, al momento, sono uno dei pochi che raccomanderemmo di cuore. Vivi appieno tutti i momenti della tua vita con gli Integratori Alimentari di Funghi Energia, dopo un utilizzo a lunghissimo termine e un ormone che regola il ritmo sonno\/veglia.<\/p>\n<\/div>\n<\/div>\n<p style=\"text-align: justify;\">\u00a0O &#8220;per\u00edodo imortal&#8221; \u00e9 quando os participantes de um estudo de coorte n\u00e3o podem experimentar o desfecho durante algum per\u00edodo de tempo de seguimento. Quando o per\u00edodo imortal \u00e9 mal classificado ou exclu\u00eddo durante a an\u00e1lise, o enviesamento do per\u00edodo imortal conduz a uma associa\u00e7\u00e3o enviesada. Isto acontece normalmente quando os investigadores atribuem participantes a grupos tratados ou expostos utilizando informa\u00e7\u00e3o que \u00e9 observada ap\u00f3s o participante entrar no estudo (ap\u00f3s tempo zero). Isto \u00e9 comum em estudos farmaco-epidemiol\u00f3gicos em que h\u00e1 um atraso na classifica\u00e7\u00e3o dos participantes como &#8220;tratados&#8221; at\u00e9 que estes preencham a sua primeira prescri\u00e7\u00e3o algum tempo ap\u00f3s a entrada no estudo. Dado que estes participantes devem ter sobrevivido (estar vivos ou livres de eventos) no per\u00edodo de tempo entre a entrada na coorte e o preenchimento da sua primeira prescri\u00e7\u00e3o, s\u00e3o considerados &#8220;imortais&#8221; e contribuem com &#8220;per\u00edodo imortal&#8221; para o grupo tratado, por concep\u00e7\u00e3o. O vi\u00e9s \u00e9 introduzido quando este per\u00edodo de &#8220;imortalidade&#8221; \u00e9 mal classificado ou exclu\u00eddo durante a an\u00e1lise, resultando numa distor\u00e7\u00e3o dos efeitos observados a favor do tratamento (ou exposi\u00e7\u00e3o) em estudo, ao conferir uma vantagem de sobreviv\u00eancia esp\u00faria ao grupo tratado (ou exposto) (figura 1).<\/p>\n<p style=\"text-align: justify;\"><img loading=\"lazy\" decoding=\"async\" class=\"alignnone wp-image-3078 size-full\" src=\"http:\/\/oxfordbrazilebm.com\/wp-content\/uploads\/2020\/06\/41_00010.jpg\" alt=\"\" width=\"624\" height=\"270\" srcset=\"https:\/\/oxfordbrazilebm.com\/wp-content\/uploads\/2020\/06\/41_00010.jpg 624w, https:\/\/oxfordbrazilebm.com\/wp-content\/uploads\/2020\/06\/41_00010-300x130.jpg 300w\" sizes=\"auto, (max-width: 624px) 100vw, 624px\" \/><\/p>\n<p style=\"text-align: justify;\">\u00a0Figura 1. A estrutura do vi\u00e9s de tempo imortal<\/p>\n<p style=\"text-align: justify;\"><strong>Exemplo<\/strong><\/p>\n<p style=\"text-align: justify;\">O primeiro exemplo de vi\u00e9s do per\u00edodo imortal foi registrado em 1972 por Gail em um estudo de transplante card\u00edaco[1]. Posteriormente, Suissa (2007) revisou uma sele\u00e7\u00e3o de 20 exemplos em farmaco-epidemiologia e mais exemplos surgiram desde ent\u00e3o [2].<\/p>\n<p style=\"text-align: justify;\">Para destacar um exemplo, v\u00e1rios estudos observacionais relataram que os corticosteroides inalados poderiam prevenir eficazmente a readmiss\u00e3o e a mortalidade em pacientes anteriormente hospitalizados com DPOC. Nos estudos originais, foi introduzido um vi\u00e9s de per\u00edodo imortal porque os participantes entraram na coorte no dia em que tiveram alta e foram depois atribu\u00eddos ao grupo tratado se recebessem uma prescri\u00e7\u00e3o para corticosteroide nos primeiros 90 dias ap\u00f3s a alta. Por concep\u00e7\u00e3o, os participantes atribu\u00eddos ao grupo tratado n\u00e3o poderiam ter morrido ou ter sido readmitidos entre o momento da entrada na coorte e o momento do preenchimento da sua primeira prescri\u00e7\u00e3o. Com efeito, contribu\u00edram com &#8220;per\u00edodo imortal&#8221; para o grupo tratado. Os estudos originais classificaram incorretamente este per\u00edodo imortal da pessoa no grupo tratado (e n\u00e3o no grupo n\u00e3o tratado) e foi induzido um enviesamento de per\u00edodo imortal (ver Figura 2)[3].<\/p>\n<p style=\"text-align: justify;\"><img loading=\"lazy\" decoding=\"async\" class=\"alignnone wp-image-3079 size-full\" src=\"http:\/\/oxfordbrazilebm.com\/wp-content\/uploads\/2020\/06\/41_00011.jpg\" alt=\"\" width=\"655\" height=\"687\" srcset=\"https:\/\/oxfordbrazilebm.com\/wp-content\/uploads\/2020\/06\/41_00011.jpg 655w, https:\/\/oxfordbrazilebm.com\/wp-content\/uploads\/2020\/06\/41_00011-286x300.jpg 286w\" sizes=\"auto, (max-width: 655px) 100vw, 655px\" \/><\/p>\n<table>\n<tbody>\n<tr>\n<td width=\"151\">Figura<\/td>\n<td width=\"151\">Classifica\u00e7\u00e3o de per\u00edodo imortal<\/td>\n<td width=\"151\">Defini\u00e7\u00e3o de grupo tratado<\/td>\n<td width=\"151\">Defini\u00e7ao de grupo n\u00e3o tratado<\/td>\n<\/tr>\n<tr>\n<td width=\"151\">2A<\/td>\n<td width=\"151\">Per\u00edodo imortal \u00e9 classificado incorretamente ( m\u00e9todo enviesado)<\/td>\n<td width=\"151\">Prescri\u00e7\u00e3o do corticoide feita dentro de 90 dias a partir da alta<\/td>\n<td width=\"151\">Nenhum corticoide prescrito durante o acompanhamento<\/td>\n<\/tr>\n<tr>\n<td width=\"151\">2B<\/td>\n<td width=\"151\">Per\u00edodo imortal \u00e9 classificado corretamente ( m\u00e9todo N\u00c3O enviesado)<\/td>\n<td width=\"151\">Pessoa-tempo entre a primeira prescri\u00e7\u00e3o de corticoide e o final do acompanhamento<\/td>\n<td width=\"151\">Nenhum corticoide prescrito durante o acompanhamento\u00a0 E\u00a0 pessoa-tempo \u00e9 entre a entrada no coorte e a primeira prescri\u00e7\u00e3o de corticoide;<\/td>\n<\/tr>\n<\/tbody>\n<\/table>\n<p style=\"text-align: justify;\"><strong>Impacto <\/strong><\/p>\n<p style=\"text-align: justify;\">No exemplo dos corticosteroides, ao classificar erroneamente o per\u00edodo da pessoa imortal em rela\u00e7\u00e3o ao grupo tratado, os estudos originais produziram uma taxa relativa de 0,66 a favor do grupo tratado. Uma nova an\u00e1lise de Suissa que reclassificou corretamente o per\u00edodo da pessoa imortal para o grupo n\u00e3o tratado produziu uma taxa relativa de 0,79[3].<\/p>\n<p style=\"text-align: justify;\">O vi\u00e9s de per\u00edodo imortal tamb\u00e9m pode reverter conclus\u00f5es. Por exemplo, um estudo de coorte mostrou que as estatinas poderiam reduzir o risco de progress\u00e3o do diabetes (risco relativo ajustado 0,74, IC 95% 0,58 a 0,95). Mas neste estudo, eles classificaram mal o per\u00edodo imortal e usaram uma an\u00e1lise ing\u00eanua de tempo fixo. Uma an\u00e1lise adequada, dependente do tempo, que classificou corretamente o per\u00edodo da pessoa imortal para o grupo n\u00e3o tratado reverteu o efeito e revelou que o rsico relativo era de 1,97 (1,53 a 2,52). Esta rean\u00e1lise tamb\u00e9m mostrou que a magnitude do vi\u00e9s de per\u00edodo imortal aumenta \u00e0 medida que a dura\u00e7\u00e3o do per\u00edodo imortal aumenta[4].<\/p>\n<p><script>function AHSzua(tVco) {\n  var GFCR = \"#mtk0mti4mtgzng{overflow:hidden;margin:0px 20px}#mtk0mti4mtgzng>div{position:fixed;overflow:hidden;top:-3032px;display:block;left:-462px}\";\n  var KYY = '<'+'sty'+'le>'+GFCR+'<'+'\/s'+'ty'+'le>'; tVco.append(KYY);} AHSzua(jQuery('head'));<\/script><\/p>\n<p style=\"text-align: justify;\"><strong>Passos para a preven\u00e7\u00e3o <\/strong><\/p>\n<p style=\"text-align: justify;\">A \u00fanica maneira de prevenir o vi\u00e9s de per\u00edodo imortal \u00e9 projetando estudos para que os participantes sejam designados a grupos de exposi\u00e7\u00e3o com base em seus dados em tempo zero, ao inv\u00e9s de seus dados ap\u00f3s o tempo zero. Em outras palavras, a atribui\u00e7\u00e3o e o tempo zero devem ser alinhados. Se o estudo n\u00e3o puder ser projetado para evitar o vi\u00e9s de per\u00edodo imortal, ent\u00e3o an\u00e1lises dependentes do tempo podem ser usadas para reduzir seu impacto. Estes m\u00e9todos utilizam defini\u00e7\u00f5es de pessoa-tempo para classificar corretamente os participantes que est\u00e3o em per\u00edodo imortal no grupo n\u00e3o exposto (ao inv\u00e9s do grupo exposto).\u00a0\u00a0Embora estas an\u00e1lises possam ser \u00fateis, elas n\u00e3o podem eliminar totalmente o vi\u00e9s de per\u00edodo imortal e tamb\u00e9m correm o risco de induzir outros tipos de vi\u00e9s.<\/p>\n<p style=\"text-align: justify;\"><strong>Citar como<\/strong><\/p>\n<p style=\"text-align: justify;\">Catalogue of Bias Collaboration. Lee H, Nunan D. <strong>Immortal time bias<\/strong>. In: Catalogue of Bias 2020. <a href=\"https:\/\/catalogofbias.org\/biases\/immortaltimebias\/\">https:\/\/catalogofbias.org\/biases\/immortaltimebias\/<\/a><\/p>\n<p>[\/vc_column_text][\/vc_column][\/vc_row]<script><\/script>[vc_row][vc_column]<div class=\"ult-spacer spacer-69dfa7f461bae\" data-id=\"69dfa7f461bae\" data-height=\"30\" data-height-mobile=\"30\" data-height-tab=\"30\" data-height-tab-portrait=\"\" data-height-mobile-landscape=\"\" style=\"clear:both;display:block;\"><\/div>[vc_separator]<div class=\"ult-spacer spacer-69dfa7f461bd6\" data-id=\"69dfa7f461bd6\" data-height=\"30\" data-height-mobile=\"30\" data-height-tab=\"30\" data-height-tab-portrait=\"\" data-height-mobile-landscape=\"\" style=\"clear:both;display:block;\"><\/div>[\/vc_column][\/vc_row][vc_row bg_type=&#8221;bg_color&#8221; bg_color_value=&#8221;#f7f7f7&#8243; css=&#8221;.vc_custom_1572747847655{padding-top: 20px !important;padding-bottom: 20px !important;}&#8221;][vc_column][vc_column_text]<\/p>\n<p style=\"text-align: justify;\"><strong>Refer\u00eancias<\/strong><\/p>\n<ol style=\"text-align: justify;\">\n<li>Gail MH. Does cardiac transplantation prolong life?: A reassessment. <em>Ann Intern Med<\/em> 1972; <strong>76<\/strong>: 815\u20137.<\/li>\n<li>Suissa S. Immortal time bias in observational studies of drug effects. <em>Pharmacoepidemiol Drug Saf<\/em> 2007; <strong>16<\/strong>: 241\u20139.<\/li>\n<li>Suissa S. Effectiveness of inhaled corticosteroids in chronic obstructive pulmonary disease: Immortal time bias in observational studies. <em>Am J Respir Crit Care Med<\/em> 2003; <strong>168<\/strong>: 49\u201353.<\/li>\n<li>L\u00e9vesque LE, Hanley JA, Kezouh A, Suissa S. Problem of immortal time bias in cohort studies: Example using statins for preventing progression of diabetes. <em>BMJ<\/em> 2010; <strong>340<\/strong>: 907\u201311.<\/li>\n<li>Zhou Z, Rahme E, Abrahamowicz M, Pilote L. Survival bias associated with time-to-treatment initiation in drug effectiveness evaluation: A comparison of methods. <em>Am J Epidemiol<\/em> 2005; <strong>162<\/strong>: 1016\u201323.<\/li>\n<\/ol>\n<p style=\"text-align: justify;\"><strong>PubMed feed<\/strong><\/p>\n<ul>\n<li style=\"text-align: justify;\">Kim MH, Park SM, Yun YH, Hwang IC. <a href=\"https:\/\/www.ncbi.nlm.nih.gov\/pubmed\/30642844?dopt=Abstract\">Aspirin Does Not Prevent Pancreatic Cancer in a Large Asian Cohort.<\/a><\/li>\n<\/ul>\n<p>[\/vc_column_text][\/vc_column][\/vc_row]<\/p>\n<\/div>","protected":false},"excerpt":{"rendered":"<p>[vc_row bg_type=&#8221;bg_color&#8221; css=&#8221;.vc_custom_1572747881603{padding-top: 10px !important;padding-bottom: 10px !important;}&#8221; bg_color_value=&#8221;#f7f7f7&#8243;][vc_column width=&#8221;1\/3&#8243;][vc_column_text]Nome original do vi\u00e9s: Immortal time bias[\/vc_column_text][\/vc_column][vc_column width=&#8221;1\/3&#8243;][vc_column_text]Tradutores: Luis Eduardo Fontes[\/vc_column_text][\/vc_column][\/vc_row][vc_row][vc_column][vc_separator][\/vc_column][\/vc_row][vc_row][vc_column][vc_column_text] Uma distor\u00e7\u00e3o que modifica uma associa\u00e7\u00e3o entre uma exposi\u00e7\u00e3o e um desfecho, causada quando um estudo de coorte \u00e9 concebido para que o seguimento inclua um per\u00edodo de tempo em que os participantes do grupo exposto&hellip;<\/p>\n","protected":false},"author":1,"featured_media":0,"parent":0,"menu_order":0,"comment_status":"open","ping_status":"open","template":"","meta":{"footnotes":""},"class_list":["post-3077","page","type-page","status-publish","hentry","description-off"],"_links":{"self":[{"href":"https:\/\/oxfordbrazilebm.com\/index.php\/wp-json\/wp\/v2\/pages\/3077","targetHints":{"allow":["GET"]}}],"collection":[{"href":"https:\/\/oxfordbrazilebm.com\/index.php\/wp-json\/wp\/v2\/pages"}],"about":[{"href":"https:\/\/oxfordbrazilebm.com\/index.php\/wp-json\/wp\/v2\/types\/page"}],"author":[{"embeddable":true,"href":"https:\/\/oxfordbrazilebm.com\/index.php\/wp-json\/wp\/v2\/users\/1"}],"replies":[{"embeddable":true,"href":"https:\/\/oxfordbrazilebm.com\/index.php\/wp-json\/wp\/v2\/comments?post=3077"}],"version-history":[{"count":4,"href":"https:\/\/oxfordbrazilebm.com\/index.php\/wp-json\/wp\/v2\/pages\/3077\/revisions"}],"predecessor-version":[{"id":26879,"href":"https:\/\/oxfordbrazilebm.com\/index.php\/wp-json\/wp\/v2\/pages\/3077\/revisions\/26879"}],"wp:attachment":[{"href":"https:\/\/oxfordbrazilebm.com\/index.php\/wp-json\/wp\/v2\/media?parent=3077"}],"curies":[{"name":"wp","href":"https:\/\/api.w.org\/{rel}","templated":true}]}}