{"id":3072,"date":"2020-06-07T01:21:23","date_gmt":"2020-06-07T00:21:23","guid":{"rendered":"http:\/\/oxfordbrazilebm.com\/?page_id=3072"},"modified":"2020-06-07T01:21:23","modified_gmt":"2020-06-07T00:21:23","slug":"hospitais-covid-19-de-volta-para-o-futuro","status":"publish","type":"page","link":"https:\/\/oxfordbrazilebm.com\/index.php\/hospitais-covid-19-de-volta-para-o-futuro\/","title":{"rendered":"Hospitais Covid-19 \u2013 De volta para o futuro"},"content":{"rendered":"<div class=\"wpb-content-wrapper\"><p>[vc_row][vc_column][vc_column_text]Tradutores:\u00a0Branca Heloisa de Oliveira, Enderson Miranda<\/p>\n<hr \/>\n<p>&nbsp;<\/p>\n<p>&nbsp;<\/p>\n<p style=\"text-align: justify;\">Hospitais Covid-19 \u2013 De volta para o futuro<\/p>\n<p style=\"text-align: justify;\">1 de maio de 2020<\/p>\n<p style=\"text-align: justify;\">Tom Jefferson, Carl Heneghan<\/p>\n<p style=\"text-align: justify;\">Um exame atento da arquitetura do hospital (valetudinarium) na fortaleza legion\u00e1ria romana em <a href=\"https:\/\/en.wikipedia.org\/wiki\/Inchtuthil\">Inchtuthil<\/a>, perto de Perth, na Esc\u00f3cia, pode nos dar pistas sobre como poderemos desenvolver nossas instala\u00e7\u00f5es hospitalares no futuro.<\/p>\n<p style=\"text-align: justify;\">A legi\u00e3o XX construiu e desmantelou a fortaleza em tr\u00eas anos, de modo que os pr\u00e9dios foram constru\u00eddos em madeira, diferentemente dos acampamentos permanentes no Reno, que tinham um layout semelhante, mas eram constru\u00eddos em alvenaria.<\/p>\n<p style=\"text-align: justify;\">Primeiro o plano. O hospital era uma estrutura retangular de um andar com duas entradas. Isso permitia controle de acesso e fluxo unidirecional, se necess\u00e1rio.<\/p>\n<p style=\"text-align: justify;\"><img loading=\"lazy\" decoding=\"async\" class=\"alignnone wp-image-3073 size-full\" src=\"http:\/\/oxfordbrazilebm.com\/wp-content\/uploads\/2020\/06\/41_0001.jpg\" alt=\"\" width=\"553\" height=\"412\" srcset=\"https:\/\/oxfordbrazilebm.com\/wp-content\/uploads\/2020\/06\/41_0001.jpg 553w, https:\/\/oxfordbrazilebm.com\/wp-content\/uploads\/2020\/06\/41_0001-300x224.jpg 300w\" sizes=\"auto, (max-width: 553px) 100vw, 553px\" \/><\/p>\n<p style=\"text-align: justify;\">Duas fileiras de quartos (60 no total) eram separadas por um corredor de conex\u00e3o, mas a fileira externa encostava-se \u00e0 parede externa sem nenhuma comunica\u00e7\u00e3o al\u00e9m da luz e do ar vindos de prov\u00e1veis \u200b\u200bjanelas superiores.<\/p>\n<p style=\"text-align: justify;\">As divis\u00f3rias internas tinham paredes duplas para permitir a circula\u00e7\u00e3o de ar, ru\u00eddo e isolamento t\u00e9rmico.<\/p>\n<p style=\"text-align: justify;\">A fileira externa permitia entradas para um p\u00e1tio interno onde legion\u00e1rios convalescentes podiam sentar-se ao ar livre ou se exercitar.<\/p>\n<p style=\"text-align: justify;\">O layout das se\u00e7\u00f5es tamb\u00e9m \u00e9 interessante. De acordo com a reconstru\u00e7\u00e3o de Sir Ian Richmond e Dr. Graham Webster, sem d\u00favida os maiores especialistas do Ex\u00e9rcito Romano, os pisos foram erguidos do ch\u00e3o, especialmente os das passarelas cobertas entre as enfermarias e o corredor de conex\u00e3o.<\/p>\n<p style=\"text-align: justify;\"><img loading=\"lazy\" decoding=\"async\" class=\"alignnone wp-image-3074 size-full\" src=\"http:\/\/oxfordbrazilebm.com\/wp-content\/uploads\/2020\/06\/41_0002.jpg\" alt=\"\" width=\"553\" height=\"376\" srcset=\"https:\/\/oxfordbrazilebm.com\/wp-content\/uploads\/2020\/06\/41_0002.jpg 553w, https:\/\/oxfordbrazilebm.com\/wp-content\/uploads\/2020\/06\/41_0002-300x204.jpg 300w\" sizes=\"auto, (max-width: 553px) 100vw, 553px\" \/><\/p>\n<p style=\"text-align: justify;\">A separa\u00e7\u00e3o dos quartos teve muitos motivos. Em tempos de surto, havia capacidade extra, utilizando talvez at\u00e9 5% da for\u00e7a da unidade (cerca de 6000) e o distanciamento ou o duplo confinamento seria poss\u00edvel de acordo com a necessidade. Al\u00e9m disso, homens do mesmo s\u00e9culo (<em>Centuria<\/em>) podiam ser acomodados em cub\u00edculos adjacentes, cuidando um do outro, ajudando assim os m\u00e9dicos com sua carga de trabalho. Eles provavelmente compartilharam um toalete e lavat\u00f3rio, mas n\u00e3o havia um bloco de lavat\u00f3rios comuns, ao contr\u00e1rio dos hospitais militares brit\u00e2nicos p\u00f3s-Guerra da Crimeia.<\/p>\n<p style=\"text-align: justify;\">Note-se que, embora a estrutura da valetudinaria seja bastante padr\u00e3o em todo o Ex\u00e9rcito Imperial, em Neuss, no Reno, uma grande sala na entrada provavelmente foi usada para recep\u00e7\u00e3o e triagem e (em uma sala separada menor) esteriliza\u00e7\u00e3o de instrumentos e bandagens.<\/p>\n<p style=\"text-align: justify;\">A semelhan\u00e7a com os <a href=\"https:\/\/www.cebm.net\/covid-19\/covid-19-nova-et-vetera-lazaretts-of-venice\/\">lazaretos<\/a> da <a href=\"https:\/\/www.cebm.net\/covid-19\/covid-19-the-great-plague-of-lombardy-a-not-so-distant-resonance-chamber\/\">idade m\u00e9dia<\/a> \u00e9 impressionante.<\/p>\n<p style=\"text-align: justify;\">O que ressoa nos dias de hoje s\u00e3o simples princ\u00edpios b\u00e1sicos de sa\u00fade e higiene: distanciamento, circula\u00e7\u00e3o de ar, controle de fluxo de pacientes, luz, privacidade, isolamento, ajuda de amigos, manuten\u00e7\u00e3o de identidade e, acima de tudo, flexibilidade suprema em face do desconhecido.<\/p>\n<p style=\"text-align: justify;\">N\u00e3o precisamos entrar em um carro <a href=\"https:\/\/en.wikipedia.org\/wiki\/Back_to_the_Future_(franchise)\">De Lorean<\/a> para ver o caminho que devemos seguir no tratamento de nossos semelhantes.<\/p>\n<p style=\"text-align: justify;\">Refer\u00eancias<\/p>\n<p style=\"text-align: justify;\">Webster G. The Roman Imperial Army. Adam &amp; Charles Black London 1969<\/p>\n<p style=\"text-align: justify;\">AUTORES<\/p>\n<p style=\"text-align: justify;\"><a href=\"https:\/\/www.phc.ox.ac.uk\/team\/carl-heneghan\">Carl Heneghan<\/a> \u00e9 Professor de Medicina Baseada em Evid\u00eancias, Diretor do <a href=\"http:\/\/www.cebm.net\/\">Centro de Medicina Baseada em Evid\u00eancias<\/a> e Diretor do Centro de Sa\u00fade e Urbaniza\u00e7\u00e3o, em Oxford. (Declara\u00e7\u00e3o completa de aviso e bio <a href=\"https:\/\/www.phc.ox.ac.uk\/team\/carl-heneghan\">aqui<\/a>).<\/p>\n<p style=\"text-align: justify;\">Tom Jefferson \u00e9 Tutor associado s\u00eanior e pesquisador honor\u00e1rio do Centro de Medicina Baseada em Evid\u00eancias da Universidade de Oxford. A declara\u00e7\u00e3o de aviso est\u00e1 <a href=\"https:\/\/restoringtrials.org\/competing-interests-tom-jefferson\/\">aqui<\/a><\/p>\n<p style=\"text-align: justify;\">Link para o original: <a href=\"https:\/\/www.cebm.net\/covid-19\/covid-19-hospitals-back-to-the-future\/\">https:\/\/www.cebm.net\/covid-19\/covid-19-hospitals-back-to-the-future\/<\/a><\/p>\n<p>[\/vc_column_text][\/vc_column][\/vc_row]<\/p>\n<\/div>","protected":false},"excerpt":{"rendered":"<p>[vc_row][vc_column][vc_column_text]Tradutores:\u00a0Branca Heloisa de Oliveira, Enderson Miranda &nbsp; &nbsp; Hospitais Covid-19 \u2013 De volta para o futuro 1 de maio de 2020 Tom Jefferson, Carl Heneghan Um exame atento da arquitetura do hospital (valetudinarium) na fortaleza legion\u00e1ria romana em Inchtuthil, perto de Perth, na Esc\u00f3cia, pode nos dar pistas sobre como poderemos desenvolver nossas instala\u00e7\u00f5es hospitalares&hellip;<\/p>\n","protected":false},"author":1,"featured_media":0,"parent":0,"menu_order":0,"comment_status":"closed","ping_status":"closed","template":"","meta":{"footnotes":""},"class_list":["post-3072","page","type-page","status-publish","hentry","description-off"],"_links":{"self":[{"href":"https:\/\/oxfordbrazilebm.com\/index.php\/wp-json\/wp\/v2\/pages\/3072","targetHints":{"allow":["GET"]}}],"collection":[{"href":"https:\/\/oxfordbrazilebm.com\/index.php\/wp-json\/wp\/v2\/pages"}],"about":[{"href":"https:\/\/oxfordbrazilebm.com\/index.php\/wp-json\/wp\/v2\/types\/page"}],"author":[{"embeddable":true,"href":"https:\/\/oxfordbrazilebm.com\/index.php\/wp-json\/wp\/v2\/users\/1"}],"replies":[{"embeddable":true,"href":"https:\/\/oxfordbrazilebm.com\/index.php\/wp-json\/wp\/v2\/comments?post=3072"}],"version-history":[{"count":1,"href":"https:\/\/oxfordbrazilebm.com\/index.php\/wp-json\/wp\/v2\/pages\/3072\/revisions"}],"predecessor-version":[{"id":3075,"href":"https:\/\/oxfordbrazilebm.com\/index.php\/wp-json\/wp\/v2\/pages\/3072\/revisions\/3075"}],"wp:attachment":[{"href":"https:\/\/oxfordbrazilebm.com\/index.php\/wp-json\/wp\/v2\/media?parent=3072"}],"curies":[{"name":"wp","href":"https:\/\/api.w.org\/{rel}","templated":true}]}}