{"id":3070,"date":"2020-06-07T00:56:39","date_gmt":"2020-06-06T23:56:39","guid":{"rendered":"http:\/\/oxfordbrazilebm.com\/?page_id=3070"},"modified":"2020-06-07T00:56:39","modified_gmt":"2020-06-06T23:56:39","slug":"covid-19-o-ponto-de-inflexao","status":"publish","type":"page","link":"https:\/\/oxfordbrazilebm.com\/index.php\/covid-19-o-ponto-de-inflexao\/","title":{"rendered":"COVID-19 &#8211; O Ponto de Inflex\u00e3o"},"content":{"rendered":"<div class=\"wpb-content-wrapper\"><p>[vc_row][vc_column][vc_column_text]Tradutores: Ana Paula Pires dos Santos, Enderson Miranda<\/p>\n<hr \/>\n<p>&nbsp;<\/p>\n<p>&nbsp;<\/p>\n<p style=\"text-align: justify;\">8 de abril de 2020<\/p>\n<p style=\"text-align: justify;\">Tom Jefferson, Carl Heneghan<\/p>\n<p style=\"text-align: justify;\">Um r\u00e1pido olhar sobre a distribui\u00e7\u00e3o dos casos da SARS-CoV-2 pelo sul da Europa mostra que a circula\u00e7\u00e3o viral \u00e9 generalizada.\u00a0<a href=\"https:\/\/paperpile.com\/c\/E1nbNt\/kCQe\">[1]<\/a> Uma maior incid\u00eancia pode ser explicada (pelo menos em parte) pelo velho ditado &#8220;procure e encontrar\u00e1&#8221;. Traduzido em linguagem t\u00e9cnica, \u00e9 um vi\u00e9s de identifica\u00e7\u00e3o.<a href=\"https:\/\/paperpile.com\/c\/E1nbNt\/oIpo\">[2]<\/a><\/p>\n<p style=\"text-align: justify;\">Se voc\u00ea testar, testar, testar, voc\u00ea vai encontrar. <a href=\"https:\/\/paperpile.com\/c\/E1nbNt\/3wwW\">[3]<\/a> As epidemias n\u00e3o s\u00e3o estranhas ao vi\u00e9s de identifica\u00e7\u00e3o. Na primavera de 1918 a censura militar garantiu que a maioria das informa\u00e7\u00f5es relacionadas a uma misteriosa s\u00edndrome respirat\u00f3ria aguda fosse suprimida. Exceto em lugares como a Espanha, que n\u00e3o tinha aderido \u00e0 guerra e n\u00e3o tinha censura. Assim, a libera\u00e7\u00e3o seletiva de informa\u00e7\u00f5es fez parecer que a maioria dos casos vinha da Pen\u00ednsula Ib\u00e9rica &#8211; da\u00ed o nome &#8220;gripe espanhola&#8221;.<\/p>\n<p style=\"text-align: justify;\">A despeito da linguagem t\u00e9cnica<em>, <\/em>n\u00e3o pode haver d\u00favidas de que a Covid-19 pode estar muito mais amplamente distribu\u00edda do que alguns acreditam. Na \u00e9poca em que o primeiro caso sintom\u00e1tico foi diagnosticado em Vo Euganeo, It\u00e1lia, cerca de 3% j\u00e1 tinham sido infectados e a maioria estava assintom\u00e1tica. <a href=\"https:\/\/paperpile.com\/c\/E1nbNt\/hrAT\">[4]<\/a><\/p>\n<p style=\"text-align: justify;\">Tamb\u00e9m n\u00e3o pode haver d\u00favidas de que o pre\u00e7o do <em>lockdown<\/em> e da paralisia econ\u00f4mica para a sociedade provavelmente ser\u00e1 pago pelas gera\u00e7\u00f5es futuras. No curto prazo, a devasta\u00e7\u00e3o econ\u00f4mica parece certa, impondo uma pesada penaliza\u00e7\u00e3o a n\u00f3s e provavelmente \u00e0s gera\u00e7\u00f5es sucessivas.<\/p>\n<p style=\"text-align: justify;\">Em Bergamo, It\u00e1lia, os cl\u00ednicos refletiram sobre como se preparar para o pr\u00f3ximo surto. A vis\u00e3o deles \u00e9 que o foco nos hospitais \u00e9 a maneira errada de lidar com a COVID. <a href=\"https:\/\/paperpile.com\/c\/E1nbNt\/ucP5\">[5]<\/a><\/p>\n<p style=\"text-align: justify;\">Os sintomas da Covid-19 s\u00e3o incomuns, abrangentes e, em alguns casos, podem ser graves: o excesso de encaminhamento pode levar a um n\u00famero significativo de pessoas aparecendo ou sendo enviadas para o hospital. A doen\u00e7a ent\u00e3o se espalha rapidamente em ambientes hospitalares. <a href=\"https:\/\/paperpile.com\/c\/E1nbNt\/ucP5\">[5]<\/a>\u00a0\u00a0Os profissionais de sa\u00fade t\u00eam um risco maior tanto de exposi\u00e7\u00e3o como de serem os vetores de transmiss\u00e3o, como aconteceu no surto de SARS em 2002-3.<\/p>\n<p style=\"text-align: justify;\">Como n\u00e3o h\u00e1 tratamentos licenciados para interven\u00e7\u00f5es n\u00e3o-farmacol\u00f3gicas para Covid-19, o manejo das complica\u00e7\u00f5es e o reconhecimento precoce daqueles que pioram e t\u00eam maior probabilidade de se beneficiarem da hospitaliza\u00e7\u00e3o devem ser a base do controle.<\/p>\n<p style=\"text-align: justify;\">Mudar a \u00eanfase dos hospitais para a comunidade poderia evitar um desastre para a popula\u00e7\u00e3o em geral. Os cuidados no ambiente dom\u00e9stico restringem os movimentos dos infectados. Todos aqueles com febre e tosse devem ficar em casa. Eles poderiam ser prescritos ox\u00edmetros de pulso e oxig\u00eanio para os casos gravemente afetados. Antibi\u00f3ticos de resgate prescritos juntamente com monitoramento di\u00e1rio por v\u00eddeo poderiam ser usados para detectar a piora. Para a popula\u00e7\u00e3o idosa, os doentes leves e aqueles em recupera\u00e7\u00e3o, os alimentos deveriam ser entregues em suas casas.<\/p>\n<p style=\"text-align: justify;\">Pacientes idosos internados no hospital correm maior risco de del\u00edrio, feridas de press\u00e3o, efeitos adversos de novos medicamentos, desnutri\u00e7\u00e3o e infec\u00e7\u00f5es hospitalares. \u00a0<a href=\"https:\/\/paperpile.com\/c\/E1nbNt\/rQJG\">[6]<\/a> Uma pessoa idosa internada no hospital corre o risco de n\u00e3o voltar a ver a luz do dia. Esta \u00e9 provavelmente a mensagem mais clara vinda da It\u00e1lia.<\/p>\n<p style=\"text-align: justify;\">O <em>lockdown<\/em> vai levar todos n\u00f3s e nossos descendentes \u00e0 fal\u00eancia e \u00e9 improv\u00e1vel que neste ponto diminua ou interrompa a circula\u00e7\u00e3o viral, pois o g\u00eanio est\u00e1 fora da garrafa.\u00a0\u00a0 A situa\u00e7\u00e3o atual se resume a isto: o colapso econ\u00f4mico \u00e9 um pre\u00e7o que vale a pena pagar para parar ou retardar o que j\u00e1 est\u00e1 entre n\u00f3s?<\/p>\n<p style=\"text-align: justify;\">Tom Jefferson\u00a0\u00e9 um tutor associado s\u00eanior e pesquisador honor\u00e1rio, Centro de Medicina Baseada em Evid\u00eancia, Universidade de Oxford.<\/p>\n<p style=\"text-align: justify;\">Declara\u00e7\u00e3o de conflitos de interesse\u00a0<a href=\"https:\/\/restoringtrials.org\/competing-interests-tom-jefferson\/\">aqui<\/a><\/p>\n<p style=\"text-align: justify;\"><a href=\"https:\/\/www.phc.ox.ac.uk\/team\/carl-heneghan\">Carl Heneghan<\/a> \u00e9 Professor\u00a0de Medicina Baseada em Evid\u00eancia e Diretor do\u00a0<a href=\"http:\/\/www.cebm.net\/\">Centro de Medicina Baseada em Evid\u00eancia<\/a><\/p>\n<p style=\"text-align: justify;\">Declara\u00e7\u00e3o de conflitos de interesse <a href=\"https:\/\/www.phc.ox.ac.uk\/team\/carl-heneghan\">aqui<\/a><\/p>\n<p style=\"text-align: justify;\">Aviso: o artigo n\u00e3o foi revisado por pares; ele n\u00e3o deve substituir o julgamento cl\u00ednico individual e as fontes citadas devem ser verificadas. As opini\u00f5es expressas neste coment\u00e1rio representam as opini\u00f5es dos autores e n\u00e3o necessariamente as da institui\u00e7\u00e3o anfitri\u00e3, do NHS, do NIHR, ou do Departamento de Sa\u00fade e Assist\u00eancia Social. Os pontos de vista n\u00e3o s\u00e3o um substituto para o aconselhamento m\u00e9dico profissional.<\/p>\n<p style=\"text-align: justify;\">Refer\u00eancias<\/p>\n<p style=\"text-align: justify;\">1\u00a0<a href=\"http:\/\/paperpile.com\/b\/E1nbNt\/kCQe\">[No title].\u00a0<\/a><a href=\"https:\/\/www.ecdc.europa.eu\/sites\/default\/files\/documents\/Communicable-disease-threats-report-28-mar-2020_0.pdf\">https:\/\/www.ecdc.europa.eu\/sites\/default\/files\/documents\/Communicable-disease-threats-report-28-mar-2020_0.pdf<\/a><a href=\"http:\/\/paperpile.com\/b\/E1nbNt\/kCQe\">\u00a0(accessed 29 Mar 2020).<\/a><\/p>\n<p style=\"text-align: justify;\">2\u00a0\u00a0\u00a0\u00a0\u00a0<a href=\"http:\/\/paperpile.com\/b\/E1nbNt\/oIpo\">Ascertainment bias \u2013 Catalog of Bias. Catalog of Bias. 2017.<\/a><a href=\"https:\/\/catalogofbias.org\/biases\/ascertainment-bias\/\">https:\/\/catalogofbias.org\/biases\/ascertainment-bias\/<\/a><a href=\"http:\/\/paperpile.com\/b\/E1nbNt\/oIpo\">\u00a0(accessed 29 Mar 2020).<\/a><\/p>\n<p style=\"text-align: justify;\">3\u00a0\u00a0\u00a0\u00a0\u00a0<a href=\"http:\/\/paperpile.com\/b\/E1nbNt\/3wwW\">WHO Director-General\u2019s opening remarks at the media briefing on COVID-19 \u2013 16 March 2020.\u00a0<\/a><a href=\"https:\/\/www.who.int\/dg\/speeches\/detail\/who-director-general-s-opening-remarks-at-the-media-briefing-on-covid-19---16-march-2020\">https:\/\/www.who.int\/dg\/speeches\/detail\/who-director-general-s-opening-remarks-at-the-media-briefing-on-covid-19\u201416-march-2020<\/a><a href=\"http:\/\/paperpile.com\/b\/E1nbNt\/3wwW\">\u00a0(accessed 30 Mar 2020).<\/a><\/p>\n<p style=\"text-align: justify;\">4\u00a0\u00a0\u00a0\u00a0\u00a0<a href=\"http:\/\/paperpile.com\/b\/E1nbNt\/hrAT\">Crisanti A, Cassone A. In one Italian town, we showed mass testing could eradicate the coronavirus | Andrea Crisanti and Antonio Cassone. the Guardian. 2020.<\/a><a href=\"http:\/\/www.theguardian.com\/commentisfree\/2020\/mar\/20\/eradicated-coronavirus-mass-testing-covid-19-italy-vo\">http:\/\/www.theguardian.com\/commentisfree\/2020\/mar\/20\/eradicated-coronavirus-mass-testing-covid-19-italy-vo<\/a><a href=\"http:\/\/paperpile.com\/b\/E1nbNt\/hrAT\">\u00a0(accessed 29 Mar 2020).<\/a><\/p>\n<p style=\"text-align: justify;\">5\u00a0<a href=\"http:\/\/paperpile.com\/b\/E1nbNt\/ucP5\">[No title].\u00a0<\/a><a href=\"https:\/\/catalyst.nejm.org\/doi\/full\/10.1056\/CAT.20.0080\">https:\/\/catalyst.nejm.org\/doi\/full\/10.1056\/CAT.20.0080<\/a><a href=\"http:\/\/paperpile.com\/b\/E1nbNt\/ucP5\">\u00a0(accessed 30 Mar 2020).<\/a><\/p>\n<p style=\"text-align: justify;\">6 \u00a0\u00a0\u00a0\u00a0<a href=\"http:\/\/paperpile.com\/b\/E1nbNt\/rQJG\">Older Patients: Common Risks for Seniors in the Hospital.\u00a0<\/a><a href=\"https:\/\/www.parentgiving.com\/elder-care\/older-patients-at-risk-in-the-hospital\/\">https:\/\/www.parentgiving.com\/elder-care\/older-patients-at-risk-in-the-hospital\/<\/a><a href=\"http:\/\/paperpile.com\/b\/E1nbNt\/rQJG\">\u00a0(accessed 30 Mar 2020).<\/a><\/p>\n<p style=\"text-align: justify;\">Link para o Original: <a href=\"https:\/\/www.cebm.net\/covid-19\/covid-19-the-tipping-point\/\">https:\/\/www.cebm.net\/covid-19\/covid-19-the-tipping-point<\/a><\/p>\n<p>[\/vc_column_text][\/vc_column][\/vc_row]<\/p>\n<\/div>","protected":false},"excerpt":{"rendered":"<p>[vc_row][vc_column][vc_column_text]Tradutores: Ana Paula Pires dos Santos, Enderson Miranda &nbsp; &nbsp; 8 de abril de 2020 Tom Jefferson, Carl Heneghan Um r\u00e1pido olhar sobre a distribui\u00e7\u00e3o dos casos da SARS-CoV-2 pelo sul da Europa mostra que a circula\u00e7\u00e3o viral \u00e9 generalizada.\u00a0[1] Uma maior incid\u00eancia pode ser explicada (pelo menos em parte) pelo velho ditado &#8220;procure e&hellip;<\/p>\n","protected":false},"author":1,"featured_media":0,"parent":0,"menu_order":0,"comment_status":"closed","ping_status":"closed","template":"","meta":{"footnotes":""},"class_list":["post-3070","page","type-page","status-publish","hentry","description-off"],"_links":{"self":[{"href":"https:\/\/oxfordbrazilebm.com\/index.php\/wp-json\/wp\/v2\/pages\/3070","targetHints":{"allow":["GET"]}}],"collection":[{"href":"https:\/\/oxfordbrazilebm.com\/index.php\/wp-json\/wp\/v2\/pages"}],"about":[{"href":"https:\/\/oxfordbrazilebm.com\/index.php\/wp-json\/wp\/v2\/types\/page"}],"author":[{"embeddable":true,"href":"https:\/\/oxfordbrazilebm.com\/index.php\/wp-json\/wp\/v2\/users\/1"}],"replies":[{"embeddable":true,"href":"https:\/\/oxfordbrazilebm.com\/index.php\/wp-json\/wp\/v2\/comments?post=3070"}],"version-history":[{"count":1,"href":"https:\/\/oxfordbrazilebm.com\/index.php\/wp-json\/wp\/v2\/pages\/3070\/revisions"}],"predecessor-version":[{"id":3071,"href":"https:\/\/oxfordbrazilebm.com\/index.php\/wp-json\/wp\/v2\/pages\/3070\/revisions\/3071"}],"wp:attachment":[{"href":"https:\/\/oxfordbrazilebm.com\/index.php\/wp-json\/wp\/v2\/media?parent=3070"}],"curies":[{"name":"wp","href":"https:\/\/api.w.org\/{rel}","templated":true}]}}