{"id":3015,"date":"2020-06-03T00:38:33","date_gmt":"2020-06-02T23:38:33","guid":{"rendered":"http:\/\/oxfordbrazilebm.com\/?page_id=3015"},"modified":"2020-06-03T00:38:33","modified_gmt":"2020-06-02T23:38:33","slug":"covid-19-logica-falha-perspectivas-distorcidas","status":"publish","type":"page","link":"https:\/\/oxfordbrazilebm.com\/index.php\/covid-19-logica-falha-perspectivas-distorcidas\/","title":{"rendered":"COVID-19: L\u00f3gica Falha, Perspectivas Distorcidas"},"content":{"rendered":"<div class=\"wpb-content-wrapper\"><p>[vc_row][vc_column][vc_column_text]Tradutores:\u00a0Ana Paula Pires dos Santos, Ana Luiza Cabrera Martimbianco<\/p>\n<hr \/>\n<p>&nbsp;<\/p>\n<p style=\"text-align: right;\">22 de maio de 2020<\/p>\n<p style=\"text-align: right;\">Tom Jefferson, Carl Heneghan<\/p>\n<p>&nbsp;<\/p>\n<p style=\"text-align: justify;\">O<a href=\"https:\/\/en.wikipedia.org\/wiki\/Bertrand_Russell\">\u00a0Lorde Bertrand Russel<\/a> sempre foi cr\u00edtico da indu\u00e7\u00e3o, a l\u00f3gica cotidiana que foi primeiramente sistematizada por<a href=\"https:\/\/en.wikipedia.org\/wiki\/Francis_Bacon\">\u00a0Francis Bacon, primeiro Lorde de Verulam<\/a>.<\/p>\n<p style=\"text-align: justify;\">De acordo com a indu\u00e7\u00e3o, a ci\u00eancia poderia ser fundamentada em observa\u00e7\u00f5es repetidas. Particularidades observadas repetidamente (como os cisnes brancos) poderiam levar a princ\u00edpios gerais (todos os cisnes s\u00e3o brancos). Nem todos os cisnes s\u00e3o brancos, e indu\u00e7\u00e3o e seus limites s\u00e3o particularmente perigosos se ignorados.<\/p>\n<p>&nbsp;<\/p>\n<p style=\"text-align: justify;\">Russel exemplificou a fal\u00e1cia da indu\u00e7\u00e3o com um exemplo famoso (ainda que tr\u00e1gico), do <a href=\"https:\/\/blog.timeneye.com\/inductivist-turkey-thanksgiving-experience-time-tracking\/\">peru indutivista<\/a>:<\/p>\n<p style=\"text-align: justify;\">&#8220;Este peru descobriu que &#8211; na sua primeira manh\u00e3 na fazenda &#8211; foi alimentado \u00e0s 9 horas da manh\u00e3. Entretanto, sendo um bom indutivista, ele n\u00e3o tirou conclus\u00f5es precipitadas. Ele esperou at\u00e9 ter coletado um grande n\u00famero de observa\u00e7\u00f5es sobre o fato de ter sido alimentado \u00e0s 9 horas da manh\u00e3, e fez essas observa\u00e7\u00f5es sob uma grande variedade de circunst\u00e2ncias, \u00e0s quartas e quintas-feiras, em dias quentes e frios, em dias de chuva e dias secos. A cada dia, ele adicionava outra observa\u00e7\u00e3o \u00e0 sua lista. Finalmente, sua consci\u00eancia indutivista ficou satisfeita e ele fez uma infer\u00eancia indutiva para concluir: &#8220;Eu sou sempre alimentado \u00e0s 9 horas da manh\u00e3&#8221;. Infelizmente, essa conclus\u00e3o se mostrou falsa de maneira inequ\u00edvoca quando, na v\u00e9spera de Natal, ao inv\u00e9s de ser alimentado, ele teve a garganta cortada. Uma infer\u00eancia indutiva com premissas verdadeiras levou a uma conclus\u00e3o falsa&#8221;.<\/p>\n<p>&nbsp;<\/p>\n<p style=\"text-align: justify;\">N\u00f3s j\u00e1 comentamos sobre a confiabilidade das firmes previs\u00f5es de futuras &#8220;<a href=\"https:\/\/www.cebm.net\/covid-19\/covid-19-epidemic-waves\/\">ondas<\/a>&#8221; da COVID-19, feitas at\u00e9 mesmo pelos pol\u00edticos mais seniores de alguns pa\u00edses. N\u00f3s mostramos como a teoria das &#8220;<a href=\"https:\/\/www.cebm.net\/covid-19\/covid-19-epidemic-waves\/\">ondas<\/a>&#8221; \u00e9 fundamentada na leitura contempor\u00e2nea das pandemias de influenza, das quais apenas algumas tiveram &#8220;ondas&#8221;. Esta primeira lacuna no padr\u00e3o provavelmente n\u00e3o seria aceit\u00e1vel para o peru de Russel. Ele pode, no entanto, admitir que, dadas as repetidas observa\u00e7\u00f5es da presen\u00e7a de &#8220;ondas&#8221; em algumas pandemias de influenza, seu aparecimento na COVID-19 seria altamente prov\u00e1vel. Esta l\u00f3gica, como mostra o tr\u00e1gico exemplo de Russel, \u00e9 falsa. Ela tamb\u00e9m tem uma consequ\u00eancia devastadora.<\/p>\n<p>&nbsp;<\/p>\n<p style=\"text-align: justify;\">Embora as IRAs (infec\u00e7\u00f5es respirat\u00f3rias agudas) sejam uma s\u00edndrome causada por <a href=\"https:\/\/www.cebm.net\/covid-19\/covid-19-understanding-the-unknown-in-acute-respiratory-infections\/\">uma grande variedade de agentes conhecidos e desconhecidos<\/a>, a narrativa do \u00faltimo meio s\u00e9culo tem sido dominada por apenas um: influenza. A figura abaixo mostra que entre 1970 e 2019, 67.936 artigos com &#8220;influenza&#8221; no t\u00edtulo foram publicados e indexados pelo <a href=\"https:\/\/pubmed.ncbi.nlm.nih.gov\/?term=influenza%5Bti%5D&amp;filter=years.1970-2020&amp;sort=pubdate\">PubMed.<\/a> Doze vezes as 5.502 publica\u00e7\u00f5es sobre coronav\u00edrus no mesmo per\u00edodo.<\/p>\n<p>&nbsp;<\/p>\n<p><img loading=\"lazy\" decoding=\"async\" class=\"alignnone wp-image-3016 size-full\" src=\"http:\/\/oxfordbrazilebm.com\/wp-content\/uploads\/2020\/06\/38_001.jpg\" alt=\"\" width=\"644\" height=\"537\" srcset=\"https:\/\/oxfordbrazilebm.com\/wp-content\/uploads\/2020\/06\/38_001.jpg 644w, https:\/\/oxfordbrazilebm.com\/wp-content\/uploads\/2020\/06\/38_001-300x250.jpg 300w\" sizes=\"auto, (max-width: 644px) 100vw, 644px\" \/><\/p>\n<p style=\"text-align: justify;\">Em 2020 o quadro \u00e9 completamente invertido: 13.847 artigos com coronav\u00edrus ou covid no t\u00edtulo contra apenas 16 artigos sobre influenza &#8211; uma raz\u00e3o de 865:1.<\/p>\n<p>&nbsp;<\/p>\n<p style=\"text-align: justify;\"><img loading=\"lazy\" decoding=\"async\" class=\"alignnone wp-image-3017 size-full\" src=\"http:\/\/oxfordbrazilebm.com\/wp-content\/uploads\/2020\/06\/38_002.jpg\" alt=\"\" width=\"649\" height=\"275\" srcset=\"https:\/\/oxfordbrazilebm.com\/wp-content\/uploads\/2020\/06\/38_002.jpg 649w, https:\/\/oxfordbrazilebm.com\/wp-content\/uploads\/2020\/06\/38_002-300x127.jpg 300w\" sizes=\"auto, (max-width: 649px) 100vw, 649px\" \/><\/p>\n<p style=\"text-align: justify;\">Uma outra ideia da distor\u00e7\u00e3o introduzida pela l\u00f3gica indutiva \u00e9 fornecida pelo dado mais importantes de todos: as mortes.<\/p>\n<p style=\"text-align: justify;\">Na It\u00e1lia, como em todos os outros pa\u00edses do mundo, n\u00e3o h\u00e1 um n\u00famero exato de mortes por influenza. Um <a href=\"https:\/\/pubmed.ncbi.nlm.nih.gov\/31401203\/\">estudo<\/a> analisando o excesso de mortes por influenza em quatro anos estimou o n\u00famero para a &#8220;temporada&#8221; de 2016-2017 (a maior dos quatro anos) em 24.981. Para a Covid-19, n\u00f3s temos n\u00fameros muito mais precisos desde 20 de fevereiro de 2020 at\u00e9 o momento em que escrevemos: <a href=\"https:\/\/www.worldometers.info\/coronavirus\/#countries\">32.330<\/a> mortes.<\/p>\n<p style=\"text-align: justify;\">Nossa abordagem atual \u00e9 baseada na <a href=\"https:\/\/en.wikipedia.org\/wiki\/Problem_of_induction\">l\u00f3gica indutiva<\/a> e a agenda de pesquisas \u00e9 dominada pela <a href=\"https:\/\/www.cebm.net\/covid-19\/covid-19-understanding-the-unknown-in-acute-respiratory-infections\/\">abordagem de rebanho<\/a>. Isto leva a uma despropor\u00e7\u00e3o entre o impacto da doen\u00e7a e a sua base de pesquisa e o nosso preparo.<\/p>\n<p style=\"text-align: justify;\">At\u00e9 agora, nem mesmo o peru indutivista arriscaria uma previs\u00e3o.<\/p>\n<p style=\"text-align: justify;\"><strong>Tom Jefferson<\/strong>\u00a0\u00e9 um tutor associado s\u00eanior e pesquisador honor\u00e1rio, Centro de Medicina Baseada em Evid\u00eancia, Universidade de Oxford. Declara\u00e7\u00e3o de conflitos de interesse\u00a0<a href=\"https:\/\/restoringtrials.org\/competing-interests-tom-jefferson\/\">aqui<\/a><\/p>\n<p style=\"text-align: justify;\"><strong>Carl Heneghan<\/strong> \u00e9 Professor\u00a0de Medicina Baseada em Evid\u00eancia e Diretor do\u00a0<a href=\"http:\/\/www.cebm.net\/\">Centro de Medicina Baseada em Evid\u00eancia<\/a> e do <a href=\"https:\/\/www.cebm.net\/study-with-us\/\">Programa de Cuidado em Sa\u00fade Baseado em Evid\u00eancia<\/a>. Declara\u00e7\u00e3o de conflitos de interesse <a href=\"https:\/\/www.phc.ox.ac.uk\/team\/carl-heneghan\">aqui<\/a><\/p>\n<p>[\/vc_column_text][\/vc_column][\/vc_row]<\/p>\n<\/div>","protected":false},"excerpt":{"rendered":"<p>[vc_row][vc_column][vc_column_text]Tradutores:\u00a0Ana Paula Pires dos Santos, Ana Luiza Cabrera Martimbianco &nbsp; 22 de maio de 2020 Tom Jefferson, Carl Heneghan &nbsp; O\u00a0Lorde Bertrand Russel sempre foi cr\u00edtico da indu\u00e7\u00e3o, a l\u00f3gica cotidiana que foi primeiramente sistematizada por\u00a0Francis Bacon, primeiro Lorde de Verulam. De acordo com a indu\u00e7\u00e3o, a ci\u00eancia poderia ser fundamentada em observa\u00e7\u00f5es repetidas. Particularidades&hellip;<\/p>\n","protected":false},"author":1,"featured_media":0,"parent":0,"menu_order":0,"comment_status":"closed","ping_status":"closed","template":"","meta":{"footnotes":""},"class_list":["post-3015","page","type-page","status-publish","hentry","description-off"],"_links":{"self":[{"href":"https:\/\/oxfordbrazilebm.com\/index.php\/wp-json\/wp\/v2\/pages\/3015","targetHints":{"allow":["GET"]}}],"collection":[{"href":"https:\/\/oxfordbrazilebm.com\/index.php\/wp-json\/wp\/v2\/pages"}],"about":[{"href":"https:\/\/oxfordbrazilebm.com\/index.php\/wp-json\/wp\/v2\/types\/page"}],"author":[{"embeddable":true,"href":"https:\/\/oxfordbrazilebm.com\/index.php\/wp-json\/wp\/v2\/users\/1"}],"replies":[{"embeddable":true,"href":"https:\/\/oxfordbrazilebm.com\/index.php\/wp-json\/wp\/v2\/comments?post=3015"}],"version-history":[{"count":1,"href":"https:\/\/oxfordbrazilebm.com\/index.php\/wp-json\/wp\/v2\/pages\/3015\/revisions"}],"predecessor-version":[{"id":3018,"href":"https:\/\/oxfordbrazilebm.com\/index.php\/wp-json\/wp\/v2\/pages\/3015\/revisions\/3018"}],"wp:attachment":[{"href":"https:\/\/oxfordbrazilebm.com\/index.php\/wp-json\/wp\/v2\/media?parent=3015"}],"curies":[{"name":"wp","href":"https:\/\/api.w.org\/{rel}","templated":true}]}}