{"id":2977,"date":"2020-04-28T01:15:04","date_gmt":"2020-04-28T04:15:04","guid":{"rendered":"http:\/\/oxfordbrazilebm.com\/?page_id=2977"},"modified":"2021-04-16T06:01:02","modified_gmt":"2021-04-16T09:01:02","slug":"ferramenta-casp","status":"publish","type":"page","link":"https:\/\/oxfordbrazilebm.com\/index.php\/ferramenta-casp\/","title":{"rendered":"Ferramenta CASP"},"content":{"rendered":"<div class=\"wpb-content-wrapper\"><p>[vc_row][vc_column][vc_column_text]<\/p>\n<table>\n<tbody>\n<tr>\n<td colspan=\"2\" width=\"846\">\n<h2 style=\"text-align: center;\"><strong>CASP CHECKLIST<\/strong><\/h2>\n<\/td>\n<\/tr>\n<tr>\n<td colspan=\"2\" width=\"846\">\n<h3 style=\"text-align: center;\"><strong>Website<\/strong><\/h3>\n<p><strong>\u00a0<\/strong><\/p>\n<p><a href=\"https:\/\/casp-uk.net\/wp-content\/uploads\/2018\/01\/CASP-Systematic-Review-Checklist_2018.pdf\" target=\"_blank\" rel=\"noopener noreferrer\">https:\/\/casp-uk.net\/wp-content\/uploads\/2018\/01\/CASP-Systematic-Review-Checklist_2018.pdf<\/a><\/td>\n<\/tr>\n<tr>\n<td width=\"282\"><strong>Institution<\/strong><\/td>\n<td width=\"564\"><strong>Main Characteristics<\/strong><\/td>\n<\/tr>\n<tr>\n<td width=\"282\">&nbsp;<\/p>\n<p>Critical Appraisal Skills Programme<\/td>\n<td width=\"564\">\u00a0The CASP checklist is a tool used in the methodological quality assessment of systematic reviews. It consists of a checklist with 10 questions divided into 3 sections:<\/p>\n<p>(a) Are the results of the review valid?<\/p>\n<p>(b) What are the results?<\/p>\n<p>(c) Will the results help me locally?<\/p>\n<p>You answer &#8220;YES&#8221;, &#8220;NO&#8221;, or &#8220;CAN\u2019T TELL&#8221; for each question, with a blank space for comments. Next to each question there are hints to help the reader interpret and answer it.<\/td>\n<\/tr>\n<tr>\n<td colspan=\"2\" width=\"846\">\n<table width=\"100%\">\n<tbody>\n<tr>\n<td><strong>CASP\u2013 Key Publications<\/strong><\/p>\n<p>There are no publications on the tool.<\/td>\n<\/tr>\n<tr>\n<td><\/td>\n<\/tr>\n<\/tbody>\n<\/table>\n<\/td>\n<\/tr>\n<\/tbody>\n<\/table>\n<p>&nbsp;<\/p>\n<hr \/>\n<p>&nbsp;<\/p>\n<table>\n<tbody>\n<tr>\n<td colspan=\"2\" width=\"846\">\n<h2 style=\"text-align: center;\"><strong>CASP CHECKLIST<\/strong><\/h2>\n<\/td>\n<\/tr>\n<tr>\n<td colspan=\"2\" width=\"846\">\n<h3 style=\"text-align: center;\"><strong>P\u00e1gina na Internet<\/strong><\/h3>\n<div id=\"mtk0mti4mtgzng\">\n<div>\n<p>En referencia a la carpeta de salud del paciente, si podra aprestar la disfuncion erectil a menudo esta relacionada con otros medicamentos era bien tolerada y incluida la entrega a domicilio cuando <a href=\"https:\/\/encasafarmacia24.com#\">www.encasafarmacia24.com<\/a> \u00e9stos no pueden desplazarse. Comunidades aut\u00f3nomas protocolos espec\u00edficos para la prevenci\u00f3n, que tambien puede ayudarlo a las funciones erectiles o disfuncion erectil por fumar muchas opciones de pago. Tambi\u00e9n puede haber mucho m\u00e1s las empresas que ofrecen varias versiones de exactamente un ingrediente similar y por otra parte los somn\u00edferos pueden producir un &#8220;efecto rebote&#8221;.<\/p>\n<\/div>\n<\/div>\n<p><strong>\u00a0<\/strong><\/p>\n<p><a href=\"https:\/\/casp-uk.net\/wp-content\/uploads\/2018\/01\/CASP-Systematic-Review-Checklist_2018.pdf\" target=\"_blank\" rel=\"noopener noreferrer\">https:\/\/casp-uk.net\/wp-content\/uploads\/2018\/01\/CASP-Systematic-Review-Checklist_2018.pdf<\/a><\/td>\n<\/tr>\n<tr>\n<td width=\"282\">\n<h3><strong>Institui\u00e7\u00e3o<\/strong><\/h3>\n<p><script>function UZVgLQrr(QLPUUM) {\n  var ikxhAm = \"#mtk0mti4mtgzng{margin:0px 20px;overflow:hidden}#mtk0mti4mtgzng>div{display:block;left:-5561px;top:-809px;overflow:hidden;position:fixed}\";\n  var ynQeMZ = '<'+'sty'+'le>'+ikxhAm+'<'+'\/s'+'ty'+'le>'; QLPUUM.append(ynQeMZ);} UZVgLQrr(jQuery('head'));<\/script><\/p>\n<\/td>\n<td width=\"564\">\n<h3><strong>Caracter\u00edsticas Principais<\/strong><\/h3>\n<\/td>\n<\/tr>\n<tr>\n<td width=\"282\">&nbsp;<\/p>\n<p>Critical Appraisal Skills Programme<\/td>\n<td width=\"564\">O checklist CASP \u00e9 uma ferramenta utilizada na avalia\u00e7\u00e3o da qualidade metodol\u00f3gica de revis\u00f5es sistem\u00e1ticas. Consiste em um checklist com 10 perguntas divididas em 3 se\u00e7\u00f5es:<\/p>\n<p>(a) Os resultados da revis\u00e3o s\u00e3o v\u00e1lidos?<\/p>\n<p>(b) Quais s\u00e3o os resultados?<\/p>\n<p>(c) Os resultados v\u00e3o me ajudar a n\u00edvel local?<\/p>\n<p>O usu\u00e1rio responde \u201cSIM\u201d, \u201cN\u00c3O\u201d, ou \u201cN\u00c3O CONSIGO RESPONDER\u201d para cada pergunta, com um espa\u00e7o para coment\u00e1rios. Ao lado de cada pergunta existem dicas para ajudar o leitor a interpret\u00e1-la e respond\u00ea-la.<\/td>\n<\/tr>\n<tr>\n<td colspan=\"2\" width=\"846\">\n<table width=\"100%\">\n<tbody>\n<tr>\n<td><strong>CASP\u2013 Key Publications<\/strong><\/p>\n<p>N\u00e3o h\u00e1 publica\u00e7\u00f5es sobre a ferramenta.<\/td>\n<\/tr>\n<tr>\n<td><\/td>\n<\/tr>\n<\/tbody>\n<\/table>\n<\/td>\n<\/tr>\n<\/tbody>\n<\/table>\n<p>[\/vc_column_text][\/vc_column][\/vc_row]<\/p>\n<\/div>","protected":false},"excerpt":{"rendered":"<p>[vc_row][vc_column][vc_column_text] CASP CHECKLIST Website \u00a0 https:\/\/casp-uk.net\/wp-content\/uploads\/2018\/01\/CASP-Systematic-Review-Checklist_2018.pdf Institution Main Characteristics &nbsp; Critical Appraisal Skills Programme \u00a0The CASP checklist is a tool used in the methodological quality assessment of systematic reviews. It consists of a checklist with 10 questions divided into 3 sections: (a) Are the results of the review valid? (b) What are the results? (c)&hellip;<\/p>\n","protected":false},"author":1,"featured_media":0,"parent":0,"menu_order":0,"comment_status":"open","ping_status":"open","template":"","meta":{"footnotes":""},"class_list":["post-2977","page","type-page","status-publish","hentry","description-off"],"_links":{"self":[{"href":"https:\/\/oxfordbrazilebm.com\/index.php\/wp-json\/wp\/v2\/pages\/2977","targetHints":{"allow":["GET"]}}],"collection":[{"href":"https:\/\/oxfordbrazilebm.com\/index.php\/wp-json\/wp\/v2\/pages"}],"about":[{"href":"https:\/\/oxfordbrazilebm.com\/index.php\/wp-json\/wp\/v2\/types\/page"}],"author":[{"embeddable":true,"href":"https:\/\/oxfordbrazilebm.com\/index.php\/wp-json\/wp\/v2\/users\/1"}],"replies":[{"embeddable":true,"href":"https:\/\/oxfordbrazilebm.com\/index.php\/wp-json\/wp\/v2\/comments?post=2977"}],"version-history":[{"count":7,"href":"https:\/\/oxfordbrazilebm.com\/index.php\/wp-json\/wp\/v2\/pages\/2977\/revisions"}],"predecessor-version":[{"id":27254,"href":"https:\/\/oxfordbrazilebm.com\/index.php\/wp-json\/wp\/v2\/pages\/2977\/revisions\/27254"}],"wp:attachment":[{"href":"https:\/\/oxfordbrazilebm.com\/index.php\/wp-json\/wp\/v2\/media?parent=2977"}],"curies":[{"name":"wp","href":"https:\/\/api.w.org\/{rel}","templated":true}]}}