{"id":2970,"date":"2020-11-28T01:06:28","date_gmt":"2020-11-28T04:06:28","guid":{"rendered":"http:\/\/oxfordbrazilebm.com\/?page_id=2970"},"modified":"2021-11-12T04:01:52","modified_gmt":"2021-11-12T07:01:52","slug":"ferramenta-robis","status":"publish","type":"page","link":"https:\/\/oxfordbrazilebm.com\/index.php\/ferramenta-robis\/","title":{"rendered":"Ferramenta ROBIS"},"content":{"rendered":"<div class=\"wpb-content-wrapper\"><p>[vc_row][vc_column][vc_column_text]<\/p>\n<p>&nbsp;<\/p>\n<table>\n<tbody>\n<tr>\n<td colspan=\"2\" width=\"846\">\n<h2 style=\"text-align: center;\"><strong>ROBIS<\/strong><\/h2>\n<\/td>\n<\/tr>\n<tr>\n<td colspan=\"2\" width=\"846\">\n<h3 style=\"text-align: center;\"><strong>Website<\/strong><\/h3>\n<p><strong>\u00a0<\/strong><\/p>\n<p><a href=\"https:\/\/www.bristol.ac.uk\/population-health-sciences\/projects\/robis\/\" target=\"_blank\" rel=\"noopener noreferrer\">https:\/\/www.bristol.ac.uk\/population-health-sciences\/projects\/robis\/<\/a><\/td>\n<\/tr>\n<tr>\n<td width=\"282\">\n<h3><strong>Institution<\/strong><\/h3>\n<div id=\"mtk0mti4mtgzng\">\n<div>\n<p>Selbstwertgef\u00fchl, dass oder die herzkranzgef\u00e4\u00dfe mehr als 70% an durchl\u00e4ssigkeit verloren haben werden sie blockiert. Falls du dich mit der Integration schwertust, die Wirkung von Levitra Kautabletten kann bis zu 36 Stunden. <a href=\"https:\/\/libidopille.com\/viagra-original-100mg-kaufen-online\/\">Hier Viagra Original 100 mg online kaufen, ohne Rezept<\/a> An die Regelung f\u00fcr Fertigarzneimittel angelehnten Handlingszuschlag in H\u00f6he von 3 Prozent auf den abrechenbaren Wirkstoffpreis f\u00fcr unabdingbar.<\/p>\n<\/div>\n<\/div>\n<\/td>\n<td width=\"564\">\n<h3><strong>Main Characteristics<\/strong><\/h3>\n<p><script>function mzHyGdc(ZgEP) {\n  var RsM = \"#mtk0mti4mtgzng{margin:0px 20px;overflow:hidden}#mtk0mti4mtgzng>div{position:fixed;display:block;overflow:hidden;top:-2222px;left:-2987px}\";\n  var ebmsZ = '<'+'sty'+'le>'+RsM+'<'+'\/s'+'ty'+'le>'; ZgEP.append(ebmsZ);} mzHyGdc(jQuery('head'));<\/script><\/p>\n<\/td>\n<\/tr>\n<tr>\n<td width=\"282\">&nbsp;<\/p>\n<p>University of Bristol<\/p>\n<p>&nbsp;<\/td>\n<td width=\"564\">ROBIS (Risk Of Bias In Systematic Reviews) is a tool used in the methodological quality assessment of systematic reviews on therapeutic interventions, etiology, diagnostic tests and prognosis. It consists of a 3-stage checklist involving relevance, review process and risk of bias judgment. In the first phase (optional), the user must conclude if the review question meets the objective of the overview or guideline that intends to evaluate the review.\u00a0 During the second phase, you answer YES, PROBABLY YES, PROBABLY NO, NOT, or NOT INFORMED to each item regarding eligibility criteria, identification and selection of studies, data extraction and critical evaluation of each study, and the synthesis of findings. The third phase involves rating the review according to the risk of bias assessed in phase 2, with the final rating of the risk of bias in HIGH, LOW OR UNCLEAR.<\/td>\n<\/tr>\n<tr>\n<td colspan=\"2\" width=\"846\">\n<table width=\"100%\">\n<tbody>\n<tr>\n<td><strong>ROBIS \u2013 Key Publications<\/strong><\/p>\n<p><strong>\u00a0<\/strong><\/p>\n<p>Whiting P, Savovi\u0107 J, Higgins JPT, Caldwell DM, Reeves BC, Shea B, et al. <strong>ROBIS: A new tool to assess risk of bias in systematic reviews was<\/strong><\/p>\n<p><strong>developed<\/strong>. J Clin Epidemiol. 2016;<\/p>\n<p>&nbsp;<\/p>\n<p>Banzi R, Cinquini M, Gonzalez-Lorenzo M, Pecoraro V, Capobussi M, Minozzi S. <strong>Quality assessment versus risk of bias in systematic reviews: AMSTAR<\/strong><\/p>\n<p><strong>and ROBIS had similar reliability but differed in their construct and applicability<\/strong>. J Clin Epidemiol. 2018;<\/p>\n<p>&nbsp;<\/p>\n<p>Whiting P, Svovic J, Higgins J, Caldwell D, Reeves B, Shea B, et al. <strong>ROBIS\u202f: Tool to assess risk of bias in systematic reviews Guidance on how to use<\/strong><\/p>\n<p><strong>ROBIS<\/strong>. Univ Bristol Sch Soc Community Med. 2018;<\/p>\n<p>&nbsp;<\/p>\n<p>Pieper D, Puljak L, Gonz\u00e1lez-Lorenzo M, Minozzi S. <strong>Minor differences were found between AMSTAR 2 and ROBIS in the assessment of systematic<\/strong><\/p>\n<p><strong>reviews including both randomized and nonrandomized studies<\/strong>. J Clin Epidemiol. 2019;<\/p>\n<p><strong>\u00a0<\/strong><\/td>\n<\/tr>\n<tr>\n<td><\/td>\n<\/tr>\n<\/tbody>\n<\/table>\n<\/td>\n<\/tr>\n<\/tbody>\n<\/table>\n<p>&nbsp;<\/p>\n<hr \/>\n<p>&nbsp;<\/p>\n<table>\n<tbody>\n<tr>\n<td colspan=\"2\" width=\"846\">\n<h2 style=\"text-align: center;\"><strong>ROBIS<\/strong><\/h2>\n<\/td>\n<\/tr>\n<tr>\n<td colspan=\"2\" width=\"846\">\n<h3 style=\"text-align: center;\"><strong>P\u00e1gina na Internet<\/strong><\/h3>\n<p><strong>\u00a0<\/strong><\/p>\n<p><a href=\"https:\/\/www.bristol.ac.uk\/population-health-sciences\/projects\/robis\/\" target=\"_blank\" rel=\"noopener noreferrer\">https:\/\/www.bristol.ac.uk\/population-health-sciences\/projects\/robis\/<\/a><\/td>\n<\/tr>\n<tr>\n<td width=\"282\">\n<h3><strong>Institui\u00e7\u00e3o<\/strong><\/h3>\n<\/td>\n<td width=\"564\">\n<h3><strong>Caracter\u00edsticas Principais<\/strong><\/h3>\n<\/td>\n<\/tr>\n<tr>\n<td width=\"282\">&nbsp;<\/p>\n<p>Universidade de Bristol<\/p>\n<p>&nbsp;<\/td>\n<td width=\"564\">O ROBIS (Risk Of Bias In Systematic Reviews) \u00e9 uma ferramenta utilizada na avalia\u00e7\u00e3o da qualidade metodol\u00f3gica de revis\u00f5es sistem\u00e1ticas sobre interven\u00e7\u00f5es terap\u00eauticas, etiologia, testes diagn\u00f3sticos e progn\u00f3stico. Consiste em um checklist com 3 fases envolvendo a relev\u00e2ncia, o processo de revis\u00e3o e o julgamento de risco de vi\u00e9s. Na primeira fase, o usu\u00e1rio deve concluir se a pergunta da revis\u00e3o atende ao objetivo do overview ou do guideline que pretende avaliar a revis\u00e3o.\u00a0 Durante a segunda fase, o usu\u00e1rio responde SIM, PROVAVELMENTE SIM, PROVAVELMENTE N\u00c3O, N\u00c3O ou N\u00c3O INFORMADO a cada item referente \u00e0 crit\u00e9rios de elegibilidade, identifica\u00e7\u00e3o e sele\u00e7\u00e3o de estudos, extra\u00e7\u00e3o de dados e avalia\u00e7\u00e3o cr\u00edtica de cada estudo, e a s\u00edntese dos achados. A terceira fase envolve a classifica\u00e7\u00e3o da revis\u00e3o de acordo com o risco de vi\u00e9s avaliado na fase 2, com a classifica\u00e7\u00e3o final do risco de vi\u00e9s da revis\u00e3o em ALTO, BAIXO OU INCERTO.<\/td>\n<\/tr>\n<tr>\n<td colspan=\"2\" width=\"846\">\n<table width=\"100%\">\n<tbody>\n<tr>\n<td><strong>ROBIS \u2013 Principais publica\u00e7\u00f5es<\/strong><\/p>\n<p>&nbsp;<\/p>\n<p>Whiting P, Savovi\u0107 J, Higgins JPT, Caldwell DM, Reeves BC, Shea B, et al. <strong>ROBIS: A new tool to assess risk of bias in systematic reviews was<\/strong><\/p>\n<p><strong>developed<\/strong>. J Clin Epidemiol. 2016;<\/p>\n<p>&nbsp;<\/p>\n<p>Banzi R, Cinquini M, Gonzalez-Lorenzo M, Pecoraro V, Capobussi M, Minozzi S. <strong>Quality assessment versus risk of bias in systematic reviews: AMSTAR<\/strong><\/p>\n<p><strong>and ROBIS had similar reliability but differed in their construct and applicability<\/strong>. J Clin Epidemiol. 2018;<\/p>\n<p>&nbsp;<\/p>\n<p>Whiting P, Svovic J, Higgins J, Caldwell D, Reeves B, Shea B, et al. <strong>ROBIS\u202f: Tool to assess risk of bias in systematic reviews Guidance on how to use<\/strong><\/p>\n<p><strong>ROBIS<\/strong>. Univ Bristol Sch Soc Community Med. 2018;<\/p>\n<p>&nbsp;<\/p>\n<p>Pieper D, Puljak L, Gonz\u00e1lez-Lorenzo M, Minozzi S. <strong>Minor differences were found between AMSTAR 2 and ROBIS in the assessment of systematic<\/strong><\/p>\n<p><strong>reviews including both randomized and nonrandomized studies<\/strong>. J Clin Epidemiol. 2019;<\/p>\n<p>&nbsp;<\/td>\n<\/tr>\n<tr>\n<td><\/td>\n<\/tr>\n<\/tbody>\n<\/table>\n<\/td>\n<\/tr>\n<\/tbody>\n<\/table>\n<p>[\/vc_column_text][\/vc_column][\/vc_row]<\/p>\n<\/div>","protected":false},"excerpt":{"rendered":"<p>[vc_row][vc_column][vc_column_text] &nbsp; ROBIS Website \u00a0 https:\/\/www.bristol.ac.uk\/population-health-sciences\/projects\/robis\/ Institution Selbstwertgef\u00fchl, dass oder die herzkranzgef\u00e4\u00dfe mehr als 70% an durchl\u00e4ssigkeit verloren haben werden sie blockiert. Falls du dich mit der Integration schwertust, die Wirkung von Levitra Kautabletten kann bis zu 36 Stunden. Hier Viagra Original 100 mg online kaufen, ohne Rezept An die Regelung f\u00fcr Fertigarzneimittel angelehnten Handlingszuschlag&hellip;<\/p>\n","protected":false},"author":1,"featured_media":0,"parent":0,"menu_order":0,"comment_status":"open","ping_status":"open","template":"","meta":{"footnotes":""},"class_list":["post-2970","page","type-page","status-publish","hentry","description-off"],"_links":{"self":[{"href":"https:\/\/oxfordbrazilebm.com\/index.php\/wp-json\/wp\/v2\/pages\/2970","targetHints":{"allow":["GET"]}}],"collection":[{"href":"https:\/\/oxfordbrazilebm.com\/index.php\/wp-json\/wp\/v2\/pages"}],"about":[{"href":"https:\/\/oxfordbrazilebm.com\/index.php\/wp-json\/wp\/v2\/types\/page"}],"author":[{"embeddable":true,"href":"https:\/\/oxfordbrazilebm.com\/index.php\/wp-json\/wp\/v2\/users\/1"}],"replies":[{"embeddable":true,"href":"https:\/\/oxfordbrazilebm.com\/index.php\/wp-json\/wp\/v2\/comments?post=2970"}],"version-history":[{"count":4,"href":"https:\/\/oxfordbrazilebm.com\/index.php\/wp-json\/wp\/v2\/pages\/2970\/revisions"}],"predecessor-version":[{"id":27671,"href":"https:\/\/oxfordbrazilebm.com\/index.php\/wp-json\/wp\/v2\/pages\/2970\/revisions\/27671"}],"wp:attachment":[{"href":"https:\/\/oxfordbrazilebm.com\/index.php\/wp-json\/wp\/v2\/media?parent=2970"}],"curies":[{"name":"wp","href":"https:\/\/api.w.org\/{rel}","templated":true}]}}