{"id":2969,"date":"2020-05-28T00:48:52","date_gmt":"2020-05-27T23:48:52","guid":{"rendered":"http:\/\/oxfordbrazilebm.com\/?page_id=2969"},"modified":"2020-05-30T12:38:49","modified_gmt":"2020-05-30T11:38:49","slug":"ferramenta-amstar","status":"publish","type":"page","link":"https:\/\/oxfordbrazilebm.com\/index.php\/ferramenta-amstar\/","title":{"rendered":"Ferramenta AMSTAR 2"},"content":{"rendered":"<div class=\"wpb-content-wrapper\"><p>[vc_row][vc_column][vc_column_text]<\/p>\n<table>\n<tbody>\n<tr>\n<td colspan=\"2\" width=\"846\">\n<h2 style=\"text-align: center;\"><strong>AMSTAR 2<\/strong><\/h2>\n<\/td>\n<\/tr>\n<tr>\n<td colspan=\"2\" width=\"846\">\n<h3 style=\"text-align: center;\"><strong>Website<\/strong><\/h3>\n<p><strong>\u00a0<\/strong><\/p>\n<p><a href=\"https:\/\/amstar.ca\/docs\/AMSTAR-2.pdf\">https:\/\/amstar.ca\/docs\/AMSTAR-2.pdf<\/a><\/td>\n<\/tr>\n<tr>\n<td width=\"282\">\n<h3><strong>Institution<\/strong><\/h3>\n<\/td>\n<td width=\"564\">\n<h3><strong>Main Characteristics<\/strong><\/h3>\n<\/td>\n<\/tr>\n<tr>\n<td width=\"282\">&nbsp;<\/p>\n<p>Bruy\u00e8re Research Institute<\/p>\n<p>&nbsp;<\/p>\n<p>&nbsp;<\/td>\n<td width=\"564\">AMSTAR 2 is an instrument (a 16-item checklist) used in assessing the methodological quality of systematic reviews or it can be used as a guide to performing a\u00a0systematic review. AMSTAR 2 has been developed to appraise systematic reviews of both randomized and non-randomized studies The user answers YES, PARTIAL YES or NO to each assessment.\u00a0\u00a0 Two agreements are required during quality assessment ensuring lower risk of bias. AMSTAR has guidelines explaining each outlined item. An SR<strong> is considered well done w<\/strong>hen all the items on the checklist have been addressed.<\/p>\n<p>&nbsp;<\/td>\n<\/tr>\n<tr>\n<td colspan=\"2\" width=\"846\">\n<table width=\"100%\">\n<tbody>\n<tr>\n<td><strong>AMSTAR Key Publications<\/strong><\/td>\n<\/tr>\n<tr>\n<td>Shea BJ, Reeves BC, Wells G, Thuku M, Hamel C, Moran J, Moher D, Tugwell P,<br \/>\nWelch V, Kristjansson E, Henry DA. <strong>AMSTAR 2: a critical appraisal tool for systematic reviews that<br \/>\ninclude randomised or non-randomised studies of healthcare interventions, or both<\/strong>. BMJ. 2017 Sep 21;358:j4008<\/td>\n<\/tr>\n<tr>\n<td><\/td>\n<\/tr>\n<tr>\n<td>Shea BJ, Grimshaw JM, Wells GA, Boers M, Andersson N, Hamel C, Porter AC, Tugwell P, Moher D, Bouter LM.<strong>\u00a0Development of AMSTAR: a measurement tool to assess the methodological quality of systematic reviews.\u00a0<\/strong>BMC Med Res Methodol.\u00a02007 Feb 15; 7:10. PMID: 17302989.<\/td>\n<\/tr>\n<tr>\n<td><\/td>\n<\/tr>\n<tr>\n<td>Shea BJ, Hamel C, Wells GA, Bouter LM, Kristjansson E, Grimshaw J, Henry DA, Boers M.<strong>AMSTAR is a reliable and valid measurement tool to assess the methodological quality of systematic reviews.<\/strong><a href=\"http:\/\/www.ncbi.nlm.nih.gov\/pubmed\/19230606\"> J Clin Epidemiol.<\/a>\u00a02009 Oct; 62(10):1013-20. PMID: 19230606<\/td>\n<\/tr>\n<tr>\n<td><\/td>\n<\/tr>\n<tr>\n<td>Shea BJ,\u00a0 Bouter LM, Peterson J, Boers M, Andersson N, Ortiz Z, Ramsay T, Bai A, \u00a0Shukla VK, Grimshaw JM.<strong>\u00a0External Validation of a Measurement Tool to Assess Systematic Reviews (AMSTAR).\u00a0<\/strong>PLoS ONE. 2007; 2(12): e1350. PMCID: PMC2131785<\/td>\n<\/tr>\n<tr>\n<td><\/td>\n<\/tr>\n<\/tbody>\n<\/table>\n<\/td>\n<\/tr>\n<\/tbody>\n<\/table>\n<p>&nbsp;<\/p>\n<hr \/>\n<p>&nbsp;<\/p>\n<table>\n<tbody>\n<tr>\n<td colspan=\"2\" width=\"846\">\n<h2 style=\"text-align: center;\"><strong>AMSTAR 2<\/strong><\/h2>\n<\/td>\n<\/tr>\n<tr>\n<td colspan=\"2\" width=\"846\">\n<h3 style=\"text-align: center;\"><strong>P\u00e1gina na Internet<\/strong><\/h3>\n<p><strong>\u00a0<\/strong><a href=\"https:\/\/amstar.ca\/docs\/AMSTAR-2.pdf\">https:\/\/amstar.ca\/docs\/AMSTAR-2.pdf<\/a><\/td>\n<\/tr>\n<tr>\n<td width=\"282\">\n<h3><strong>Institui\u00e7\u00e3o<\/strong><\/h3>\n<\/td>\n<td width=\"564\">\n<h3><strong>Caracter\u00edsticas Principais<\/strong><\/h3>\n<\/td>\n<\/tr>\n<tr>\n<td width=\"282\">&nbsp;<\/p>\n<p>Bruy\u00e8re Research Institute<\/p>\n<p>&nbsp;<\/p>\n<p>&nbsp;<\/td>\n<td width=\"564\">AMSTAR 2 \u00e9 um instrumento (uma lista de verifica\u00e7\u00e3o de 16 itens) utilizado na avalia\u00e7\u00e3o da qualidade metodol\u00f3gica das revis\u00f5es sistem\u00e1ticas ou pode ser utilizado como um guia para a realiza\u00e7\u00e3o de uma revis\u00e3o sistem\u00e1tica. O AMSTAR 2 foi desenvolvido para avaliar revis\u00f5es sistem\u00e1ticas de estudos randomizados e n\u00e3o randomizados. O usu\u00e1rio responde SIM, PARCIALMENTE SIM ou N\u00c3O a cada avalia\u00e7\u00e3o.\u00a0\u00a0 S\u00e3o necess\u00e1rios dois julgamentos concordantes durante a avalia\u00e7\u00e3o da qualidade, para garantir a classifica\u00e7\u00e3o de baixo risco de vi\u00e9s. O AMSTAR tem diretrizes que explicam cada item delineado. Uma RS \u00e9 considerada bem feita quando todos os itens da lista de verifica\u00e7\u00e3o tiverem sido contemplados (Resposta SIM).<\/p>\n<p>&nbsp;<\/td>\n<\/tr>\n<tr>\n<td colspan=\"2\" width=\"846\">\n<table width=\"100%\">\n<tbody>\n<tr>\n<td><strong>AMSTAR Key Publications<\/strong><\/td>\n<\/tr>\n<tr>\n<td>Shea BJ, Reeves BC, Wells G, Thuku M, Hamel C, Moran J, Moher D, Tugwell P,<br \/>\nWelch V, Kristjansson E, Henry DA. <strong>AMSTAR 2: a critical appraisal tool for systematic reviews that<br \/>\ninclude randomised or non-randomised studies of healthcare interventions, or both<\/strong>. BMJ. 2017 Sep 21;358:j4008<\/td>\n<\/tr>\n<tr>\n<td><\/td>\n<\/tr>\n<tr>\n<td>Shea BJ, Grimshaw JM, Wells GA, Boers M, Andersson N, Hamel C, Porter AC, Tugwell P, Moher D, Bouter LM.<strong>\u00a0Development of AMSTAR: a measurement tool to assess the methodological quality of systematic reviews.\u00a0<\/strong>BMC Med Res Methodol.\u00a02007 Feb 15; 7:10. PMID: 17302989.<\/td>\n<\/tr>\n<tr>\n<td><\/td>\n<\/tr>\n<tr>\n<td>Shea BJ, Hamel C, Wells GA, Bouter LM, Kristjansson E, Grimshaw J, Henry DA, Boers M.<strong>AMSTAR is a reliable and valid measurement tool to assess the methodological quality of systematic reviews.<\/strong><a href=\"http:\/\/www.ncbi.nlm.nih.gov\/pubmed\/19230606\"> J Clin Epidemiol.<\/a>\u00a02009 Oct; 62(10):1013-20. PMID: 19230606<\/td>\n<\/tr>\n<tr>\n<td><\/td>\n<\/tr>\n<tr>\n<td>Shea BJ,\u00a0 Bouter LM, Peterson J, Boers M, Andersson N, Ortiz Z, Ramsay T, Bai A, \u00a0Shukla VK, Grimshaw JM.<strong>\u00a0External Validation of a Measurement Tool to Assess Systematic Reviews (AMSTAR).\u00a0<\/strong>PLoS ONE. 2007; 2(12): e1350. PMCID: PMC2131785<\/td>\n<\/tr>\n<tr>\n<td><\/td>\n<\/tr>\n<\/tbody>\n<\/table>\n<\/td>\n<\/tr>\n<\/tbody>\n<\/table>\n<p>[\/vc_column_text][\/vc_column][\/vc_row]<\/p>\n<\/div>","protected":false},"excerpt":{"rendered":"<p>[vc_row][vc_column][vc_column_text] AMSTAR 2 Website \u00a0 https:\/\/amstar.ca\/docs\/AMSTAR-2.pdf Institution Main Characteristics &nbsp; Bruy\u00e8re Research Institute &nbsp; &nbsp; AMSTAR 2 is an instrument (a 16-item checklist) used in assessing the methodological quality of systematic reviews or it can be used as a guide to performing a\u00a0systematic review. AMSTAR 2 has been developed to appraise systematic reviews of both&hellip;<\/p>\n","protected":false},"author":1,"featured_media":0,"parent":0,"menu_order":0,"comment_status":"closed","ping_status":"closed","template":"","meta":{"footnotes":""},"class_list":["post-2969","page","type-page","status-publish","hentry","description-off"],"_links":{"self":[{"href":"https:\/\/oxfordbrazilebm.com\/index.php\/wp-json\/wp\/v2\/pages\/2969","targetHints":{"allow":["GET"]}}],"collection":[{"href":"https:\/\/oxfordbrazilebm.com\/index.php\/wp-json\/wp\/v2\/pages"}],"about":[{"href":"https:\/\/oxfordbrazilebm.com\/index.php\/wp-json\/wp\/v2\/types\/page"}],"author":[{"embeddable":true,"href":"https:\/\/oxfordbrazilebm.com\/index.php\/wp-json\/wp\/v2\/users\/1"}],"replies":[{"embeddable":true,"href":"https:\/\/oxfordbrazilebm.com\/index.php\/wp-json\/wp\/v2\/comments?post=2969"}],"version-history":[{"count":3,"href":"https:\/\/oxfordbrazilebm.com\/index.php\/wp-json\/wp\/v2\/pages\/2969\/revisions"}],"predecessor-version":[{"id":2990,"href":"https:\/\/oxfordbrazilebm.com\/index.php\/wp-json\/wp\/v2\/pages\/2969\/revisions\/2990"}],"wp:attachment":[{"href":"https:\/\/oxfordbrazilebm.com\/index.php\/wp-json\/wp\/v2\/media?parent=2969"}],"curies":[{"name":"wp","href":"https:\/\/api.w.org\/{rel}","templated":true}]}}