{"id":29546,"date":"2023-11-20T22:02:03","date_gmt":"2023-11-21T01:02:03","guid":{"rendered":"https:\/\/oxfordbrazilebm.com\/?page_id=29546"},"modified":"2023-11-21T16:52:48","modified_gmt":"2023-11-21T19:52:48","slug":"vies-de-nao-resposta","status":"publish","type":"page","link":"https:\/\/oxfordbrazilebm.com\/index.php\/vies-de-nao-resposta\/","title":{"rendered":"Vi\u00e9s de n\u00e3o resposta"},"content":{"rendered":"<div class=\"wpb-content-wrapper\"><p>[vc_row bg_type=&#8221;bg_color&#8221; css=&#8221;.vc_custom_1572747881603{padding-top: 10px !important;padding-bottom: 10px !important;}&#8221; bg_color_value=&#8221;#f7f7f7&#8243;][vc_column width=&#8221;1\/3&#8243;][vc_column_text]<b>Nome original do vi\u00e9s:\u00a0<\/b> Non-response bias[\/vc_column_text][\/vc_column][vc_column width=&#8221;1\/3&#8243;][vc_column_text]<strong>Tradutor:\u00a0<\/strong>Melissa Yukari Ishizu Otani<\/p>\n<p><strong>Primeiro revisor:\u00a0<\/strong>Lara Faria Souza Dias<\/p>\n<p><strong>Segundo revisor:<\/strong>Rachel Riera<\/p>\n<p>[\/vc_column_text][\/vc_column][\/vc_row][vc_row][vc_column]<div class=\"ult-spacer spacer-69e1a8a6b2741\" data-id=\"69e1a8a6b2741\" data-height=\"30\" data-height-mobile=\"30\" data-height-tab=\"30\" data-height-tab-portrait=\"\" data-height-mobile-landscape=\"\" style=\"clear:both;display:block;\"><\/div>[vc_separator]<div class=\"ult-spacer spacer-69e1a8a6b276c\" data-id=\"69e1a8a6b276c\" data-height=\"30\" data-height-mobile=\"30\" data-height-tab=\"30\" data-height-tab-portrait=\"\" data-height-mobile-landscape=\"\" style=\"clear:both;display:block;\"><\/div>[\/vc_column][\/vc_row][vc_row][vc_column][vc_column_text]Vi\u00e9s que ocorre devido a diferen\u00e7as sistem\u00e1ticas entre respondedores e n\u00e3o respondedores.<\/p>\n<p><strong>\u00a0<\/strong><\/p>\n<p><strong>Introdu\u00e7\u00e3o<\/strong><\/p>\n<p>O vi\u00e9s de n\u00e3o resposta (ou de resposta tardia) ocorre quando os n\u00e3o respondedores da amostra diferem de modo significativo dos respondedores (ou respondedores precoces). Esse vi\u00e9s \u00e9 comum em pesquisas descritivas, anal\u00edticas e experimentais e tem se mostrado como preocupa\u00e7\u00e3o s\u00e9ria em estudos do tipo <em>survey <\/em>(inqu\u00e9ritos ou levantamentos populacionais). Os participantes que n\u00e3o respondem podem diferir daqueles que respondem em suas declara\u00e7\u00f5es ou resultados, o que pode resultar em erros na estimativa das caracter\u00edsticas da popula\u00e7\u00e3o com base na sub-representa\u00e7\u00e3o desses fen\u00f4menos devido a n\u00e3o resposta.<\/p>\n<p>Uma estrutura para avaliar o vi\u00e9s de n\u00e3o resposta \u00e9 o modelo de Resist\u00eancia Cont\u00ednua, que postula que a disposi\u00e7\u00e3o de participar da pesquisa varia linearmente dentro da amostra. Portanto, espera-se que os respondentes tardios sejam semelhantes aos n\u00e3o respondentes nas medidas de relev\u00e2ncia (Kypri et al 2011).<\/p>\n<p><strong>\u00a0<\/strong><\/p>\n<p><strong>Exemplo<\/strong><\/p>\n<p>Um estudo cujo objetivo era investigar os efeitos potenciais do vi\u00e9s de n\u00e3o resposta nas estimativas de preval\u00eancia de comportamentos de sa\u00fade e bem-estar autorrelatados demonstrou efeito robusto e consistente da n\u00e3o resposta em todas as estimativas de sa\u00fade, bem como efeitos consider\u00e1veis na distribui\u00e7\u00e3o de caracter\u00edsticas demogr\u00e1ficas. Determinou-se que a n\u00e3o resposta contribuiu para subestimar riscos de sa\u00fade.<\/p>\n<p>&nbsp;<\/p>\n<p><strong>Impacto<\/strong><\/p>\n<p>Em um estudo comunit\u00e1rio de acompanhamento cardiovascular, mulheres, indiv\u00edduos mais velhos e aqueles com n\u00edveis mais altos de educa\u00e7\u00e3o tiveram maior probabilidade de participar de pesquisas segmentadas por c\u00f3digos postais. No entanto, a n\u00e3o resposta tamb\u00e9m pode ocorrer como resultado das vari\u00e1veis de resultados reais de interesse. Aqueles com sa\u00fade mais prec\u00e1ria tendem a evitar participar de pesquisas de sa\u00fade \u2013 e aqueles que participam relatam melhor estado de sa\u00fade e comportamento (Cheung KL, 2017).<\/p>\n<p>&nbsp;<\/p>\n<p><strong>Medidas preventivas<\/strong><\/p>\n<p><strong>U<\/strong>ma s\u00e9rie de medidas podem ser tomadas durante a concep\u00e7\u00e3o, implementa\u00e7\u00e3o e an\u00e1lise do estudo para reduzir ou mitigar o risco de vi\u00e9s de n\u00e3o resposta.<\/p>\n<p><img loading=\"lazy\" decoding=\"async\" class=\"alignnone wp-image-29559\" src=\"https:\/\/oxfordbrazilebm.com\/wp-content\/uploads\/2023\/11\/non-response-300x173.gif\" alt=\"\" width=\"737\" height=\"425\" \/>[\/vc_column_text][\/vc_column][\/vc_row][vc_row][vc_column]<div class=\"ult-spacer spacer-69e1a8a6b277d\" data-id=\"69e1a8a6b277d\" data-height=\"30\" data-height-mobile=\"30\" data-height-tab=\"30\" data-height-tab-portrait=\"\" data-height-mobile-landscape=\"\" style=\"clear:both;display:block;\"><\/div>[vc_separator]<div class=\"ult-spacer spacer-69e1a8a6b278c\" data-id=\"69e1a8a6b278c\" data-height=\"30\" data-height-mobile=\"30\" data-height-tab=\"30\" data-height-tab-portrait=\"\" data-height-mobile-landscape=\"\" style=\"clear:both;display:block;\"><\/div>[\/vc_column][\/vc_row][vc_row bg_type=&#8221;bg_color&#8221; bg_color_value=&#8221;#f7f7f7&#8243; css=&#8221;.vc_custom_1572747847655{padding-top: 20px !important;padding-bottom: 20px !important;}&#8221;][vc_column][vc_column_text]<strong>Link para o original:\u00a0<\/strong> <a href=\"https:\/\/catalogofbias.org\/biases\/non-response-bias\/\">https:\/\/catalogofbias.org\/biases\/non-response-bias\/<\/a><\/p>\n<p><strong>\u00a0<\/strong><\/p>\n<p><strong>Deve ser citado como:\u00a0<\/strong><strong>Catalogue of Bias Collaboration. <\/strong><strong>Turk A, Heneghan C, Nunan D. Non-response bias. In: Catalogue of Bias 2019. https:\/\/catalogofbias.org\/biases\/non-response-bias\/<\/strong><\/p>\n<p>&nbsp;<\/p>\n<p><strong>Fonte<\/strong><\/p>\n<p>Understanding The Decision to Participate in a Survey. Public Opin Q [Internet]. 1992 [cited 2019 Nov 13];56(4):475. Available from: <a href=\"https:\/\/academic.oup.com\/poq\/article-lookup\/doi\/10.1086\/269338\">https:\/\/academic.oup.com\/poq\/article-lookup\/doi\/10.1086\/269338<\/a><\/p>\n<p><a href=\"https:\/\/www.ncbi.nlm.nih.gov\/pubmed\/28330465\">The impact of non-response bias due to sampling in public health studies: A comparison of voluntary versus mandatory recruitment in a Dutch national survey on adolescent health.<\/a> BMC Public Health. 2017 Mar 23;17(1):276. doi: 10.1186\/s12889-017-4189-8.<\/p>\n<p>American Association for Public Opinion Research <a href=\"https:\/\/www.jstor.org\/stable\/2749703?seq=1#page_scan_tab_contents\">Using Survey Participants to Estimate the Impact of Nonparticipation<\/a>. Vol. 59, Source: The Public Opinion Quarterly. 1995.<\/p>\n<p>Kypri K, Samaranayaka A, Connor J, Langley JD, Maclennan B. <a href=\"https:\/\/www.sciencedirect.com\/science\/article\/pii\/S0091743511002830\">Non-response bias in a web-based health behaviour survey of New Zealand tertiary students.<\/a> Prev Med (Baltim). 2011 Oct;53(4\u20135):274\u20137.<\/p>\n<p>Jooste PL, Yach D, Steenkamp HJ, Botha JL, Rossouw JE. <a href=\"https:\/\/www.ncbi.nlm.nih.gov\/pubmed\/?term=Drop-out+and+newcomer+bias+in+a+community+cardiovascular+follow-up+study.\">Drop-out and newcomer bias in a community cardiovascular follow-up study.<\/a> Int J Epidemiol. 1990 Jun;19(2):284\u20139.<\/p>\n<p>Mathematical Population Studies. <a href=\"https:\/\/www.tandfonline.com\/action\/journalInformation?journalCode=gmps20\">An International Journal of Mathematical Demography Dealing with nonresponse:<\/a> Strategies to increase participation and methods for postsurvey adjustments. 2017[\/vc_column_text][\/vc_column][\/vc_row]<\/p>\n<\/div>","protected":false},"excerpt":{"rendered":"<p>[vc_row bg_type=&#8221;bg_color&#8221; css=&#8221;.vc_custom_1572747881603{padding-top: 10px !important;padding-bottom: 10px !important;}&#8221; bg_color_value=&#8221;#f7f7f7&#8243;][vc_column width=&#8221;1\/3&#8243;][vc_column_text]Nome original do vi\u00e9s:\u00a0 Non-response bias[\/vc_column_text][\/vc_column][vc_column width=&#8221;1\/3&#8243;][vc_column_text]Tradutor:\u00a0Melissa Yukari Ishizu Otani Primeiro revisor:\u00a0Lara Faria Souza Dias Segundo revisor:Rachel Riera [\/vc_column_text][\/vc_column][\/vc_row][vc_row][vc_column][vc_separator][\/vc_column][\/vc_row][vc_row][vc_column][vc_column_text]Vi\u00e9s que ocorre devido a diferen\u00e7as sistem\u00e1ticas entre respondedores e n\u00e3o respondedores. \u00a0 Introdu\u00e7\u00e3o O vi\u00e9s de n\u00e3o resposta (ou de resposta tardia) ocorre quando os n\u00e3o respondedores da&hellip;<\/p>\n","protected":false},"author":1,"featured_media":29559,"parent":0,"menu_order":0,"comment_status":"closed","ping_status":"closed","template":"","meta":{"footnotes":""},"class_list":["post-29546","page","type-page","status-publish","has-post-thumbnail","hentry","description-off"],"_links":{"self":[{"href":"https:\/\/oxfordbrazilebm.com\/index.php\/wp-json\/wp\/v2\/pages\/29546","targetHints":{"allow":["GET"]}}],"collection":[{"href":"https:\/\/oxfordbrazilebm.com\/index.php\/wp-json\/wp\/v2\/pages"}],"about":[{"href":"https:\/\/oxfordbrazilebm.com\/index.php\/wp-json\/wp\/v2\/types\/page"}],"author":[{"embeddable":true,"href":"https:\/\/oxfordbrazilebm.com\/index.php\/wp-json\/wp\/v2\/users\/1"}],"replies":[{"embeddable":true,"href":"https:\/\/oxfordbrazilebm.com\/index.php\/wp-json\/wp\/v2\/comments?post=29546"}],"version-history":[{"count":3,"href":"https:\/\/oxfordbrazilebm.com\/index.php\/wp-json\/wp\/v2\/pages\/29546\/revisions"}],"predecessor-version":[{"id":29561,"href":"https:\/\/oxfordbrazilebm.com\/index.php\/wp-json\/wp\/v2\/pages\/29546\/revisions\/29561"}],"wp:featuredmedia":[{"embeddable":true,"href":"https:\/\/oxfordbrazilebm.com\/index.php\/wp-json\/wp\/v2\/media\/29559"}],"wp:attachment":[{"href":"https:\/\/oxfordbrazilebm.com\/index.php\/wp-json\/wp\/v2\/media?parent=29546"}],"curies":[{"name":"wp","href":"https:\/\/api.w.org\/{rel}","templated":true}]}}