{"id":29295,"date":"2021-04-11T06:04:11","date_gmt":"2021-04-11T09:04:11","guid":{"rendered":"https:\/\/oxfordbrazilebm.com\/?page_id=29295"},"modified":"2023-04-07T06:08:32","modified_gmt":"2023-04-07T09:08:32","slug":"hefler-istvan-rejtelyes-taktikaja-magyarorszag-online-kaszinogeniuszanak-titkainak-feltarasa","status":"publish","type":"page","link":"https:\/\/oxfordbrazilebm.com\/index.php\/hefler-istvan-rejtelyes-taktikaja-magyarorszag-online-kaszinogeniuszanak-titkainak-feltarasa\/","title":{"rendered":"Hefler Istv\u00e1n rejt\u00e9lyes taktik\u00e1ja: Magyarorsz\u00e1g online kaszin\u00f3g\u00e9niusz\u00e1nak titkainak felt\u00e1r\u00e1sa"},"content":{"rendered":"\n<p><\/p>\n\n\n\n<p>Hefler Istv\u00e1n \u00e9vek \u00f3ta a magyarorsz\u00e1gi online kaszin\u00f3ipar kiemelked\u0151 alakja, aki rejt\u00e9lyes taktik\u00e1j\u00e1r\u00f3l \u00e9s p\u00e1ratlan szak\u00e9rtelm\u00e9r\u0151l ismert. De mi a siker\u00e9nek titka? Mer\u00fclj\u00fcnk el Hefler Istv\u00e1n rejt\u00e9ly\u00e9ben, \u00e9s t\u00e1rjuk fel azokat a rejtett strat\u00e9gi\u00e1kat, amelyek miatt Magyarorsz\u00e1g elismert online kaszin\u00f3zsenije lett.<\/p>\n\n\n\n<h2 class=\"wp-block-heading\">A j\u00e1t\u00e9kok elsaj\u00e1t\u00edt\u00e1sa<\/h2>\n\n\n\n<p>Hefler Istv\u00e1n siker\u00e9nek egyik kulcstitka az, hogy m\u00e9lyen meg\u00e9rti az \u00e1ltala j\u00e1tszott j\u00e1t\u00e9kokat. Elsaj\u00e1t\u00edtotta a k\u00fcl\u00f6nf\u00e9le kaszin\u00f3j\u00e1t\u00e9kok szab\u00e1lyait <a href=\"https:\/\/www.onlinecasino-hu24.com\/\">OnlineCasino-HU24.com<\/a>, val\u00f3sz\u00edn\u0171s\u00e9geit \u00e9s strat\u00e9gi\u00e1it, bele\u00e9rtve a nyer\u0151g\u00e9peket, a blackjacket, a rulettet \u00e9s a p\u00f3kert. Ez a m\u00e9lyrehat\u00f3 tud\u00e1s lehet\u0151v\u00e9 teszi sz\u00e1m\u00e1ra, hogy megalapozott \u00e9rvel\u00e9sek \u00e9s elemz\u00e9sek alapj\u00e1n kisz\u00e1m\u00edtott d\u00f6nt\u00e9seket hozzon, \u00edgy el\u0151nyt jelent a t\u00f6bbi j\u00e1t\u00e9kossal szemben.<\/p>\n\n\n\n<h2 class=\"wp-block-heading\">Hat\u00e9kony bankroll menedzsment<\/h2>\n\n\n\n<p>Egy m\u00e1sik rejt\u00e9lyes taktika, amit Hefler alkalmaz, az a k\u00e9pess\u00e9ge, hogy hat\u00e9konyan tudja kezelni bankrollj\u00e1t. Meg\u00e9rti a k\u00f6lts\u00e9gvet\u00e9s meghat\u00e1roz\u00e1s\u00e1nak \u00e9s betart\u00e1s\u00e1nak fontoss\u00e1g\u00e1t, elker\u00fclve az impulz\u00edv d\u00f6nt\u00e9seket \u00e9s a meggondolatlan fogad\u00e1sokat. Hefler fegyelmezetten k\u00f6zel\u00edti meg bankrollj\u00e1t, gondosan megtervezi t\u00e9tjeit, \u00e9s nyomon k\u00f6veti gy\u0151zelmeit \u00e9s vesztes\u00e9geit. Ez a strat\u00e9giai megk\u00f6zel\u00edt\u00e9s seg\u00edt neki abban, hogy k\u00e9zben tartsa p\u00e9nz\u00fcgyeit \u00e9s minimaliz\u00e1lja a vesztes\u00e9geket, biztos\u00edtva ezzel, hogy hossz\u00fa t\u00e1von tov\u00e1bbra is tudjon j\u00e1tszani \u00e9s nyerni.<\/p>\n\n\n\n<h2 class=\"wp-block-heading\">Es\u00e9lyek \u00e9s val\u00f3sz\u00edn\u0171s\u00e9gek elemz\u00e9se<\/h2>\n\n\n\n<p>Hefler Istv\u00e1n az online kaszin\u00f3j\u00e1t\u00e9kok es\u00e9lyeinek \u00e9s val\u00f3sz\u00edn\u0171s\u00e9geinek apr\u00f3l\u00e9kos elemz\u00e9s\u00e9r\u0151l ismert. Tanulm\u00e1nyozza a j\u00e1t\u00e9kok mechanik\u00e1j\u00e1t, elemzi a k\u00fcl\u00f6nb\u00f6z\u0151 kimenetelek es\u00e9lyeit, \u00e9s kisz\u00e1m\u00edtja a nyer\u00e9si val\u00f3sz\u00edn\u0171s\u00e9geket k\u00fcl\u00f6nb\u00f6z\u0151 helyzetekben. Ez lehet\u0151v\u00e9 teszi sz\u00e1m\u00e1ra, hogy megalapozott d\u00f6nt\u00e9seket hozzon, \u00e9s ennek megfelel\u0151en m\u00f3dos\u00edtsa fogad\u00e1si strat\u00e9gi\u00e1j\u00e1t, n\u00f6velve nyer\u00e9si es\u00e9lyeit.<\/p>\n\n\n\n<div class=\"wp-block-image\"><figure class=\"aligncenter size-large is-resized\"><img loading=\"lazy\" decoding=\"async\" src=\"https:\/\/external-content.duckduckgo.com\/iu\/?u=https%3A%2F%2Ftse3.mm.bing.net%2Fth%3Fid%3DOIP.Unov-VbshfTmd8thaU4grQHaEK%26pid%3DApi&amp;f=1&amp;ipt=4263b2d26f0d3181629d3e504f0f96cfe0f14ca71d0ab7e12243be9dd4d86003&amp;ipo=images\" alt=\"Onli casino HU - Best review casino\" width=\"676\" height=\"379\"\/><\/figure><\/div>\n\n\n\n<h2 class=\"wp-block-heading\">Alkalmazkod\u00e1s a v\u00e1ltoz\u00f3 helyzetekhez<\/h2>\n\n\n\n<p>Heflernek a v\u00e1ltoz\u00f3 helyzetekhez val\u00f3 alkalmazkod\u00e1si k\u00e9pess\u00e9ge egy m\u00e1sik rejt\u00e9lyes taktika, amely hozz\u00e1j\u00e1rult siker\u00e9hez. Tiszt\u00e1ban van vele, hogy az online kaszin\u00f3k folyamatosan fejl\u0151dnek, \u00e9s rendszeresen vezetnek be \u00faj j\u00e1t\u00e9kokat, szab\u00e1lyokat \u00e9s prom\u00f3ci\u00f3kat. Hefler folyamatosan t\u00e1j\u00e9koz\u00f3dik az ipar\u00e1g leg\u00fajabb fejlem\u00e9nyeir\u0151l, \u00e9s ennek megfelel\u0151en m\u00f3dos\u00edtja strat\u00e9gi\u00e1it. K\u00e9pes abban is, hogy olvassa a j\u00e1t\u00e9kot, \u00e9s hozz\u00e1igaz\u00edtsa hozz\u00e1\u00e1ll\u00e1s\u00e1t a k\u00fcl\u00f6nb\u00f6z\u0151 ellenfelekhez, kihaszn\u00e1lja azok gyenges\u00e9geit \u00e9s maximaliz\u00e1lja saj\u00e1t er\u0151ss\u00e9geit.<\/p>\n\n\n\n<h2 class=\"wp-block-heading\">Gondos nyilv\u00e1ntart\u00e1s<\/h2>\n\n\n\n<p>Az apr\u00f3l\u00e9kos nyilv\u00e1ntart\u00e1s vezet\u00e9se Hefler Istv\u00e1n siker\u00e9nek m\u00e1sik titka. R\u00e9szletes nyilv\u00e1ntart\u00e1st vezet gy\u0151zelmeir\u0151l, vesztes\u00e9geir\u0151l \u00e9s fogad\u00e1si mint\u00e1ir\u00f3l, gondosan elemzi az adatokat, hogy azonos\u00edtsa a mint\u00e1kat \u00e9s trendeket. Ez seg\u00edt neki azonos\u00edtani legj\u00f6vedelmez\u0151bb j\u00e1t\u00e9kait \u00e9s strat\u00e9gi\u00e1it, lehet\u0151v\u00e9 t\u00e9ve sz\u00e1m\u00e1ra, hogy finom\u00edtsa a megk\u00f6zel\u00edt\u00e9s\u00e9t, \u00e9s n\u00f6velje nyer\u00e9si es\u00e9lyeit a j\u00f6v\u0151ben.<\/p>\n\n\n\n<h2 class=\"wp-block-heading\">K\u00f6vetkeztet\u00e9sk\u00e9ppen<\/h2>\n\n\n\n<p>Hefler Istv\u00e1n <a href=\"https:\/\/www.onlinecasino-hu24.com\/istvan-hefler\">https:\/\/www.onlinecasino-hu24.com\/istvan-hefler<\/a> rejt\u00e9lyes taktik\u00e1j\u00e1val \u00e9s p\u00e1ratlan szak\u00e9rtelm\u00e9vel Magyarorsz\u00e1g elismert online kaszin\u00f3zsenij\u00e9v\u00e9 tett\u00e9k. A j\u00e1t\u00e9kok mestere, a hat\u00e9kony bankroll-kezel\u00e9s, az es\u00e9lyek \u00e9s val\u00f3sz\u00edn\u0171s\u00e9gek elemz\u00e9se, a v\u00e1ltoz\u00f3 helyzetekhez val\u00f3 alkalmazkod\u00e1si k\u00e9pess\u00e9ge \u00e9s az apr\u00f3l\u00e9kos nyilv\u00e1ntart\u00e1sok mind hozz\u00e1j\u00e1rulnak az online szerencsej\u00e1t\u00e9k-iparban el\u00e9rt siker\u00e9hez. B\u00e1r pontos strat\u00e9gi\u00e1inak rejt\u00e9lye tov\u00e1bbra is megfoghatatlan, k\u00e9ts\u00e9gtelen, hogy Hefler Istv\u00e1n rejt\u00e9lyes taktik\u00e1j\u00e1val Magyarorsz\u00e1g egyik legk\u00e9pzettebb online kaszin\u00f3-szak\u00e9rt\u0151je h\u00edrnevet szerzett mag\u00e1nak.<\/p>\n","protected":false},"excerpt":{"rendered":"<p>Hefler Istv\u00e1n \u00e9vek \u00f3ta a magyarorsz\u00e1gi online kaszin\u00f3ipar kiemelked\u0151 alakja, aki rejt\u00e9lyes taktik\u00e1j\u00e1r\u00f3l \u00e9s p\u00e1ratlan szak\u00e9rtelm\u00e9r\u0151l ismert. De mi a siker\u00e9nek titka? Mer\u00fclj\u00fcnk el Hefler Istv\u00e1n rejt\u00e9ly\u00e9ben, \u00e9s t\u00e1rjuk fel azokat a rejtett strat\u00e9gi\u00e1kat, amelyek miatt Magyarorsz\u00e1g elismert online kaszin\u00f3zsenije lett. A j\u00e1t\u00e9kok elsaj\u00e1t\u00edt\u00e1sa Hefler Istv\u00e1n siker\u00e9nek egyik kulcstitka az, hogy m\u00e9lyen meg\u00e9rti az \u00e1ltala&hellip;<\/p>\n","protected":false},"author":2,"featured_media":0,"parent":0,"menu_order":0,"comment_status":"closed","ping_status":"closed","template":"","meta":{"footnotes":""},"class_list":["post-29295","page","type-page","status-publish","hentry","description-off"],"_links":{"self":[{"href":"https:\/\/oxfordbrazilebm.com\/index.php\/wp-json\/wp\/v2\/pages\/29295","targetHints":{"allow":["GET"]}}],"collection":[{"href":"https:\/\/oxfordbrazilebm.com\/index.php\/wp-json\/wp\/v2\/pages"}],"about":[{"href":"https:\/\/oxfordbrazilebm.com\/index.php\/wp-json\/wp\/v2\/types\/page"}],"author":[{"embeddable":true,"href":"https:\/\/oxfordbrazilebm.com\/index.php\/wp-json\/wp\/v2\/users\/2"}],"replies":[{"embeddable":true,"href":"https:\/\/oxfordbrazilebm.com\/index.php\/wp-json\/wp\/v2\/comments?post=29295"}],"version-history":[{"count":1,"href":"https:\/\/oxfordbrazilebm.com\/index.php\/wp-json\/wp\/v2\/pages\/29295\/revisions"}],"predecessor-version":[{"id":29296,"href":"https:\/\/oxfordbrazilebm.com\/index.php\/wp-json\/wp\/v2\/pages\/29295\/revisions\/29296"}],"wp:attachment":[{"href":"https:\/\/oxfordbrazilebm.com\/index.php\/wp-json\/wp\/v2\/media?parent=29295"}],"curies":[{"name":"wp","href":"https:\/\/api.w.org\/{rel}","templated":true}]}}