{"id":2883,"date":"2020-05-24T14:49:46","date_gmt":"2020-05-24T13:49:46","guid":{"rendered":"http:\/\/oxfordbrazilebm.com\/?page_id=2883"},"modified":"2020-06-07T17:11:07","modified_gmt":"2020-06-07T16:11:07","slug":"ferramentas-de-avaliacao-critica-de-artigos","status":"publish","type":"page","link":"https:\/\/oxfordbrazilebm.com\/index.php\/ferramentas-de-avaliacao-critica-de-artigos\/","title":{"rendered":"Ferramentas de avalia\u00e7\u00e3o cr\u00edtica de artigos"},"content":{"rendered":"<div class=\"wpb-content-wrapper\"><p>[vc_row][vc_column width=&#8221;1\/6&#8243;][vc_icon icon_fontawesome=&#8221;fas fa-sitemap&#8221; color=&#8221;custom&#8221; css_animation=&#8221;fadeIn&#8221; link=&#8221;url:https%3A%2F%2Foxfordbrazilebm.com%2Findex.php%2Fferramentas-de-avaliacao-critica-de-artigos%2F|||&#8221; custom_color=&#8221;#004277&#8243;][\/vc_column][vc_column width=&#8221;2\/3&#8243;][\/vc_column][vc_column width=&#8221;1\/6&#8243;][vc_row_inner][vc_column_inner width=&#8221;1\/2&#8243;][vc_single_image image=&#8221;3100&#8243; alignment=&#8221;right&#8221; onclick=&#8221;custom_link&#8221; css=&#8221;.vc_custom_1591546261380{margin-right: -15px !important;}&#8221; link=&#8221;https:\/\/oxfordbrazilebm.com\/index.php\/ferramentas-de-avaliacao-critica-de-artigos\/&#8221;][\/vc_column_inner][vc_column_inner width=&#8221;1\/2&#8243;][vc_single_image image=&#8221;3099&#8243; onclick=&#8221;custom_link&#8221; css=&#8221;.vc_custom_1591546235688{margin-left: -15px !important;}&#8221; link=&#8221;https:\/\/oxfordbrazilebm.com\/index.php\/ferramentas-de-avaliacao-critica-de-artigos-br\/&#8221;][\/vc_column_inner][\/vc_row_inner][\/vc_column][\/vc_row][vc_row][vc_column css=&#8221;.vc_custom_1591497268942{margin-top: -15px !important;}&#8221;][vc_column_text]\n<style>\n\t#hotspot-1884 .hotspots-image-container,\n\t#hotspot-1884 .leaflet-container {\n\t\tbackground: #ffffff\t}\n\n\t#hotspot-1884 .hotspots-placeholder {\n\t\tbackground: #003d8e;\n\t\tborder: 0 #003d8e solid;\n\t\tcolor: #ffffff;\n\t}\n\n\t#hotspot-1884 .hotspot-title {\n\t\tcolor: #1db5c6;\n\t}\n\n\t\t\t#hotspot-1884 .hotspot-default {\n\t\t\tstroke-width: -1;\n\t\t\tfill: #ffffff;\n\t\t\tfill-opacity: 0;\n\t\t\tstroke: #ffffff;\n\t\t\tstroke-opacity: 0;\n\t\t}\n\t\t#hotspot-1884 .hotspot-default:hover,\n\t\t#hotspot-1884 .hotspot-default:focus-visible,\n\t\t#hotspot-1884 .hotspot-default.hotspot-active {\n\t\t\tfill: #5dfcf1;\n\t\t\tfill-opacity: 0.31;\n\t\t\tstroke: #ffffff;\n\t\t\tstroke-opacity: 0.11;\n\t\t}\n\t\t#hotspot-1884 .leaflet-tooltip,\n\t#hotspot-1884 .leaflet-rrose-content-wrapper {\n\t\tbackground: #003d8e;\n\t\tborder-color: #003d8e;\n\t\tcolor: #ffffff;\n\t}\n\n\t#hotspot-1884 a.leaflet-rrose-close-button {\n\t\tcolor: #1db5c6;\n\t}\n\n\t#hotspot-1884 .leaflet-rrose-tip {\n\t\tbackground: #003d8e;\n\t}\n\n\t#hotspot-1884 .leaflet-popup-scrolled {\n\t\tborder-bottom-color: #ffffff;\n\t\tborder-top-color: #ffffff;\n\t}\n\n\t#hotspot-1884 .leaflet-tooltip-top:before {\n\t\tborder-top-color: #003d8e;\n\t}\n\n\t#hotspot-1884 .leaflet-tooltip-bottom:before {\n\t\tborder-bottom-color: #003d8e;\n\t}\n\t#hotspot-1884 .leaflet-tooltip-left:before {\n\t\tborder-left-color: #003d8e;\n\t}\n\t#hotspot-1884 .leaflet-tooltip-right:before {\n\t\tborder-right-color: #003d8e;\n\t}\n<\/style>\n\n\t\n\t<div class=\"hotspots-container links-only layout-left event-click\" id=\"hotspot-1884\" data-layout=\"left\" data-trigger=\"click\">\n\t\t<div class=\"hotspots-interaction\">\n\t\t\t<div class=\"hotspots-image-container\">\n\t<img\n\t\twidth=\"1196\"\n\t\theight=\"1189\"\n\t\tsrc=\"https:\/\/oxfordbrazilebm.com\/wp-content\/uploads\/2020\/06\/diagrama_ENG.png\"\n\t\talt=\"Ferramentas de avalia\u00e7\u00e3o cr\u00edtica de artigos\"\n\t\tclass=\"hotspots-image skip-lazy\"\n\t\tusemap=\"#hotspots-image-1884\"\n\t\tdata-image-title=\"Ferramentas de avalia\u00e7\u00e3o cr\u00edtica de artigos\"\n\t\tdata-image-description=\"\"\n\t\tdata-event-trigger=\"click\"\n\t\tdata-always-visible=\"false\"\n\t\tdata-id=\"1884\"\n\t\tdata-no-lazy=\"1\"\n\t\tdata-lazy-src=\"\"\n\t\tdata-lazy=\"false\"\n\t\tloading=\"eager\"\n\t\tdata-skip-lazy=\"1\"\n\t\t>\n<\/div>\t\t<\/div>\n\t\t<map name=\"hotspots-image-1884\" class=\"hotspots-map\">\n\t\t\t\t\t\t\t\t\t\t\t<area\n\t\t\t\t\tshape=\"polygon\"\n\t\t\t\t\tcoords=\"614,1052,613,1125,847,1128,846,1051,713,1051,674,1051\"\n\t\t\t\t\thref=\"https:\/\/oxfordbrazilebm.com\/index.php\/revisoes-sistematicas\/\"\n\t\t\t\t\trel=\"\"\n\t\t\t\t\ttitle=\"\"\n\t\t\t\t\talt=\"\"\n\t\t\t\t\tdata-action=\"url\"\n\t\t\t\t\tdata-color-scheme=\"\"\n\t\t\t\t\ttarget=\"_new\"\n\t\t\t\t\tclass=\"url-area\"\n\t\t\t\t\t>\n\t\t\t\t\t\t\t\t\t\t\t<area\n\t\t\t\t\tshape=\"polygon\"\n\t\t\t\t\tcoords=\"654,42,652,118,886,118,885,42\"\n\t\t\t\t\thref=\"https:\/\/oxfordbrazilebm.com\/index.php\/ferramentas-de-avaliacao-critica-de-artigos-01\/\"\n\t\t\t\t\trel=\"\"\n\t\t\t\t\ttitle=\"\"\n\t\t\t\t\talt=\"\"\n\t\t\t\t\tdata-action=\"url\"\n\t\t\t\t\tdata-color-scheme=\"\"\n\t\t\t\t\ttarget=\"\"\n\t\t\t\t\tclass=\"url-area\"\n\t\t\t\t\t>\n\t\t\t\t\t\t\t\t\t\t\t<area\n\t\t\t\t\tshape=\"polygon\"\n\t\t\t\t\tcoords=\"26,408,27,486,180,488,180,410\"\n\t\t\t\t\thref=\"https:\/\/oxfordbrazilebm.com\/index.php\/ferramentas-de-avaliacao-critica-de-artigos-02\/\"\n\t\t\t\t\trel=\"\"\n\t\t\t\t\ttitle=\"\"\n\t\t\t\t\talt=\"\"\n\t\t\t\t\tdata-action=\"url\"\n\t\t\t\t\tdata-color-scheme=\"\"\n\t\t\t\t\ttarget=\"\"\n\t\t\t\t\tclass=\"url-area\"\n\t\t\t\t\t>\n\t\t\t\t\t\t\t\t\t\t\t<area\n\t\t\t\t\tshape=\"polygon\"\n\t\t\t\t\tcoords=\"806,408,805,486,958,488,958,409\"\n\t\t\t\t\thref=\"https:\/\/oxfordbrazilebm.com\/index.php\/ferramentas-de-avaliacao-critica-de-artigos-03\/\"\n\t\t\t\t\trel=\"\"\n\t\t\t\t\ttitle=\"\"\n\t\t\t\t\talt=\"\"\n\t\t\t\t\tdata-action=\"url\"\n\t\t\t\t\tdata-color-scheme=\"\"\n\t\t\t\t\ttarget=\"\"\n\t\t\t\t\tclass=\"url-area\"\n\t\t\t\t\t>\n\t\t\t\t\t\t\t\t\t\t\t<area\n\t\t\t\t\tshape=\"polygon\"\n\t\t\t\t\tcoords=\"34,646,34,726,189,727,190,646\"\n\t\t\t\t\thref=\"https:\/\/oxfordbrazilebm.com\/index.php\/ferramentas-de-avaliacao-critica-de-artigos-04\/\"\n\t\t\t\t\trel=\"\"\n\t\t\t\t\ttitle=\"\"\n\t\t\t\t\talt=\"\"\n\t\t\t\t\tdata-action=\"url\"\n\t\t\t\t\tdata-color-scheme=\"\"\n\t\t\t\t\ttarget=\"\"\n\t\t\t\t\tclass=\"url-area\"\n\t\t\t\t\t>\n\t\t\t\t\t\t\t\t\t\t\t<area\n\t\t\t\t\tshape=\"polygon\"\n\t\t\t\t\tcoords=\"221,646,219,725,374,727,373,648\"\n\t\t\t\t\thref=\"https:\/\/oxfordbrazilebm.com\/index.php\/ferramentas-de-avaliacao-critica-de-artigos-05\/\"\n\t\t\t\t\trel=\"\"\n\t\t\t\t\ttitle=\"\"\n\t\t\t\t\talt=\"\"\n\t\t\t\t\tdata-action=\"url\"\n\t\t\t\t\tdata-color-scheme=\"\"\n\t\t\t\t\ttarget=\"\"\n\t\t\t\t\tclass=\"url-area\"\n\t\t\t\t\t>\n\t\t\t\t\t\t\t\t\t\t\t<area\n\t\t\t\t\tshape=\"polygon\"\n\t\t\t\t\tcoords=\"449,769,451,848,578,849,580,769\"\n\t\t\t\t\thref=\"https:\/\/oxfordbrazilebm.com\/index.php\/ferramentas-de-avaliacao-critica-de-artigos-06\/\"\n\t\t\t\t\trel=\"\"\n\t\t\t\t\ttitle=\"\"\n\t\t\t\t\talt=\"\"\n\t\t\t\t\tdata-action=\"url\"\n\t\t\t\t\tdata-color-scheme=\"\"\n\t\t\t\t\ttarget=\"\"\n\t\t\t\t\tclass=\"url-area\"\n\t\t\t\t\t>\n\t\t\t\t\t\t\t\t\t\t\t<area\n\t\t\t\t\tshape=\"polygon\"\n\t\t\t\t\tcoords=\"151,887,152,966,280,968,279,888\"\n\t\t\t\t\thref=\"https:\/\/oxfordbrazilebm.com\/index.php\/ferramentas-de-avaliacao-critica-de-artigos-07\/\"\n\t\t\t\t\trel=\"\"\n\t\t\t\t\ttitle=\"\"\n\t\t\t\t\talt=\"\"\n\t\t\t\t\tdata-action=\"url\"\n\t\t\t\t\tdata-color-scheme=\"\"\n\t\t\t\t\ttarget=\"\"\n\t\t\t\t\tclass=\"url-area\"\n\t\t\t\t\t>\n\t\t\t\t\t\t\t\t\t\t\t<area\n\t\t\t\t\tshape=\"polygon\"\n\t\t\t\t\tcoords=\"316,888,316,966,444,966,445,888\"\n\t\t\t\t\thref=\"https:\/\/oxfordbrazilebm.com\/index.php\/ferramentas-de-avaliacao-critica-de-artigos-08\/\"\n\t\t\t\t\trel=\"\"\n\t\t\t\t\ttitle=\"\"\n\t\t\t\t\talt=\"\"\n\t\t\t\t\tdata-action=\"url\"\n\t\t\t\t\tdata-color-scheme=\"\"\n\t\t\t\t\ttarget=\"\"\n\t\t\t\t\tclass=\"url-area\"\n\t\t\t\t\t>\n\t\t\t\t\t\t\t\t\t\t\t<area\n\t\t\t\t\tshape=\"polygon\"\n\t\t\t\t\tcoords=\"557,887,558,965,687,965,686,889\"\n\t\t\t\t\thref=\"https:\/\/oxfordbrazilebm.com\/index.php\/ferramentas-de-avaliacao-critica-de-artigos-09\/\"\n\t\t\t\t\trel=\"\"\n\t\t\t\t\ttitle=\"\"\n\t\t\t\t\talt=\"\"\n\t\t\t\t\tdata-action=\"url\"\n\t\t\t\t\tdata-color-scheme=\"\"\n\t\t\t\t\ttarget=\"\"\n\t\t\t\t\tclass=\"url-area\"\n\t\t\t\t\t>\n\t\t\t\t\t\t\t\t\t\t\t<area\n\t\t\t\t\tshape=\"polygon\"\n\t\t\t\t\tcoords=\"719,888,717,967,847,967,846,889\"\n\t\t\t\t\thref=\"https:\/\/oxfordbrazilebm.com\/index.php\/ferramentas-de-avaliacao-critica-de-artigos-10\/\"\n\t\t\t\t\trel=\"\"\n\t\t\t\t\ttitle=\"\"\n\t\t\t\t\talt=\"\"\n\t\t\t\t\tdata-action=\"url\"\n\t\t\t\t\tdata-color-scheme=\"\"\n\t\t\t\t\ttarget=\"\"\n\t\t\t\t\tclass=\"url-area\"\n\t\t\t\t\t>\n\t\t\t\t\t\t\t\t\t\t\t<area\n\t\t\t\t\tshape=\"polygon\"\n\t\t\t\t\tcoords=\"877,887,878,967,1008,966,1006,888\"\n\t\t\t\t\thref=\"https:\/\/oxfordbrazilebm.com\/index.php\/ferramentas-de-avaliacao-critica-de-artigos-11\/\"\n\t\t\t\t\trel=\"\"\n\t\t\t\t\ttitle=\"\"\n\t\t\t\t\talt=\"\"\n\t\t\t\t\tdata-action=\"url\"\n\t\t\t\t\tdata-color-scheme=\"\"\n\t\t\t\t\ttarget=\"\"\n\t\t\t\t\tclass=\"url-area\"\n\t\t\t\t\t>\n\t\t\t\t\t\t\t\t\t\t\t<area\n\t\t\t\t\tshape=\"polygon\"\n\t\t\t\t\tcoords=\"1039,888,1039,967,1167,967,1168,887\"\n\t\t\t\t\thref=\"https:\/\/oxfordbrazilebm.com\/index.php\/ferramentas-de-avaliacao-critica-de-artigos-12\/\"\n\t\t\t\t\trel=\"\"\n\t\t\t\t\ttitle=\"\"\n\t\t\t\t\talt=\"\"\n\t\t\t\t\tdata-action=\"url\"\n\t\t\t\t\tdata-color-scheme=\"\"\n\t\t\t\t\ttarget=\"\"\n\t\t\t\t\tclass=\"url-area\"\n\t\t\t\t\t>\n\t\t\t\t\t\t\t\t\t\t\t<area\n\t\t\t\t\tshape=\"polygon\"\n\t\t\t\t\tcoords=\"314,1051,314,1126,546,1125,547,1051\"\n\t\t\t\t\thref=\"https:\/\/oxfordbrazilebm.com\/index.php\/ferramentas-de-avaliacao-critica-de-artigos-13\/\"\n\t\t\t\t\trel=\"\"\n\t\t\t\t\ttitle=\"\"\n\t\t\t\t\talt=\"\"\n\t\t\t\t\tdata-action=\"url\"\n\t\t\t\t\tdata-color-scheme=\"\"\n\t\t\t\t\ttarget=\"\"\n\t\t\t\t\tclass=\"url-area\"\n\t\t\t\t\t>\n\t\t\t\t\t<\/map>\n\n\t\t\n\t\t\t\t\t\t\t\t\t\t\t\t\t\t\t\t\t\t\t\t\t\t\t\t\t\t\t\t\t\t\t\t\t\t\t\t\t\t\t\t\t\t\t\t\t<\/div>\n<p>&nbsp;<\/p>\n<p>[\/vc_column_text][\/vc_column][\/vc_row]<\/p>\n<\/div>","protected":false},"excerpt":{"rendered":"<p>[vc_row][vc_column width=&#8221;1\/6&#8243;][vc_icon icon_fontawesome=&#8221;fas fa-sitemap&#8221; color=&#8221;custom&#8221; css_animation=&#8221;fadeIn&#8221; link=&#8221;url:https%3A%2F%2Foxfordbrazilebm.com%2Findex.php%2Fferramentas-de-avaliacao-critica-de-artigos%2F|||&#8221; custom_color=&#8221;#004277&#8243;][\/vc_column][vc_column width=&#8221;2\/3&#8243;][\/vc_column][vc_column width=&#8221;1\/6&#8243;][vc_row_inner][vc_column_inner width=&#8221;1\/2&#8243;][vc_single_image image=&#8221;3100&#8243; alignment=&#8221;right&#8221; onclick=&#8221;custom_link&#8221; css=&#8221;.vc_custom_1591546261380{margin-right: -15px !important;}&#8221; link=&#8221;https:\/\/oxfordbrazilebm.com\/index.php\/ferramentas-de-avaliacao-critica-de-artigos\/&#8221;][\/vc_column_inner][vc_column_inner width=&#8221;1\/2&#8243;][vc_single_image image=&#8221;3099&#8243; onclick=&#8221;custom_link&#8221; css=&#8221;.vc_custom_1591546235688{margin-left: -15px !important;}&#8221; link=&#8221;https:\/\/oxfordbrazilebm.com\/index.php\/ferramentas-de-avaliacao-critica-de-artigos-br\/&#8221;][\/vc_column_inner][\/vc_row_inner][\/vc_column][\/vc_row][vc_row][vc_column css=&#8221;.vc_custom_1591497268942{margin-top: -15px !important;}&#8221;][vc_column_text] &nbsp; [\/vc_column_text][\/vc_column][\/vc_row]<\/p>\n","protected":false},"author":1,"featured_media":0,"parent":0,"menu_order":0,"comment_status":"closed","ping_status":"closed","template":"","meta":{"footnotes":""},"class_list":["post-2883","page","type-page","status-publish","hentry","description-off"],"_links":{"self":[{"href":"https:\/\/oxfordbrazilebm.com\/index.php\/wp-json\/wp\/v2\/pages\/2883","targetHints":{"allow":["GET"]}}],"collection":[{"href":"https:\/\/oxfordbrazilebm.com\/index.php\/wp-json\/wp\/v2\/pages"}],"about":[{"href":"https:\/\/oxfordbrazilebm.com\/index.php\/wp-json\/wp\/v2\/types\/page"}],"author":[{"embeddable":true,"href":"https:\/\/oxfordbrazilebm.com\/index.php\/wp-json\/wp\/v2\/users\/1"}],"replies":[{"embeddable":true,"href":"https:\/\/oxfordbrazilebm.com\/index.php\/wp-json\/wp\/v2\/comments?post=2883"}],"version-history":[{"count":23,"href":"https:\/\/oxfordbrazilebm.com\/index.php\/wp-json\/wp\/v2\/pages\/2883\/revisions"}],"predecessor-version":[{"id":3205,"href":"https:\/\/oxfordbrazilebm.com\/index.php\/wp-json\/wp\/v2\/pages\/2883\/revisions\/3205"}],"wp:attachment":[{"href":"https:\/\/oxfordbrazilebm.com\/index.php\/wp-json\/wp\/v2\/media?parent=2883"}],"curies":[{"name":"wp","href":"https:\/\/api.w.org\/{rel}","templated":true}]}}