{"id":2861,"date":"2020-05-20T03:23:10","date_gmt":"2020-05-20T02:23:10","guid":{"rendered":"http:\/\/oxfordbrazilebm.com\/?page_id=2861"},"modified":"2020-05-20T03:23:10","modified_gmt":"2020-05-20T02:23:10","slug":"trabalho-voluntario-durante-a-pandemia-da-covid-19-quais-sao-os-beneficios-potenciais-para-o-bem-estar-das-pessoas","status":"publish","type":"page","link":"https:\/\/oxfordbrazilebm.com\/index.php\/trabalho-voluntario-durante-a-pandemia-da-covid-19-quais-sao-os-beneficios-potenciais-para-o-bem-estar-das-pessoas\/","title":{"rendered":"Trabalho volunt\u00e1rio durante a pandemia da COVID-19: Quais s\u00e3o os benef\u00edcios potenciais para o bem-estar das pessoas?"},"content":{"rendered":"<div class=\"wpb-content-wrapper\"><p>[vc_row][vc_column][vc_column_text]Tradutores:\u00a0Airton Tetelbom Stein, Rachel Riera<\/p>\n<hr \/>\n<p>&nbsp;<\/p>\n<p>&nbsp;<\/p>\n<p style=\"text-align: justify;\"><strong>PARECER<\/strong><\/p>\n<p style=\"text-align: justify;\">H\u00e1 evid\u00eancias fracas associando positivamente o voluntariado ao bem-estar. Para que este benef\u00edcio ocorra, as pessoas precisariam sentir que o que fazem provavelmente faz a diferen\u00e7a e \u00e9 valorizado. Essa ideia de &#8220;import\u00e2ncia ou relev\u00e2ncia&#8221; destaca o fato de que, embora n\u00e3o seja uma raz\u00e3o expl\u00edcita para o voluntariado, a reciprocidade pode ser importante para que algu\u00e9m continue empreendendo esse trabalho e ganhe psicologicamente com ele.<\/p>\n<p>&nbsp;<\/p>\n<p style=\"text-align: justify;\">Considerando os muitos desafios apresentados pela pandemia da Covid-19, uma demonstra\u00e7\u00e3o de solidariedade por meio do voluntariado \u00e9 animadora. Dentro de 24 horas ap\u00f3s um chamado governamental para que os cidad\u00e3os se alistassem no <a href=\"https:\/\/www.theguardian.com\/world\/2020\/mar\/25\/astonishing-170000-people-sign-up-to-be-nhs-volunteers-in-15-hours-coronavirus\">ex\u00e9rcito de volunt\u00e1rios<\/a> do <em>National Health Service<\/em> (NHS, portugu\u00eas: Sistema Nacional de Sa\u00fade do Reino Unido), 500.000 pessoas haviam se inscrito. No in\u00edcio de abril, mais de <a href=\"https:\/\/www.royalvoluntaryservice.org.uk\/news-and-events\/news\/nhs-army-of-volunteers-to-start-protecting-vulnerable-from-coronavirus-in-england\">750,000<\/a>\u00a0pessoas foram alistadas e come\u00e7aram a realizar <a href=\"https:\/\/www.theguardian.com\/world\/2020\/mar\/26\/ill-do-anything-coronavirus-volunteers-sign-up-to-help-nhs\">tarefas<\/a> como entregar medicamentos em farm\u00e1cias, levar pacientes a consultas ou fazer liga\u00e7\u00f5es telef\u00f4nicas regulares para indiv\u00edduos isolados. Profissionais de sa\u00fade, farmac\u00eauticos e funcion\u00e1rios das secretarias de sa\u00fade dos munic\u00edpios fazem o<em> upload<\/em> das solicita\u00e7\u00f5es coletadas por esses volunt\u00e1rios em um <a href=\"https:\/\/www.goodsamapp.org\/\">aplicativo espec\u00edfico<\/a>. Em outros locais fora do NHS, muitos outros <a href=\"https:\/\/doinggoodleeds.org.uk\/news\/2020\/03\/17\/become-a-community-care-volunteer-to-help-with-covid-19\/\">esfor\u00e7os volunt\u00e1rios<\/a> foram estabelecidos <a href=\"https:\/\/www.theguardian.com\/world\/2020\/mar\/16\/covid-19-mutual-aid-how-to-help-the-vulnerable-near-you\">em resposta<\/a> \u00e0 pandemia da Covid-19. Neste blog, n\u00f3s exploramos porque as pessoas podem ser atra\u00eddas para o voluntariado neste momento, o que elas podem ganhar com isso, e que li\u00e7\u00f5es o NHS pode aprender ao aproveitar o entusiasmo do p\u00fablico para oferecer assist\u00eancia.<\/p>\n<p style=\"text-align: justify;\"><strong>POR QUE AS PESSOAS PODEM ESTAR DISPOSTAS A SEREM VOLUNT\u00c1RIAS DURANTE A PANDEMIA DA COVID-19?<\/strong><\/p>\n<p style=\"text-align: justify;\">Uma r\u00e1pida an\u00e1lise das reportagens da m\u00eddia sobre os motivos do voluntariado durante a pandemia da Covid-19 destaca que algumas pessoas querem &#8220;<a href=\"https:\/\/www.theguardian.com\/world\/2020\/mar\/26\/ill-do-anything-coronavirus-volunteers-sign-up-to-help-nhs\">\u2018retribuir<\/a>&#8220;, tendo recebido apoio do NHS para uma doen\u00e7a anterior; que isso pode ajudar as pessoas a sentirem que est\u00e3o <a href=\"https:\/\/www.theguardian.com\/world\/2020\/mar\/26\/ill-do-anything-coronavirus-volunteers-sign-up-to-help-nhs\">fazendo algo<\/a> em um momento de crise; ou que isso lhes permite lidar com <a href=\"https:\/\/www.theguardian.com\/world\/2020\/mar\/26\/ill-do-anything-coronavirus-volunteers-sign-up-to-help-nhs\">relatos<\/a>\u00a0 tristes que ouvem todos os dias na m\u00eddia. Estas not\u00edcias mostram que as pessoas se oferecem como volunt\u00e1rias, antecipando que <a href=\"https:\/\/www.bbc.co.uk\/news\/uk-england-51821470\">podem precisar de ajuda<\/a> no futuro, caso apresentem com uma infec\u00e7\u00e3o pelo v\u00edrus. Um senso de <a href=\"https:\/\/www.bbc.co.uk\/news\/uk-england-51978388\">solidariedade<\/a> tamb\u00e9m pode ser estabelecido atrav\u00e9s da uni\u00e3o de outros no trabalho em prol de um prop\u00f3sito comum.<\/p>\n<p style=\"text-align: justify;\">Na crise atual, o voluntariado pode ser reconfortante, ajudando as pessoas a superar sentimentos de in\u00e9rcia e desamparo (pois se encontram separadas de entes queridos e testemunham relatos sobre defici\u00eancias na infraestrutura familiar &#8211; sa\u00fade, governo, abastecimento de alimentos). Uma <a href=\"https:\/\/link.springer.com\/article\/10.1007\/s11266-015-9548-4\">revis\u00e3o<\/a>\u00a0 de 33 artigos sobre motivos para o engajamento voluntariado durante emerg\u00eancias, sugeriu que, mesmo em uma situa\u00e7\u00e3o considerada emocionalmente cat\u00e1rtica, estar ligado a uma causa pode ser um fator-chave para encontrar consolo em colaborar com outros para um objetivo em comum.<\/p>\n<p style=\"text-align: justify;\"><strong>\u00a0<\/strong><\/p>\n<p style=\"text-align: justify;\"><strong>O QUE SABEMOS SOBRE OS BENEF\u00cdCIOS QUE O VOLUNTARIADO TRAZ PARA A SA\u00daDE?<\/strong><\/p>\n<p style=\"text-align: justify;\">Os volunt\u00e1rios podem referir que recebem um retorno de seus esfor\u00e7os tanto no n\u00edvel individual quanto nas organiza\u00e7\u00f5es que est\u00e3o apoiando. As evid\u00eancias mostram que o voluntariado pode alterar a <a href=\"https:\/\/www.ncbi.nlm.nih.gov\/pubmed\/12473312\">autopercep\u00e7\u00e3o<\/a>, permitindo \u00e0s pessoas construir confian\u00e7a e autoestima e aprender novas habilidades. Isto pode ajudar a combater o baixo humor, produzindo um pensamento mais positivo. Tamb\u00e9m tem sido sugerido que o voluntariado pode <a href=\"https:\/\/www.ncbi.nlm.nih.gov\/pubmed\/18198690\">afirmar<\/a> a pr\u00f3pria identidade social, importante quando outros pap\u00e9is t\u00eam diminu\u00eddo (por exemplo, ap\u00f3s a aposentadoria, perda do parceiro, filhos crescendo).<\/p>\n<p style=\"text-align: justify;\">O voluntariado pode <a href=\"https:\/\/www.ncbi.nlm.nih.gov\/pubmed\/18198690\">promover<\/a> bem-estar, em especial entre aqueles com poucas conex\u00f5es sociais. Ao ampliar suas redes atrav\u00e9s do voluntariado, as pessoas podem se sentir parte de uma comunidade que aumenta seu <a href=\"https:\/\/www.ncvo.org.uk\/images\/documents\/policy_and_research\/Impactful-volunteering-understanding-the-impact-of-volunteering-on-volunteers.pdf\">capital social<\/a>\u00a0 (por exemplo, recursos ou contatos aos quais podem recorrer para obter assist\u00eancia). O estabelecimento de <a href=\"https:\/\/www.annualreviews.org\/doi\/abs\/10.1146\/annurev.soc.26.1.215\">la\u00e7os sociais<\/a>\u00a0 la\u00e7os sociais gera confian\u00e7a, fazendo com que as pessoas se sintam mais <a href=\"https:\/\/www.ncbi.nlm.nih.gov\/pubmed\/12473312\">seguras<\/a>. Por\u00e9m, o contr\u00e1rio tamb\u00e9m pode ser verdade: que os la\u00e7os sociais facilitam o voluntariado, de forma que aqueles com <a href=\"https:\/\/www.annualreviews.org\/doi\/abs\/10.1146\/annurev.soc.26.1.215\">redes sociais existentes e bem desenvolvidas<\/a> podem estar mais expostos e ouvir falar de oportunidades de voluntariado. Aqueles de origem <a href=\"https:\/\/almanac.fc.production.ncvocloud.net\/executive-summary\/\">carente ou desfavorecida<\/a> s\u00e3o reportados como volunt\u00e1rios com <a href=\"https:\/\/www.ncvo.org.uk\/images\/documents\/policy_and_research\/volunteering\/Volunteer-experience_Full-Report.pdf\">menor frequ\u00eancia<\/a>. Portanto, os benef\u00edcios do voluntariado dificilmente ser\u00e3o uniformes. Por exemplo, o voluntariado parece <a href=\"https:\/\/academic.oup.com\/psychsocgerontology\/article\/55\/5\/S308\/536418\">aumentar<\/a>\u00a0a satisfa\u00e7\u00e3o na vida das pessoas mais velhas (com mais de 60 anos) mais do que nas mais jovens. <a href=\"https:\/\/bmjopen.bmj.com\/content\/6\/8\/e011327\">Dados<\/a> da <em>British Household Panel Survey,<\/em> adotando uma abordagem de curso de vida, sugerem que um impacto positivo resultante do voluntariado \u00e9 mais pronunciado durante a meia-idade e idade avan\u00e7ada. Seus autores propuseram que, numa fase anterior da vida, as pessoas vejam o voluntariado como algo que se encaixa ao lado de outros compromissos (por exemplo, estudar ou parentalidade). Entretanto, h\u00e1 relatos de voluntariado ajudando os <a href=\"https:\/\/www.tandfonline.com\/doi\/abs\/10.1080\/13573320802615288\">adolescentes<\/a> a se sentirem mais conectados socialmente, e isso pode <a href=\"https:\/\/www.gov.uk\/government\/publications\/national-citizen-service-evaluation-report-2016\">reduzi sua ansiedade<\/a>, se escolhidos por <a href=\"https:\/\/www.ncbi.nlm.nih.gov\/pubmed\/28888284\">livremente<\/a> e n\u00e3o por demanda.<\/p>\n<p style=\"text-align: justify;\">Os mais jovens s\u00e3o mais propensos a se <a href=\"https:\/\/www.kingsfund.org.uk\/sites\/default\/files\/field\/field_publication_file\/volunteering-in-health-and-social-care-kingsfund-mar13.pdf\">voluntariarem de modo irregular<\/a>. H\u00e1 evid\u00eancias de <a href=\"https:\/\/www.royalvoluntaryservice.org.uk\/Uploads\/Documents\/Reports%20and%20Reviews\/the_impact_of_volunteering_on_wellbeing_in_later_life.pdf\">dose-resposta<\/a>: mais voluntariado est\u00e1 ligado a <a href=\"https:\/\/www.ncbi.nlm.nih.gov\/pubmed\/18198690\">maiores recompensas<\/a> \u2013 embora <a href=\"https:\/\/onlinelibrary.wiley.com\/doi\/abs\/10.1111\/j.1573-7861.2012.01340.x\">nem todos os pesquisadores relatem esta associa\u00e7\u00e3o<\/a>. N\u00e3o est\u00e1 claro qual \u00e9 a <a href=\"https:\/\/www.ncvo.org.uk\/images\/documents\/policy_and_research\/Impactful-volunteering-understanding-the-impact-of-volunteering-on-volunteers.pdf\">dose ideal<\/a> para garantir os benef\u00edcios do voluntariado. Algumas pesquisas mostram a <a href=\"https:\/\/academic.oup.com\/gerontologist\/article\/48\/1\/59\/758987\">uma melhora mais evidente<\/a> no bem-estar psicol\u00f3gico entre aqueles que se envolvem em pelo menos 100 horas de atividade volunt\u00e1ria por ano. Outros estudos relatam que os benef\u00edcios diminuem ou <a href=\"https:\/\/academic.oup.com\/psychsocgerontology\/article\/58\/3\/S137\/583366\">n\u00e3o aumentam<\/a> ap\u00f3s mais de 100 horas por ano (2-3 horas por semana). Dados do <a href=\"https:\/\/almanac.fc.production.ncvocloud.net\/executive-summary\/\">National Council for Voluntary Organisations<\/a> (Conselho Nacional de Organiza\u00e7\u00f5es Volunt\u00e1rias) mostram que cerca de um quinto das pessoas no Reino Unido se voluntariam pelo menos uma vez por m\u00eas para um grupo, clube ou organiza\u00e7\u00e3o.<\/p>\n<p style=\"text-align: justify;\"><strong>A IDEIA DE \u201cIMPORT\u00c2NCIA\u201d<\/strong><\/p>\n<p style=\"text-align: justify;\"><a href=\"https:\/\/www.ncbi.nlm.nih.gov\/pubmed\/18198690\">Piliavin and Siegl<\/a> distinguem dois tipos de bem-estar:<\/p>\n<ul style=\"text-align: justify;\">\n<li>Bem-estar hed\u00f4nico: felicidade e satisfa\u00e7\u00e3o de se sentir bem com a pr\u00f3pria situa\u00e7\u00e3o, que pode vir de diferentes \u00e1reas da vida, incluindo socializar com amigos e ter <em>hobbies<\/em>;<\/li>\n<li>Bem-estar eudaim\u00f4nico: sentir-se bem consigo mesmo, por meio do servi\u00e7o aos outros, por exemplo.<\/li>\n<\/ul>\n<p style=\"text-align: justify;\">Pode haver uma s\u00e9rie de atividades que fazem a pessoa se sentir bem, mas o voluntariado permite que a pessoa se sinta <a href=\"https:\/\/www.ncbi.nlm.nih.gov\/pubmed\/18198690\">\u201cbem consigo mesma<\/a>&#8220;. Isto est\u00e1 relacionado \u00e0 no\u00e7\u00e3o de &#8220;<a href=\"https:\/\/onlinelibrary.wiley.com\/doi\/abs\/10.1002\/ajcp.12368\">import\u00e2ncia<\/a>&#8221; termo usado para descrever o sentimento valorizado e capaz de agregar valor. &#8220;<a href=\"https:\/\/psycnet.apa.org\/record\/1983-07744-001\">Import\u00e2ncia<\/a>&#8221; refere-se a uma percep\u00e7\u00e3o de que temos um papel no mundo, no qual nos sentimos notados e valorizados, e estamos dando valor aos outros. Tem sido ligado a melhor <a href=\"https:\/\/www.ncbi.nlm.nih.gov\/pubmed\/30684148\">autoestima<\/a>,\u00a0<a href=\"https:\/\/www.ncbi.nlm.nih.gov\/pubmed\/31407358\">autoaceita\u00e7\u00e3o, <\/a>e menos <a href=\"https:\/\/journals.sagepub.com\/doi\/10.1177\/019027250506800303\">depress\u00e3o<\/a>.<\/p>\n<p style=\"text-align: justify;\"><strong>\u00a0<\/strong><\/p>\n<p style=\"text-align: justify;\"><strong>EVID\u00caNCIAS <\/strong><\/p>\n<p style=\"text-align: justify;\">Embora haja <a href=\"https:\/\/helpforce.community\/wp-content\/uploads\/Helpforce-Can-volunteering-help-create-better-health-and-care.pdf\">evid\u00eancias<\/a> de que o voluntariado pode beneficiar a sa\u00fade emocional, o senso de si mesmo e a satisfa\u00e7\u00e3o com a vida, estudos de tais associa\u00e7\u00f5es muitas vezes derivam de estudos transversais e n\u00e3o de estudos de coorte prospectivos ou ensaios cl\u00ednicos controlados; portanto, pode ser que aqueles com melhor <a href=\"https:\/\/www.ncbi.nlm.nih.gov\/pubmed\/11467248\">sa\u00fade f\u00edsica e psicol\u00f3gica<\/a>, ou <a href=\"https:\/\/onlinelibrary.wiley.com\/doi\/abs\/10.1111\/j.1573-7861.2012.01340.x\">bem-estar social<\/a>, optem pelo voluntariado. <a href=\"https:\/\/www.ncvo.org.uk\/images\/documents\/policy_and_research\/Impactful-volunteering-understanding-the-impact-of-volunteering-on-volunteers.pdf\">Estudos longitudinai<\/a>s t\u00eam sugerido uma rela\u00e7\u00e3o potencialmente causal entre apresentar uma situa\u00e7\u00e3o saud\u00e1vel e voluntariado, mas sem dados incluindo mais compara\u00e7\u00e3o \u00e9 dif\u00edcil ter certeza se outros fatores est\u00e3o envolvidos. Al\u00e9m disso, tais benef\u00edcios n\u00e3o est\u00e3o necessariamente <a href=\"https:\/\/bmcpublichealth.biomedcentral.com\/articles\/10.1186\/1471-2458-13-773\">refletidos nos resultados dos estudos.<\/a><\/p>\n<p style=\"text-align: justify;\">Outro problema na pesquisa deste t\u00f3pico \u00e9 que o que constitui o voluntariado \u00e9 abrangente, dificultando as compara\u00e7\u00f5es entre estudos; ele cobre uma infinidade de atividades heterog\u00eaneas, portanto provavelmente \u00e9 enganoso tratar todo o voluntariado como se fosse o mesmo ao considerar suas consequ\u00eancias para a sa\u00fade individual. Isto se estenderia a quais desfechos s\u00e3o avaliados; os desfechos devem ser <a href=\"https:\/\/bmcpublichealth.biomedcentral.com\/articles\/10.1186\/1471-2458-13-773\">mensur\u00e1veis<\/a> com a atividade volunt\u00e1ria (por exemplo, n\u00e3o esperar melhor condi\u00e7\u00e3o f\u00edsica de um programa volunt\u00e1rio que envolve leitura para crian\u00e7as na escola).<\/p>\n<p style=\"text-align: justify;\"><strong>O QUE O NHS PODE APRENDER SOBRE O VOLUNTARIADO A PARTIR DA CRISE ATUAL?<\/strong><\/p>\n<p style=\"text-align: justify;\">O voluntariado no NHS n\u00e3o \u00e9 <a href=\"https:\/\/www.kingsfund.org.uk\/topics\/volunteers\">incomum<\/a>. Os volunt\u00e1rios liberam tempo para que o pessoal pago possa se concentrar nas tarefas cl\u00ednicas, enquanto ajudam as comunidades locais a se manterem em forma e bem. O plano de <a href=\"https:\/\/www.longtermplan.nhs.uk\/wp-content\/uploads\/2019\/08\/nhs-long-term-plan-version-1.2.pdf\">longo prazo<\/a> do NHS incluiu o objetivo de duplicar o n\u00famero de volunt\u00e1rios em toda a organiza\u00e7\u00e3o, em parte relacionado com o seu compromisso com a <a href=\"https:\/\/www.england.nhs.uk\/personalisedcare\/social-prescribing\/\">prescri\u00e7\u00e3o social.<\/a> Como os gestores de sa\u00fade e os decisores pol\u00edticos tentam criar uma <a href=\"https:\/\/helpforce.community\/wp-content\/uploads\/Helpforce-Can-volunteering-help-create-better-health-and-care.pdf\">cultura de participa\u00e7\u00e3o do NHS, .<\/a>eles devem assegurar que os volunt\u00e1rios experimentem uma sensa\u00e7\u00e3o de serem apreciados e que possam desempenhar <a href=\"https:\/\/journals.sagepub.com\/doi\/abs\/10.1177\/002214650704800408?casa_token=v5ZsI7Tw5PwAAAAA:tLnFhi1yCLFDOKzRD5nizkTQd77Arcv1pvMH8NQl1eAqTo2-tRD3JBPndQi3ys4gJC27hKkSirbu\">desempenhar um papel \u00fatil<\/a>; como foi dito acima, isto pode <a href=\"https:\/\/www.ncbi.nlm.nih.gov\/pubmed\/25150681\">aumentar<\/a>\u00a0o bem-estar dos volunt\u00e1rios. Por outro lado, uma <a href=\"https:\/\/www.ncbi.nlm.nih.gov\/pmc\/articles\/PMC6210510\/pdf\/ijerph-15-02123.pdf\">experi\u00eancia negativa<\/a> pode fazer as pessoas acreditarem que elas n\u00e3o s\u00e3o apreciadas. Isso pode acontecer quando os volunt\u00e1rios n\u00e3o s\u00e3o apoiados, o que pode deix\u00e1-los <a href=\"https:\/\/www.ncbi.nlm.nih.gov\/pmc\/articles\/PMC6250642\/\">sobrecarregados<\/a>.<\/p>\n<p style=\"text-align: justify;\">Um <a href=\"https:\/\/helpforce.community\/wp-content\/uploads\/Helpforce-Can-volunteering-help-create-better-health-and-care.pdf\">entendimento<\/a> claro sobre como os volunt\u00e1rios podem contribuir para os servi\u00e7os bem estabelecidos e o que eles podem e n\u00e3o podem fazer \u00e9 necess\u00e1rio, para evitar ambiguidade de pap\u00e9is. Pesquisas sugerem que alguns funcion\u00e1rios do NHS <a href=\"https:\/\/helpforce.community\/wp-content\/uploads\/Helpforce-Can-volunteering-help-create-better-health-and-care.pdf\">desconfiam<\/a> dos volunt\u00e1rios em seu local de trabalho e est\u00e3o preocupados com a <a href=\"https:\/\/www.kingsfund.org.uk\/sites\/default\/files\/field\/field_publication_file\/volunteering-in-health-and-social-care-kingsfund-mar13.pdf\">substitui\u00e7\u00e3o de empregos<\/a>. \u00c9, portanto, essencial distinguir entre as tarefas remuneradas e as contribui\u00e7\u00f5es dos volunt\u00e1rios. No ano passado, os sindicatos de sa\u00fade publicaram uma <a href=\"https:\/\/www.unison.org.uk\/content\/uploads\/2019\/04\/25525_Joint_unions_health_charter.pdf\">carta<\/a>, em parte para mitigar o medo sobre o uso de volunt\u00e1rios como uma alternativa barata ao pessoal pago e treinado, e para <a href=\"https:\/\/www.unison.org.uk\/news\/2019\/04\/new-charter-sets-role-volunteers-supporting-nhs\/\">assegurar<\/a> aos profissionais de sa\u00fade que os volunt\u00e1rios n\u00e3o estavam sendo introduzidos simplesmente em resposta a uma falta de pessoal.<\/p>\n<p style=\"text-align: justify;\">Um desfecho que leva a um benef\u00edcio com as habilidades, tempo e entusiasmo dos volunt\u00e1rios que est\u00e3o apoiando o NHS em resposta \u00e0 pandemia da Covid-19 pode exigir uma mudan\u00e7a cultural. <a href=\"https:\/\/helpforce.community\/wp-content\/uploads\/Helpforce-Can-volunteering-help-create-better-health-and-care.pdf\">Toda a organiza\u00e7\u00e3o <\/a>deve reconhecer a contribui\u00e7\u00e3o desses indiv\u00edduos, para evitar cinismo e desmotiva\u00e7\u00e3o. Como foi observado por <a href=\"https:\/\/helpforce.community\/wp-content\/uploads\/Helpforce-Can-volunteering-help-create-better-health-and-care.pdf\">Boyle e colaboradores <\/a>&#8220;&#8230;isto vai levar a uma mudan\u00e7a de mentalidade, particularmente no NHS, que pode parecer ambivalente e de dif\u00edcil acesso, e o pior cen\u00e1rio, n\u00e3o valoriza&#8221;. Pode tamb\u00e9m haver a necessidade de uma transforma\u00e7\u00e3o de perceber os volunt\u00e1rios como m\u00e3o-de-obra barata, dispostos a aceitar quaisquer tarefas que lhes sejam atribu\u00eddas, sem muita orienta\u00e7\u00e3o ou encorajamento; \u00e9 prov\u00e1vel que os volunt\u00e1rios, mesmo que subconscientemente, estejam buscando alguns benef\u00edcios (por exemplo, sentir que est\u00e3o fazendo a diferen\u00e7a, conhecer pessoas ou desenvolver novas habilidades). Assim, aqueles que est\u00e3o identificando oportunidades de voluntariado podem precisar investir tempo no desenvolvimento de relacionamentos e na presta\u00e7\u00e3o de apoio e treinamento. O voluntariado n\u00e3o deve ser considerado como uma atividade sem custos; requer uma infraestrutura apropriada para ser bem sucedido, para que os volunt\u00e1rios sejam <a href=\"https:\/\/bura.brunel.ac.uk\/bitstream\/2438\/11581\/1\/FulltextThesis.pdf\">bem gerenciados.<\/a>.<\/p>\n<p style=\"text-align: justify;\"><strong>CONCLUS\u00c3O<\/strong><\/p>\n<p style=\"text-align: justify;\">Uma forma potencial de aumentar o bem-estar em tempo de crise pode ser estimular o sentimento de &#8220;import\u00e2ncia&#8221; das pessoas, atrav\u00e9s do voluntariado. Isto pode trazer benef\u00edcios particulares para os membros mais velhos da popula\u00e7\u00e3o, permitindo-lhes estabelecer um forte papel social e v\u00ednculos. Mas como eles correm um risco particular de sofrer efeitos negativos ao apresentarem Covid-19, o voluntariado pode ser limitado no momento por orienta\u00e7\u00f5es para evitar contatos sociais.<\/p>\n<p style=\"text-align: justify;\">A impressionante resposta p\u00fablica durante a pandemia da Covid-19 mostra que existe um conjunto de indiv\u00edduos consider\u00e1vel, potencialmente inexplorado, para o NHS, embora o &#8220;ex\u00e9rcito volunt\u00e1rio&#8221; recentemente recrutado esteja oferecendo apoio e n\u00e3o trabalhando diretamente na organiza\u00e7\u00e3o em si (por exemplo, transportando equipamentos m\u00e9dicos, entregando medicamentos \u00e0s pessoas, levando pacientes a consultas, fazendo liga\u00e7\u00f5es telef\u00f4nicas para aqueles que est\u00e3o isolados em casa). Pode ser importante capitalizar o atual entusiasmo nacional pelo voluntariado, pois o pa\u00eds tem que lidar com as consequ\u00eancias sociais e econ\u00f4micas da Covid-19.<\/p>\n<p style=\"text-align: justify;\"><strong>Declara\u00e7\u00e3o de transpar\u00eancia:<\/strong> O artigo n\u00e3o foi revisto por pares; n\u00e3o deve substituir o julgamento cl\u00ednico individual e as fontes citadas devem ser verificadas. As opini\u00f5es expressas neste coment\u00e1rio representam as opini\u00f5es dos autores e n\u00e3o necessariamente as da institui\u00e7\u00e3o anfitri\u00e3, <em>NHS, NIHR, ou do Department of Health and Social Care<\/em>. Os pontos de vista n\u00e3o substituem o aconselhamento m\u00e9dico profissional.<\/p>\n<p style=\"text-align: justify;\"><strong>AUTORES<\/strong><\/p>\n<p style=\"text-align: justify;\">Agradecimentos: Agradecemos a Helen Gilbert e Jeffrey Aronson por coment\u00e1rios \u00fateis sobre um rascunho anterior. Ambos os autores s\u00e3o apoiados pelo NIHR School for Primary Care Research Evidence Synthesis Working Group [<a href=\"https:\/\/www.spcr.nihr.ac.uk\/eswg\">project 390<\/a>] e pela NIHR School for Primary Care Research [<a href=\"https:\/\/www.phc.ox.ac.uk\/research\/social-prescribing\/volunteering-and-social-prescribing\">project 483<\/a>].<\/p>\n<p>[\/vc_column_text][\/vc_column][\/vc_row]<\/p>\n<\/div>","protected":false},"excerpt":{"rendered":"<p>[vc_row][vc_column][vc_column_text]Tradutores:\u00a0Airton Tetelbom Stein, Rachel Riera &nbsp; &nbsp; PARECER H\u00e1 evid\u00eancias fracas associando positivamente o voluntariado ao bem-estar. Para que este benef\u00edcio ocorra, as pessoas precisariam sentir que o que fazem provavelmente faz a diferen\u00e7a e \u00e9 valorizado. Essa ideia de &#8220;import\u00e2ncia ou relev\u00e2ncia&#8221; destaca o fato de que, embora n\u00e3o seja uma raz\u00e3o expl\u00edcita para&hellip;<\/p>\n","protected":false},"author":1,"featured_media":0,"parent":0,"menu_order":0,"comment_status":"closed","ping_status":"closed","template":"","meta":{"footnotes":""},"class_list":["post-2861","page","type-page","status-publish","hentry","description-off"],"_links":{"self":[{"href":"https:\/\/oxfordbrazilebm.com\/index.php\/wp-json\/wp\/v2\/pages\/2861","targetHints":{"allow":["GET"]}}],"collection":[{"href":"https:\/\/oxfordbrazilebm.com\/index.php\/wp-json\/wp\/v2\/pages"}],"about":[{"href":"https:\/\/oxfordbrazilebm.com\/index.php\/wp-json\/wp\/v2\/types\/page"}],"author":[{"embeddable":true,"href":"https:\/\/oxfordbrazilebm.com\/index.php\/wp-json\/wp\/v2\/users\/1"}],"replies":[{"embeddable":true,"href":"https:\/\/oxfordbrazilebm.com\/index.php\/wp-json\/wp\/v2\/comments?post=2861"}],"version-history":[{"count":1,"href":"https:\/\/oxfordbrazilebm.com\/index.php\/wp-json\/wp\/v2\/pages\/2861\/revisions"}],"predecessor-version":[{"id":2862,"href":"https:\/\/oxfordbrazilebm.com\/index.php\/wp-json\/wp\/v2\/pages\/2861\/revisions\/2862"}],"wp:attachment":[{"href":"https:\/\/oxfordbrazilebm.com\/index.php\/wp-json\/wp\/v2\/media?parent=2861"}],"curies":[{"name":"wp","href":"https:\/\/api.w.org\/{rel}","templated":true}]}}