{"id":2814,"date":"2020-05-18T03:48:18","date_gmt":"2020-05-18T02:48:18","guid":{"rendered":"http:\/\/oxfordbrazilebm.com\/?page_id=2814"},"modified":"2020-05-18T03:57:06","modified_gmt":"2020-05-18T02:57:06","slug":"covid-19-conhecendo-o-desconhecido-nas-infeccoes-respiratorias-agudas","status":"publish","type":"page","link":"https:\/\/oxfordbrazilebm.com\/index.php\/covid-19-conhecendo-o-desconhecido-nas-infeccoes-respiratorias-agudas\/","title":{"rendered":"Covid-19: Compreender o desconhecido nas Infec\u00e7\u00f5es Respirat\u00f3rias Agudas"},"content":{"rendered":"<div class=\"wpb-content-wrapper\"><p>[vc_row][vc_column][vc_column_text]Tradutores:\u00a0Airton Tetelbom Stein, Ana Luiza Cabrera Martimbianco<\/p>\n<hr \/>\n<p>&nbsp;<\/p>\n<p>&nbsp;<\/p>\n<p style=\"text-align: justify;\">11 de maio de 2020<\/p>\n<p style=\"text-align: justify;\">Tom Jefferson, Carl Heneghan<\/p>\n<p>&nbsp;<\/p>\n<p style=\"text-align: justify;\">Ao se aproximarem de Vilnius, no in\u00edcio de dezembro de 1812, quando o ex\u00e9rcito de Napole\u00e3o estava arruinado e congelado, o qual outrora era poderoso, eles viram \u00e0 sua frente a primeira cidade murada e intacta que tinham visto por muitos meses.<\/p>\n<p style=\"text-align: justify;\">Vilnius tinha dez port\u00f5es. Oficiais tinham sido colocados em frente a muralha para direcionar os diferentes grupos para cada port\u00e3o. No entanto, todos os soldados foram para a entrada mais pr\u00f3xima: o Port\u00e3o do Amanhecer. Esta \u00e9 uma entrada estreita em forma de t\u00fanel que foi rapidamente sobrecarregada pelos soldados muito emagrecidos, carruagens e artilharia. O port\u00e3o foi transformado em uma cena de horror, com dezenas de pessoas literalmente esmagadas at\u00e9 a morte pelo \u00edmpeto dos que estavam atr\u00e1s deles. <a href=\"http:\/\/www.thehistoryblog.com\/archives\/37667\">Os efeitos podem ser vistos hoje nos cad\u00e1veres daqueles que pereceram<\/a>.<\/p>\n<p style=\"text-align: justify;\">Notavelmente, aqueles que se aproximavam do port\u00e3o e podiam ver o que se passava, adicionavam a situa\u00e7\u00e3o de esmagamento, e poucos buscavam outros port\u00f5es. A longa e dolorosa retirada de Moscou os transformou em um rebanho de ovelhas, cada um seguindo as pegadas da pessoa \u00e0 sua frente.<\/p>\n<p style=\"text-align: justify;\">Desde meados da d\u00e9cada de 1990, supostamente, estamos nos preparando para uma pandemia. Grande parte da prepara\u00e7\u00e3o tem sido focada em um agente, a influenza &#8211; e o pensamento do rebanho &#8211; apesar de dois avisos: SARs-Co-V-1 e MERS.<\/p>\n<p style=\"text-align: justify;\">Quantidades maci\u00e7as de recursos foram investidas no armazenamento de tratamentos espec\u00edficos ou produtos biol\u00f3gicos preventivos que nunca foram testados adequadamente e pouco utilizados. No entanto, sua capacidade de impedir a propaga\u00e7\u00e3o da influenza \u00e9 discut\u00edvel.<\/p>\n<p style=\"text-align: justify;\">Estudos de vigil\u00e2ncia realizados em popula\u00e7\u00f5es inteiras definidas (geralmente asilos ou acomoda\u00e7\u00f5es de estudantes) durante um per\u00edodo de tempo definido nos deram uma vis\u00e3o valiosa sobre o que est\u00e1 realmente acontecendo.<\/p>\n<p style=\"text-align: justify;\">Incid\u00eancia Proporcional da Epidemiologia (IPE)<\/p>\n<p style=\"text-align: justify;\">Em um estudo IPE todos os participantes ou uma amostra verdadeiramente aleat\u00f3ria s\u00e3o coletados (algo que a vigil\u00e2ncia de rotina n\u00e3o pode realizar). H\u00e1 uma outra fonte de informa\u00e7\u00e3o que pode nos ajudar, que \u00e9 o bra\u00e7o de controle dos estudos formais sobre vacinas contra influenza e antivirais. Aqui novamente, a vigil\u00e2ncia e o acompanhamento s\u00e3o intensivos seguindo o protocolo.<\/p>\n<p style=\"text-align: justify;\">A figura abaixo \u00e9 uma estratifica\u00e7\u00e3o dos dados agrupados dos bra\u00e7os de controle com revis\u00f5es da Cochrane (1.200.000 observa\u00e7\u00f5es de 356 conjuntos de dados) e 59 conjuntos de dados de estudos de tortas (29.525 observa\u00e7\u00f5es).<\/p>\n<p style=\"text-align: justify;\"><img loading=\"lazy\" decoding=\"async\" class=\"alignnone size-full wp-image-2815\" src=\"http:\/\/oxfordbrazilebm.com\/wp-content\/uploads\/2020\/05\/30_img031.jpg\" alt=\"\" width=\"442\" height=\"241\" srcset=\"https:\/\/oxfordbrazilebm.com\/wp-content\/uploads\/2020\/05\/30_img031.jpg 442w, https:\/\/oxfordbrazilebm.com\/wp-content\/uploads\/2020\/05\/30_img031-300x164.jpg 300w\" sizes=\"auto, (max-width: 442px) 100vw, 442px\" \/><\/p>\n<p>&nbsp;<\/p>\n<p style=\"text-align: justify;\">O que isto mostra \u00e9 que h\u00e1 muito mais agentes que causam a doen\u00e7a tipo Influenza (DTI).<\/p>\n<p style=\"text-align: justify;\">Se projetada em uma popula\u00e7\u00e3o de 10.000 pessoas de todas as idades, a incid\u00eancia de DTI \u00e9 de 700\/10000 e a maior parte dos agentes \u00e9 atualmente desconhecida.<\/p>\n<p style=\"text-align: justify;\">A lista de agentes inclui:<\/p>\n<ul style=\"text-align: justify;\">\n<li>Influenza (11%)<\/li>\n<li>V\u00edrus Respirat\u00f3rio Sincicial: VRS (6,1%)<\/li>\n<li>Rinov\u00edrus (3,3%)<\/li>\n<li>V\u00edrus Parainfluenza (2,5%)<\/li>\n<li>Outros agentes (9,1%). Estes provavelmente incluem metapneumoviridae, coronoviridae e echoviridae.<\/li>\n<li>Desconhecido (68~%)<\/li>\n<\/ul>\n<p style=\"text-align: justify;\"><a href=\"https:\/\/www.cebm.net\/covid-19\/what-does-rcgp-surveillance-tell-us-about-covid-19-in-the-community\/\">Em nosso artigo sobre vigil\u00e2ncia Col\u00e9gio Real de M\u00e9dicos de Fam\u00edlia (RCGP)<\/a>, observamos que durante a \u00faltima semana para a qual h\u00e1 dados dispon\u00edveis (semana 17 de 2020) de 428 amostras comunit\u00e1rias, 353 (82,5%) eram agentes desconhecidos, e apenas 75 (17,5%) foram positivos para a COVID 19.<\/p>\n<p style=\"text-align: justify;\">Al\u00e9m disso, <a href=\"https:\/\/err.ersjournals.com\/content\/25\/140\/178\">v\u00e1rios estudos mostram<\/a> que h\u00e1 uma alta propor\u00e7\u00e3o de infec\u00e7\u00e3o viral em pacientes com pneumonia adquirida na comunidade. A OMS relata entre 1,6 e 2,2 milh\u00f5es de mortes em menores de 5 anos por causa de infec\u00e7\u00f5es respirat\u00f3rias agudas: <a href=\"https:\/\/www.sciencedirect.com\/topics\/medicine-and-dentistry\/viral-pneumonia\">40% delas s\u00e3o causadas por infec\u00e7\u00f5es virais<\/a>. Tanto em <a href=\"https:\/\/pubmed.ncbi.nlm.nih.gov\/14643533\/\">crian\u00e7as<\/a> quanto em <a href=\"https:\/\/pubmed.ncbi.nlm.nih.gov\/18689592\/\">adultos<\/a>, a Pneumonia Adquirida na Comunidade \u00e9 causada por uma variedade de pat\u00f3genos e em uma propor\u00e7\u00e3o, o agente muitas vezes permanece desconhecido.<\/p>\n<p style=\"text-align: justify;\">V\u00e1rias fontes diferentes mostram que uma grande propor\u00e7\u00e3o dos pat\u00f3genos implicados nas infec\u00e7\u00f5es respirat\u00f3rias \u00e9 desconhecida. Isto se deve devido a DTI n\u00e3o ter agente reconhecido, ou por erros na amostragem e testes realizados, ou alguns podem ter uma causa n\u00e3o-infecciosa.<\/p>\n<p style=\"text-align: justify;\">Este tipo de evid\u00eancia gera incertezas, mas tamb\u00e9m deve estimular mais pesquisas, pensamento mais amplo e uma abordagem mais flex\u00edvel para a prepara\u00e7\u00e3o para pandemias.<\/p>\n<p style=\"text-align: justify;\">At\u00e9 os sobreviventes da retirada de Moscou podem evitar as certezas oscilantes de nossos dias.<\/p>\n<p>[\/vc_column_text][\/vc_column][\/vc_row]<\/p>\n<\/div>","protected":false},"excerpt":{"rendered":"<p>[vc_row][vc_column][vc_column_text]Tradutores:\u00a0Airton Tetelbom Stein, Ana Luiza Cabrera Martimbianco &nbsp; &nbsp; 11 de maio de 2020 Tom Jefferson, Carl Heneghan &nbsp; Ao se aproximarem de Vilnius, no in\u00edcio de dezembro de 1812, quando o ex\u00e9rcito de Napole\u00e3o estava arruinado e congelado, o qual outrora era poderoso, eles viram \u00e0 sua frente a primeira cidade murada e intacta&hellip;<\/p>\n","protected":false},"author":1,"featured_media":0,"parent":0,"menu_order":0,"comment_status":"closed","ping_status":"closed","template":"","meta":{"footnotes":""},"class_list":["post-2814","page","type-page","status-publish","hentry","description-off"],"_links":{"self":[{"href":"https:\/\/oxfordbrazilebm.com\/index.php\/wp-json\/wp\/v2\/pages\/2814","targetHints":{"allow":["GET"]}}],"collection":[{"href":"https:\/\/oxfordbrazilebm.com\/index.php\/wp-json\/wp\/v2\/pages"}],"about":[{"href":"https:\/\/oxfordbrazilebm.com\/index.php\/wp-json\/wp\/v2\/types\/page"}],"author":[{"embeddable":true,"href":"https:\/\/oxfordbrazilebm.com\/index.php\/wp-json\/wp\/v2\/users\/1"}],"replies":[{"embeddable":true,"href":"https:\/\/oxfordbrazilebm.com\/index.php\/wp-json\/wp\/v2\/comments?post=2814"}],"version-history":[{"count":4,"href":"https:\/\/oxfordbrazilebm.com\/index.php\/wp-json\/wp\/v2\/pages\/2814\/revisions"}],"predecessor-version":[{"id":2820,"href":"https:\/\/oxfordbrazilebm.com\/index.php\/wp-json\/wp\/v2\/pages\/2814\/revisions\/2820"}],"wp:attachment":[{"href":"https:\/\/oxfordbrazilebm.com\/index.php\/wp-json\/wp\/v2\/media?parent=2814"}],"curies":[{"name":"wp","href":"https:\/\/api.w.org\/{rel}","templated":true}]}}