{"id":2807,"date":"2020-05-18T03:32:25","date_gmt":"2020-05-18T02:32:25","guid":{"rendered":"http:\/\/oxfordbrazilebm.com\/?page_id=2807"},"modified":"2020-05-18T03:32:25","modified_gmt":"2020-05-18T02:32:25","slug":"efeito-da-latitude-no-covid-19","status":"publish","type":"page","link":"https:\/\/oxfordbrazilebm.com\/index.php\/efeito-da-latitude-no-covid-19\/","title":{"rendered":"Efeito da Latitude no COVID-19"},"content":{"rendered":"<div class=\"wpb-content-wrapper\"><p>[vc_row][vc_column][vc_column_text]Tradutores:\u00a0Branca Heloisa de Oliveira, Enderson Miranda<\/p>\n<hr \/>\n<p>&nbsp;<\/p>\n<p>&nbsp;<\/p>\n<p style=\"text-align: left;\">Efeito da Latitude no COVID-19<\/p>\n<p style=\"text-align: left;\">27 de abril de 2020<\/p>\n<p style=\"text-align: right;\">Carl Heneghan e Tom Jefferson<\/p>\n<p>&nbsp;<\/p>\n<p style=\"text-align: justify;\">Recentemente, realizamos uma <a href=\"https:\/\/www.cebm.net\/covid-19\/do-weather-conditions-influence-the-transmission-of-the-coronavirus-sars-cov-2\/\">revis\u00e3o r\u00e1pida de evid\u00eancias<\/a> para explorar se as condi\u00e7\u00f5es clim\u00e1ticas podem influenciar a dissemina\u00e7\u00e3o do SARS-CoV-2.<\/p>\n<p style=\"text-align: justify;\">As evid\u00eancias sugerem que as condi\u00e7\u00f5es meteorol\u00f3gicas podem influenciar a transmiss\u00e3o. Temperaturas baixas e condi\u00e7\u00f5es de ar seco parecem aumentar a propaga\u00e7\u00e3o.<\/p>\n<p style=\"text-align: justify;\">Para analisar isso melhor e tentar explicar por que alguns pa\u00edses s\u00e3o desproporcionalmente afetados (consulte <a href=\"https:\/\/www.cebm.net\/covid-19\/six-countries-three-quarters-of-the-covid-deaths\/\">Seis pa\u00edses: tr\u00eas quartos das mortes de COVID-19<\/a>), analisamos o efeito da latitude nas mortes e casos globais por milh\u00e3o no Hemisf\u00e9rio Norte e tamb\u00e9m no mundo.<\/p>\n<p style=\"text-align: justify;\">Para fazer isso, baixamos os dados de cada pa\u00eds usando o site <a href=\"https:\/\/www.worldometers.info\/coronavirus\/\">Worldometer<\/a> e tamb\u00e9m informa\u00e7\u00f5es sobre a Latitude de cada pa\u00eds. Inclu\u00edmos 128 pa\u00edses com mais de 5 mortes relatadas pelo COVID e, em seguida, plotamos a latitude espec\u00edfica de cada pa\u00eds versus mortes e casos por milh\u00e3o. Utilizamos uma linha de tend\u00eancia logar\u00edtmica para avaliar a associa\u00e7\u00e3o e o valor de R<sup>2<\/sup> para estimar o ajuste.<\/p>\n<p style=\"text-align: justify;\">Dados atualizados em 29 de abril<\/p>\n<p style=\"text-align: justify;\">Latitude vs. Mortes \/ Milh\u00e3o de Popula\u00e7\u00e3o no Hemisf\u00e9rio Norte<\/p>\n<p style=\"text-align: justify;\"><img loading=\"lazy\" decoding=\"async\" class=\"alignnone size-full wp-image-2808\" src=\"http:\/\/oxfordbrazilebm.com\/wp-content\/uploads\/2020\/05\/30_img021.jpg\" alt=\"\" width=\"553\" height=\"348\" srcset=\"https:\/\/oxfordbrazilebm.com\/wp-content\/uploads\/2020\/05\/30_img021.jpg 553w, https:\/\/oxfordbrazilebm.com\/wp-content\/uploads\/2020\/05\/30_img021-300x189.jpg 300w\" sizes=\"auto, (max-width: 553px) 100vw, 553px\" \/><\/p>\n<p style=\"text-align: justify;\">Latitude vs. Casos \/ Milh\u00e3o de Popula\u00e7\u00e3o no Hemisf\u00e9rio Norte<\/p>\n<p style=\"text-align: justify;\"><img loading=\"lazy\" decoding=\"async\" class=\"alignnone size-full wp-image-2809\" src=\"http:\/\/oxfordbrazilebm.com\/wp-content\/uploads\/2020\/05\/30_img022.jpg\" alt=\"\" width=\"553\" height=\"346\" srcset=\"https:\/\/oxfordbrazilebm.com\/wp-content\/uploads\/2020\/05\/30_img022.jpg 553w, https:\/\/oxfordbrazilebm.com\/wp-content\/uploads\/2020\/05\/30_img022-300x188.jpg 300w\" sizes=\"auto, (max-width: 553px) 100vw, 553px\" \/><\/p>\n<p style=\"text-align: justify;\">N\u00famero de Mortes \/ Milh\u00e3o de Popula\u00e7\u00e3o Globalmente<\/p>\n<p style=\"text-align: justify;\"><img loading=\"lazy\" decoding=\"async\" class=\"alignnone size-full wp-image-2810\" src=\"http:\/\/oxfordbrazilebm.com\/wp-content\/uploads\/2020\/05\/30_img023.jpg\" alt=\"\" width=\"553\" height=\"346\" srcset=\"https:\/\/oxfordbrazilebm.com\/wp-content\/uploads\/2020\/05\/30_img023.jpg 553w, https:\/\/oxfordbrazilebm.com\/wp-content\/uploads\/2020\/05\/30_img023-300x188.jpg 300w\" sizes=\"auto, (max-width: 553px) 100vw, 553px\" \/><\/p>\n<p style=\"text-align: justify;\">Latitude vs. Casos \/ Milh\u00e3o de Popula\u00e7\u00e3o Globalmente.<\/p>\n<p style=\"text-align: justify;\"><img loading=\"lazy\" decoding=\"async\" class=\"alignnone size-full wp-image-2811\" src=\"http:\/\/oxfordbrazilebm.com\/wp-content\/uploads\/2020\/05\/30_img024.jpg\" alt=\"\" width=\"553\" height=\"348\" srcset=\"https:\/\/oxfordbrazilebm.com\/wp-content\/uploads\/2020\/05\/30_img024.jpg 553w, https:\/\/oxfordbrazilebm.com\/wp-content\/uploads\/2020\/05\/30_img024-300x189.jpg 300w\" sizes=\"auto, (max-width: 553px) 100vw, 553px\" \/><\/p>\n<p>&nbsp;<\/p>\n<p style=\"text-align: justify;\">O que isto significa?<\/p>\n<p style=\"text-align: justify;\">Com dados at\u00e9 28 de abril, nestes 128 pa\u00edses inclu\u00eddos, existe uma associa\u00e7\u00e3o entre latitude, mortes e casos de COVID por milh\u00e3o de habitantes<\/p>\n<ul style=\"text-align: justify;\">\n<li>Taxas de mortalidade (R<sup>2<\/sup> = 0,30 Hemisf\u00e9rio Norte, 0,20 Globalmente)<\/li>\n<li>Taxas de casos (R<sup>2<\/sup> = 0,35, Hemisf\u00e9rio Norte, R<sup>2<\/sup> = 0,23 Globalmente).<\/li>\n<\/ul>\n<p style=\"text-align: justify;\">Isso n\u00e3o mudou desde o dia 26 de abril, quando atualizamos os dados sobre as mortes.<\/p>\n<ul style=\"text-align: justify;\">\n<li>Taxas de mortalidade (R<sup>2<\/sup> = 0,29 Hemisf\u00e9rio Norte, 0,21 Globalmente)<\/li>\n<li>Taxas de casos (R<sup>2<\/sup> = 0,35, Hemisf\u00e9rio Norte, R<sup>2<\/sup> = 0,23 Globalmente).<\/li>\n<\/ul>\n<p style=\"text-align: justify;\">Essa rela\u00e7\u00e3o gradiente tamb\u00e9m pode ser observada dentro de alguns pa\u00edses, como a It\u00e1lia, onde o norte do pa\u00eds foi mais impactado do que o sul, mas n\u00e3o em outros. Por exemplo, n\u00e3o observamos uma associa\u00e7\u00e3o nos Estados Unidos quando analisamos mortes e casos pela latitude de cada estado.<\/p>\n<p style=\"text-align: justify;\">No <a href=\"https:\/\/www.ncbi.nlm.nih.gov\/pmc\/articles\/PMC2870397\/\">surto anterior de SARs<\/a>, o risco de aumento da incid\u00eancia di\u00e1ria de SARS em Hong Kong foi maior em dias com temperatura do ar mais baixa do que em dias com temperatura mais alta. Pensou-se ent\u00e3o que temperaturas e umidade mais baixas permitiriam a sobreviv\u00eancia prolongada de SARs nas superf\u00edcies.<\/p>\n<p style=\"text-align: justify;\">A <a href=\"https:\/\/www.hindawi.com\/journals\/av\/2011\/734690\/\">falta de atividade viral em pa\u00edses com alta temperatura e alta umidade<\/a> relativa pode explicar por que eles n\u00e3o t\u00eam grandes surtos de SARS na comunidade e por que acharam mais f\u00e1cil gerenciar o surto de SARs-CoV-2.<\/p>\n<p style=\"text-align: justify;\">No entanto, o alto uso de ar condicionado em hospitais ou hot\u00e9is (por exemplo, Cingapura e Hong Kong) facilitou a transmiss\u00e3o de SARs no surto de 2003, e seu impacto deve, portanto, ser urgentemente investigado.<\/p>\n<p style=\"text-align: justify;\">Este artigo tem v\u00e1rias limita\u00e7\u00f5es: o surto n\u00e3o acabou, a coleta e o relat\u00f3rio de dados de diferentes pa\u00edses s\u00e3o altamente vari\u00e1veis \u200b\u200be sujeitos a erros. A detec\u00e7\u00e3o de casos depende do tipo de testes aplicado, o que varia entre os pa\u00edses. Al\u00e9m disso, <a href=\"https:\/\/www.covid19healthsystem.org\/searchandcompare.aspx\">as respostas dos pa\u00edses ao surto t\u00eam sido diferente<\/a>, o que afetar\u00e1 as taxas de casos e mortes.<\/p>\n<p style=\"text-align: justify;\">A <a href=\"https:\/\/www.cebm.net\/covid-19\/covid-19-deaths-compared-with-swine-flu\/\">rela\u00e7\u00e3o com a sazonalidade<\/a> e evid\u00eancia de uma associa\u00e7\u00e3o <a href=\"https:\/\/www.cebm.net\/covid-19\/do-weather-conditions-influence-the-transmission-of-the-coronavirus-sars-cov-2\/\">com as condi\u00e7\u00f5es clim\u00e1ticas<\/a>a, a concentra\u00e7\u00e3o do impacto do COVID em um <a href=\"https:\/\/www.cebm.net\/covid-19\/six-countries-three-quarters-of-the-covid-deaths\/\">pequeno n\u00famero de pa\u00edses<\/a> e a associa\u00e7\u00e3o com a latitude fornecem evid\u00eancias de que fatores ambientais impactam a transmiss\u00e3o de SARs-CoV-2.<\/p>\n<p style=\"text-align: justify;\"><a href=\"https:\/\/www.ajicjournal.org\/article\/S0196-6553(05)00931-4\/fulltext\">Outros fatores ambientais<\/a> mostraram-se associados \u00e0 dissemina\u00e7\u00e3o de SARs em 2003, incluindo velocidade do vento, luz solar di\u00e1ria e press\u00e3o do ar, al\u00e9m de fatores ambientais, como <a href=\"https:\/\/www.sciencedirect.com\/science\/article\/pii\/S0033350606003283?via%3Dihub\">polui\u00e7\u00e3o<\/a> e densidade do ar. Esses fatores exigem investiga\u00e7\u00e3o e verifica\u00e7\u00e3o urgentes e devem ser considerados ao interpretar o que pode acontecer a seguir.<\/p>\n<p style=\"text-align: justify;\">Veja tamb\u00e9m:<\/p>\n<p style=\"text-align: justify;\"><a href=\"https:\/\/www.cebm.net\/covid-19\/covid-19-the-widow-of-hampstead-revisited\/\">COVID 19 &#8211; A vi\u00fava de Hampstead revisitada<\/a><\/p>\n<p style=\"text-align: justify;\"><a href=\"https:\/\/www.cebm.net\/covid-19\/covid-19-deaths-compared-with-swine-flu\/\">Mortes por COVID-19 em compara\u00e7\u00e3o com a \u201cgripe su\u00edna\u201d<\/a><\/p>\n<p style=\"text-align: justify;\"><a href=\"https:\/\/www.cebm.net\/covid-19\/six-countries-three-quarters-of-the-covid-deaths\/\">Seis pa\u00edses: tr\u00eas quartos das mortes por COVID<\/a><\/p>\n<p style=\"text-align: justify;\"><a href=\"https:\/\/www.cebm.net\/covid-19\/covid-19-global-charts-of-deaths-and-cases\/\">Gr\u00e1ficos Globais de Mortes<\/a> por COVID-19<\/p>\n<p style=\"text-align: justify;\">Aviso: este artigo n\u00e3o foi revisado por pares; n\u00e3o deve substituir o julgamento cl\u00ednico individual e as fontes citadas devem ser verificadas. As opini\u00f5es expressas neste coment\u00e1rio representam as opini\u00f5es dos autores e n\u00e3o necessariamente as da institui\u00e7\u00e3o anfitri\u00e3, do NHS, do NIHR ou do Departamento de Sa\u00fade e Assist\u00eancia Social. As opini\u00f5es n\u00e3o substituem aconselhamento m\u00e9dico profissional.<\/p>\n<p style=\"text-align: justify;\">Tom Jefferson \u00e9 tutor associado s\u00eanior e pesquisador honor\u00e1rio do Centro de Medicina Baseada em Evid\u00eancias da Universidade de Oxford. A declara\u00e7\u00e3o de divulga\u00e7\u00e3o est\u00e1 <a href=\"https:\/\/restoringtrials.org\/competing-interests-tom-jefferson\/\">aqui<\/a><\/p>\n<p style=\"text-align: justify;\">Carl Heneghan \u00e9 Professor de Medicina Baseada em Evid\u00eancias e Diretor do <a href=\"https:\/\/www.cebm.net\/\">Centro de Medicina Baseada em Evid\u00eancias<\/a>. A declara\u00e7\u00e3o de divulga\u00e7\u00e3o est\u00e1 <a href=\"https:\/\/www.phc.ox.ac.uk\/team\/carl-heneghan\">aqui<\/a><\/p>\n<p style=\"text-align: justify;\"><strong>Link da p\u00e1gina original<\/strong>: \u00a0<a href=\"https:\/\/www.cebm.net\/covid-19\/effect-of-latitude-on-covid-19\/\">https:\/\/www.cebm.net\/covid-19\/effect-of-latitude-on-covid-19\/<\/a><\/p>\n<p>[\/vc_column_text][\/vc_column][\/vc_row]<\/p>\n<\/div>","protected":false},"excerpt":{"rendered":"<p>[vc_row][vc_column][vc_column_text]Tradutores:\u00a0Branca Heloisa de Oliveira, Enderson Miranda &nbsp; &nbsp; Efeito da Latitude no COVID-19 27 de abril de 2020 Carl Heneghan e Tom Jefferson &nbsp; Recentemente, realizamos uma revis\u00e3o r\u00e1pida de evid\u00eancias para explorar se as condi\u00e7\u00f5es clim\u00e1ticas podem influenciar a dissemina\u00e7\u00e3o do SARS-CoV-2. As evid\u00eancias sugerem que as condi\u00e7\u00f5es meteorol\u00f3gicas podem influenciar a transmiss\u00e3o. Temperaturas&hellip;<\/p>\n","protected":false},"author":1,"featured_media":0,"parent":0,"menu_order":0,"comment_status":"closed","ping_status":"closed","template":"","meta":{"footnotes":""},"class_list":["post-2807","page","type-page","status-publish","hentry","description-off"],"_links":{"self":[{"href":"https:\/\/oxfordbrazilebm.com\/index.php\/wp-json\/wp\/v2\/pages\/2807","targetHints":{"allow":["GET"]}}],"collection":[{"href":"https:\/\/oxfordbrazilebm.com\/index.php\/wp-json\/wp\/v2\/pages"}],"about":[{"href":"https:\/\/oxfordbrazilebm.com\/index.php\/wp-json\/wp\/v2\/types\/page"}],"author":[{"embeddable":true,"href":"https:\/\/oxfordbrazilebm.com\/index.php\/wp-json\/wp\/v2\/users\/1"}],"replies":[{"embeddable":true,"href":"https:\/\/oxfordbrazilebm.com\/index.php\/wp-json\/wp\/v2\/comments?post=2807"}],"version-history":[{"count":1,"href":"https:\/\/oxfordbrazilebm.com\/index.php\/wp-json\/wp\/v2\/pages\/2807\/revisions"}],"predecessor-version":[{"id":2812,"href":"https:\/\/oxfordbrazilebm.com\/index.php\/wp-json\/wp\/v2\/pages\/2807\/revisions\/2812"}],"wp:attachment":[{"href":"https:\/\/oxfordbrazilebm.com\/index.php\/wp-json\/wp\/v2\/media?parent=2807"}],"curies":[{"name":"wp","href":"https:\/\/api.w.org\/{rel}","templated":true}]}}