{"id":27611,"date":"2021-10-19T02:04:19","date_gmt":"2021-10-19T05:04:19","guid":{"rendered":"https:\/\/oxfordbrazilebm.com\/?page_id=27611"},"modified":"2023-03-24T10:21:04","modified_gmt":"2023-03-24T13:21:04","slug":"vies-de-disponibilidade","status":"publish","type":"page","link":"https:\/\/oxfordbrazilebm.com\/index.php\/vies-de-disponibilidade\/","title":{"rendered":"Vi\u00e9s de disponibilidade"},"content":{"rendered":"<div class=\"wpb-content-wrapper\"><p>Unlike independent escorts, Dubai escorts are regulated and the girls that you meet will be working for an agency <a href=\"https:\/\/dubaiescortstate.com\/model\/busty-escorts\">dubai escort<\/a>. This means that they are vetted and know what they are doing.<\/p>\n<p>[vc_row bg_type=&#8221;bg_color&#8221; css=&#8221;.vc_custom_1572747881603{padding-top: 10px !important;padding-bottom: 10px !important;}&#8221; bg_color_value=&#8221;#f7f7f7&#8243;][vc_column width=&#8221;1\/3&#8243;][vc_column_text]<b>Nome original do vi\u00e9s: <\/b>Availability bias[\/vc_column_text][\/vc_column][vc_column width=&#8221;1\/3&#8243;][vc_column_text]<strong>Tradutores: <\/strong>Carolina de Oliveira Cruz Latorraca<\/p>\n<p><strong>Primeiro revisor:<\/strong> Luis Eduardo Fontes[\/vc_column_text][\/vc_column][\/vc_row][vc_row][vc_column]<div class=\"ult-spacer spacer-69f0bf601f5e3\" data-id=\"69f0bf601f5e3\" data-height=\"30\" data-height-mobile=\"30\" data-height-tab=\"30\" data-height-tab-portrait=\"\" data-height-mobile-landscape=\"\" style=\"clear:both;display:block;\"><\/div>[vc_separator]<div class=\"ult-spacer spacer-69f0bf601f619\" data-id=\"69f0bf601f619\" data-height=\"30\" data-height-mobile=\"30\" data-height-tab=\"30\" data-height-tab-portrait=\"\" data-height-mobile-landscape=\"\" style=\"clear:both;display:block;\"><\/div>[\/vc_column][\/vc_row][vc_row][vc_column][vc_column_text]Uma distor\u00e7\u00e3o que surge do uso de informa\u00e7\u00e3o mais facilmente acess\u00edvel, mas n\u00e3o necessariamente mais representativa da realidade.<\/p>\n<p><strong>Introdu\u00e7\u00e3o<\/strong><\/p>\n<p>Todas as perguntas de pesquisas e decis\u00f5es, quer considerando a acur\u00e1cia diagn\u00f3stica de um teste ou a efetividade de uma interven\u00e7\u00e3o, envolvem a interpreta\u00e7\u00e3o de dados. Decis\u00f5es cl\u00ednicas s\u00e3o baseadas em dados, que podem ser dos atendimentos de rotina, evid\u00eancias publicadas, <em>guidelines<\/em> ou prefer\u00eancias e experi\u00eancia do cl\u00ednico.<\/p>\n<p>Os pacientes decidem como proceder com rela\u00e7\u00e3o \u00e0 sua sa\u00fade ou seus cuidados baseados em informa\u00e7\u00f5es que podem vir de uma variedade de fontes, incluindo profissionais da sa\u00fade, dados publicados (principalmente m\u00eddia leiga) e seus pr\u00f3prios ambientes e experi\u00eancias. O que h\u00e1 de comum entre essas tr\u00eas \u00e1reas \u00e9 que normalmente s\u00e3o baseadas em dados dispon\u00edveis.<\/p>\n<p>O vi\u00e9s de disponibilidade ocorre devido \u00e0 tend\u00eancia natural de acreditar de forma desproporcional nos dados mais facilmente acess\u00edveis. Isso tamb\u00e9m pode ocorrer com o uso de intelig\u00eancia artificial nos cuidados em sa\u00fade se seus algoritmos derem maior \u00eanfase nos dados prontamente dispon\u00edveis, o que n\u00e3o necessariamente representa totalmente a popula\u00e7\u00e3o de interesse.<\/p>\n<p>A disponibilidade de informa\u00e7\u00e3o pode ser influenciada pelo vi\u00e9s de distor\u00e7\u00e3o, vi\u00e9s de ret\u00f3rica, vi\u00e9s de percep\u00e7\u00e3o e vi\u00e9s de mem\u00f3ria. O vi\u00e9s de confirma\u00e7\u00e3o (quando a informa\u00e7\u00e3o \u00e9 buscada e utilizada para apoiar cren\u00e7as pr\u00e9-concebidas) pode levar ao vi\u00e9s de disponibilidade se os dados que n\u00e3o apoiam essas cren\u00e7as s\u00e3o desconsiderados e n\u00e3o est\u00e3o dispon\u00edveis para uma decis\u00e3o ou an\u00e1lise em particular.<\/p>\n<p>Exemplo<\/p>\n<p>Pesquisadores da Universidade de Erasmus (Erasmus University), em Rotterdam, decidiram avaliar se os m\u00e9dicos rec\u00e9m-formados (primeiro ou segundo anos de resid\u00eancia) baseavam seus diagn\u00f3sticos em experi\u00eancias cl\u00ednicas mais recentes (informa\u00e7\u00f5es mais recentemente disponibilizadas). Eles avaliaram a acur\u00e1cia diagn\u00f3stica dos casos resolvidos (escore perfeito = 4,0) com ou sem exposi\u00e7\u00e3o pr\u00e9via.<\/p>\n<p>Impacto<\/p>\n<p>Os m\u00e9dicos no segundo ano de resid\u00eancia fizeram menos pontos nos casos em que tiveram um contato pr\u00e9vio (1,55; Intervalo de Confian\u00e7a (IC) 95%, 1,15 a 1,96) do que nos outros casos (2,19; IC 95% 1,73 a 2,66; P = 0,03). A mesma tend\u00eancia n\u00e3o foi encontrada nos m\u00e9dicos no primeiro ano de resid\u00eancia (2,03; IC 95%, 1,55 a 2,51 versus 1,42; IC 95%, 0,92 a 1,92; P = 0,046). Portanto, os resultados apoiam o vi\u00e9s de disponibilidade (superestimativa da probabilidade de um diagn\u00f3stico baseado no que logo vem \u00e0 mente, na facilidade) para os m\u00e9dicos no segundo ano de resid\u00eancia, mas n\u00e3o para os m\u00e9dicos no primeiro ano.<\/p>\n<p>Passos para preven\u00e7\u00e3o<\/p>\n<p>A fase final do estudo citado acima envolveu um est\u00e1gio de reflex\u00e3o, em que os residentes eram convidados a fazer seus diagn\u00f3sticos novamente ap\u00f3s an\u00e1lise mais profunda das caracter\u00edsticas do caso. Para os residentes de ambos os anos, primeiro (2,31; IC 95%, 1,89 a 2,73) e segundo (2,03; IC 95%, 1,49 a 2,57; P = 0,006), as pontua\u00e7\u00f5es de acur\u00e1cia diagn\u00f3stica melhoraram.<\/p>\n<p style=\"text-align: justify;\">O vi\u00e9s de disponibilidade pode ser reduzido ou mitigado considerando se toda a informa\u00e7\u00e3o e dados necess\u00e1rios para a tomada de decis\u00e3o s\u00e3o suficientes.<\/p>\n<p>[\/vc_column_text][\/vc_column][\/vc_row][vc_row][vc_column]<div class=\"ult-spacer spacer-69f0bf601f633\" data-id=\"69f0bf601f633\" data-height=\"30\" data-height-mobile=\"30\" data-height-tab=\"30\" data-height-tab-portrait=\"\" data-height-mobile-landscape=\"\" style=\"clear:both;display:block;\"><\/div>[vc_separator]<div class=\"ult-spacer spacer-69f0bf601f64a\" data-id=\"69f0bf601f64a\" data-height=\"30\" data-height-mobile=\"30\" data-height-tab=\"30\" data-height-tab-portrait=\"\" data-height-mobile-landscape=\"\" style=\"clear:both;display:block;\"><\/div>[\/vc_column][\/vc_row][vc_row bg_type=&#8221;bg_color&#8221; bg_color_value=&#8221;#f7f7f7&#8243; css=&#8221;.vc_custom_1572747847655{padding-top: 20px !important;padding-bottom: 20px !important;}&#8221;][vc_column][vc_column_text]<strong>Link para o original:<\/strong> <a href=\"https:\/\/catalogofbias.org\/biases\/availability-bias\/\">https:\/\/catalogofbias.org\/biases\/availability-bias\/<\/a><\/p>\n<p>Deve ser citado como: Catalogue of Bias Collaboration, Banerjee A, Nunan D. Availability bias. In: Catalogue of Bias 2019: <a href=\"http:\/\/www.catalogbias.org\/availabilitybias\">www.catalogbias.org\/availabilitybias<\/a><\/p>\n<p>&nbsp;<\/p>\n<p><strong>Fontes:<\/strong><\/p>\n<p><a href=\"https:\/\/www.ncbi.nlm.nih.gov\/pubmed\/20841533\">Effect of availability bias and reflective reasoning on diagnostic accuracy among internal medicine residents. <\/a>JAMA. 2010 Sep 15;304(11):1198-203. doi: 10.1001\/jama.2010.1276.<\/p>\n<p>&nbsp;<\/p>\n<h3><strong>PubMed feed<\/strong><\/h3>\n<p>Masters T, Willenbring B, Westgard B, Cole J, Hendriksen S, Walter J, Logue C, Olives T. <a href=\"https:\/\/www.ncbi.nlm.nih.gov\/pubmed\/31123553?dopt=Abstract\">Availability of Bedside and Laboratory Testing for Carbon Monoxide Poisoning in the Upper Midwestern United States.<\/a>[\/vc_column_text][\/vc_column][\/vc_row]<\/p>\n<\/div>","protected":false},"excerpt":{"rendered":"<p>Unlike independent escorts, Dubai escorts are regulated and the girls that you meet will be working for an agency dubai escort. This means that they are vetted and know what they are doing. [vc_row bg_type=&#8221;bg_color&#8221; css=&#8221;.vc_custom_1572747881603{padding-top: 10px !important;padding-bottom: 10px !important;}&#8221; bg_color_value=&#8221;#f7f7f7&#8243;][vc_column width=&#8221;1\/3&#8243;][vc_column_text]Nome original do vi\u00e9s: Availability bias[\/vc_column_text][\/vc_column][vc_column width=&#8221;1\/3&#8243;][vc_column_text]Tradutores: Carolina de Oliveira Cruz Latorraca Primeiro revisor:&hellip;<\/p>\n","protected":false},"author":1,"featured_media":0,"parent":0,"menu_order":0,"comment_status":"closed","ping_status":"closed","template":"","meta":{"footnotes":""},"class_list":["post-27611","page","type-page","status-publish","hentry","description-off"],"_links":{"self":[{"href":"https:\/\/oxfordbrazilebm.com\/index.php\/wp-json\/wp\/v2\/pages\/27611","targetHints":{"allow":["GET"]}}],"collection":[{"href":"https:\/\/oxfordbrazilebm.com\/index.php\/wp-json\/wp\/v2\/pages"}],"about":[{"href":"https:\/\/oxfordbrazilebm.com\/index.php\/wp-json\/wp\/v2\/types\/page"}],"author":[{"embeddable":true,"href":"https:\/\/oxfordbrazilebm.com\/index.php\/wp-json\/wp\/v2\/users\/1"}],"replies":[{"embeddable":true,"href":"https:\/\/oxfordbrazilebm.com\/index.php\/wp-json\/wp\/v2\/comments?post=27611"}],"version-history":[{"count":2,"href":"https:\/\/oxfordbrazilebm.com\/index.php\/wp-json\/wp\/v2\/pages\/27611\/revisions"}],"predecessor-version":[{"id":29153,"href":"https:\/\/oxfordbrazilebm.com\/index.php\/wp-json\/wp\/v2\/pages\/27611\/revisions\/29153"}],"wp:attachment":[{"href":"https:\/\/oxfordbrazilebm.com\/index.php\/wp-json\/wp\/v2\/media?parent=27611"}],"curies":[{"name":"wp","href":"https:\/\/api.w.org\/{rel}","templated":true}]}}