{"id":2743,"date":"2020-05-11T03:39:46","date_gmt":"2020-05-11T02:39:46","guid":{"rendered":"http:\/\/oxfordbrazilebm.com\/?page_id=2743"},"modified":"2020-05-11T03:39:46","modified_gmt":"2020-05-11T02:39:46","slug":"seis-paises-tres-quartos-das-mortes-por-covid","status":"publish","type":"page","link":"https:\/\/oxfordbrazilebm.com\/index.php\/seis-paises-tres-quartos-das-mortes-por-covid\/","title":{"rendered":"Seis pa\u00edses: Tr\u00eas quartos das mortes por COVID"},"content":{"rendered":"<div class=\"wpb-content-wrapper\"><p>[vc_row][vc_column][vc_column_text]Tradutores:\u00a0Paulo Nadanovsky, Ana Luiza Cabrera Martimbianco<\/p>\n<hr \/>\n<p>&nbsp;<\/p>\n<p>&nbsp;<\/p>\n<p style=\"text-align: justify;\">27 de abril de 2020<\/p>\n<p style=\"text-align: justify;\">Carl Heneghan, Marcy C McCall, Tom Jefferson<\/p>\n<p style=\"text-align: justify;\">At\u00e9 26 de abril, seis pa\u00edses foram respons\u00e1veis por 155.457 das 206.008 (75,5%) mortes por COVID-19.<\/p>\n<p style=\"text-align: justify;\">Esses pa\u00edses s\u00e3o B\u00e9lgica, Fran\u00e7a, It\u00e1lia, Espanha, Reino Unido e EUA, que representam 7,5% da popula\u00e7\u00e3o mundial (aproximadamente 569 milh\u00f5es de pessoas).<\/p>\n<p style=\"text-align: justify;\"><a href=\"https:\/\/www.cebm.net\/covid-19\/covid-19-global-charts-of-deaths-and-cases\/\">Mapa interativo de mortes<\/a><\/p>\n<p style=\"text-align: justify;\"><img loading=\"lazy\" decoding=\"async\" class=\"alignnone size-full wp-image-2744\" src=\"http:\/\/oxfordbrazilebm.com\/wp-content\/uploads\/2020\/05\/img24_0001.jpg\" alt=\"\" width=\"574\" height=\"291\" srcset=\"https:\/\/oxfordbrazilebm.com\/wp-content\/uploads\/2020\/05\/img24_0001.jpg 574w, https:\/\/oxfordbrazilebm.com\/wp-content\/uploads\/2020\/05\/img24_0001-300x152.jpg 300w\" sizes=\"auto, (max-width: 574px) 100vw, 574px\" \/><\/p>\n<p style=\"text-align: justify;\"><img loading=\"lazy\" decoding=\"async\" class=\"alignnone size-full wp-image-2745\" src=\"http:\/\/oxfordbrazilebm.com\/wp-content\/uploads\/2020\/05\/img24_0002.jpg\" alt=\"\" width=\"574\" height=\"264\" srcset=\"https:\/\/oxfordbrazilebm.com\/wp-content\/uploads\/2020\/05\/img24_0002.jpg 574w, https:\/\/oxfordbrazilebm.com\/wp-content\/uploads\/2020\/05\/img24_0002-300x138.jpg 300w\" sizes=\"auto, (max-width: 574px) 100vw, 574px\" \/><\/p>\n<p style=\"text-align: justify;\"><img loading=\"lazy\" decoding=\"async\" class=\"alignnone size-full wp-image-2746\" src=\"http:\/\/oxfordbrazilebm.com\/wp-content\/uploads\/2020\/05\/img24_0003.jpg\" alt=\"\" width=\"569\" height=\"305\" srcset=\"https:\/\/oxfordbrazilebm.com\/wp-content\/uploads\/2020\/05\/img24_0003.jpg 569w, https:\/\/oxfordbrazilebm.com\/wp-content\/uploads\/2020\/05\/img24_0003-300x161.jpg 300w\" sizes=\"auto, (max-width: 569px) 100vw, 569px\" \/><\/p>\n<p style=\"text-align: justify;\"><img loading=\"lazy\" decoding=\"async\" class=\"alignnone size-full wp-image-2747\" src=\"http:\/\/oxfordbrazilebm.com\/wp-content\/uploads\/2020\/05\/img24_0004.jpg\" alt=\"\" width=\"567\" height=\"274\" srcset=\"https:\/\/oxfordbrazilebm.com\/wp-content\/uploads\/2020\/05\/img24_0004.jpg 567w, https:\/\/oxfordbrazilebm.com\/wp-content\/uploads\/2020\/05\/img24_0004-300x145.jpg 300w\" sizes=\"auto, (max-width: 567px) 100vw, 567px\" \/><\/p>\n<p style=\"text-align: justify;\"><img loading=\"lazy\" decoding=\"async\" class=\"alignnone size-full wp-image-2748\" src=\"http:\/\/oxfordbrazilebm.com\/wp-content\/uploads\/2020\/05\/img24_0005.jpg\" alt=\"\" width=\"568\" height=\"282\" srcset=\"https:\/\/oxfordbrazilebm.com\/wp-content\/uploads\/2020\/05\/img24_0005.jpg 568w, https:\/\/oxfordbrazilebm.com\/wp-content\/uploads\/2020\/05\/img24_0005-300x149.jpg 300w\" sizes=\"auto, (max-width: 568px) 100vw, 568px\" \/><\/p>\n<p style=\"text-align: justify;\"><img loading=\"lazy\" decoding=\"async\" class=\"alignnone size-full wp-image-2749\" src=\"http:\/\/oxfordbrazilebm.com\/wp-content\/uploads\/2020\/05\/img24_0006.jpg\" alt=\"\" width=\"575\" height=\"262\" srcset=\"https:\/\/oxfordbrazilebm.com\/wp-content\/uploads\/2020\/05\/img24_0006.jpg 575w, https:\/\/oxfordbrazilebm.com\/wp-content\/uploads\/2020\/05\/img24_0006-300x137.jpg 300w\" sizes=\"auto, (max-width: 575px) 100vw, 575px\" \/><\/p>\n<p>&nbsp;<\/p>\n<p style=\"text-align: justify;\">\u00c9 poss\u00edvel que algumas mortes ocorridas durante o per\u00edodo relatado ainda n\u00e3o tenham sido contabilizadas, e que as mortes em outros pa\u00edses possam aumentar. Al\u00e9m disso, a defini\u00e7\u00e3o de &#8220;mortes por COVID&#8221; pode ser diferente de pa\u00eds para pa\u00eds e durante o per\u00edodo relatado.<\/p>\n<p style=\"text-align: justify;\">Esses seis pa\u00edses, no entanto, t\u00eam sido afetados de forma desproporcional: sua taxa de mortalidade combinada \u00e9 de 27,3 por 100.000, o que \u00e9 39 vezes maior do que a m\u00e9dia mundial de 0,7 por 100.000.<\/p>\n<p style=\"text-align: justify;\">Temos documentado isso, portanto, algumas investiga\u00e7\u00f5es se concentram nos fatores que predispuseram esses seis pa\u00edses a taxas de mortalidade t\u00e3o elevadas.<\/p>\n<p style=\"text-align: justify;\">Estes n\u00fameros est\u00e3o atualizados para 26 de abril.<\/p>\n<p style=\"text-align: justify;\">Veja tamb\u00e9m:<\/p>\n<p style=\"text-align: justify;\"><a href=\"https:\/\/www.cebm.net\/?post_type=covid-19&amp;p=16901&amp;preview=true\">COVID 19 \u2013 A Vi\u00fava de Hampstead Revisitada<\/a><\/p>\n<p style=\"text-align: justify;\"><a href=\"https:\/\/www.cebm.net\/covid-19\/effect-of-latitude-on-covid-19\/\">Efeito da Latitude na COVID-19<\/a><\/p>\n<p style=\"text-align: justify;\"><a href=\"https:\/\/www.phc.ox.ac.uk\/team\/marcy-mccall\">Marcy C. McCall<\/a>, BKin, MSc, DPhil, Departmental Lecturer e Pesquisador Honor\u00e1rio S\u00eanior, Nuffield Department of Primary Care Health Sciences<\/p>\n<p style=\"text-align: justify;\"><a href=\"https:\/\/www.phc.ox.ac.uk\/team\/carl-heneghan\">Carl Heneghan<\/a>, BM, BCH, MA, MRCGP, DPhil, Professor de Medicina Baseada em Evid\u00eancia e Diretor do Centro de Medicina Baseada em Evid\u00eancia em Oxford.<\/p>\n<p style=\"text-align: justify;\">Tom Jefferson \u00e9 tutor associado s\u00eanior e pesquisador honor\u00e1rio, Centro de Medicina Baseada em Evid\u00eancia, Universidade de Oxford. Declara\u00e7\u00e3o de conflitos de interesse <a href=\"https:\/\/restoringtrials.org\/competing-interests-tom-jefferson\/\">aqui<\/a><\/p>\n<p>[\/vc_column_text][\/vc_column][\/vc_row]<\/p>\n<\/div>","protected":false},"excerpt":{"rendered":"<p>[vc_row][vc_column][vc_column_text]Tradutores:\u00a0Paulo Nadanovsky, Ana Luiza Cabrera Martimbianco &nbsp; &nbsp; 27 de abril de 2020 Carl Heneghan, Marcy C McCall, Tom Jefferson At\u00e9 26 de abril, seis pa\u00edses foram respons\u00e1veis por 155.457 das 206.008 (75,5%) mortes por COVID-19. Esses pa\u00edses s\u00e3o B\u00e9lgica, Fran\u00e7a, It\u00e1lia, Espanha, Reino Unido e EUA, que representam 7,5% da popula\u00e7\u00e3o mundial (aproximadamente 569&hellip;<\/p>\n","protected":false},"author":1,"featured_media":0,"parent":0,"menu_order":0,"comment_status":"closed","ping_status":"closed","template":"","meta":{"footnotes":""},"class_list":["post-2743","page","type-page","status-publish","hentry","description-off"],"_links":{"self":[{"href":"https:\/\/oxfordbrazilebm.com\/index.php\/wp-json\/wp\/v2\/pages\/2743","targetHints":{"allow":["GET"]}}],"collection":[{"href":"https:\/\/oxfordbrazilebm.com\/index.php\/wp-json\/wp\/v2\/pages"}],"about":[{"href":"https:\/\/oxfordbrazilebm.com\/index.php\/wp-json\/wp\/v2\/types\/page"}],"author":[{"embeddable":true,"href":"https:\/\/oxfordbrazilebm.com\/index.php\/wp-json\/wp\/v2\/users\/1"}],"replies":[{"embeddable":true,"href":"https:\/\/oxfordbrazilebm.com\/index.php\/wp-json\/wp\/v2\/comments?post=2743"}],"version-history":[{"count":1,"href":"https:\/\/oxfordbrazilebm.com\/index.php\/wp-json\/wp\/v2\/pages\/2743\/revisions"}],"predecessor-version":[{"id":2750,"href":"https:\/\/oxfordbrazilebm.com\/index.php\/wp-json\/wp\/v2\/pages\/2743\/revisions\/2750"}],"wp:attachment":[{"href":"https:\/\/oxfordbrazilebm.com\/index.php\/wp-json\/wp\/v2\/media?parent=2743"}],"curies":[{"name":"wp","href":"https:\/\/api.w.org\/{rel}","templated":true}]}}