{"id":2709,"date":"2020-05-08T23:50:33","date_gmt":"2020-05-08T22:50:33","guid":{"rendered":"http:\/\/oxfordbrazilebm.com\/?page_id=2709"},"modified":"2020-05-08T23:50:33","modified_gmt":"2020-05-08T22:50:33","slug":"covid-19-quantos-trabalhadores-da-area-da-saude-estao-infectados","status":"publish","type":"page","link":"https:\/\/oxfordbrazilebm.com\/index.php\/covid-19-quantos-trabalhadores-da-area-da-saude-estao-infectados\/","title":{"rendered":"COVID-19 Quantos trabalhadores da \u00e1rea da sa\u00fade est\u00e3o infectados?"},"content":{"rendered":"<div class=\"wpb-content-wrapper\"><p>[vc_row][vc_column][vc_column_text]Tradutores:\u00a0Ana Paula Pires dos Santos, Luis Eduardo Fontes<\/p>\n<hr \/>\n<p>&nbsp;<\/p>\n<p style=\"text-align: justify;\">17 de abril de 2020<\/p>\n<p style=\"text-align: justify;\">Carl Heneghan, Jason Oke, Tom Jefferson<\/p>\n<p>&nbsp;<\/p>\n<p style=\"text-align: justify;\">O governo do Reino Unido realiza um briefing di\u00e1rio e divulga dados sobre os novos casos de COVID-19 no Reino Unido.<\/p>\n<p style=\"text-align: justify;\">Na avalia\u00e7\u00e3o dos novos casos no Reino Unido, o governo define como casos Pilar 1 como necessidades m\u00e9dicas do Servi\u00e7o Nacional de Sa\u00fade (NHS) e os trabalhadores-chave mais cr\u00edticos; o Pilar 2 s\u00e3o aqueles que se submetem a testes comerciais para trabalhadores-chave do Servi\u00e7o Nacional de Sa\u00fade e outros setores.<\/p>\n<p style=\"text-align: justify;\"><img loading=\"lazy\" decoding=\"async\" class=\"alignnone size-full wp-image-2710\" src=\"http:\/\/oxfordbrazilebm.com\/wp-content\/uploads\/2020\/05\/img21_0001.jpg\" alt=\"\" width=\"798\" height=\"452\" srcset=\"https:\/\/oxfordbrazilebm.com\/wp-content\/uploads\/2020\/05\/img21_0001.jpg 798w, https:\/\/oxfordbrazilebm.com\/wp-content\/uploads\/2020\/05\/img21_0001-300x170.jpg 300w, https:\/\/oxfordbrazilebm.com\/wp-content\/uploads\/2020\/05\/img21_0001-768x435.jpg 768w\" sizes=\"auto, (max-width: 798px) 100vw, 798px\" \/><\/p>\n<p style=\"text-align: justify;\">Aqui est\u00e1 o <a href=\"https:\/\/assets.publishing.service.gov.uk\/government\/uploads\/system\/uploads\/attachment_data\/file\/879613\/COVID-19_Press_Conference_Slides_-_15_04_2020__1_.pdf\">briefing do gabinete<\/a> de 15 de Abril; e os Slides e conjuntos de dados para acompanhar a <a href=\"https:\/\/www.gov.uk\/government\/publications\/slides-and-datasets-to-accompany-coronavirus-press-conference-16-april-2020\">reuni\u00e3o de 16 de abril<\/a><\/p>\n<p style=\"text-align: justify;\">Dados do dia 15 de abril mostram que 13,8% dos positivos s\u00e3o trabalhadores-chave no NHS e outros setores. Dados do dia 16 de abril mostram que 16,2% dos positivos s\u00e3o trabalhadores-chave.<\/p>\n<p style=\"text-align: justify;\">Utilizando o modelo de regress\u00e3o de Poisson para os dados de contagem, e n\u00e3o incluindo os quatro primeiros pontos de dados do Pilar 2 por serem n\u00e3o lineares, observamos que a taxa do Pilar 1 aumentou a uma taxa de 2,0% por dia, enquanto a taxa do Pilar 2 aumentou a uma taxa mais r\u00e1pida de 9,1% por dia (esta \u00e9 uma estimativa conservadora, pois a inclus\u00e3o dos dados iniciais aumenta a taxa do Pilar 2).<\/p>\n<p style=\"text-align: justify;\"><img loading=\"lazy\" decoding=\"async\" class=\"alignnone size-full wp-image-2711\" src=\"http:\/\/oxfordbrazilebm.com\/wp-content\/uploads\/2020\/05\/img21_0002.jpg\" alt=\"\" width=\"600\" height=\"400\" srcset=\"https:\/\/oxfordbrazilebm.com\/wp-content\/uploads\/2020\/05\/img21_0002.jpg 600w, https:\/\/oxfordbrazilebm.com\/wp-content\/uploads\/2020\/05\/img21_0002-300x200.jpg 300w\" sizes=\"auto, (max-width: 600px) 100vw, 600px\" \/><\/p>\n<p>&nbsp;<\/p>\n<p style=\"text-align: justify;\">\u00c9 dif\u00edcil calcular as taxas de infec\u00e7\u00e3o relacionadas aos trabalhadores da \u00e1rea de sa\u00fade em geral, pois elas parecem estar em ambas as contagens Pilar 1 e 2 (Pilar 1 inclui os trabalhadores-chave mais cr\u00edticos).<\/p>\n<p style=\"text-align: justify;\">Se assumirmos que 20% dos &#8216;trabalhadores-chave cr\u00edticos&#8217; do Pilar 1 est\u00e3o relacionados aos trabalhadores da \u00e1rea de sa\u00fade, ent\u00e3o podemos estimar que quase um ter\u00e7o (1408\/4618 = 30,5%) de todos os casos infectados no dia 16 de abril est\u00e3o relacionados aos trabalhadores da \u00e1rea de sa\u00fade.<\/p>\n<p>&nbsp;<\/p>\n<p style=\"text-align: justify;\"><img loading=\"lazy\" decoding=\"async\" class=\"alignnone size-full wp-image-2712\" src=\"http:\/\/oxfordbrazilebm.com\/wp-content\/uploads\/2020\/05\/img21_0003.jpg\" alt=\"\" width=\"639\" height=\"339\" srcset=\"https:\/\/oxfordbrazilebm.com\/wp-content\/uploads\/2020\/05\/img21_0003.jpg 639w, https:\/\/oxfordbrazilebm.com\/wp-content\/uploads\/2020\/05\/img21_0003-300x159.jpg 300w\" sizes=\"auto, (max-width: 639px) 100vw, 639px\" \/><\/p>\n<p>&nbsp;<\/p>\n<p style=\"text-align: justify;\">Em nosso artigo sobre o <a href=\"https:\/\/www.cebm.net\/covid-19\/covid-19-the-tipping-point\/\">Ponto de inflex\u00e3o<\/a>, destacamos que na It\u00e1lia o excesso de encaminhamento levou a um n\u00famero significativo de pessoas doentes a aparecerem ou serem encaminhadas para\u00a0 hospitais na Lombardia. A doen\u00e7a ent\u00e3o se espalhou rapidamente no ambiente hospitalar. Os trabalhadores da \u00e1rea da sa\u00fade ent\u00e3o tinham maior risco de exposi\u00e7\u00e3o e se tornaram vetores de transmiss\u00e3o da\u00ed em diante.\u00a0 <a href=\"https:\/\/www.businessinsider.com\/healthcare-workers-getting-coronavirus-500-infected-2020-2?r=US&amp;IR=T\">Na China<\/a>, mais de 3.300 profissionais de sa\u00fade foram infectados (4% dos 81.285 reportaram infec\u00e7\u00f5es). Na Espanha, em 25 de mar\u00e7o, <a href=\"https:\/\/globalnews.ca\/news\/6729174\/coronavirus-spain-death-toll-china\/\">cerca de 6,500 profissionais da \u00e1rea da sa\u00fade\u00a0<\/a>foram infectados (13,6%) dos 47.600 casos totais do pa\u00eds &#8211; 1% da for\u00e7a de trabalho do sistema de sa\u00fade.<\/p>\n<p style=\"text-align: justify;\">No artigo <a href=\"https:\/\/www.cebm.net\/covid-19\/covid-19-william-farrs-way-out-of-the-pandemic\/\">A sa\u00edda de William Farr da Pandemia<\/a>, apontamos que a infec\u00e7\u00e3o pelos trabalhadores da \u00e1rea da sa\u00fade foi um grande problema no surto da SARS 2002-03 em Toronto, pois a <a href=\"https:\/\/www.ncbi.nlm.nih.gov\/books\/NBK92467\/\">transmiss\u00e3o ocorreu principalmente dentro dos ambientes de aten\u00e7\u00e3o \u00e0 sa\u00fade<\/a>.\u00a0<a href=\"https:\/\/jamanetwork.com\/journals\/jama\/fullarticle\/2761044\">Uma an\u00e1lise retrospectiva de 138 pacientes<\/a> em Wuhan corrobora isto, j\u00e1 que a transmiss\u00e3o associada ao hospital foi suspeita em 41% dos casos.<\/p>\n<p style=\"text-align: justify;\">A propor\u00e7\u00e3o de trabalhadores da \u00e1rea da sa\u00fade no Pilar 1 pode ser maior ou menor do que a nossa estimativa. N\u00e3o podemos dizer. Evid\u00eancias aned\u00f3ticas apontam que um n\u00famero maior de trabalhadores da \u00e1rea da sa\u00fade est\u00e3o sendo infectados: em Newport, Pa\u00eds de Gales, cerca de metade da <a href=\"https:\/\/www.bbc.co.uk\/news\/uk-wales-52263285\">equipe do departamento de emerg\u00eancia<\/a> testou positivo. No entanto, sem um teste abrangente dos trabalhadores da \u00e1rea da sa\u00fade, nunca saberemos realmente quantos est\u00e3o infectados.<\/p>\n<p style=\"text-align: justify;\">Reduzir a transmiss\u00e3o nos hospitais e entre os trabalhadores da \u00e1rea da sa\u00fade continua sendo vital para a resolu\u00e7\u00e3o deste surto.<\/p>\n<p style=\"text-align: justify;\"><strong>AUTORES<\/strong><\/p>\n<p style=\"text-align: justify;\"><strong>Jason Oke<\/strong>\u00a0\u00e9 um estat\u00edstico senior no Nuffield Department of Primary Care Health Sciences. (<a href=\"https:\/\/www.phc.ox.ac.uk\/team\/jason-oke\">Biografia aqui<\/a>)<\/p>\n<p style=\"text-align: justify;\"><strong><a href=\"https:\/\/www.phc.ox.ac.uk\/team\/carl-heneghan\">Carl Heneghan<\/a><\/strong><strong>\u00a0<\/strong>\u00e9 professor de Medicina Baseada em Evid\u00eancia, diretor do\u00a0<a href=\"http:\/\/www.cebm.net\/\">Centro de Medicina Baseada em Evid\u00eancia<\/a>. (Biografia completa e declara\u00e7\u00e3o de conflitos de interesse <a href=\"https:\/\/www.phc.ox.ac.uk\/team\/carl-heneghan\">aqui<\/a>).<\/p>\n<p style=\"text-align: justify;\"><strong>Tom Jefferson\u00a0<\/strong>\u00e9 um tutor associado senior e pesquisador honor\u00e1rio, Centro de Medicina Baseada em Evid\u00eancia, Universidade de Oxford.\u00a0 Declara\u00e7\u00e3o de conflitos de interesse <a href=\"https:\/\/restoringtrials.org\/competing-interests-tom-jefferson\/\">aqui<\/a><\/p>\n<p>&nbsp;<\/p>\n<p>[\/vc_column_text][\/vc_column][\/vc_row]<\/p>\n<\/div>","protected":false},"excerpt":{"rendered":"<p>[vc_row][vc_column][vc_column_text]Tradutores:\u00a0Ana Paula Pires dos Santos, Luis Eduardo Fontes &nbsp; 17 de abril de 2020 Carl Heneghan, Jason Oke, Tom Jefferson &nbsp; O governo do Reino Unido realiza um briefing di\u00e1rio e divulga dados sobre os novos casos de COVID-19 no Reino Unido. Na avalia\u00e7\u00e3o dos novos casos no Reino Unido, o governo define como casos&hellip;<\/p>\n","protected":false},"author":1,"featured_media":0,"parent":0,"menu_order":0,"comment_status":"closed","ping_status":"closed","template":"","meta":{"footnotes":""},"class_list":["post-2709","page","type-page","status-publish","hentry","description-off"],"_links":{"self":[{"href":"https:\/\/oxfordbrazilebm.com\/index.php\/wp-json\/wp\/v2\/pages\/2709","targetHints":{"allow":["GET"]}}],"collection":[{"href":"https:\/\/oxfordbrazilebm.com\/index.php\/wp-json\/wp\/v2\/pages"}],"about":[{"href":"https:\/\/oxfordbrazilebm.com\/index.php\/wp-json\/wp\/v2\/types\/page"}],"author":[{"embeddable":true,"href":"https:\/\/oxfordbrazilebm.com\/index.php\/wp-json\/wp\/v2\/users\/1"}],"replies":[{"embeddable":true,"href":"https:\/\/oxfordbrazilebm.com\/index.php\/wp-json\/wp\/v2\/comments?post=2709"}],"version-history":[{"count":1,"href":"https:\/\/oxfordbrazilebm.com\/index.php\/wp-json\/wp\/v2\/pages\/2709\/revisions"}],"predecessor-version":[{"id":2713,"href":"https:\/\/oxfordbrazilebm.com\/index.php\/wp-json\/wp\/v2\/pages\/2709\/revisions\/2713"}],"wp:attachment":[{"href":"https:\/\/oxfordbrazilebm.com\/index.php\/wp-json\/wp\/v2\/media?parent=2709"}],"curies":[{"name":"wp","href":"https:\/\/api.w.org\/{rel}","templated":true}]}}