{"id":2614,"date":"2020-05-06T03:04:47","date_gmt":"2020-05-06T02:04:47","guid":{"rendered":"http:\/\/oxfordbrazilebm.com\/?page_id=2614"},"modified":"2020-05-06T03:07:01","modified_gmt":"2020-05-06T02:07:01","slug":"inibidores-da-enzima-de-conversao-da-angiotensina-eca-e-bloqueadores-dos-receptores-da-angiotensina-no-covid-19","status":"publish","type":"page","link":"https:\/\/oxfordbrazilebm.com\/index.php\/inibidores-da-enzima-de-conversao-da-angiotensina-eca-e-bloqueadores-dos-receptores-da-angiotensina-no-covid-19\/","title":{"rendered":"Inibidores da enzima de convers\u00e3o da angiotensina (ECA) e bloqueadores dos receptores da angiotensina no COVID-19"},"content":{"rendered":"<div class=\"wpb-content-wrapper\"><p>[vc_row][vc_column][vc_column_text]Tradutores:\u00a0Tatiane B. Ribeiro, Luis Eduardo Fontes<\/p>\n<hr \/>\n<p>&nbsp;<\/p>\n<p style=\"text-align: right;\">Jeffrey K Aronson, Robin E Ferner (University of Birmingham)<\/p>\n<p style=\"text-align: right;\">Em nome da equipe de servi\u00e7o de evid\u00eancia COVID-19 da Oxford<\/p>\n<p style=\"text-align: right;\">Centre for Evidence-Based Medicine, Nuffield Department of Primary Care Health Sciences,<\/p>\n<p style=\"text-align: right;\">University of Oxford<\/p>\n<p style=\"text-align: right;\">Correspond\u00eancia para cebm@phc.ox.ac.uk<\/p>\n<p style=\"text-align: right;\"><strong>Inibidores da enzima de convers\u00e3o da angiotensina (ECA) e bloqueadores dos receptores da angiotensina em COVID-19<\/strong><\/p>\n<p style=\"text-align: right;\"><strong>\u00a0<\/strong><\/p>\n<p style=\"text-align: right;\">Tem sido sugerido que os inibidores da enzima de convers\u00e3o da angiotensina (ECA) e bloqueadores dos receptores da angiotensina podem prevenir e\/ou tratar os efeitos da COVID-19<\/p>\n<p style=\"text-align: right;\">At\u00e9 o momento, n\u00e3o h\u00e1 evid\u00eancia de efic\u00e1cia e h\u00e1 pouco destaque para os poss\u00edveis riscos associados a estes tratamentos.<\/p>\n<p style=\"text-align: justify;\"><strong>\u00a0<\/strong><\/p>\n<p>&nbsp;<\/p>\n<p style=\"text-align: justify;\"><strong>TEXTO COMPLETO<\/strong><\/p>\n<p style=\"text-align: justify;\">\u00a0COVID-19.<\/p>\n<p style=\"text-align: justify;\">Alguns pesquisadores t\u00eam \u00a0sugerido que inibidores da enzima de convers\u00e3o da angiotensina (inibidores da ECA), como enalapril e ramipril, e antagonistas dos receptores da angiotensina (chamados coloquialmente de bloqueadores dos receptores da angiotensina ou BRA), como candesartana e valsartana, podem ser \u00fateis na preven\u00e7\u00e3o e tratamento dos efeitos do coronav\u00edrus SARS-CoV-2 (tamb\u00e9m conhecido como 2019-nCoV), a causa da infec\u00e7\u00e3o chamada COVID-19.<\/p>\n<p style=\"text-align: justify;\">No entanto, ainda n\u00e3o h\u00e1 evid\u00eancias experimentais de efic\u00e1cia, e h\u00e1 pouco destaque para a possibilidade de danos decorrentes do uso destes medicamentos ou em rela\u00e7\u00e3o as diferen\u00e7as de risco-benef\u00edcio entre indiv\u00edduos.<\/p>\n<p style=\"text-align: justify;\">Atualmente (em 21 de mar\u00e7o de 2020), tr\u00eas ensaios relevantes est\u00e3o listados no site da OMS, o <a href=\"http:\/\/apps.who.int\/trialsearch\/AdvSearch.aspx?SearchTermStat=117&amp;ReturnUrl=%7e%2fListBy.aspx%3fTypeListing%3d0\">ICTRP<\/a>, \u201cInternational Clinical Trials Registry Platform\u201d (Plataforma Internacional de Registro de Ensaios Cl\u00ednicos), como protocolos propostos ou em desenvolvimento na China. O primeiro, intitulado \u201cClinical characteristics difference between the hypertension patients with and without ACEI treatment when suffered with 2019-nCoV infection in China\u201d foi registrado em 12 de fevereiro e \u00e9 referido como \u201cem recrutamento\u201d; o mesmo estudo tamb\u00e9m est\u00e1 <a href=\"https:\/\/clinicaltrials.gov\/ct2\/show\/NCT04272710\">listado<\/a> no site clinicaltrials.gov. Os outros dois n\u00e3o est\u00e3o recrutando pacientes: \u201cRecombinant human angiotensin-converting enzyme 2 (rhACE2) as a treatment for patients with COVID-19\u201d (registrado em 21 de fevereiro, mas listado em clinicaltrials.gov como descontinuado) e \u201cClinical study for the effects of ACEIs\/ARBs on the infection of novel coronavirus pneumonia (CoVID-19) \u201d(registrado em 2 de mar\u00e7o).<\/p>\n<p style=\"text-align: justify;\">Aqui revisamos a farmacologia desses medicamentos e os mecanismos pelos quais os v\u00edrus infectam as c\u00e9lulas. Com base nessa an\u00e1lise, fizemos considera\u00e7\u00f5es sobre o uso desses medicamentos, at\u00e9 que sejam publicados resultados de ensaios cl\u00ednicos.<\/p>\n<p style=\"text-align: justify;\">As principais perguntas a serem respondidas s\u00e3o se esses medicamentos t\u00eam algum papel no tratamento do COVID-19 ou, inversamente, se os indiv\u00edduos que atualmente utilizam esses medicamentos deveriam interromper o uso antes de uma infec\u00e7\u00e3o ou assim que ocorrer uma infec\u00e7\u00e3o.<strong> O sistema renina-angiotensina e seus inibidores<\/strong><\/p>\n<p style=\"text-align: justify;\">Uma vers\u00e3o simplificada da farmacologia do sistema renina-angiotensina \u00e9 apresentada no diagrama abaixo.<\/p>\n<p><img loading=\"lazy\" decoding=\"async\" class=\"alignnone size-full wp-image-2615\" src=\"http:\/\/oxfordbrazilebm.com\/wp-content\/uploads\/2020\/05\/19_00011.jpg\" alt=\"\" width=\"602\" height=\"561\" srcset=\"https:\/\/oxfordbrazilebm.com\/wp-content\/uploads\/2020\/05\/19_00011.jpg 602w, https:\/\/oxfordbrazilebm.com\/wp-content\/uploads\/2020\/05\/19_00011-300x280.jpg 300w\" sizes=\"auto, (max-width: 602px) 100vw, 602px\" \/><\/p>\n<p style=\"text-align: justify;\">Figura 1. O sistema renina-angiotensina e seus inibidores e antagonistas. Estas s\u00e3o as principais caracter\u00edsticas desse esquema; Os n\u00fameros na lista correspondem aos n\u00fameros no diagrama:<\/p>\n<ol style=\"text-align: justify;\">\n<li>O angiotensinog\u00eanio \u00e9 convertido em angiotensina I pela renina.<\/li>\n<li>A angiotensina I (um decapept\u00eddeo) \u00e9 convertida pela ECA-1 em angiotensina II (um octapept\u00eddeo).<\/li>\n<li>A angiotensina II \u00e9 um agonista dos receptores da angiotensina AT1 e da angiotensina AT2.<\/li>\n<li>A angiotensina I tamb\u00e9m \u00e9 convertida, pela ACE-2, na angiotensina n\u00e3o-pept\u00eddeo (1-9).<\/li>\n<li>A angiotensina II tamb\u00e9m \u00e9 convertida, pela ECA-2, no heptapept\u00eddeo angiotensina (1-7).<\/li>\n<li>A angiotensina (1-9) \u00e9 convertida, pela ECA-1, em angiotensina (1-7).<\/li>\n<li>Os inibidores da ECA-1 inibem a convers\u00e3o da angiotensina I em angiotensina II e da angiotensina (1-9) em angiotensina (1-7). Os inibidores da ACE-2 foram desenvolvidos, mas nenhum foi comercializado.<\/li>\n<li>A angiotensina (1-7) \u00e9 um antagonista nos receptores AT1 da angiotensina e um agonista nos receptores MAS-1.<\/li>\n<li>Os antagonistas dos receptores da angiotensina bloqueiam as a\u00e7\u00f5es da angiotensina II e da angiotensina (1-7) nos receptores AT1 da angiotensina.<\/li>\n<\/ol>\n<p style=\"text-align: justify;\">Desta forma, fica claro que as a\u00e7\u00f5es dos inibidores da ECA e dos BRA s\u00e3o complexas, e os desfechos gerais de sua utiliza\u00e7\u00e3o no contexto do COVID-19 s\u00e3o dif\u00edceis de prever.<\/p>\n<p>&nbsp;<\/p>\n<ol style=\"text-align: justify;\" start=\"2\">\n<li><strong> Como o SARS CoV-2 (2019-nCoV), o v\u00edrus que causa o COVID-19, infecta as c\u00e9lulas (Figura 2)<\/strong><\/li>\n<\/ol>\n<p style=\"text-align: justify;\">Os coronav\u00edrus s\u00e3o v\u00edrus de RNA de fita simples, com cerca de 120 nan\u00f4metros de di\u00e2metro. Sua semelhan\u00e7a do sol com uma coroa, assim como \u00e9 visto durante um eclipse, \u00e9 devida \u00e0s glicoprote\u00ednas da esp\u00edcula, ou pepl\u00f4meros, na superf\u00edcie, que permitem que os coronav\u00edrus entrem nas c\u00e9lulas hospedeiras. SARS-CoV-1 e SARS-CoV-2, que compartilham cerca de 80% de identidade estrutural, fazem isso aproveitando a a\u00e7\u00e3o da enzima de convers\u00e3o da angiotensina, ECA-2, que \u00e9 expressa nas membranas de muitas c\u00e9lulas do corpo, <a href=\"https:\/\/pubmed.ncbi.nlm.nih.gov\/15141377\">incluindo<\/a> c\u00e9lulas epiteliais dos alv\u00e9olos pulmonares.<\/p>\n<p style=\"text-align: justify;\">As glicoprote\u00ednas da esp\u00edcula t\u00eam duas subunidades; uma subunidade, S1, que se liga aos receptores na superf\u00edcie celular; a outra subunidade, S2, \u00a0que se funde com a membrana celular. Uma serino- protease transmembrana hospedeira, <a href=\"https:\/\/pubmed.ncbi.nlm.nih.gov\/24227843\">TMPRSS2<\/a>, promove a entrada de SARS-CoV nas c\u00e9lulas por <a href=\"https:\/\/pubmed.ncbi.nlm.nih.gov\/32155444\">dois mecanismos diferentes<\/a>. Ap\u00f3s a subunidade S1 da esp\u00edcula se ligar \u00e0 enzima ECA-2 na superf\u00edcie da membrana celular, o TMPRSS2 ativa a esp\u00edcula e quebra o ECA-2. O TMPRSS2 tamb\u00e9m atua na subunidade S2 da glicoprote\u00edna da esp\u00edcula, causando uma altera\u00e7\u00e3o conformacional irrevers\u00edvel, ativando-a e facilitando a fus\u00e3o do v\u00edrus com a membrana celular. O v\u00edrus entra na c\u00e9lula. Uma representa\u00e7\u00e3o desses eventos se encontra na Figura 2.<\/p>\n<p style=\"text-align: justify;\"><img loading=\"lazy\" decoding=\"async\" class=\"alignnone size-full wp-image-2616\" src=\"http:\/\/oxfordbrazilebm.com\/wp-content\/uploads\/2020\/05\/19_00012.jpg\" alt=\"\" width=\"602\" height=\"624\" srcset=\"https:\/\/oxfordbrazilebm.com\/wp-content\/uploads\/2020\/05\/19_00012.jpg 602w, https:\/\/oxfordbrazilebm.com\/wp-content\/uploads\/2020\/05\/19_00012-289x300.jpg 289w\" sizes=\"auto, (max-width: 602px) 100vw, 602px\" \/><\/p>\n<p style=\"text-align: justify;\">Figura 2. Modelo proposto dos mecanismos pelos quais o coronav\u00edrus SRA-CoV-2 entra nas c\u00e9lulas:<\/p>\n<ol style=\"text-align: justify;\">\n<li>O coronav\u00edrus se aproxima da membrana celular<\/li>\n<li>Uma subunidade S1 (vermelho) na extremidade distal de um glicoprote\u00edna da esp\u00edcula do v\u00edrus se liga a uma mol\u00e9cula de ECA-2 (azul) ligada \u00e0 membrana<\/li>\n<li>\u00c0 medida que mais subunidades S1 dos glicoprote\u00ednas da esp\u00edcula se ligam \u00e0s mol\u00e9culas da ECA-2 da membrana, a membrana come\u00e7a a formar um envelope ao redor do v\u00edrus (um endossoma)<\/li>\n<li>O processo continua &#8230;<\/li>\n<\/ol>\n<p style=\"text-align: justify;\">5.\u2026 at\u00e9 o endossoma estar completo<\/p>\n<ol style=\"text-align: justify;\" start=\"6\">\n<li>O v\u00edrus pode entrar na c\u00e9lula de duas maneiras:<\/li>\n<li>a) Uma serina protease ligada \u00e0 membrana celular (marrom), TMPRSS2, cliva as subunidades S1 do v\u00edrus (vermelho) de suas subunidades S2 (preto) e tamb\u00e9m cliva as enzimas ECA-2. O endossoma entra na c\u00e9lula (<a href=\"https:\/\/www.ncbi.nlm.nih.gov\/pmc\/articles\/PMC3889862\/\">endocitose<\/a>), onde o v\u00edrus \u00e9 liberado por acidifica\u00e7\u00e3o ou pela a\u00e7\u00e3o de outra protease, a catepsina,<\/li>\n<\/ol>\n<p style=\"text-align: justify;\">(b) A mesma serina protease, TMPRSS2, causa altera\u00e7\u00f5es conformacionais irrevers\u00edveis nas subunidades S2 do v\u00edrus, ativando-as, ap\u00f3s isto, o v\u00edrus se funde com a membrana celular e pode ser internalizado pela c\u00e9lula.<\/p>\n<p style=\"text-align: justify;\">Um inibidor de serino-protease, mesilato de camostato, usado no Jap\u00e3o para tratar <a href=\"https:\/\/pubmed.ncbi.nlm.nih.gov\/31412955\">pancreatite cr\u00f4nica<\/a>, inibe o TMPRSS2 e <a href=\"https:\/\/www.guidetopharmacology.org\/GRAC\/ObjectDisplayForward?objectId=2421\">bloqueia parcialmente a entrada de SARS-CoV-2<\/a> nas c\u00e9lulas epiteliais br\u00f4nquicas <em>in vitro<\/em>.<\/p>\n<p>&nbsp;<\/p>\n<ol style=\"text-align: justify;\" start=\"3\">\n<li><strong> An\u00e1lise<\/strong><\/li>\n<\/ol>\n<p style=\"text-align: justify;\">A redu\u00e7\u00e3o da atividade da ECA-2 nas membranas celulares poderia teoricamente reduzir a capacidade do SARS-CoV-2 de penetrar nas c\u00e9lulas. No entanto, os inibidores da ECA-1, como o enalapril e o ramipril, atualmente usados \u200b\u200bpara tratar a hipertens\u00e3o e a insufici\u00eancia card\u00edaca, n\u00e3o inibem a ECA-2.<\/p>\n<p style=\"text-align: justify;\">A inibi\u00e7\u00e3o da ECA-1 aumenta a concentra\u00e7\u00e3o de angiotensina I circulante, que pode ser convertida em angiotensina (1-9). No entanto, o metabolismo da angiotensina I (1-9) em angiotensina II (1-7) \u00e9 catalisado pela CA-1 e n\u00e3o se estenderia significativamente na presen\u00e7a de um inibidor da ECA-1.<\/p>\n<p style=\"text-align: justify;\">A presen\u00e7a de uma quantidade aumentada de angiotensina I, devido \u00e0 inibi\u00e7\u00e3o da ECA-1, pode tender a <em>upregulate<\/em> (supersensibiliza\u00e7\u00e3o) a ECA-2. De fato, em estudos experimentais com animais, os inibidores da ECA-1 e os BRA <a href=\"https:\/\/www.ahajournals.org\/doi\/10.1161\/CIRCULATIONAHA.104.510461\">aumentam a atividade da ECA-2 card\u00edaca<\/a>.<\/p>\n<p style=\"text-align: justify;\">N\u00e3o est\u00e1 claro se a <em>upregulation<\/em> seria desej\u00e1vel ou n\u00e3o. O aumento da produ\u00e7\u00e3o de angiotensina (1-7) por meio da angiotensina II sob a a\u00e7\u00e3o da ECA-2, apesar da produ\u00e7\u00e3o reduzida de angiotensina (1-9), pode levar ao aumento da atividade anti-inflamat\u00f3ria, <a href=\"https:\/\/pubmed.ncbi.nlm.nih.gov\/24414230\">parcialmente mediada<\/a> pela inibi\u00e7\u00e3o da s\u00edntese de COX-2 e alguma <a href=\"https:\/\/pubmed.ncbi.nlm.nih.gov\/16007097\">prote\u00e7\u00e3o contra os danos nos pulm\u00f5es<\/a> causados \u200b\u200bpelo v\u00edrus. No entanto, uma vez que as concentra\u00e7\u00f5es de angiotensina II s\u00e3o reduzidas pelos inibidores da ECA-1, \u00e9 improv\u00e1vel que aconte\u00e7a um grande efeito. Em qualquer caso, o aumento da atividade anti-inflamat\u00f3ria, por exemplo, pela administra\u00e7\u00e3o de um <a href=\"https:\/\/www.cebm.net\/oxford-covid-19\/nsaids-in-acute-respiratory-infection\/\">AINES<\/a> ou <a href=\"https:\/\/www.cebm.net\/oxford-covid-19\/nsaids-in-acute-respiratory-infection\/\">corticosteroide<\/a>, pode n\u00e3o ser ben\u00e9fico e pode ser prejudicial nas infec\u00e7\u00f5es por v\u00edrus. Observamos de passagem que o <a href=\"https:\/\/pubmed.ncbi.nlm.nih.gov\/25896805\">ECA-2 \u00e9 <em>upregulated<\/em><\/a> pelo ibuprofeno em estudos com animais.<\/p>\n<ol style=\"text-align: justify;\" start=\"4\">\n<li><strong> Conclus\u00f5es<\/strong><\/li>\n<\/ol>\n<ul style=\"text-align: justify;\">\n<li>N\u00e3o sabemos se os supostos benef\u00edcios dos inibidores da ECA-1 ou dos BRA durante um epis\u00f3dio de infec\u00e7\u00e3o por SARS-CoV-2 superam os poss\u00edveis danos.<\/li>\n<li>Geralmente, <a href=\"https:\/\/www.springer.com\/gp\/book\/9783030291785\">n\u00e3o \u00e9 aconselh\u00e1vel<\/a> instituir qualquer terapia farmacol\u00f3gica com base em uma hip\u00f3tese mecanicista n\u00e3o testada, pois danos inesperados podem superar os benef\u00edcios esperados. At\u00e9 que evid\u00eancias surjam, com base em estudos randomizados ou, pelo menos, na minera\u00e7\u00e3o de dados dos registros dos pacientes, sugerimos que n\u00e3o seria sensato usar inibidores da ECA-1 convencionais ou BRAs para tratar o COVID-19.<\/li>\n<\/ul>\n<p style=\"text-align: justify;\">Pacientes que j\u00e1 est\u00e3o tomando inibidores da ECA-1 ou BRAs geralmente s\u00e3o aconselhados a continuar tomando seus medicamentos. O <em>Council on Hypertension of the European Society of Cardiology <\/em>destacou a aus\u00eancia de evid\u00eancias para apoiar um efeito prejudicial dos inibidores da ECA-1 e dos BRA no contexto do surto de pandemia de COVID-19; no entanto, a falta de evid\u00eancia n\u00e3o demonstra que o suposto benef\u00edcio superar\u00e1 os poss\u00edveis danos em pacientes infectados. O <em>American College of Cardiology <\/em>declarou que &#8220;no caso de pacientes com doen\u00e7a cardiovascular serem diagnosticados com COVID-19, decis\u00f5es de tratamento individualizadas devem ser tomadas de acordo com o status hemodin\u00e2mico de cada paciente e a apresenta\u00e7\u00e3o cl\u00ednica&#8221;. Este \u00e9 um conselho sensato.<\/p>\n<p style=\"text-align: justify;\">As decis\u00f5es mais dif\u00edceis precisam ser tomadas em pacientes com hipertens\u00e3o grave ou insufici\u00eancia card\u00edaca cr\u00f4nica, que podem se deteriorar rapidamente se os medicamentos que atuam no sistema renina-angiotensina forem suspensos. Existem dois problemas &#8211; tratamento antes de uma infec\u00e7\u00e3o e tratamento durante uma infec\u00e7\u00e3o:<\/p>\n<p style=\"text-align: justify;\">&#8211; <em>Continua\u00e7\u00e3o do tratamento antes de uma infec\u00e7\u00e3o<\/em><\/p>\n<p style=\"text-align: justify;\">Aqueles pacientes em quem esses medicamentos t\u00eam maior probabilidade de serem ben\u00e9ficos (ou seja, com hipertens\u00e3o grave ou insufici\u00eancia card\u00edaca) s\u00e3o provavelmente os que deveriam manter uma terapia continuada, mas tamb\u00e9m s\u00e3o \u00a0aqueles que apresentam maior probabilidade de eventos adversos do COVID -19 e nos quais a mortalidade parece ser maior no COVID-19. Na aus\u00eancia informa\u00e7\u00f5es adicionais, esses pacientes provavelmente devem continuar utilizando seus medicamentos.<\/p>\n<p style=\"text-align: justify;\">\u00a0 &#8211; <em>Continua\u00e7\u00e3o do tratamento durante uma infec\u00e7\u00e3o<\/em><\/p>\n<p style=\"text-align: justify;\">Na aus\u00eancia de ensaios cl\u00ednicos em COVID-19, \u00e9 provavelmente melhor aceitar os benef\u00edcios comprovados da terapia continuada para doen\u00e7as cardiovasculares graves e manter a terapia com inibidores da ECA ou BRAs se ocorrer uma infec\u00e7\u00e3o aguda, mesmo com o risco incerto de danos.<\/p>\n<ul style=\"text-align: justify;\">\n<li>Muitos pacientes com diabetes leve ou doen\u00e7a cardiovascular ou ambos utilizar\u00e3o esses medicamentos por seus benef\u00edcios a longo prazo; interromper o tratamento durante uma infec\u00e7\u00e3o aguda poder\u00e1 causar\u00e1 pouco dano e parece sensato.<\/li>\n<\/ul>\n<ul style=\"text-align: justify;\">\n<li>Aqueles que obt\u00eam benef\u00edcios marginais com esses medicamentos, mas que apresentam alto risco de infec\u00e7\u00e3o por causa da exposi\u00e7\u00e3o (por exemplo, profissionais de sa\u00fade mais jovens), podem de forma apropriada interromper o uso desses medicamentos durante a epidemia; os efeitos adversos da retirada de medicamentos ser\u00e3o pequenos e os riscos de continuar a terapia antes e principalmente durante uma infec\u00e7\u00e3o, embora n\u00e3o quantificados, podem ser maiores.<\/li>\n<li>Na recupera\u00e7\u00e3o da infec\u00e7\u00e3o, o tratamento deve ser continuado ou retomado, conforme apropriado.<\/li>\n<\/ul>\n<ul style=\"text-align: justify;\">\n<li>Esta recomenda\u00e7\u00e3o que foi resumida na figura 3 foi embasada nas considera\u00e7\u00f5es te\u00f3ricas descritas acima e deve ser revisada quando os resultados dos <a href=\"https:\/\/pubmed.ncbi.nlm.nih.gov\/32129518\">registros de pacientes<\/a> de minera\u00e7\u00e3o de dados ou de <a href=\"https:\/\/www.cebm.net\/oxford-covid-19\/covid-19-registered-trials-and-analysis\">ensaios cl\u00ednicos<\/a> estiverem dispon\u00edveis.<\/li>\n<\/ul>\n<p style=\"text-align: justify;\"><strong><img loading=\"lazy\" decoding=\"async\" class=\"alignnone size-full wp-image-2617\" src=\"http:\/\/oxfordbrazilebm.com\/wp-content\/uploads\/2020\/05\/19_00013.jpg\" alt=\"\" width=\"602\" height=\"470\" srcset=\"https:\/\/oxfordbrazilebm.com\/wp-content\/uploads\/2020\/05\/19_00013.jpg 602w, https:\/\/oxfordbrazilebm.com\/wp-content\/uploads\/2020\/05\/19_00013-300x234.jpg 300w\" sizes=\"auto, (max-width: 602px) 100vw, 602px\" \/><\/strong><\/p>\n<p style=\"text-align: justify;\"><strong>\u00a0<\/strong><\/p>\n<p style=\"text-align: justify;\"><strong>Figura 3.<\/strong> Recomenda\u00e7\u00e3o sobre o uso cont\u00ednuo de inibidores da ECA e antagonistas dos receptores da angiotensina (BRA) em indiv\u00edduos com risco de COVID-19 ou que o desenvolvem:<\/p>\n<p style=\"text-align: justify;\">Coluna 1: alguns pacientes, nos quais os riscos de interromper o tratamento s\u00e3o altos, devem continuar utilizando seus inibidores da ECA ou BRA, mesmo se a infec\u00e7\u00e3o persistir;<\/p>\n<p style=\"text-align: justify;\">Coluna 2: a recomenda\u00e7\u00e3o para continuar o tratamento ser\u00e1 adequada para a maioria dos pacientes, a menos que eles desenvolvam COVID-19;<\/p>\n<p style=\"text-align: justify;\">Coluna 3: alguns pacientes nos quais os benef\u00edcios dos inibidores da ECA ou dos BRA s\u00e3o menores a curto prazo e com alto risco de contrair a COVID-19, podem optar por interromper o uso destes medicamentos at\u00e9 que o fim da epidemia.<\/p>\n<p>&nbsp;<\/p>\n<p style=\"text-align: justify;\"><strong>Agradecimento<\/strong><\/p>\n<p style=\"text-align: justify;\">Os autores agradecem ao professor David Henry, da Bond University, Faculty of Health Sciences and Medicine, Austr\u00e1lia, e a outros por revisarem nosso rascunho do manuscrito<\/p>\n<p style=\"text-align: justify;\"><strong>Declara\u00e7\u00e3o:<\/strong>\u00a0este artigo n\u00e3o foi revisado por pares; n\u00e3o deve substituir o julgamento cl\u00ednico individual e as fontes citadas devem ser verificadas. As opini\u00f5es expressas nesse coment\u00e1rio representam as opini\u00f5es dos autores e n\u00e3o necessariamente as da institui\u00e7\u00e3o anfitri\u00e3, do National Health Service (HHS), do National Institute for Health Research (NIHR) ou do Departamento de Sa\u00fade do Reino Unido. As opini\u00f5es n\u00e3o substituem a consulta m\u00e9dica.<\/p>\n<p><strong>\u00a0<\/strong><\/p>\n<p>&nbsp;<\/p>\n<hr \/>\n<p><strong><em>\u00a0<\/em><\/strong><\/p>\n<p><strong>Link para o original<\/strong>: https:\/\/www.cebm.net\/covid-19\/angiotensin-converting-enzyme-ace-inhibitors-and-angiotensin-receptor-blockers-in-covid-19\/<\/p>\n<p>&nbsp;<\/p>\n<p><strong>Deve ser citado como<\/strong>: Oxford COVID-19 Evidence Service. Jeffrey K Aronson, Robin E Ferner. Angiotensin converting enzyme (ACE) inhibitors and angiotensin receptor blockers in COVID-19. <strong>https:\/\/www.cebm.net\/covid-19\/angiotensin-converting-enzyme-ace-inhibitors-and-angiotensin-receptor-blockers-in-covid-19\/<\/strong>[\/vc_column_text][\/vc_column][\/vc_row]<\/p>\n<\/div>","protected":false},"excerpt":{"rendered":"<p>[vc_row][vc_column][vc_column_text]Tradutores:\u00a0Tatiane B. Ribeiro, Luis Eduardo Fontes &nbsp; Jeffrey K Aronson, Robin E Ferner (University of Birmingham) Em nome da equipe de servi\u00e7o de evid\u00eancia COVID-19 da Oxford Centre for Evidence-Based Medicine, Nuffield Department of Primary Care Health Sciences, University of Oxford Correspond\u00eancia para cebm@phc.ox.ac.uk Inibidores da enzima de convers\u00e3o da angiotensina (ECA) e bloqueadores dos&hellip;<\/p>\n","protected":false},"author":1,"featured_media":0,"parent":0,"menu_order":0,"comment_status":"closed","ping_status":"closed","template":"","meta":{"footnotes":""},"class_list":["post-2614","page","type-page","status-publish","hentry","description-off"],"_links":{"self":[{"href":"https:\/\/oxfordbrazilebm.com\/index.php\/wp-json\/wp\/v2\/pages\/2614","targetHints":{"allow":["GET"]}}],"collection":[{"href":"https:\/\/oxfordbrazilebm.com\/index.php\/wp-json\/wp\/v2\/pages"}],"about":[{"href":"https:\/\/oxfordbrazilebm.com\/index.php\/wp-json\/wp\/v2\/types\/page"}],"author":[{"embeddable":true,"href":"https:\/\/oxfordbrazilebm.com\/index.php\/wp-json\/wp\/v2\/users\/1"}],"replies":[{"embeddable":true,"href":"https:\/\/oxfordbrazilebm.com\/index.php\/wp-json\/wp\/v2\/comments?post=2614"}],"version-history":[{"count":1,"href":"https:\/\/oxfordbrazilebm.com\/index.php\/wp-json\/wp\/v2\/pages\/2614\/revisions"}],"predecessor-version":[{"id":2618,"href":"https:\/\/oxfordbrazilebm.com\/index.php\/wp-json\/wp\/v2\/pages\/2614\/revisions\/2618"}],"wp:attachment":[{"href":"https:\/\/oxfordbrazilebm.com\/index.php\/wp-json\/wp\/v2\/media?parent=2614"}],"curies":[{"name":"wp","href":"https:\/\/api.w.org\/{rel}","templated":true}]}}