{"id":2498,"date":"2020-04-30T04:01:33","date_gmt":"2020-04-30T03:01:33","guid":{"rendered":"http:\/\/oxfordbrazilebm.com\/?page_id=2498"},"modified":"2020-04-30T04:01:33","modified_gmt":"2020-04-30T03:01:33","slug":"vies-de-doencas-socialmente-nao-aceitas","status":"publish","type":"page","link":"https:\/\/oxfordbrazilebm.com\/index.php\/vies-de-doencas-socialmente-nao-aceitas\/","title":{"rendered":"Vi\u00e9s de doen\u00e7as socialmente n\u00e3o aceitas"},"content":{"rendered":"<div class=\"wpb-content-wrapper\"><p>[vc_row bg_type=&#8221;bg_color&#8221; css=&#8221;.vc_custom_1572747881603{padding-top: 10px !important;padding-bottom: 10px !important;}&#8221; bg_color_value=&#8221;#f7f7f7&#8243;][vc_column width=&#8221;1\/3&#8243;][vc_column_text]<b>Nome original do vi\u00e9s: <\/b>Unacceptable disease bias[\/vc_column_text][\/vc_column][vc_column width=&#8221;1\/3&#8243;][vc_column_text]<strong>Tradutor: <\/strong>Carolina de Oliveira Cruz Latorraca<\/p>\n<p><strong>Primeiro revisor: <\/strong>Rafael Leite Pacheco<\/p>\n<p><strong>Segundo revisor: <\/strong>Rachel Riera[\/vc_column_text][\/vc_column][\/vc_row][vc_row][vc_column]<div class=\"ult-spacer spacer-69e157143645f\" data-id=\"69e157143645f\" data-height=\"30\" data-height-mobile=\"30\" data-height-tab=\"30\" data-height-tab-portrait=\"\" data-height-mobile-landscape=\"\" style=\"clear:both;display:block;\"><\/div>[vc_separator]<div class=\"ult-spacer spacer-69e1571436481\" data-id=\"69e1571436481\" data-height=\"30\" data-height-mobile=\"30\" data-height-tab=\"30\" data-height-tab-portrait=\"\" data-height-mobile-landscape=\"\" style=\"clear:both;display:block;\"><\/div>[\/vc_column][\/vc_row][vc_row][vc_column][vc_column_text]<\/p>\n<p style=\"text-align: justify;\"><strong>Introdu\u00e7\u00e3o<\/strong><\/p>\n<p style=\"text-align: justify;\"><em>&#8220;Quando as doen\u00e7as n\u00e3o s\u00e3o socialmente aceit\u00e1veis, como insanidade, elas tendem a ser pouco relatadas.&#8221; <\/em>(Sackett et al. 1979) O vi\u00e9s de doen\u00e7as socialmente n\u00e3o aceitas \u00e9 um subtipo de vi\u00e9s de relato em que as condi\u00e7\u00f5es (ou doen\u00e7as), devido a vergonha ou constrangimento, n\u00e3o s\u00e3o totalmente relatadas. Isso reduz a validade dos dados dessas condi\u00e7\u00f5es e pode dificultar as compara\u00e7\u00f5es em estudos.<\/p>\n<p style=\"text-align: justify;\">Este vi\u00e9s \u00e9 potencialmente respons\u00e1vel por discrep\u00e2ncias nas taxas de mortalidade por c\u00e2ncer em diferentes pa\u00edses, onde fatores culturais influenciam o registro das causas das mortes e, em alguns casos, at\u00e9 o registro do c\u00e2ncer. A exposi\u00e7\u00e3o ao vi\u00e9s de doen\u00e7as socialmente n\u00e3o aceit\u00e1veis \u00e9 similar \u00e0 situa\u00e7\u00e3o em que os indiv\u00edduos podem n\u00e3o relatar exposi\u00e7\u00f5es por serem socialmente n\u00e3o aceit\u00e1veis.<\/p>\n<p style=\"text-align: justify;\"><strong>Exemplos<\/strong><\/p>\n<p style=\"text-align: justify;\">No estudo de coorte Whitehall II, foram investigadas as raz\u00f5es psiqui\u00e1tricas para as pessoas pedirem afastamento do trabalho. Para um subgrupo, esses registros foram cruzados com informa\u00e7\u00f5es sobre os registros m\u00e9dicos gerais (Stansfeld 1995). O estudo mostrou um sub-relato de psicose como motivo para falta no trabalho: 2% nos registros do trabalho <em>versus<\/em> 15% nos registros m\u00e9dicos gerais. Os autores comentaram: &#8220;<em>Esta importante causa de sub-relato est\u00e1 principalmente relacionada com o estigma do diagn\u00f3stico de uma doen\u00e7a psiqui\u00e1trica, especialmente com rela\u00e7\u00e3o ao futuro dessa pessoa no trabalho<\/em>.&#8221;<\/p>\n<p style=\"text-align: justify;\"><strong>Impacto<\/strong><\/p>\n<p style=\"text-align: justify;\">O estudo de Whitehall II mostrou o impacto do vi\u00e9s de doen\u00e7as socialmente n\u00e3o aceit\u00e1veis pode ser grande: apenas 13% da popula\u00e7\u00e3o relatou ter raz\u00f5es psiqui\u00e1tricas para solicitar o afastamento do trabalho.<\/p>\n<p style=\"text-align: justify;\"><strong>Passos para preven\u00e7\u00e3o<\/strong><\/p>\n<p style=\"text-align: justify;\">Em question\u00e1rios, quest\u00f5es relacionadas \u00e0s doen\u00e7as socialmente n\u00e3o aceit\u00e1veis devem vir ao final para n\u00e3o afetar as outras perguntas (Choi BC 2005). Respostas an\u00f4nimas (por exemplo com o uso de question\u00e1rios enviados pelo correio) podem resolver alguns problemas que podem surgir devido ao vi\u00e9s de doen\u00e7as socialmente n\u00e3o aceit\u00e1veis.<\/p>\n<p>[\/vc_column_text][\/vc_column][\/vc_row][vc_row][vc_column]<div class=\"ult-spacer spacer-69e1571436491\" data-id=\"69e1571436491\" data-height=\"30\" data-height-mobile=\"30\" data-height-tab=\"30\" data-height-tab-portrait=\"\" data-height-mobile-landscape=\"\" style=\"clear:both;display:block;\"><\/div>[vc_separator]<div class=\"ult-spacer spacer-69e157143649e\" data-id=\"69e157143649e\" data-height=\"30\" data-height-mobile=\"30\" data-height-tab=\"30\" data-height-tab-portrait=\"\" data-height-mobile-landscape=\"\" style=\"clear:both;display:block;\"><\/div>[\/vc_column][\/vc_row][vc_row bg_type=&#8221;bg_color&#8221; bg_color_value=&#8221;#f7f7f7&#8243; css=&#8221;.vc_custom_1572747847655{padding-top: 20px !important;padding-bottom: 20px !important;}&#8221;][vc_column][vc_column_text]<\/p>\n<p style=\"text-align: left;\"><strong>Link para o original: <\/strong><a href=\"https:\/\/catalogofbias.org\/biases\/unacceptable-disease-bias\/\"><strong>https:\/\/catalogofbias.org\/biases\/unacceptable-disease-bias\/<\/strong><\/a><\/p>\n<p style=\"text-align: left;\"><strong>\u00a0<\/strong><\/p>\n<p style=\"text-align: left;\"><strong>Deve ser citado como<\/strong><\/p>\n<p style=\"text-align: left;\">Catalogue of Bias Collaboration, Spencer EA, Heneghan C. Unacceptable disease bias. In: Catalogue Of Bias 2017:\u00a0 <a href=\"https:\/\/www.catalogofbias.org\/biases\/unacceptable-disease-bias\">https:\/\/www.catalogofbias.org\/biases\/unacceptable-disease-bias<\/a>.<\/p>\n<p style=\"text-align: left;\"><strong>\u00a0<\/strong><\/p>\n<p style=\"text-align: left;\"><strong>Fontes:<\/strong><\/p>\n<p style=\"text-align: left;\">Sackett DL. Bias in analytic research. J Chron Dis 1979; 32: 51-63<\/p>\n<p style=\"text-align: left;\">Stansfeld S et al. Sickness absence for psychiatric illness: the Whitehall II Study. Soc Sci Med. 1995 Jan;40(2):189-97<\/p>\n<p style=\"text-align: left;\">Choi BC et al. A catalog of biases in questionnaires. Prev Chronic Dis. 2005 Jan;2(1):A13. Epub 2004 Dec 15.<\/p>\n<p style=\"text-align: left;\">Delgado-Rodr\u00edguez M et al. Bias. Journal of Epidemiology &amp; Community Health 2004;58:635-641.<\/p>\n<p>[\/vc_column_text][\/vc_column][\/vc_row]<\/p>\n<\/div>","protected":false},"excerpt":{"rendered":"<p>[vc_row bg_type=&#8221;bg_color&#8221; css=&#8221;.vc_custom_1572747881603{padding-top: 10px !important;padding-bottom: 10px !important;}&#8221; bg_color_value=&#8221;#f7f7f7&#8243;][vc_column width=&#8221;1\/3&#8243;][vc_column_text]Nome original do vi\u00e9s: Unacceptable disease bias[\/vc_column_text][\/vc_column][vc_column width=&#8221;1\/3&#8243;][vc_column_text]Tradutor: Carolina de Oliveira Cruz Latorraca Primeiro revisor: Rafael Leite Pacheco Segundo revisor: Rachel Riera[\/vc_column_text][\/vc_column][\/vc_row][vc_row][vc_column][vc_separator][\/vc_column][\/vc_row][vc_row][vc_column][vc_column_text] Introdu\u00e7\u00e3o &#8220;Quando as doen\u00e7as n\u00e3o s\u00e3o socialmente aceit\u00e1veis, como insanidade, elas tendem a ser pouco relatadas.&#8221; (Sackett et al. 1979) O vi\u00e9s de doen\u00e7as socialmente&hellip;<\/p>\n","protected":false},"author":1,"featured_media":0,"parent":0,"menu_order":0,"comment_status":"closed","ping_status":"closed","template":"","meta":{"footnotes":""},"class_list":["post-2498","page","type-page","status-publish","hentry","description-off"],"_links":{"self":[{"href":"https:\/\/oxfordbrazilebm.com\/index.php\/wp-json\/wp\/v2\/pages\/2498","targetHints":{"allow":["GET"]}}],"collection":[{"href":"https:\/\/oxfordbrazilebm.com\/index.php\/wp-json\/wp\/v2\/pages"}],"about":[{"href":"https:\/\/oxfordbrazilebm.com\/index.php\/wp-json\/wp\/v2\/types\/page"}],"author":[{"embeddable":true,"href":"https:\/\/oxfordbrazilebm.com\/index.php\/wp-json\/wp\/v2\/users\/1"}],"replies":[{"embeddable":true,"href":"https:\/\/oxfordbrazilebm.com\/index.php\/wp-json\/wp\/v2\/comments?post=2498"}],"version-history":[{"count":1,"href":"https:\/\/oxfordbrazilebm.com\/index.php\/wp-json\/wp\/v2\/pages\/2498\/revisions"}],"predecessor-version":[{"id":2501,"href":"https:\/\/oxfordbrazilebm.com\/index.php\/wp-json\/wp\/v2\/pages\/2498\/revisions\/2501"}],"wp:attachment":[{"href":"https:\/\/oxfordbrazilebm.com\/index.php\/wp-json\/wp\/v2\/media?parent=2498"}],"curies":[{"name":"wp","href":"https:\/\/api.w.org\/{rel}","templated":true}]}}