{"id":2440,"date":"2020-04-25T23:52:16","date_gmt":"2020-04-25T22:52:16","guid":{"rendered":"http:\/\/oxfordbrazilebm.com\/?page_id=2440"},"modified":"2020-04-25T23:57:39","modified_gmt":"2020-04-25T22:57:39","slug":"diferencando-pneumonia-viral-e-bacteriana","status":"publish","type":"page","link":"https:\/\/oxfordbrazilebm.com\/index.php\/diferencando-pneumonia-viral-e-bacteriana\/","title":{"rendered":"Diferen\u00e7ando pneumonia viral e bacteriana"},"content":{"rendered":"<div class=\"wpb-content-wrapper\"><p>[vc_row][vc_column][vc_column_text]Tradutores: Luciana Thiago, Enderson Miranda<\/p>\n<hr \/>\n<p>&nbsp;<\/p>\n<p><img loading=\"lazy\" decoding=\"async\" class=\"alignnone size-full wp-image-2441\" src=\"http:\/\/oxfordbrazilebm.com\/wp-content\/uploads\/2020\/04\/11_003.jpg\" alt=\"\" width=\"600\" height=\"296\" srcset=\"https:\/\/oxfordbrazilebm.com\/wp-content\/uploads\/2020\/04\/11_003.jpg 600w, https:\/\/oxfordbrazilebm.com\/wp-content\/uploads\/2020\/04\/11_003-300x148.jpg 300w\" sizes=\"auto, (max-width: 600px) 100vw, 600px\" \/><\/p>\n<p>&nbsp;<\/p>\n<p style=\"text-align: justify;\">Diferenciando pneumonia viral e bacteriana<\/p>\n<p style=\"text-align: justify;\">Distinguir a pneumonia viral da pneumonia bacteriana \u00e9 dif\u00edcil na comunidade. Podem existir pistas importantes na hist\u00f3ria do paciente e examin\u00e1-lo pode ajudar a diferenciar as duas.<\/p>\n<p style=\"text-align: justify;\">A orienta\u00e7\u00e3o recente do NICE (Reino Unido) vai ajudar os cl\u00ednicos nesse processo.<\/p>\n<p style=\"text-align: justify;\">Evidence-cov.id\/differentiating<\/p>\n<p style=\"text-align: justify;\">#EvidenceCOVID<\/p>\n<p style=\"text-align: justify;\"><strong>PARECER<\/strong><\/p>\n<p style=\"text-align: justify;\">A pneumonia viral \u00e9 uma complica\u00e7\u00e3o grave da COVID-19. Distinguir a pneumonia viral da pneumonia bacteriana na comunidade \u00e9 dif\u00edcil. Em alguns casos, as duas podem coexistir, aumentando as hip\u00f3teses de um desfecho ruim. \u00a0No entanto, podem existir ind\u00edcios importantes na hist\u00f3ria e no exame do paciente que possam ajudar a diferenciar as duas. Orienta\u00e7\u00f5es recentes do NICE (Reino Unido) apoiar\u00e3o os cl\u00ednicos neste processo de diferencia\u00e7\u00e3o.<\/p>\n<p style=\"text-align: justify;\"><strong>CONTEXTO<\/strong><\/p>\n<p style=\"text-align: justify;\">A pneumonia adquirida na Comunidade (PAC) pode ser causada por v\u00edrus, bact\u00e9rias e fungos (figura 1).<\/p>\n<p style=\"text-align: justify;\">Pneumonia adquirida na comunidade<\/p>\n<p style=\"text-align: justify;\">Etiologia depende de fatores como epidemiologia local, severidade da doen\u00e7a, e sexo, idade e comorbidades da pessoa<\/p>\n<p style=\"text-align: justify;\">Causas bacterianas:<\/p>\n<p style=\"text-align: justify;\">&#8211; Streptococcus pneumoniae (mais comum)<\/p>\n<p style=\"text-align: justify;\">&#8211; Haemophilus influenzae<\/p>\n<p style=\"text-align: justify;\">&#8211; Staphylococcus aureus<\/p>\n<p style=\"text-align: justify;\">&#8211; Streptococci grupo A<\/p>\n<p style=\"text-align: justify;\">&#8211; Moraxella catarrhalis<\/p>\n<p style=\"text-align: justify;\">&#8211; Mycoplasma pneumoniae<\/p>\n<p style=\"text-align: justify;\">&#8211; Clam\u00eddia<\/p>\n<p style=\"text-align: justify;\">&#8211; Esp\u00e9cies de legionela<\/p>\n<p style=\"text-align: justify;\">Viral:<\/p>\n<p style=\"text-align: justify;\">&#8211; Influenza A e B<\/p>\n<p style=\"text-align: justify;\">&#8211; V\u00edrus respirat\u00f3rio sincicial<\/p>\n<p style=\"text-align: justify;\">&#8211; Adenov\u00edrus<\/p>\n<p style=\"text-align: justify;\">&#8211; Alguns tipos de coronavirus<\/p>\n<p style=\"text-align: justify;\">Causas menos comuns:<\/p>\n<p style=\"text-align: justify;\">&#8211; Pseudomonas aeruginosa<\/p>\n<p style=\"text-align: justify;\">&#8211; Espectro estendido beta-lactamase da enterobacteriaceae<\/p>\n<p style=\"text-align: justify;\">&#8211; Staphilococcus aureus resistente a meticilina<\/p>\n<p style=\"text-align: justify;\">A pneumonia viral \u00e9 uma complica\u00e7\u00e3o comum de doen\u00e7as semelhantes \u00e0 gripe, e tamb\u00e9m \u00e9 uma complica\u00e7\u00e3o da SRA-COV-2.\u00a0 A pneumonia viral pode desaparecer por si s\u00f3. Contudo, quando grave, pode ser fatal.\u00a0 Os v\u00edrus n\u00e3o s\u00e3o geralmente uma causa t\u00e3o comum da PAC como algumas bact\u00e9rias. No entanto, mesmo sendo um pat\u00f3geno prim\u00e1rio, os v\u00edrus podem tamb\u00e9m coexistirem com bact\u00e9rias, particularmente naqueles com doen\u00e7as graves que requeiram admiss\u00e3o na unidade de terapia intensiva (UTI) e em pneumonia associada a ventila\u00e7\u00e3o mec\u00e2nica.<\/p>\n<p>&nbsp;<\/p>\n<p style=\"text-align: justify;\"><strong>Evid\u00eancia Atual<\/strong><\/p>\n<p style=\"text-align: justify;\">A pneumonia bacteriana adquirida na comunidade e a pneumonia viral podem coexistir. <a href=\"https:\/\/err.ersjournals.com\/content\/25\/140\/178\">Uma revis\u00e3o sistem\u00e1tica, incluindo 31 estudos<\/a> (n=10.762 pacientes), revelou que 25% dos pacientes com PAC tinham infec\u00e7\u00f5es virais (IC 95% 22-28%), o que aumentou para 44% em estudos em que mais de 50% tinham uma reserva respirat\u00f3ria inferior. A revis\u00e3o indicou que a intera\u00e7\u00e3o entre a PAC e a infec\u00e7\u00e3o viral duplicou a mortalidade:\u00a0 probabilidades de morte em doentes com infec\u00e7\u00e3o bacteriana e viral (OR 2.1, IC 95% 1.32 a 3.31) (10 estudos).<\/p>\n<p style=\"text-align: justify;\">Outra <a href=\"https:\/\/pubmed.ncbi.nlm.nih.gov\/28837859\/\">revis\u00e3o sistem\u00e1tica<\/a> de 28 estudos (n= 8.777) identificou v\u00edrus respirat\u00f3rios em 22% (IC 95% 18%-27%) dos doentes da PAC, aumentando para 29% (25%-34%) nos estudos em que foi utilizada a detec\u00e7\u00e3o da rea\u00e7\u00e3o em cadeia da polimerase (PCR). A revis\u00e3o concluiu que a propor\u00e7\u00e3o de v\u00edrus respirat\u00f3rios mistos e de <a href=\"https:\/\/www.sciencedirect.com\/topics\/immunology-and-microbiology\/coinfection\">coinfec\u00e7\u00f5es<\/a> bacterianas em doentes com PAC era de 10% (IC 95%: 6%-14%). Os v\u00edrus da gripe (9%), os rinov\u00edrus (5%) e os coronav\u00edrus (4%) representaram a maioria dos agentes patog\u00e9nicos de v\u00edrus detectados.<\/p>\n<p style=\"text-align: justify;\">Tamb\u00e9m foi demonstrado que o coronav\u00edrus ocorre com PAC. <a href=\"https:\/\/pubmed.ncbi.nlm.nih.gov\/20363845\/?dopt=Abstract\">Num estudo de controle de casos realizado em Israel em 2010<\/a> (n=183 adultos com PAC, 450 controles), foram identificados coronav\u00edrus em 24 (13%) doentes com PAC, em compara\u00e7\u00e3o com 17 (4%) no grupo controle.<\/p>\n<p style=\"text-align: justify;\">Entre aqueles que <a href=\"https:\/\/www.ncbi.nlm.nih.gov\/books\/NBK513286\/\">est\u00e3o mais em risco<\/a>, contam-se:<\/p>\n<ul style=\"text-align: justify;\">\n<li>Os muito jovens e os idosos (h\u00e1 um decl\u00ednio na incid\u00eancia desde a adolesc\u00eancia at\u00e9 \u00e0 quinta d\u00e9cada).<\/li>\n<li>Imunossupress\u00e3o relacionada com a idade.<\/li>\n<\/ul>\n<ul style=\"text-align: justify;\">\n<li>Comorbidades relacionadas com a idade.<\/li>\n<\/ul>\n<ul style=\"text-align: justify;\">\n<li>Terapia imunossupressora e imunodefici\u00eancias secund\u00e1rias.<\/li>\n<\/ul>\n<ul style=\"text-align: justify;\">\n<li>Agentes hematol\u00f3gicos\/imunol\u00f3gicos modificadores da doen\u00e7a em doen\u00e7as cr\u00f3nicas<\/li>\n<\/ul>\n<p>&nbsp;<\/p>\n<p style=\"text-align: justify;\"><strong>\u00a0<\/strong><strong>Diferenciando a pneumonia viral da pneumonia bacteriana<\/strong><\/p>\n<p style=\"text-align: justify;\">H\u00e1 poucos ind\u00edcios para diferenciar a pneumonia bacteriana da viral.<\/p>\n<p style=\"text-align: justify;\"><a href=\"https:\/\/pubmed.ncbi.nlm.nih.gov\/25531901\/?from_term=%28Diagnosis%2FNarrow%5Bfilter%5D%29+AND+%28viral+pneumonia%5Bti%5D%29&amp;from_sort=date&amp;from_pos=4\">Em um coorte de 310 pacientes<\/a> com pneumonia viral ou n\u00e3o-viral adquiridas na comunidade, a pneumonia viral foi associada com:<\/p>\n<ul style=\"text-align: justify;\">\n<li>Rinorreia (multivariada OR 3,52; IC 95%, 1,58-7,87)<\/li>\n<\/ul>\n<ul style=\"text-align: justify;\">\n<li>Fra\u00e7\u00e3o linfocit\u00e1ria superior nos gl\u00f3bulos brancos,<\/li>\n<\/ul>\n<ul style=\"text-align: justify;\">\n<li>Creatinina s\u00e9rica mais baixa.<\/li>\n<\/ul>\n<ul style=\"text-align: justify;\">\n<li>Opacidade do vidro fosco (GGO) em resultados radiol\u00f3gicos (multivariada OR 4,68; IC 95%, 2,48-8,89).<\/li>\n<li><\/li>\n<\/ul>\n<p style=\"text-align: justify;\">Veja tamb\u00e9m: <a href=\"https:\/\/www.ncbi.nlm.nih.gov\/pubmed\/32174129\">Coronav\u00edrus 2019 (COVID-19): Uma revis\u00e3o sistem\u00e1tica dos resultados de imagens em 919 pacientes.<\/a><\/p>\n<p style=\"text-align: justify;\">O <a href=\"https:\/\/pubmed.ncbi.nlm.nih.gov\/10868716\/\">Desenvolvimento de um Modelo Preditivo \u00e0 beira do leito<\/a> e de um Sistema de Pontua\u00e7\u00e3o em 103 pacientes consecutivos classificados como tendo pneumonia tipo v\u00edrus (48), bacteriana (37) e desconhecida (18), descobriu que os preditores independentes para pneumonia bacteriana eram:<\/p>\n<ul style=\"text-align: justify;\">\n<li>In\u00edcio agudo dos sintomas (OR 31; IC 95%, 6-150),<\/li>\n<li>Idade acima de 65 anos.<\/li>\n<li>Comorbidade (OR 6,9; IC 95% 2-23),<\/li>\n<li>Leucocitose ou leucopenia (OR 2; IC 95% 0,6-7).<\/li>\n<\/ul>\n<p>&nbsp;<\/p>\n<p style=\"text-align: justify;\">A sensibilidade e especificidade da pontua\u00e7\u00e3o para identificar pacientes com pneumonia bacteriana foram de 89% e 94%, respectivamente. A amostra foi pequena, os resultados podem n\u00e3o ser generaliz\u00e1veis fora do pronto socorro e eles n\u00e3o foram validados.<\/p>\n<p>&nbsp;<\/p>\n<p style=\"text-align: justify;\"><a href=\"https:\/\/pubmed.ncbi.nlm.nih.gov\/14965402\/\">Uma regra diagn\u00f3stica para a etiologia das infec\u00e7\u00f5es do trato respirat\u00f3rio inferior<\/a> em 145 adultos [infec\u00e7\u00e3o bacteriana (n = 35), viral (n = 49), ou dupla infec\u00e7\u00e3o (n = 8), ou infec\u00e7\u00e3o de causa desconhecida (n = 53)] encontrou os seguintes preditores independentes para a infec\u00e7\u00e3o bacteriana:<\/p>\n<ul style=\"text-align: justify;\">\n<li>Febre (OR 8,0, IC 95% = 0,9 a 71,0).<\/li>\n<\/ul>\n<ul style=\"text-align: justify;\">\n<li>Cefaleia (OR 4,3; IC 95% = 1,0 a 19,1).<\/li>\n<\/ul>\n<ul style=\"text-align: justify;\">\n<li>Linfonodos cervicais dolorosos (OR 8.7; IC 95%\u00a0 = 1.1 a 68.0)<\/li>\n<\/ul>\n<ul style=\"text-align: justify;\">\n<li>Diarreia (OR = 0,3; IC 95% = 0,1 a 1,0)<\/li>\n<\/ul>\n<ul style=\"text-align: justify;\">\n<li>Rinite (OR = 0,3; IC 95% = 0,1 a 0,9).<\/li>\n<\/ul>\n<p>&nbsp;<\/p>\n<p style=\"text-align: justify;\"><strong>Procalcitonina<\/strong><\/p>\n<p style=\"text-align: justify;\"><a href=\"https:\/\/pubmed.ncbi.nlm.nih.gov\/31241140\/\">Uma metan\u00e1lise incluiu 12 estudos<\/a> de 2408 pacientes adultos com etiologia bacteriana versus n\u00e3o bacteriana da PAC documentada. Para os 8 estudos que utilizaram um corte de procalcitonina de 0,5 \u00b5g\/L, as estimativas de sensibilidade e especificidade combinadas foram de 55% (IC 95%, 37-71%) e 76% (IC 95%, 62-86%), respectivamente. A revis\u00e3o constatou que a sensibilidade e a especificidade eram ambas demasiadamente baixas e vari\u00e1veis para que os resultados pudessem ser utilizados com confian\u00e7a na tomada de decis\u00f5es.<\/p>\n<p>&nbsp;<\/p>\n<p style=\"text-align: justify;\"><strong><a href=\"https:\/\/www.ncbi.nlm.nih.gov\/books\/NBK513286\/\">Cuidados de Suporte<\/a>:<\/strong><\/p>\n<p style=\"text-align: justify;\"><strong>\u00a0<\/strong><\/p>\n<ul style=\"text-align: justify;\">\n<li>Manter a oxigena\u00e7\u00e3o conforme necess\u00e1rio.<\/li>\n<\/ul>\n<ul style=\"text-align: justify;\">\n<li>Manter a hidrata\u00e7\u00e3o pela ingest\u00e3o oral supervisionada ou de fluidos intravenosos.<\/li>\n<\/ul>\n<ul style=\"text-align: justify;\">\n<li>Diminuir a demanda de oxig\u00eanio.<\/li>\n<\/ul>\n<ul style=\"text-align: justify;\">\n<li>Atender ao aumento das necessidades cal\u00f3ricas do paciente, secund\u00e1rio ao aumento do esfor\u00e7o respirat\u00f3rio.<\/li>\n<\/ul>\n<p>&nbsp;<\/p>\n<p style=\"text-align: justify;\"><strong>MANEJO DE PNEUMONIA SUSPEITA OU CONFIRMADA EM ADULTOS DA COMUNIDADE DURANTE A PANDEMIA DE COVID-19<\/strong><\/p>\n<p style=\"text-align: justify;\"><strong>\u00a0<\/strong>No Reino Unido, o National Institute for Health and Care Excellence (NICE) produziu diretrizes r\u00e1pidas para o manejo de pneumonia suspeita ou confirmada em adultos da comunidade durante a pandemia de COVID-19. A orienta\u00e7\u00e3o faz refer\u00eancia espec\u00edfica para diferenciar a pneumonia viral COVID-19 da pneumonia bacteriana da seguinte forma:<\/p>\n<table>\n<tbody>\n<tr>\n<td width=\"283\">Pneumonia viral COVID-19 pode ser mais prov\u00e1vel se o paciente:<\/td>\n<td width=\"283\">Uma causa bacteriana de pneumonia pode ser mais prov\u00e1vel se o paciente:<\/td>\n<\/tr>\n<tr>\n<td width=\"283\">-Apresenta um hist\u00f3rico de sintomas t\u00edpicos da COVID-19 durante cerca de uma semana.<\/p>\n<p>&nbsp;<\/p>\n<p>-Tem dores musculares graves (mialgia).<\/p>\n<p>&nbsp;<\/p>\n<p>&#8211; Tem uma perda do olfacto (anosmia).<\/p>\n<p>&nbsp;<\/p>\n<p>&#8211; Est\u00e1 sem f\u00f4lego, mas n\u00e3o tem dor pleur\u00edtica.<\/p>\n<p>&nbsp;<\/p>\n<p>&#8211; Tem um hist\u00f3rico de exposi\u00e7\u00e3o a COVID-19 conhecido ou suspeito, tal como um contato dom\u00e9stico ou no local de trabalho.<\/td>\n<td width=\"283\">\n<p style=\"text-align: left;\">-Torna-se rapidamente indisposto ap\u00f3s apenas alguns dias de sintomas.<\/p>\n<p>&nbsp;<\/p>\n<p>&#8211; N\u00e3o tem um hist\u00f3rico de sintomas t\u00edpicos da COVID-19.<\/p>\n<p>&nbsp;<\/p>\n<p>&#8211; Tem dores pleur\u00edticas.<\/p>\n<p>&nbsp;<\/p>\n<p>&#8211; Tem expectora\u00e7\u00e3o purulenta.<\/td>\n<\/tr>\n<\/tbody>\n<\/table>\n<p style=\"text-align: justify;\">Opini\u00e3o dos especialistas &#8211; sugest\u00f5es adicionais inclu\u00eddas*.<\/p>\n<table>\n<tbody>\n<tr>\n<td width=\"283\"><strong>Pneumonia viral mais prov\u00e1vel se<\/strong><\/td>\n<td width=\"283\"><strong>Pneumonia Bacteriana mais prov\u00e1vel se\u00a0 <\/strong><\/td>\n<\/tr>\n<tr>\n<td width=\"283\">-In\u00edcio insidioso.<\/p>\n<p>&nbsp;<\/p>\n<p>-Temperatura mais baixa.<\/p>\n<p>&nbsp;<\/p>\n<p>-Taquicardia ou taquipneia fora de propor\u00e7\u00e3o \u00e0 temperatura.<\/p>\n<p>&nbsp;<\/p>\n<p>-Uma escassez de achados f\u00edsicos no exame pulmonar desproporcional ao n\u00edvel de incapacidade.<\/p>\n<p>&nbsp;<\/p>\n<p>-Achado pulmonar positivo bilateral.<\/td>\n<td width=\"283\">-In\u00edcio agudo.<\/p>\n<p>&nbsp;<\/p>\n<p>-Temperatura mais alta.<\/p>\n<p>&nbsp;<\/p>\n<p>&#8211; Resultados pulmonares unilaterais positivos.<\/td>\n<\/tr>\n<\/tbody>\n<\/table>\n<p>&nbsp;<\/p>\n<p style=\"text-align: justify;\">*Pneumonia Viral [Atualizado em 2019 Dez 25]. Publicado em; 2020 Jan. Dispon\u00edvel em: <a href=\"https:\/\/www.ncbi.nlm.nih.gov\/books\/NBK513286\/\">https:\/\/www.ncbi.nlm.nih.gov\/books\/NBK513286\/<\/a><\/p>\n<p>&nbsp;<\/p>\n<p style=\"text-align: justify;\">Se o tratamento pode ser mantido na comunidade, a NICE continua a sugerir:<\/p>\n<p style=\"text-align: justify;\">. Como a pneumonia COVID-19 \u00e9 causada por um v\u00edrus, os antibi\u00f3ticos s\u00e3o ineficazes.<\/p>\n<p style=\"text-align: justify;\">. N\u00e3o oferecer um antibi\u00f3tico para tratamento ou preven\u00e7\u00e3o de pneumonia se\u00a0a COVID-19 for provavelmente a causa e\u00a0os sintomas s\u00e3o leves.<\/p>\n<p style=\"text-align: justify;\">. Oferecer um antibi\u00f3tico oral para o tratamento de pneumonia em pessoas que podem ou desejam ser tratadas na comunidade se:<\/p>\n<p style=\"text-align: justify;\">\u00a0 \u00a0 \u00a0 &#8211; a causa prov\u00e1vel for bacteriana ou<\/p>\n<p style=\"text-align: justify;\">\u00a0 \u00a0 \u00a0 &#8211; n\u00e3o est\u00e1 claro se a causa \u00e9 bacteriana ou viral e se os sintomas s\u00e3o mais preocupantes ou est\u00e3o em alto risco de complica\u00e7\u00f5es porque, por exemplo, s\u00e3o mais velhos ou fr\u00e1geis,<\/p>\n<p style=\"text-align: justify;\">\u00a0 \u00a0 &#8211; ou t\u00eam uma comorbidade pr\u00e9-existente como imunossupress\u00e3o ou doen\u00e7a card\u00edaca ou pulmonar significativa (por exemplo bronquiectasia ou DPOC), ou t\u00eam um hist\u00f3rico de doen\u00e7a grave ap\u00f3s uma infec\u00e7\u00e3o pulmonar anterior.<\/p>\n<p>&nbsp;<\/p>\n<p style=\"text-align: justify;\">&#8211; Ao iniciar o tratamento com antibi\u00f3ticos, o antibi\u00f3tico oral de primeira escolha \u00e9<\/p>\n<p style=\"text-align: justify;\">doxiciclina 200 mg no primeiro dia, depois 100 mg uma vez por dia durante 5 dias no total (n\u00e3o durante a gravidez)<\/p>\n<p style=\"text-align: justify;\">alternativa: amoxicilina 500 mg 3 vezes por dia durante 5 dias.<\/p>\n<p>&nbsp;<\/p>\n<p style=\"text-align: justify;\">&#8211; N\u00e3o use antibi\u00f3ticos duplos rotineiramente.<\/p>\n<p style=\"text-align: justify;\">&#8211; Para a escolha de antibi\u00f3ticos em alergia \u00e0 penicilina, gravidez e doen\u00e7as mais graves, ou se \u00e9 prov\u00e1vel que sejam pat\u00f3genos at\u00edpicos, ver as recomenda\u00e7\u00f5es sobre a escolha de antibi\u00f3ticos na <a href=\"https:\/\/www.nice.org.uk\/guidance\/ng138\">diretriz de prescri\u00e7\u00e3o de antimicrobianos NICE sobre pneumonia adquirida na comunidade.<\/a><\/p>\n<p style=\"text-align: justify;\">&#8211; Iniciar o tratamento antibi\u00f3tico o mais r\u00e1pido poss\u00edvel, tendo em conta quaisquer m\u00e9todos diferentes necess\u00e1rios para administrar medicamentos aos doentes durante a pandemia de COVID-19<\/p>\n<p style=\"text-align: justify;\">&#8211; N\u00e3o oferecer rotineiramente um corticoster\u00f3ide* a menos que o paciente tenha outras condi\u00e7\u00f5es para as quais estes s\u00e3o indicados, tais como asma ou DPOC.<\/p>\n<p style=\"text-align: justify;\">&#8211; Rede de seguran\u00e7a e revis\u00e3o, conforme apropriado.<\/p>\n<p style=\"text-align: justify;\">*Os corticoster\u00f3ides foram amplamente utilizados durante o surto da SRA de 2002-3. No entanto, numa <a href=\"https:\/\/www.ncbi.nlm.nih.gov\/pubmed\/16968120\">revis\u00e3o sistem\u00e1tica subsequente, incluindo 29 estudos de baixa qualidade<\/a> do uso de ester\u00f3ides, foram relatados 25 estudos que foram inconclusivos e quatro relataram poss\u00edveis danos decorrentes do uso de ester\u00f3ides.\u00a0 <a href=\"https:\/\/www.thelancet.com\/journals\/lancet\/article\/PIIS0140-6736(20)30317-2\/fulltext\">Uma revis\u00e3o adicional de evid\u00eancias<\/a> n\u00e3o suportou o tratamento com corticoster\u00f3ides, n\u00e3o reportando qualquer evid\u00eancia de benef\u00edcio l\u00edquido com corticoster\u00f3ides na &#8220;infec\u00e7\u00e3o respirat\u00f3ria devido a RSV, gripe, SRA-CoV, ou MERS-CoV e que os corticoster\u00f3ides provavelmente prejudicam a depura\u00e7\u00e3o do SRA-CoV.<\/p>\n<p>&nbsp;<\/p>\n<p style=\"text-align: justify;\"><strong>CONCLUS\u00d5ES<\/strong><\/p>\n<p style=\"text-align: justify;\">Distinguir a pneumonia viral da pneumonia bacteriana \u00e9 dif\u00edcil. Existem pistas importantes na hist\u00f3ria e no exame do paciente que podem ajudar a diferenciar as duas. O cl\u00ednico deve estar ciente de que a coexist\u00eancia de pneumonia viral e bacteriana aumenta o risco de morte.<\/p>\n<p style=\"text-align: justify;\"><strong>\u00a0<\/strong><\/p>\n<p style=\"text-align: justify;\"><strong>LINK PUBMED<\/strong><\/p>\n<p style=\"text-align: justify;\">Procuramos no Pubmed usando Filtros de Consultas Cl\u00ednicas systematic[sb] AND (viral pneumonia); (Diagnosis\/Narrow[filter]) AND (viral pneumonia); (Clinical Prediction Guides\/Narrow[filter]) AND (viral pneumonia), (Prognosis\/Narrow[filter]) AND (viral pneumonia) e com o termo COVID.<\/p>\n<p>&nbsp;<\/p>\n<p style=\"text-align: justify;\"><strong>Aviso:<\/strong> O artigo n\u00e3o foi revisto por pares; n\u00e3o deve substituir o julgamento cl\u00ednico individual e as fontes citadas devem ser verificadas. As opini\u00f5es expressas neste coment\u00e1rio representam as opini\u00f5es dos autores e n\u00e3o necessariamente as da institui\u00e7\u00e3o anfitri\u00e3, do SNS, do NIHR, ou do Departamento de Sa\u00fade e Assist\u00eancia Social. Os pontos de vista n\u00e3o substituem o aconselhamento m\u00e9dico profissional.<\/p>\n<p>&nbsp;<\/p>\n<hr \/>\n<p style=\"text-align: justify;\"><strong>Autores<\/strong><\/p>\n<p style=\"text-align: justify;\"><strong>Carl Heneghan<\/strong> \u00e9 o Editor Chefe da BMJ e Professor de MBE Centro de Medicina Baseada em Evid\u00eancias, Departamento de Ci\u00eancias da Sa\u00fade de Nuffield, Universidade de Oxford.<\/p>\n<p style=\"text-align: justify;\"><strong>Annette Pluddemann<\/strong> \u00e9 Diretora do Curso do Mestrado em Sa\u00fade Baseada em Evid\u00eancia e tamb\u00e9m Pesquisadora S\u00eanior do Centro de Medicina Baseada em Evid\u00eancia.<\/p>\n<p style=\"text-align: justify;\"><strong>kamal R. Mahtani<\/strong> \u00e9 m\u00e9dico de fam\u00edlia, Professor Associado e Diretor Adjunto do Centro de Medicina Baseada em Evid\u00eancias, Departamento de Ci\u00eancias da Sa\u00fade de Nuffield, Universidade de Oxford. \u00c9 tamb\u00e9m Editor Associado da revista BMJ Medicina Baseada em Evid\u00eancia e Diretor do Mestrado Baseado em Evid\u00eancia de Cuidado de Sa\u00fade em Revis\u00f5es Sistem\u00e1ticas.<\/p>\n<p>[\/vc_column_text][\/vc_column][\/vc_row]<\/p>\n<\/div>","protected":false},"excerpt":{"rendered":"<p>[vc_row][vc_column][vc_column_text]Tradutores: Luciana Thiago, Enderson Miranda &nbsp; &nbsp; Diferenciando pneumonia viral e bacteriana Distinguir a pneumonia viral da pneumonia bacteriana \u00e9 dif\u00edcil na comunidade. Podem existir pistas importantes na hist\u00f3ria do paciente e examin\u00e1-lo pode ajudar a diferenciar as duas. A orienta\u00e7\u00e3o recente do NICE (Reino Unido) vai ajudar os cl\u00ednicos nesse processo. Evidence-cov.id\/differentiating #EvidenceCOVID PARECER&hellip;<\/p>\n","protected":false},"author":1,"featured_media":0,"parent":0,"menu_order":0,"comment_status":"closed","ping_status":"closed","template":"","meta":{"footnotes":""},"class_list":["post-2440","page","type-page","status-publish","hentry","description-off"],"_links":{"self":[{"href":"https:\/\/oxfordbrazilebm.com\/index.php\/wp-json\/wp\/v2\/pages\/2440","targetHints":{"allow":["GET"]}}],"collection":[{"href":"https:\/\/oxfordbrazilebm.com\/index.php\/wp-json\/wp\/v2\/pages"}],"about":[{"href":"https:\/\/oxfordbrazilebm.com\/index.php\/wp-json\/wp\/v2\/types\/page"}],"author":[{"embeddable":true,"href":"https:\/\/oxfordbrazilebm.com\/index.php\/wp-json\/wp\/v2\/users\/1"}],"replies":[{"embeddable":true,"href":"https:\/\/oxfordbrazilebm.com\/index.php\/wp-json\/wp\/v2\/comments?post=2440"}],"version-history":[{"count":2,"href":"https:\/\/oxfordbrazilebm.com\/index.php\/wp-json\/wp\/v2\/pages\/2440\/revisions"}],"predecessor-version":[{"id":2444,"href":"https:\/\/oxfordbrazilebm.com\/index.php\/wp-json\/wp\/v2\/pages\/2440\/revisions\/2444"}],"wp:attachment":[{"href":"https:\/\/oxfordbrazilebm.com\/index.php\/wp-json\/wp\/v2\/media?parent=2440"}],"curies":[{"name":"wp","href":"https:\/\/api.w.org\/{rel}","templated":true}]}}