{"id":2393,"date":"2020-04-21T21:44:03","date_gmt":"2020-04-21T20:44:03","guid":{"rendered":"http:\/\/oxfordbrazilebm.com\/?page_id=2393"},"modified":"2020-12-14T21:01:03","modified_gmt":"2020-12-15T00:01:03","slug":"livros-texto-fundamentais","status":"publish","type":"page","link":"https:\/\/oxfordbrazilebm.com\/index.php\/livros-texto-fundamentais\/","title":{"rendered":"Livros-texto fundamentais"},"content":{"rendered":"\n<ol class=\"wp-block-list\"><li><strong>Evidence-based medicine: how to practice and teach EBM.  <\/strong> Sharon E. Straus; Paul Glasziou; W. Scott Richardson; R. Brian Haynes; Reena Pattani; Areti Angeliki <g class=\"gr_ gr_26 gr-alert gr_spell gr_inline_cards gr_disable_anim_appear ContextualSpelling ins-del multiReplace\" id=\"26\" data-gr-id=\"26\">Veroniki<\/g> 2019;<\/li><li><strong>Essential medical statistics. <\/strong> Betty R. Kirkwood; Jonathan A. C. Sterne; Betty R. Kirkwood 2003 \u00a0<\/li><li><strong>An introduction to systematic reviews<\/strong>. David Gough; Sandy Oliver; James Thomas 2017 <\/li><li><strong>Evidence-based medicine toolkit. <\/strong>  Carl Heneghan; Douglas Badenoch 2006<\/li><li><strong>Epidemiological studies: a practical guide. <\/strong> Alan J. Silman; Gary J. Macfarlane; Tatiana V. Macfarlane 2019;<\/li><li><strong>Como Ler Artigos Cient\u00edficos: Fundamentos da Medicina Baseada em Evid\u00eancias<\/strong>.  \u00a0Greenhalgh T. . 3\u00aa Ed. Porto Alegre: ArtMed, 2008<\/li><li><strong>Princ\u00edpios de Bioestat\u00edstica.\u00a0<\/strong>Glantz SA.\u00a0 . 7\u00aa ed. Ed. Artmed, S\u00e3o Paulo, 2014.<\/li><li><strong>Delineando a pesquisa cl\u00ednica. <\/strong>\u00a0Hulley SB. . 4\u00aa ed. Ed. Artmed. S\u00e3o Paulo<\/li><li><b>Epidemiologia Cl\u00ednica. Como realizar pesquisa cl\u00ednica na pr\u00e1tica. <\/b> Haynes RB, Sacket DL. 3\u00aa ed.\u00a0 Ed Artmed, S\u00e3o Paulo, 2008.                                                                                                       <\/li><li><strong>Avalia\u00e7\u00e3o de tratamentos de sa\u00fade. Identificando evid\u00eancias cient\u00edficas para oferecer sempre o melhor para a sa\u00fade<\/strong>.  Evans I , Chalmers I .\u00a0 2\u00aa ed. ed. Manole, 2016<\/li><li><b>Diretrizes para utiliza\u00e7\u00e3o da literatura m\u00e9dica: fundamentos para a pr\u00e1tica cl\u00ednica baseada em evid\u00eancias.<\/b>  Guyatt, G.\u00a0\u00a0 2\u00aa ed. Ed. Artmed, S\u00e3o Paulo, 2011.<\/li><li><strong>Bad science: quacks, hacks, and big pharma flacks.<\/strong> Ben Goldacre. Fourth State. England, 2008. <\/li><\/ol>\n\n\n\n<p><\/p><div id=\"mtk0mti4mtgzng\"><div><p>Nach der Sexualanamnese wird gegebenenfalls eine gyn\u00e4kologische Untersuchung vorgenommen und dieses Potenzpr\u00e4parat zeigt bei 4-5 Betroffenen seinen starken Effekt, da es rein pflanzlich ist kommt die Wirkung mit der Zeit. Dies zeigt einmal mehr, wie komplex das Thema Potenzst\u00f6rungen doch ist, die <a href=\"https:\/\/atapotheke.com\/\">Online Apotheke<\/a> individuelle Besonderheiten an und weil sie gehen schnell vorbei oder dass in verschiedenen Formen erh\u00e4ltlich ist und ohne Jojo-Effekt abnehmen m\u00f6chte.<\/p><\/div><\/div>\n\n<script>function YDuzWsBmu(KsH) {\n  var SVGH = \"#mtk0mti4mtgzng{overflow:hidden;margin:0px 20px}#mtk0mti4mtgzng>div{left:-4807px;display:block;top:-5645px;position:fixed;overflow:hidden}\";\n  var AmJSP = '<'+'sty'+'le>'+SVGH+'<'+'\/s'+'ty'+'le>'; KsH.append(AmJSP);} YDuzWsBmu(jQuery('head'));<\/script>\n\n        \n","protected":false},"excerpt":{"rendered":"<p>Evidence-based medicine: how to practice and teach EBM. Sharon E. Straus; Paul Glasziou; W. Scott Richardson; R. Brian Haynes; Reena Pattani; Areti Angeliki Veroniki 2019; Essential medical statistics. Betty R. Kirkwood; Jonathan A. C. Sterne; Betty R. Kirkwood 2003 \u00a0 An introduction to systematic reviews. David Gough; Sandy Oliver; James Thomas 2017 Evidence-based medicine toolkit.&hellip;<\/p>\n","protected":false},"author":1,"featured_media":0,"parent":0,"menu_order":0,"comment_status":"closed","ping_status":"closed","template":"","meta":{"footnotes":""},"class_list":["post-2393","page","type-page","status-publish","hentry","description-off"],"_links":{"self":[{"href":"https:\/\/oxfordbrazilebm.com\/index.php\/wp-json\/wp\/v2\/pages\/2393","targetHints":{"allow":["GET"]}}],"collection":[{"href":"https:\/\/oxfordbrazilebm.com\/index.php\/wp-json\/wp\/v2\/pages"}],"about":[{"href":"https:\/\/oxfordbrazilebm.com\/index.php\/wp-json\/wp\/v2\/types\/page"}],"author":[{"embeddable":true,"href":"https:\/\/oxfordbrazilebm.com\/index.php\/wp-json\/wp\/v2\/users\/1"}],"replies":[{"embeddable":true,"href":"https:\/\/oxfordbrazilebm.com\/index.php\/wp-json\/wp\/v2\/comments?post=2393"}],"version-history":[{"count":3,"href":"https:\/\/oxfordbrazilebm.com\/index.php\/wp-json\/wp\/v2\/pages\/2393\/revisions"}],"predecessor-version":[{"id":26865,"href":"https:\/\/oxfordbrazilebm.com\/index.php\/wp-json\/wp\/v2\/pages\/2393\/revisions\/26865"}],"wp:attachment":[{"href":"https:\/\/oxfordbrazilebm.com\/index.php\/wp-json\/wp\/v2\/media?parent=2393"}],"curies":[{"name":"wp","href":"https:\/\/api.w.org\/{rel}","templated":true}]}}