{"id":2289,"date":"2020-04-19T03:11:39","date_gmt":"2020-04-19T02:11:39","guid":{"rendered":"http:\/\/oxfordbrazilebm.com\/?page_id=2289"},"modified":"2020-04-19T03:11:39","modified_gmt":"2020-04-19T02:11:39","slug":"covid-19-qual-e-a-proporcao-de-assintomaticos","status":"publish","type":"page","link":"https:\/\/oxfordbrazilebm.com\/index.php\/covid-19-qual-e-a-proporcao-de-assintomaticos\/","title":{"rendered":"COVID-19: Qual \u00e9 a propor\u00e7\u00e3o de assintom\u00e1ticos?"},"content":{"rendered":"<div class=\"wpb-content-wrapper\"><p>[vc_row][vc_column][vc_column_text]Tradutores: Ana Paula Pires dos Santos, Ana Luiza Cabrera Martimbianco<\/p>\n<hr \/>\n<p>&nbsp;<\/p>\n<p style=\"text-align: justify;\">Os leitores do blog est\u00e3o cientes de que temos pouca confian\u00e7a nos dados atuais relatados da COVID.\u00a0 Para todos os lugares que olhamos n\u00e3o conseguimos entender os fatos essenciais ou \u00e0s vezes obtemos duas respostas completamente diferentes para a mesma pergunta. O historiador militar Sir Basil Liddle Hart teria chamado isso de &#8220;a neblina de uma pandemia&#8221; ou talvez a &#8220;neblina do excesso de informa\u00e7\u00e3o&#8221;.<\/p>\n<p style=\"text-align: justify;\">Ent\u00e3o, pensamos em tentar responder a uma pergunta importante: qual \u00e9 a propor\u00e7\u00e3o de pessoas com SARS-COV-2 que s\u00e3o assintom\u00e1ticas?<\/p>\n<p style=\"text-align: justify;\">Para responder a essa pergunta pesquisamos na LitCovid (um subconjunto do Pubmed), medRxiv, Trip, Scholar e Google. N\u00f3s obtivemos 21 relatos para an\u00e1lise.<\/p>\n<p style=\"text-align: justify;\">O que n\u00f3s aprendemos (veja a tabela para a an\u00e1lise)<\/p>\n<p style=\"text-align: justify;\">Que entre 5% e 80% das pessoas com resultado positivo para SARS-CoV-2 podem estar assintom\u00e1ticas<\/p>\n<p style=\"text-align: justify;\">Que a triagem baseada em sintomas vai deixar de identificar casos, talvez muitos deles<\/p>\n<p style=\"text-align: justify;\">Que alguns casos assintom\u00e1ticos se tornar\u00e3o sintom\u00e1ticos na semana seguinte (\u00e0s vezes s\u00e3o conhecidos como &#8220;pr\u00e9-sintom\u00e1ticos&#8221;)<\/p>\n<p style=\"text-align: justify;\">Que crian\u00e7as e adultos jovens podem ser assintom\u00e1ticos<\/p>\n<p>Aprendemos tamb\u00e9m que n\u00e3o existem estudos confi\u00e1veis para determinar o n\u00famero de assintom\u00e1ticos. \u00c9 prov\u00e1vel que somente aprendamos a verdadeira extens\u00e3o quando testes de anticorpos de base populacional forem realizados.<\/p>\n<p>Tabela de estudos avaliando casos assintom\u00e1ticos<\/p>\n<p>&nbsp;<\/p>\n<table width=\"671\">\n<tbody>\n<tr>\n<td width=\"217\"><strong>Local<\/strong><\/td>\n<td width=\"180\"><strong>Propor\u00e7\u00e3o<\/strong><\/td>\n<td width=\"274\"><strong>Coment\u00e1rio<\/strong><\/td>\n<\/tr>\n<tr>\n<td width=\"217\">Navio de cruzeiro <a href=\"https:\/\/www.ncbi.nlm.nih.gov\/research\/coronavirus\/publication\/32183930\">Diamond Princess<\/a>, Yokohama, Jap\u00e3o (n=634 testaram positivo). [1]<\/td>\n<td width=\"180\"><strong>18%<\/strong><\/p>\n<p>(Intervalo de credibilidade de 95% 16% a 20%).<\/td>\n<td width=\"274\">A maioria das infec\u00e7\u00f5es ocorreu antes do in\u00edcio da quarentena.<\/td>\n<\/tr>\n<tr>\n<td width=\"217\">Vo\u2019Euganeo, 50 km a oeste de Veneza,\u00a0<a href=\"https:\/\/www.bmj.com\/content\/368\/bmj.m1165\">Vila Italiana<\/a>\u00a0[2]<\/td>\n<td width=\"180\"><strong>50% a 75%<\/strong>\u2014eram assintom\u00e1ticos<\/td>\n<td width=\"274\">Em carta aberta \u00e0s autoridades da regi\u00e3o da Toscana<\/td>\n<\/tr>\n<tr>\n<td width=\"217\">&nbsp;<\/p>\n<p>&nbsp;<\/p>\n<p><a href=\"https:\/\/www.sciencedirect.com\/science\/article\/pii\/S1477893920300752?via%3Dihub\">MERS-CoV<\/a>\u00a0[3]<\/p>\n<p>&nbsp;<\/td>\n<td width=\"180\">&nbsp;<\/p>\n<p>Aumentou de 0% para 29% ao longo do tempo<\/p>\n<p>&nbsp;<\/td>\n<td width=\"274\">Com o avan\u00e7o do MERS-CoV ao longo do tempo houve uma maior identifica\u00e7\u00e3o de indiv\u00edduos assintom\u00e1ticos devido ao aumento da vigil\u00e2ncia e testagem de contatos.<\/td>\n<\/tr>\n<tr>\n<td width=\"217\"><a href=\"https:\/\/www.clinicalmicrobiologyandinfection.com\/article\/S1198-743X(20)30169-5\/fulltext\">328 adultos<\/a>\u00a0em Xangai [4]<\/td>\n<td width=\"180\">13\u00a0<strong>(4%)\u00a0<\/strong>\u00a0pacientes eram assintom\u00e1ticos<\/td>\n<td width=\"274\"><\/td>\n<\/tr>\n<tr>\n<td width=\"217\">&nbsp;<\/p>\n<p><a href=\"https:\/\/www.ijidonline.com\/article\/S1201-9712(20)30139-9\/pdf\">Cidad\u00e3os japoneses <\/a>evacuados de Wuhan (n=565) [5]<\/td>\n<td width=\"180\">&nbsp;<\/p>\n<p><strong>31%<\/strong>\u00a0(IC 95%: 7,7% a 54%)<\/td>\n<td width=\"274\">Com base na triagem da temperatura antes do desembarque, entrevistas sobre sintomas como febre, tosse e sintomas inespec\u00edficos<\/td>\n<\/tr>\n<tr>\n<td width=\"217\">&nbsp;<\/p>\n<p>&nbsp;<\/p>\n<p>23 Residentes de uma\u00a0<a href=\"https:\/\/www.ncbi.nlm.nih.gov\/research\/coronavirus\/publication\/32240128\">Enfermaria de Cuidados de Longo Prazo<\/a>\u00a0no condado de King, Washington[6]<\/p>\n<p>&nbsp;<\/td>\n<td width=\"180\">10 (43%) apresentavam sintomas e <strong>13 (57%)<\/strong> eram assintom\u00e1ticos.<\/p>\n<p>Sete dias ap\u00f3s o teste, 10 dos 13 assintom\u00e1ticos desenvolveram sintomas<\/td>\n<td width=\"274\">&nbsp;<\/p>\n<p>&nbsp;<\/p>\n<p>O rastreamento baseado em sintomas pode n\u00e3o identificar aproximadamente metade dos residentes de asilos com COVID-19.<\/td>\n<\/tr>\n<tr>\n<td width=\"217\">&nbsp;<\/p>\n<p>&nbsp;<\/p>\n<p>&nbsp;<\/p>\n<p>&nbsp;<\/p>\n<p><a href=\"https:\/\/www.eurosurveillance.org\/content\/10.2807\/1560-7917.ES.2020.25.5.2000080\">Rastreamento de passageiros em aeroportos<\/a> [7]<\/td>\n<td width=\"180\">&nbsp;<\/p>\n<p>&nbsp;<\/p>\n<p><strong>17%<\/strong> indetect\u00e1veis pelos procedimentos t\u00edpicos de triagem<\/td>\n<td width=\"274\">Baseado em: <em>A familial cluster of pneumonia associated with the 2019 novel coronavirus indicating person-to-person transmission<\/em>: Lancet. 2020;0(0):S0140-6736(20)30154-9.<\/td>\n<\/tr>\n<tr>\n<td width=\"217\"><a href=\"https:\/\/www.ncbi.nlm.nih.gov\/research\/coronavirus\/publication\/32112886\">Hospitalizados em Pequim,<\/a>\u00a0China (n=262)[8]<\/td>\n<td width=\"180\"><strong>13 (5.0%)<\/strong>\u00a0casos assintom\u00e1ticos<\/td>\n<td width=\"274\"><\/td>\n<\/tr>\n<tr>\n<td width=\"217\">391 casos incluindo 148\u00a0<a href=\"https:\/\/www.ncbi.nlm.nih.gov\/research\/coronavirus\/publication\/32171192\">casos \u00edndices familiares na prov\u00edncia de Zhejiang<\/a>\u00a0[9]<\/td>\n<td width=\"180\"><strong>54 (14%)\u00a0<\/strong>assintom\u00e1ticos<\/td>\n<td width=\"274\">maior taxa de ataque secund\u00e1rio na fam\u00edlia, a taxa de ataque secund\u00e1rio dos c\u00f4njuges \u00e9 maior do que a dos outros membros da fam\u00edlia<\/td>\n<\/tr>\n<tr>\n<td width=\"217\">&nbsp;<\/p>\n<p>&nbsp;<\/p>\n<p>&nbsp;<\/p>\n<p>&nbsp;<\/p>\n<p><a href=\"https:\/\/www.ncbi.nlm.nih.gov\/research\/coronavirus\/publication\/32141619\">Perspectiva Chinesa<\/a>\u00a0[10]<\/p>\n<p>&nbsp;<\/td>\n<td width=\"180\">&nbsp;<\/p>\n<p>&nbsp;<\/p>\n<p>Nos \u00faltimos dias, pacientes assintom\u00e1ticos foram encontrados em muitas cidades chinesas.<\/td>\n<td width=\"274\">N\u00e3o est\u00e1 claro se pessoas assintom\u00e1ticas podem transmitir o SARS-CoV-2 para outras pessoas.<\/p>\n<p>Outra incerteza \u00e9 se aqueles que s\u00e3o assintom\u00e1ticos podem causar infec\u00e7\u00f5es de larga escala.<\/td>\n<\/tr>\n<tr>\n<td width=\"217\"><a href=\"https:\/\/www.ncbi.nlm.nih.gov\/research\/coronavirus\/publication\/32220650\">36 crian\u00e7as, Zhejiang<\/a>, China [11]<\/td>\n<td width=\"180\">Assintom\u00e1ticos,\u00a0<strong>10 (28%)<\/strong><\/td>\n<td width=\"274\">7 apresentavam sintomas agudos do trato respirat\u00f3rio superior (19%)<\/td>\n<\/tr>\n<tr>\n<td width=\"217\">&nbsp;<\/p>\n<p>&nbsp;<\/p>\n<p><a href=\"https:\/\/journals.plos.org\/plosone\/article?id=10.1371\/journal.pone.0230405\">An\u00e1lise baseada em dados, modelagem e previs\u00e3o do surto de<\/a> COVID-19 [12]<\/p>\n<p>&nbsp;<\/td>\n<td width=\"180\"><\/td>\n<td width=\"274\">O n\u00famero de casos assintom\u00e1ticos e leves com manifesta\u00e7\u00f5es subcl\u00ednicas que provavelmente n\u00e3o foi aos hospitais para tratamento pode ser substancial; estes casos, que possivelmente representam a maior parte das infec\u00e7\u00f5es pela COVID-19, permanecem desconhecidos<\/td>\n<\/tr>\n<tr>\n<td width=\"217\">&nbsp;<\/p>\n<p>&nbsp;<\/p>\n<p><a href=\"https:\/\/www.bmj.com\/content\/369\/bmj.m1375\">166 novas infec\u00e7\u00f5es na China<\/a> [13]<\/td>\n<td width=\"180\">Os n\u00fameros da China indicam que quatro quintos dos casos s\u00e3o assintom\u00e1ticos<\/td>\n<td width=\"274\">&nbsp;<\/p>\n<p>&nbsp;<\/p>\n<p>&nbsp;<\/p>\n<p>&nbsp;<\/p>\n<p>N\u00fameros citados n\u00e3o verific\u00e1veis<\/td>\n<\/tr>\n<tr>\n<td width=\"217\">&nbsp;<\/p>\n<p><a href=\"https:\/\/www.medrxiv.org\/content\/10.1101\/2020.02.20.20025619v2\">Nanjing, China\u00a0<\/a>(n=24) [14]<\/td>\n<td width=\"180\"><\/td>\n<td width=\"274\">5 (21%) desenvolveram sintomas (febre, tosse, fadiga, etc.) durante a hospitaliza\u00e7\u00e3o.<\/td>\n<\/tr>\n<tr>\n<td width=\"217\">&nbsp;<\/p>\n<p><a href=\"https:\/\/www.medicalnewstoday.com\/articles\/covid-19-study-estimates-rate-of-silent-transmission\">450 relatos de caso de 93<\/a> cidades chinesas. [15]<\/td>\n<td width=\"180\"><\/td>\n<td width=\"274\">Estimativa de que pessoas que ainda n\u00e3o tinham desenvolvido sintomas transmitiram em torno de 10% dos casos estudados.<\/td>\n<\/tr>\n<tr>\n<td width=\"217\">&nbsp;<\/p>\n<p>People\u2019s Hospital do condado de Daofu. Popula\u00e7\u00e3o tibetana (n=83)\u00a0<a href=\"https:\/\/www.medrxiv.org\/content\/10.1101\/2020.03.27.20043836v1\">[16]<\/a><\/p>\n<p>&nbsp;<\/td>\n<td width=\"180\"><strong>\u00a0<\/strong><\/p>\n<p>Portadores assintom\u00e1ticos<strong> 22%<\/strong><\/p>\n<p><strong>\u00a0<\/strong><\/p>\n<p>&nbsp;<\/td>\n<td width=\"274\">&nbsp;<\/p>\n<p>A idade m\u00e9dia dos portadores assintom\u00e1ticos foi de 31 anos e 1\/3 era estudante, com idade &lt;20 anos.<\/td>\n<\/tr>\n<tr>\n<td width=\"217\"><a href=\"https:\/\/www.who.int\/news-room\/q-a-detail\/q-a-similarities-and-differences-covid-19-and-influenza\">WHO Q&amp;A:<\/a>\u00a0Similaridades e diferen\u00e7as \u2013 COVID-19 e influenza [17]<\/p>\n<p>&nbsp;<\/p>\n<p>&nbsp;<\/td>\n<td width=\"180\">Sugere que <strong>80%<\/strong> das infec\u00e7\u00f5es s\u00e3o leves ou assintom\u00e1ticas<\/td>\n<td width=\"274\"><\/td>\n<\/tr>\n<tr>\n<td width=\"217\">&nbsp;<\/p>\n<p>&nbsp;<\/p>\n<p><a href=\"https:\/\/www.theguardian.com\/us-news\/2020\/apr\/05\/have-i-already-had-coronavirus-how-would-i-know\">Isl\u00e2ndia<\/a> [18]<\/td>\n<td width=\"180\"><strong>50%<\/strong> das pessoas que testaram positivo n\u00e3o apresentavam sintomas.<\/td>\n<td width=\"274\">&nbsp;<\/p>\n<p>Veja tamb\u00e9m:\u00a0<a href=\"https:\/\/nordiclifescience.org\/covid-19-first-results-of-the-voluntary-screening-in-iceland\/\">Primeiros resultados da triagem volunt\u00e1ria na Isl\u00e2ndia<\/a>[19]<\/td>\n<\/tr>\n<tr>\n<td width=\"217\">&nbsp;<\/p>\n<p>&nbsp;<\/p>\n<p>&nbsp;<\/p>\n<p>&nbsp;<\/p>\n<p>CDC [20]<\/td>\n<td width=\"180\">Um n\u00famero significativo de indiv\u00edduos que est\u00e3o infectados permanece assintom\u00e1tico. Esse valor pode chegar at\u00e9<strong> 25%.<\/strong><\/td>\n<td width=\"274\"><\/td>\n<\/tr>\n<tr>\n<td width=\"217\">&nbsp;<\/p>\n<p><a href=\"https:\/\/www.cdc.gov\/coronavirus\/2019-ncov\/hcp\/clinical-guidance-management-patients.html#Asymptomatic\">Orienta\u00e7\u00e3o Cl\u00ednica Provis\u00f3ria para o Manejo de Pacientes com COVID-19 Confirmada [21]<\/a><\/td>\n<td width=\"180\">Entre as crian\u00e7as na China, a gravidade da doen\u00e7a foi menor, com 94% tendo doen\u00e7a assintom\u00e1tica, leve ou moderada.<\/td>\n<td width=\"274\"><\/td>\n<\/tr>\n<tr>\n<td width=\"217\"><a href=\"https:\/\/www.lastampa.it\/topnews\/primo-piano\/2020\/04\/02\/news\/coronavirus-castiglione-d-adda-e-un-caso-di-studio-il-70-dei-donatori-di-sangue-e-positivo-1.38666481\">Norte da It\u00e1lia,<\/a>\u00a060 doadores de sangue volunt\u00e1rios [22]<\/td>\n<td width=\"180\">&nbsp;<\/p>\n<p><strong>40 (67%)\u00a0<\/strong>testaram positivo<\/td>\n<td width=\"274\"><\/td>\n<\/tr>\n<\/tbody>\n<\/table>\n<p>&nbsp;<\/p>\n<p style=\"text-align: justify;\">A &#8220;neblina&#8221; de Sir Basil continua a encobrir o tema e nos impede de ver o que est\u00e1 do outro lado da colina.<\/p>\n<p style=\"text-align: justify;\">Tom Jefferson \u00e9 um tutor s\u00eanior e pesquisador honor\u00e1rio, Centro de Medicina Baseada em Evid\u00eancia, Universidade de Oxford.<\/p>\n<p style=\"text-align: justify;\">Leia aqui a declara\u00e7\u00e3o de transpar\u00eancia.<\/p>\n<p style=\"text-align: justify;\">Carl Heneghan \u00e9 Professor de Medicina Baseada em Evid\u00eancia e Diretor do Centro de Medicina Baseada em Evid\u00eancia<\/p>\n<p style=\"text-align: justify;\">Leia aqui a declara\u00e7\u00e3o de transpar\u00eancia.<\/p>\n<p style=\"text-align: justify;\">Jon Brassey \u00e9 Diretor da Trip Database Ltd, L\u00edder de Knowledge Mobilisation na Public Health Wales (NHS) e Editor Associado do BMJ Evidence-Based Medicine<\/p>\n<p style=\"text-align: justify;\">Aviso: o artigo n\u00e3o foi revisado por pares; ele n\u00e3o deve substituir o julgamento cl\u00ednico individual e as fontes citadas devem ser verificadas. As opini\u00f5es expressas neste coment\u00e1rio representam as opini\u00f5es dos autores e n\u00e3o necessariamente as da institui\u00e7\u00e3o anfitri\u00e3, do NHS, do NIHR, ou do Departamento de Sa\u00fade e Assist\u00eancia Social. Os pontos de vista n\u00e3o s\u00e3o um substituto para o aconselhamento m\u00e9dico profissional.<\/p>\n<p>&nbsp;<\/p>\n<hr \/>\n<p>Refer\u00eancias<\/p>\n<ol>\n<li>Mizumoto K, Kagaya K, Zarebski A,\u00a0<em>et al.<\/em>Estimating the asymptomatic proportion of coronavirus disease 2019 (COVID-19) cases on board the Diamond Princess cruise ship, Yokohama, Japan, 2020.\u00a0<em>Euro Surveill<\/em>\u00a02020;<strong>25<\/strong>.<br \/>\ndoi:<a href=\"http:\/\/dx.doi.org\/10.2807\/1560-7917.ES.2020.25.10.2000180\">2807\/1560-7917.ES.2020.25.10.2000180<\/a><\/li>\n<li><a href=\"https:\/\/www.bmj.com\/content\/368\/bmj.m1165\">Day M. Covid-19: identifying and isolating asymptomatic people helped eliminate virus in Italian village.\u00a0<em>BMJ<\/em>2020;<strong>368<\/strong>:m1165.<\/a><\/li>\n<li><a href=\"https:\/\/www.sciencedirect.com\/science\/article\/pii\/S1477893920300752?via%3Dihub\">Al-Tawfiq JA. Asymptomatic coronavirus infection: MERS-CoV and SARS-CoV-2 (COVID-19).\u00a0<em>Travel Med Infect Dis<\/em>\u00a02020;:101608.<\/a><\/li>\n<li>Zhou X, Li Y, Li T,\u00a0<em>et al.<\/em>\u00a0Follow-up of the asymptomatic patients with SARS-CoV-2 infection.\u00a0<em>Clin Microbiol Infect<\/em>\u00a0Published Online First: 28 March 2020.<br \/>\ndoi:<a href=\"http:\/\/dx.doi.org\/10.1016\/j.cmi.2020.03.024\">1016\/j.cmi.2020.03.024<\/a><\/li>\n<li><a href=\"https:\/\/www.ijidonline.com\/article\/S1201-9712(20)30139-9\/pdf\">Nishiura H, Kobayashi T, Suzuki A,\u00a0<em>et al.<\/em>\u00a0Estimation of the asymptomatic ratio of novel coronavirus infections (COVID-19).\u00a0<em>Int J Infect Dis<\/em>\u00a0Published Online First: 13 March 2020.\u00a0<\/a>d<a href=\"http:\/\/paperpile.com\/b\/iO99Sg\/eS3t\">oi:<\/a><a href=\"http:\/\/dx.doi.org\/10.1016\/j.ijid.2020.03.020\">1016\/j.ijid.2020.03.020<\/a><\/li>\n<li><a href=\"https:\/\/www.ncbi.nlm.nih.gov\/research\/coronavirus\/publication\/32240128\">Kimball A, Hatfield KM, Arons M,\u00a0<em>et al.<\/em>\u00a0Asymptomatic and Presymptomatic SARS-CoV-2 Infections in Residents of a Long-Term Care Skilled Nursing Facility \u2013 King County, Washington, March 2020.\u00a0<em>MMWR Morb Mortal Wkly Rep<\/em>\u00a02020;<strong>69<\/strong>:377\u201381.<\/a><\/li>\n<li>\u00a0Quilty BJ, Clifford S, Flasche S,\u00a0<em>et al.<\/em>\u00a0Effectiveness of airport screening at detecting travellers infected with novel coronavirus (2019-nCoV). Eurosurveillance. 2020;<strong>25<\/strong>.<br \/>\ndoi:<a href=\"http:\/\/dx.doi.org\/10.2807\/1560-7917.es.2020.25.5.2000080\">2807\/1560-7917.es.2020.25.5.2000080<\/a><\/li>\n<li><a href=\"https:\/\/www.ncbi.nlm.nih.gov\/research\/coronavirus\/publication\/32112886\">Tian S, Hu N, Lou J,\u00a0<em>et al.<\/em>\u00a0Characteristics of COVID-19 infection in Beijing.\u00a0<em>J Infect<\/em>\u00a02020;<strong>80<\/strong>:401\u20136.<\/a><\/li>\n<li>\u00a0<a href=\"https:\/\/www.ncbi.nlm.nih.gov\/research\/coronavirus\/publication\/32171192\">Sun WW, Ling F, Pan JR,\u00a0<em>et al.<\/em>\u00a0[Epidemiological characteristics of 2019 novel coronavirus family clustering in Zhejiang Province].\u00a0<em>Zhonghua Yu Fang Yi Xue Za Zhi<\/em>\u00a02020;<strong>54<\/strong>:E027.<\/a><\/li>\n<li>\u00a0\u00a0Han Y, Yang H. The transmission and diagnosis of 2019 novel coronavirus infection disease (COVID-19): A Chinese perspective.\u00a0<em>J Med Virol<\/em>\u00a0Published Online First: 6 March 2020. doi:<a href=\"http:\/\/dx.doi.org\/10.1002\/jmv.25749\">1002\/jmv.25749<\/a><\/li>\n<li>\u00a0Qiu H, Wu J, Hong L,\u00a0<em>et al.<\/em>\u00a0Clinical and epidemiological features of 36 children with coronavirus disease 2019 (COVID-19) in Zhejiang, China: an observational cohort study.\u00a0<em>Lancet Infect Dis<\/em>\u00a0Published Online First: 25 March 2020.<br \/>\ndoi:<a href=\"http:\/\/dx.doi.org\/10.1016\/S1473-3099(20)30198-5\">1016\/S1473-3099(20)30198-5<\/a><\/li>\n<li>\u00a0<a href=\"https:\/\/journals.plos.org\/plosone\/article?id=10.1371\/journal.pone.0230405\">Anastassopoulou C, Russo L, Tsakris A,\u00a0<em>et al.<\/em>\u00a0Data-based analysis, modelling and forecasting of the COVID-19 outbreak.\u00a0<em>PLoS One<\/em>\u00a02020;<strong>15<\/strong>:e0230405.<\/a><\/li>\n<li>\u00a0<a href=\"https:\/\/www.bmj.com\/content\/369\/bmj.m1375\">Day M. Covid-19: four fifths of cases are asymptomatic, China figures indicate.\u00a0<em>BMJ<\/em>\u00a02020;<strong>369<\/strong>:m1375.<\/a><\/li>\n<li>\u00a0\u00a0Hu Z, Song C, Xu C,\u00a0<em>et al.<\/em>\u00a0Clinical characteristics of 24 asymptomatic infections with COVID-19 screened among close contacts in Nanjing, China. Science China Life Sciences. 2020. doi:<a href=\"http:\/\/dx.doi.org\/10.1007\/s11427-020-1661-4\">1007\/s11427-020-1661-4<\/a><\/li>\n<li>\u00a0\u00a0Newman T. COVID-19: Study estimates rate of \u2018silent transmission\u2019. Medical News Today. 2020.<a href=\"https:\/\/www.medicalnewstoday.com\/articles\/covid-19-study-estimates-rate-of-silent-transmission\">https:\/\/www.medicalnewstoday.com\/articles\/covid-19-study-estimates-rate-of-silent-transmission<\/a>\u00a0(accessed 5 Apr 2020).<\/li>\n<li>\u00a0\u00a0Song H, Xiao J, Qiu J,\u00a0<em>et al.<\/em>\u00a0A considerable proportion of individuals with asymptomatic SARS-CoV-2 infection in Tibetan population.<br \/>\ndoi:<a href=\"http:\/\/dx.doi.org\/10.1101\/2020.03.27.20043836\">1101\/2020.03.27.20043836<\/a><\/li>\n<li>Q&amp;A: Similarities and differences \u2013 COVID-19 and influenza.\u00a0<a href=\"https:\/\/www.who.int\/news-room\/q-a-detail\/q-a-similarities-and-differences-covid-19-and-influenza\">https:\/\/www.who.int\/news-room\/q-a-detail\/q-a-similarities-and-differences-covid-19-and-influenza<\/a>\u00a0(accessed 5 Apr 2020).<\/li>\n<li>\u00a0Renwick D. Have I already had coronavirus? How would I know and what should I do? the Guardian. <a href=\"http:\/\/www.theguardian.com\/us-news\/2020\/apr\/05\/have-i-already-had-coronavirus-how-would-i-know\">http:\/\/www.theguardian.com\/us-news\/2020\/apr\/05\/have-i-already-had-coronavirus-how-would-i-know<\/a>\u00a0(accessed 5 Apr 2020).<\/li>\n<li>\u00a0Otmani M. COVID-19: First results of the voluntary screening in Iceland \u2013 Nordic Life Science \u2013 the leading Nordic life science news service. Nordic Life Science \u2013 the leading Nordic life science news service. <a href=\"https:\/\/nordiclifescience.org\/covid-19-first-results-of-the-voluntary-screening-in-iceland\/\">https:\/\/nordiclifescience.org\/covid-19-first-results-of-the-voluntary-screening-in-iceland\/<\/a>\u00a0(accessed 5 Apr 2020)<\/li>\n<li><a href=\"http:\/\/paperpile.com\/b\/iO99Sg\/R19c\">NPR Choice page.\u00a0<\/a><a href=\"https:\/\/www.npr.org\/sections\/health-shots\/2020\/03\/31\/824155179\/cdc-director-on-models-for-the-months-to-come-this-virus-is-going-to-be-with-us?t=1586065796492\">https:\/\/www.npr.org\/sections\/health-shots\/2020\/03\/31\/824155179\/cdc-director-on-models-for-the-months-to-come-this-virus-is-going-to-be-with-us?t=1586065796492<\/a><a href=\"http:\/\/paperpile.com\/b\/iO99Sg\/R19c\">\u00a0(accessed 5 Apr 2020).<\/a><\/li>\n<li>Coronavirus Disease 2019 (COVID-19). Centers for Disease Control and Prevention. 2020.<a href=\"https:\/\/www.cdc.gov\/coronavirus\/2019-ncov\/hcp\/clinical-guidance-management-patients.html#Asymptomatic\">https:\/\/www.cdc.gov\/coronavirus\/2019-ncov\/hcp\/clinical-guidance-management-patients.html#Asymptomatic<\/a>(accessed 5 Apr 2020).<\/li>\n<li><a href=\"http:\/\/paperpile.com\/b\/iO99Sg\/CpOY\"> \u00a0<\/a>Coronavirus, Castiglione d\u2019Adda \u00e8 un caso di studio: \u2018Il 70% dei donatori di sangue \u00e8 positivo\u2019. lastampa.it. 2020.<a href=\"https:\/\/www.lastampa.it\/topnews\/primo-piano\/2020\/04\/02\/news\/coronavirus-castiglione-d-adda-e-un-caso-di-studio-il-70-dei-donatori-di-sangue-e-positivo-1.38666481\">https:\/\/www.lastampa.it\/topnews\/primo-piano\/2020\/04\/02\/news\/coronavirus-castiglione-d-adda-e-un-caso-di-studio-il-70-dei-donatori-di-sangue-e-positivo-1.38666481<\/a>\u00a0(accessed 5 Apr 2020).<\/li>\n<\/ol>\n<p>[\/vc_column_text][\/vc_column][\/vc_row]<\/p>\n<\/div>","protected":false},"excerpt":{"rendered":"<p>[vc_row][vc_column][vc_column_text]Tradutores: Ana Paula Pires dos Santos, Ana Luiza Cabrera Martimbianco &nbsp; Os leitores do blog est\u00e3o cientes de que temos pouca confian\u00e7a nos dados atuais relatados da COVID.\u00a0 Para todos os lugares que olhamos n\u00e3o conseguimos entender os fatos essenciais ou \u00e0s vezes obtemos duas respostas completamente diferentes para a mesma pergunta. O historiador militar&hellip;<\/p>\n","protected":false},"author":1,"featured_media":0,"parent":0,"menu_order":0,"comment_status":"closed","ping_status":"closed","template":"","meta":{"footnotes":""},"class_list":["post-2289","page","type-page","status-publish","hentry","description-off"],"_links":{"self":[{"href":"https:\/\/oxfordbrazilebm.com\/index.php\/wp-json\/wp\/v2\/pages\/2289","targetHints":{"allow":["GET"]}}],"collection":[{"href":"https:\/\/oxfordbrazilebm.com\/index.php\/wp-json\/wp\/v2\/pages"}],"about":[{"href":"https:\/\/oxfordbrazilebm.com\/index.php\/wp-json\/wp\/v2\/types\/page"}],"author":[{"embeddable":true,"href":"https:\/\/oxfordbrazilebm.com\/index.php\/wp-json\/wp\/v2\/users\/1"}],"replies":[{"embeddable":true,"href":"https:\/\/oxfordbrazilebm.com\/index.php\/wp-json\/wp\/v2\/comments?post=2289"}],"version-history":[{"count":1,"href":"https:\/\/oxfordbrazilebm.com\/index.php\/wp-json\/wp\/v2\/pages\/2289\/revisions"}],"predecessor-version":[{"id":2290,"href":"https:\/\/oxfordbrazilebm.com\/index.php\/wp-json\/wp\/v2\/pages\/2289\/revisions\/2290"}],"wp:attachment":[{"href":"https:\/\/oxfordbrazilebm.com\/index.php\/wp-json\/wp\/v2\/media?parent=2289"}],"curies":[{"name":"wp","href":"https:\/\/api.w.org\/{rel}","templated":true}]}}