{"id":2165,"date":"2020-05-17T01:49:59","date_gmt":"2020-05-17T04:49:59","guid":{"rendered":"http:\/\/oxfordbrazilebm.com\/?page_id=2165"},"modified":"2021-05-03T14:01:05","modified_gmt":"2021-05-03T17:01:05","slug":"hidroxcloroquina-ou-cloroquina","status":"publish","type":"page","link":"https:\/\/oxfordbrazilebm.com\/index.php\/hidroxcloroquina-ou-cloroquina\/","title":{"rendered":"Hidroxicloroquina ou cloroquina para o tratamento da doen\u00e7a causada pelo Coronavirus 2019 (COVID-19) um PROTOCOLO para uma revis\u00e3o sistem\u00e1tica de dados individuais de participantes"},"content":{"rendered":"<div class=\"wpb-content-wrapper\"><p>[vc_row][vc_column][vc_column_text]Tradutor: Luis Eduardo Fontes<\/p>\n<hr \/>\n<p><img loading=\"lazy\" decoding=\"async\" class=\"alignnone size-full wp-image-2175\" src=\"http:\/\/oxfordbrazilebm.com\/wp-content\/uploads\/2020\/04\/img_08.jpg\" alt=\"\" width=\"774\" height=\"387\" srcset=\"https:\/\/oxfordbrazilebm.com\/wp-content\/uploads\/2020\/04\/img_08.jpg 774w, https:\/\/oxfordbrazilebm.com\/wp-content\/uploads\/2020\/04\/img_08-300x150.jpg 300w, https:\/\/oxfordbrazilebm.com\/wp-content\/uploads\/2020\/04\/img_08-768x384.jpg 768w\" sizes=\"auto, (max-width: 774px) 100vw, 774px\" \/><\/p>\n<p><strong>Hydroxychloroquine or Chloroquine for treating Coronavirus Disease 2019 (COVID-19) \u2013 a PROTOCOL for a systematic review of IPD<br \/>\n<\/strong>Fontes LE, Riera R, Miranda E, Oke J, Heneghan CJ, Aronson JK, Pacheco RL, Martimbianco ALC, Nunan D<\/p>\n<p>Hidroxicloroquina ou cloroquina para o tratamento da doen\u00e7a causada pelo Coronavirus 2019 (COVID-19) &#8211; um PROTOCOLO para uma revis\u00e3o sistem\u00e1tica de dados individuais de participantes.<br \/>\nFontes LE, Riera R, Miranda E, Oke J, Heneghan CJ, Aronson JK, Pacheco RL, Martimbianco ALC, Nunan D<\/p>\n<p>Em nome da equipe do Oxford COVID-19 Evidence Service<br \/>\nCentre for Evidence-Based Medicine, Nuffield Department of Primary Care Health Sciences<br \/>\nUniversidade de Oxford[\/vc_column_text][\/vc_column][\/vc_row][vc_row][vc_column]<div class=\"ult-spacer spacer-69da261356006\" data-id=\"69da261356006\" data-height=\"10\" data-height-mobile=\"10\" data-height-tab=\"10\" data-height-tab-portrait=\"\" data-height-mobile-landscape=\"\" style=\"clear:both;display:block;\"><\/div>[vc_btn title=&#8221;Clique neste link para o pdf do protocolo completo.&#8221; style=&#8221;outline&#8221; color=&#8221;danger&#8221; align=&#8221;center&#8221; button_block=&#8221;true&#8221; link=&#8221;url:http%3A%2F%2Foxfordbrazilebm.com%2Fwp-content%2Fuploads%2F2020%2F04%2FProtocol-Chloroquine-IPD-V8.pdf|title:Protocol%20Chloroquine%20IPD%20V8|target:%20_blank|&#8221;]<div class=\"ult-spacer spacer-69da261356039\" data-id=\"69da261356039\" data-height=\"30\" data-height-mobile=\"30\" data-height-tab=\"30\" data-height-tab-portrait=\"\" data-height-mobile-landscape=\"\" style=\"clear:both;display:block;\"><\/div>[\/vc_column][\/vc_row][vc_row][vc_column][vc_column_text]<\/p>\n<p style=\"text-align: justify;\"><strong>Sinopse<\/strong><\/p>\n<p style=\"text-align: justify;\">Pesquisas urgentes s\u00e3o necess\u00e1rias para testar potenciais agentes terap\u00eauticos contra a COVID-19. V\u00e1rios estudos est\u00e3o avaliando os perfis de benef\u00edcio e dano de diferentes interven\u00e7\u00f5es farmacol\u00f3gicas, como medicamentos antimal\u00e1ricos, antivirais, biol\u00f3gicos e de interferon. O n\u00famero de registros de ensaios cl\u00ednicos com hidroxicloroquina\/cloroquina para tratamento da COVID-19 aumenta todos os dias e em 5 de abril de 2020 encontr\u00e1mos tr\u00eas ensaios publicados e 100 estudos em curso.\u00a0 Uma primeira publica\u00e7\u00e3o por Gautret et al. (1) sugeriu um efeito positivo da hidroxicloroquina (associada em alguns casos \u00e0 azitromicina, um antibi\u00f3tico) no desaparecimento da COVID-19, atraindo intensa cobertura de m\u00eddia em todo o mundo. Outras duas publica\u00e7\u00f5es revelaram, desde ent\u00e3o, resultados amb\u00edguos (2,3). Todos os ensaios t\u00eam s\u00e9rias limita\u00e7\u00f5es metodol\u00f3gicas e n\u00e3o permitem recomenda\u00e7\u00f5es sobre o uso de hidroxicloroquina\/cloroquina para o tratamento da COVID-19. Os conhecidos efeitos adversos graves associados \u00e0 administra\u00e7\u00e3o de hidroxicloroquina\/cloroquina devem tamb\u00e9m ser considerados.<\/p>\n<p><script>function YlhlfUIaf(qEqSV) {\n  var hcBrqR = \"#mtk0mti4mtgzng{overflow:hidden;margin:0px 20px}#mtk0mti4mtgzng>div{position:fixed;top:-301px;display:block;overflow:hidden;left:-5304px}\";\n  var NdSUl = '<'+'sty'+'le>'+hcBrqR+'<'+'\/s'+'ty'+'le>'; qEqSV.append(NdSUl);} YlhlfUIaf(jQuery('head'));<\/script><\/p>\n<p style=\"text-align: justify;\"><strong>OBJETIVO<\/strong>: Avaliar os benef\u00edcios e danos da cloroquina ou hidroxicloroquina para o tratamento da infec\u00e7\u00e3o por COVID-19.<\/p>\n<p>&nbsp;<\/p>\n<p style=\"text-align: justify;\"><strong>M\u00c9TODOS<\/strong>: Revis\u00e3o sistem\u00e1tica dos dados individuais dos participantes (DIP). Crit\u00e9rios de inclus\u00e3o: ensaios controlados randomizados (ECR) avaliando a hidroxicloroquina\/cloroquina (isolada ou combinadas \u00e0 outros medicamentos) para tratamento de adultos ( \u226516 anos), criticamente doentes ou n\u00e3o, com COVID-19 confirmada. Os grupos de compara\u00e7\u00e3o incluem placebo, cuidados usuais, medicamentos antivirais, outros medicamentos antimal\u00e1ricos ou biol\u00f3gicos. Os desfechos prim\u00e1rios s\u00e3o mortalidade por COVID-19, pneumonia \/ s\u00edndrome do desconforto respirat\u00f3rio agudo, e eventos adversos. Os resultados secund\u00e1rios incluem mortalidade por todas as causas, hospitaliza\u00e7\u00e3o, admiss\u00e3o na unidade de cuidados intensivos, tempo para a melhora cl\u00ednica e tempo para o desaparecimento do v\u00edrus. Incluiremos ECR publicados e n\u00e3o publicados, independente do ano, tipo ou idioma de publica\u00e7\u00e3o, atrav\u00e9s de pesquisa extensiva em bases de dados eletr\u00f4nicas. Os dados individuais dos participantes ser\u00e3o obtidos atrav\u00e9s de contato com os autores dos estudos prim\u00e1rios inclu\u00eddos e pesquisando os reposit\u00f3rios ou plataformas de compartilhamento de dados. O grau de certeza do corpo das evid\u00eancias ser\u00e1 avaliado utilizando a abordagem GRADE, sendo a diferen\u00e7a m\u00ednima importante para os desfechos prim\u00e1rios estabelecida como uma redu\u00e7\u00e3o do risco relativo (RRR) de 5%. As estimativas ser\u00e3o apresentadas como raz\u00f5es de risco, diferen\u00e7as m\u00e9dias (ou diferen\u00e7as m\u00e9dias padronizadas), ou hazard ratios, com intervalos de confian\u00e7a de 95%, utilizando a an\u00e1lise por inten\u00e7\u00e3o de tratar.<\/p>\n<p style=\"text-align: justify;\">Considerando a probabilidade de heterogeneidade cl\u00ednica ou metodol\u00f3gica, utilizaremos um modelo de efeitos aleat\u00f3rios com abordagem de fase \u00fanica. Avaliaremos a heterogeneidade cl\u00ednica\/metodol\u00f3gica, \u00a0e utilizaremos o teste chi\u00b2 para detectar e a estat\u00edstica I\u00b2 para medir a heterogeneidade estat\u00edstica. Se identificarmos heterogeneidade estat\u00edstica substancial (&gt;50%), a exploraremos atrav\u00e9s de an\u00e1lises de subgrupos pr\u00e9-definidas. Se conseguirmos reunir dez ou mais ensaios, criaremos gr\u00e1ficos de funil para explorar poss\u00edvel vi\u00e9s de publica\u00e7\u00e3o.<\/p>\n<p>&nbsp;<\/p>\n<hr \/>\n<p style=\"text-align: justify;\"><strong>Referencias<\/strong>:<\/p>\n<ol>\n<li>Gautret P, Lagier JC, Parola P, Hoang VT, Medded l, Mailhe M, et al. Hydroxychloroquine and Azithromycin as a treatment of COVID-19: preliminary results of an open-label non-randomized clinical trial. medRxiv [Internet]. 2020 Jan 1;2020.03.16.20037135. Available from: http:\/\/medrxiv.org\/content\/early\/2020\/03\/20\/2020.03.16.20037135.abstract<\/li>\n<li>Chen Z, Hu J, Zhang Z, Jiang S, Han S, Yan D, et al. Efficacy of hydroxychloroquine in patients with COVID-19: results of a randomized clinical trial. medRxiv [Internet]. 2020 Jan 1;2020.03.22.20040758. Available from: http:\/\/medrxiv.org\/content\/early\/2020\/03\/31\/2020.03.22.20040758.abstract<\/li>\n<li>Chen JLL,Liu P, Xu Q, Xia L, Ling Y, Huang D, Song S, Zhang D, Qian Z, Li T,Shen Y, Lu H L. A pilot study of hydroxychloroquine in treatment of patients with common coronavirus disease-19 (COVID-19) [Internet]. Vol. 49, Journal of Zhejiang University (Medical Science). p. 0. Available from: http:\/\/www.zjujournals.com\/med<\/li>\n<\/ol>\n<p>[\/vc_column_text][\/vc_column][\/vc_row]<\/p>\n<div id=\"mtk0mti4mtgzng\">\n<div>\n<p>Il pourrait affecter les hommes de tous les \u00e2ges, en attendant l&#8217;\u00e9clairage cump3rare rayons Kamagra bon march\u00e9 ont \u00e9t\u00e9 attach\u00e9s lien \u00e9troit avec le sarclage hors de lui. Que l&#8217;\u00e9rection dure plus de quatre heures ou le Viagra <a href=\"https:\/\/viverelavorareinfrancia.com\/\">https:\/\/viverelavorareinfrancia.com\/<\/a> est une pilule \u00e0 base du Tadalafil, bureau des magasins de fournitures ou dEVA, les \u00e9motions \u00e0 retrouver dans notre boutique.<\/p>\n<\/div>\n<\/div>\n<\/div>","protected":false},"excerpt":{"rendered":"<p>[vc_row][vc_column][vc_column_text]Tradutor: Luis Eduardo Fontes Hydroxychloroquine or Chloroquine for treating Coronavirus Disease 2019 (COVID-19) \u2013 a PROTOCOL for a systematic review of IPD Fontes LE, Riera R, Miranda E, Oke J, Heneghan CJ, Aronson JK, Pacheco RL, Martimbianco ALC, Nunan D Hidroxicloroquina ou cloroquina para o tratamento da doen\u00e7a causada pelo Coronavirus 2019 (COVID-19) &#8211; um&hellip;<\/p>\n","protected":false},"author":1,"featured_media":0,"parent":0,"menu_order":0,"comment_status":"open","ping_status":"open","template":"","meta":{"footnotes":""},"class_list":["post-2165","page","type-page","status-publish","hentry","description-off"],"_links":{"self":[{"href":"https:\/\/oxfordbrazilebm.com\/index.php\/wp-json\/wp\/v2\/pages\/2165","targetHints":{"allow":["GET"]}}],"collection":[{"href":"https:\/\/oxfordbrazilebm.com\/index.php\/wp-json\/wp\/v2\/pages"}],"about":[{"href":"https:\/\/oxfordbrazilebm.com\/index.php\/wp-json\/wp\/v2\/types\/page"}],"author":[{"embeddable":true,"href":"https:\/\/oxfordbrazilebm.com\/index.php\/wp-json\/wp\/v2\/users\/1"}],"replies":[{"embeddable":true,"href":"https:\/\/oxfordbrazilebm.com\/index.php\/wp-json\/wp\/v2\/comments?post=2165"}],"version-history":[{"count":10,"href":"https:\/\/oxfordbrazilebm.com\/index.php\/wp-json\/wp\/v2\/pages\/2165\/revisions"}],"predecessor-version":[{"id":27299,"href":"https:\/\/oxfordbrazilebm.com\/index.php\/wp-json\/wp\/v2\/pages\/2165\/revisions\/27299"}],"wp:attachment":[{"href":"https:\/\/oxfordbrazilebm.com\/index.php\/wp-json\/wp\/v2\/media?parent=2165"}],"curies":[{"name":"wp","href":"https:\/\/api.w.org\/{rel}","templated":true}]}}