{"id":1988,"date":"2020-04-13T02:09:27","date_gmt":"2020-04-13T01:09:27","guid":{"rendered":"http:\/\/oxfordbrazilebm.com\/?page_id=1988"},"modified":"2020-04-13T02:09:27","modified_gmt":"2020-04-13T01:09:27","slug":"vies-de-selecao","status":"publish","type":"page","link":"https:\/\/oxfordbrazilebm.com\/index.php\/vies-de-selecao\/","title":{"rendered":"Vi\u00e9s de sele\u00e7\u00e3o"},"content":{"rendered":"<div class=\"wpb-content-wrapper\"><p>[vc_row bg_type=&#8221;bg_color&#8221; css=&#8221;.vc_custom_1572747881603{padding-top: 10px !important;padding-bottom: 10px !important;}&#8221; bg_color_value=&#8221;#f7f7f7&#8243;][vc_column width=&#8221;1\/3&#8243;][vc_column_text]<b>Nome original do vi\u00e9s: <\/b>Selection bias[\/vc_column_text][\/vc_column][vc_column width=&#8221;1\/3&#8243;][vc_column_text]<strong>Tradutor: <\/strong>Ana Luiza Cabrera Martimbianco<\/p>\n<p><strong>Primeiro revisor: <\/strong>Rafael Leite Pacheco<\/p>\n<p><strong>Segundo revisor:<\/strong> Rachel Riera[\/vc_column_text][\/vc_column][\/vc_row][vc_row][vc_column]<div class=\"ult-spacer spacer-69e204e72fcc3\" data-id=\"69e204e72fcc3\" data-height=\"30\" data-height-mobile=\"30\" data-height-tab=\"30\" data-height-tab-portrait=\"\" data-height-mobile-landscape=\"\" style=\"clear:both;display:block;\"><\/div>[vc_separator]<div class=\"ult-spacer spacer-69e204e72fceb\" data-id=\"69e204e72fceb\" data-height=\"30\" data-height-mobile=\"30\" data-height-tab=\"30\" data-height-tab-portrait=\"\" data-height-mobile-landscape=\"\" style=\"clear:both;display:block;\"><\/div>[\/vc_column][\/vc_row][vc_row][vc_column][vc_column_text]<\/p>\n<p style=\"text-align: justify;\"><strong>Introdu\u00e7\u00e3o<\/strong><\/p>\n<p style=\"text-align: justify;\">Os participantes de um estudo podem diferir sistematicamente da popula\u00e7\u00e3o de interesse. Por exemplo, os participantes inclu\u00eddos em um estudo de vacina contra influenza podem ser adultos jovens e saud\u00e1veis, enquanto aqueles que t\u00eam maior probabilidade de receber a interven\u00e7\u00e3o na pr\u00e1tica podem ser idosos e ter muitas comorbidades e, portanto, podem n\u00e3o estarem representados no estudo.<\/p>\n<p style=\"text-align: justify;\">Da mesma forma, em estudos observacionais, as conclus\u00f5es obtidas a partir da popula\u00e7\u00e3o inclu\u00edda podem n\u00e3o se aplicar a pessoas do mundo real pois o efeito observado pode ser exagerado, ou n\u00e3o \u00e9 poss\u00edvel assumir um efeito para aqueles n\u00e3o inclu\u00eddos no estudo.<\/p>\n<p style=\"text-align: justify;\">O vi\u00e9s de sele\u00e7\u00e3o pode surgir nos estudos porque os grupos de participantes comparados podem ser diferentes\u00a0 n\u00e3o apenas pelas interven\u00e7\u00f5es ou exposi\u00e7\u00f5es investiga\u00e7\u00e3o. Quando este \u00e9 o caso, os resultados do estudo s\u00e3o influenciados por fatores de confus\u00e3o.<\/p>\n<p style=\"text-align: justify;\"><strong>Exemplos<\/strong><\/p>\n<p style=\"text-align: justify;\">Um estudo sobre a preval\u00eancia da doen\u00e7a de Parkinson (DP) incluiu uma pesquisa porta-a-porta em um munic\u00edpio dos Estados Unidos. Os autores usaram uma t\u00e9cnica de triagem em duas etapas, primeiro aplicando um question\u00e1rio abrangente e, em seguida, encaminhando \u00a0os indiv\u00edduos com sinais e sintomas sugestivos de DP para uma avalia\u00e7\u00e3o neurol\u00f3gica. Mais de 97% dos moradores do munic\u00edpio participaram e cerca de 15% dos exames positivos na primeira etapa recusaram o encaminhamento. Esfor\u00e7os intensos forneceram &#8220;informa\u00e7\u00f5es valiosas sobre quase todas as recusas, que foram ent\u00e3o revisadas por um neurologista para estabelecer um diagn\u00f3stico&#8221;. Os autores apresentaram evid\u00eancias convincentes de que conseguiram obter um rastreamento completo dos casos de DP no munic\u00edpio.<\/p>\n<p style=\"text-align: justify;\">No dia da entrevista (1\u00ba. de janeiro de 1978), a doen\u00e7a foi diagnosticada em 31 dos 24.000 residentes do munic\u00edpio. Desses, 13 nunca haviam passado por atendimento m\u00e9dico. Nesta pesquisa, se a abordagem para o rastreamento dos casos tivesse utilizado apenas o sistema de assist\u00eancia m\u00e9dica, todos aqueles que n\u00e3o receberam cuidados (acima de 40%) n\u00e3o teriam sido identificados. Al\u00e9m disso, n\u00e3o haveria uma modo definitivo de caracterizar o vi\u00e9s introduzido se fossem utilizados apenas aqueles identificados por meio dos registros de sa\u00fade.<\/p>\n<p style=\"text-align: justify;\">Outro exemplo \u00e9 o efeito da terapia de reposi\u00e7\u00e3o hormonal (TRH) na doen\u00e7a arterial coronariana (DAC) em mulheres. V\u00e1rios estudos mostraram que a TRH reduziu a DAC, mas ensaios cl\u00ednicos subsequentes mostraram que a TRH pode aumentar o risco de DAC. Nos estudos observacionais, as mulheres em uso de TRH eram mais preocupadas com a sua sa\u00fade, eram mais fisicamente ativas e eram de classes socioecon\u00f4micas mais altas do que aquelas que n\u00e3o usavam a TRH. Esta auto-sele\u00e7\u00e3o de mulheres (vi\u00e9s de sele\u00e7\u00e3o) levou \u00e0 confus\u00e3o e um &#8220;vi\u00e9s de usu\u00e1rio saud\u00e1vel&#8221;.<\/p>\n<p style=\"text-align: justify;\">Em um estudo duplo-cego controlado por placebo sobre o uso de fenobarbital para preven\u00e7\u00e3o de convuls\u00f5es febris recorrentes, a ades\u00e3o n\u00e3o foi t\u00e3o boa quanto se esperava. As curvas de Kaplan-Meier calculadas para o desfecho \u201ctempo livre de convuls\u00e3o\u201d n\u00e3o apresentaram diferen\u00e7a estatisticamente significativa, ao contr\u00e1rio do esperado. Os autores usaram v\u00e1rias defini\u00e7\u00f5es de ader\u00eancia e reanalisaram os resultados considerando os pacientes dentro dos grupos das interven\u00e7\u00f5es realmente recebidas (an\u00e1lise \u2018<em>as treated\u2019)<\/em> e n\u00e3o para os quais foram inicialmente alocados. Os resultados baseados em uma certa defini\u00e7\u00e3o de ader\u00eancia mostraram que os indiv\u00edduos aderentes nos grupos fenobarbital e placebo tiveram um risco maior de recorr\u00eancia do que aqueles que n\u00e3o eram aderentes. Os resultados foram, portanto, conflitantes e demonstraram vi\u00e9s de sele\u00e7\u00e3o devido ao atrito (perdas).<\/p>\n<p style=\"text-align: justify;\">Estudos coorte prospectivos sobre dietas e estilo de vida exibem um \u201cefeito participante saud\u00e1vel\u201d, relatando taxas de mortalidade mais baixas entre os participantes do que na popula\u00e7\u00e3o em geral. Isto sugere que as pessoas que est\u00e3o interessadas em estilos de vida saud\u00e1veis e, portanto, t\u00eam comportamentos mais saud\u00e1veis, como baixas taxas de tabagismo, s\u00e3o mais propensas a participarem de um estudo prospectivo do que aquelas com estilos de vida menos saud\u00e1veis. Isso tamb\u00e9m pode ser considerado um vi\u00e9s de amostragem.<\/p>\n<p style=\"text-align: justify;\">Um estudo sobre tabagismo e dem\u00eancia encontrou um potencial vi\u00e9s de sele\u00e7\u00e3o em idosos. O vi\u00e9s de sele\u00e7\u00e3o devido \u00e0 censura pela morte foi uma das explica\u00e7\u00f5es para a menor taxa relativa de dem\u00eancia em fumantes com idade mais avan\u00e7ada.<\/p>\n<p style=\"text-align: justify;\"><strong>Impacto<\/strong><\/p>\n<p style=\"text-align: justify;\">O vi\u00e9s de sele\u00e7\u00e3o pode ter efeitos variados, e a magnitude de seu impacto e a dire\u00e7\u00e3o do efeito \u00e9 freq\u00fcentemente dif\u00edcil de determinar.(Odgaard-Jensen J <em>et al<\/em>.)<\/p>\n<p style=\"text-align: justify;\">Como exemplos, um estudo meta-epidemiol\u00f3gico sobre impacto do vi\u00e9s de sele\u00e7\u00e3o nas estimativas de tamanho do efeito do tratamento em ensaios cl\u00ednicos randomizados de interven\u00e7\u00f5es de sa\u00fade bucal encontrou estimativas de efeito significativamente maiores em estudos que tiveram gera\u00e7\u00e3o da sequ\u00eancia inadequada ou desconhecida (diferen\u00e7a no tamanho do efeito = 0,13; intervalo de confian\u00e7a [IC] = 0,01 a 0,25). Um estudo posterior para determinar a sobrevida em estudos de coorte de beb\u00eas prematuros descobriu que a presen\u00e7a de vi\u00e9s de sele\u00e7\u00e3o superestimou a sobrevida em at\u00e9 100%.<\/p>\n<p style=\"text-align: justify;\"><strong>Passos para preven\u00e7\u00e3o<\/strong><\/p>\n<p style=\"text-align: justify;\">Para avaliar o prov\u00e1vel grau de vi\u00e9s de sele\u00e7\u00e3o, os autores devem incluir as seguintes informa\u00e7\u00f5es em diferentes est\u00e1gios do estudo:<\/p>\n<ul style=\"text-align: justify;\">\n<li>N\u00famero de participantes rastreados e randomizados;<\/li>\n<li>Compara\u00e7\u00e3o das caracter\u00edsticas dos grupos de interven\u00e7\u00e3o \/ exposi\u00e7\u00e3o na linha de base (in\u00edcio do estudo);<\/li>\n<li>Estimativa de quantos potenciais participantes foram re-selecionados;<\/li>\n<li>Quais os procedimentos foram realmente implementados para impedir a predi\u00e7\u00e3o de aloca\u00e7\u00f5es futuras e o conhecimento de aloca\u00e7\u00f5es anteriores;<\/li>\n<li>Quais foram as restri\u00e7\u00f5es relacionadas \u00e0 randomiza\u00e7\u00e3o (por exemplo, tamanho dos blocos de randomiza\u00e7\u00e3o);<\/li>\n<li>Qualquer evid\u00eancia de n\u00e3o cegamento.<\/li>\n<li>Como os dados faltantes dos participantes que sa\u00edram do estudo durante o seguimento foram tratados.<\/li>\n<\/ul>\n<p style=\"text-align: justify;\">A randomiza\u00e7\u00e3o de participantes em estudos de interven\u00e7\u00e3o visa fornecer o m\u00e9todo mais justo de comparar o efeito de uma interven\u00e7\u00e3o com um controle, e evitar vieses de sele\u00e7\u00e3o \u00e9 parte deste objetivo. No entanto, isso pode n\u00e3o ser perfeitamente alcan\u00e7ado. Berger e\u00a0 colaboradores apresentaram argumentos claros para o papel crucial de procedimentos adequados de oculta\u00e7\u00e3o da aloca\u00e7\u00e3o e de randomiza\u00e7\u00e3o para evitar vieses de sele\u00e7\u00e3o.<\/p>\n<p style=\"text-align: justify;\">Como tudo o que acontece ap\u00f3s a randomiza\u00e7\u00e3o pode afetar a chance de um participante do estudo ter o desfecho de interesse, \u00e9 essencial que todos os participantes (mesmo aqueles que n\u00e3o tenham tomado o medicamento ou tenham recebido o tratamento errado de modo acidental ou intencional) sejam analisados \u200b\u200bnos grupos para o qual foram alocados. A an\u00e1lise por inten\u00e7\u00e3o de tratar inclui dados de todos os participantes aleatoriamente designados para os grupos de compara\u00e7\u00e3o, independentemente de terem ou n\u00e3o recebido o tratamento para o qual foram atribu\u00eddos, mesmo que nunca tenham iniciado o tratamento, ou que tenham mudado para outro tratamento durante o estudo. Isso evita o vi\u00e9s causado pela quebra da equival\u00eancia das caracter\u00edsticas de base estabelecida pela aloca\u00e7\u00e3o aleat\u00f3ria.<\/p>\n<p style=\"text-align: justify;\">Em estudos observacionais, o vi\u00e9s de sele\u00e7\u00e3o \u00e9 dif\u00edcil de abordar com m\u00e9todos anal\u00edticos, mas m\u00e9todos para lidar com dados perdidos est\u00e3o dispon\u00edveis, incluindo a \u00faltima observa\u00e7\u00e3o (ou valor de refer\u00eancia) analisada, modelos mistos, imputa\u00e7\u00e3o e an\u00e1lise de sensibilidade usando \u2018cen\u00e1rios pessimistas\u2019 (onde os dados faltantes representam o pior desfecho) ou \u2018cen\u00e1rios otimistas\u2019 (onde os dados faltantes representam o melhor desfecho). A an\u00e1lise dos dados considerando apenas dos participantes que permanecem no estudo at\u00e9 seu t\u00e9rmino, \u00e9 chamada de an\u00e1lise dos casos completos.<\/p>\n<p style=\"text-align: justify;\">Certas medidas externas podem \u00e0s vezes ser usadas para calibrar os dados de um estudo, como, por exemplo, as taxas de mortalidade s\u00e3o padronizadas. Al\u00e9m disso, a pondera\u00e7\u00e3o da probabilidade inversa pode ser usada sob certas premissas.<\/p>\n<p style=\"text-align: justify;\">Para melhorar a generaliza\u00e7\u00e3o dos achados dos estudos, a sele\u00e7\u00e3o da popula\u00e7\u00e3o deve ser ampla e relatada nos crit\u00e9rios de recrutamento \/ inclus\u00e3o.<\/p>\n<p>[\/vc_column_text][\/vc_column][\/vc_row][vc_row][vc_column]<div class=\"ult-spacer spacer-69e204e72fcfc\" data-id=\"69e204e72fcfc\" data-height=\"30\" data-height-mobile=\"30\" data-height-tab=\"30\" data-height-tab-portrait=\"\" data-height-mobile-landscape=\"\" style=\"clear:both;display:block;\"><\/div>[vc_separator]<div class=\"ult-spacer spacer-69e204e72fd0d\" data-id=\"69e204e72fd0d\" data-height=\"30\" data-height-mobile=\"30\" data-height-tab=\"30\" data-height-tab-portrait=\"\" data-height-mobile-landscape=\"\" style=\"clear:both;display:block;\"><\/div>[\/vc_column][\/vc_row][vc_row bg_type=&#8221;bg_color&#8221; bg_color_value=&#8221;#f7f7f7&#8243; css=&#8221;.vc_custom_1572747847655{padding-top: 20px !important;padding-bottom: 20px !important;}&#8221;][vc_column][vc_column_text]<\/p>\n<p style=\"text-align: justify;\"><strong>Link para o original: <\/strong><a href=\"https:\/\/catalogofbias.org\/biases\/selection-bias\/\">https:\/\/catalogofbias.org\/biases\/selection-bias\/<\/a><\/p>\n<p style=\"text-align: justify;\"><strong>Deve ser citado como:<\/strong> Catalogue of Bias Collaboration, Nunan D, Bankhead C, Aronson JK. Selection bias. Catalogue Of Bias 2017: <a href=\"http:\/\/www.catalogofbias.org\/biases\/selection-bias\/\">http:\/\/www.catalogofbias.org\/biases\/selection-bias\/<\/a><\/p>\n<p style=\"text-align: justify;\"><strong>Fontes:<\/strong><\/p>\n<p style=\"text-align: justify;\">Berger VW, \u00a0<em>et al<\/em>. <a href=\"http:\/\/digitalcommons.wayne.edu\/jmasm\/vol2\/iss1\/8\/\">Randomization technique, allocation concealment, masking, and susceptibility of trials to selection bias<\/a>. J Mod Appl Stat Methods 2003;2(1):80-6.<\/p>\n<p style=\"text-align: justify;\">CASS Principal Investigators and Their Associates. Coronary artery surgery study (CASS): <a href=\"https:\/\/www.ncbi.nlm.nih.gov\/pubmed\/6361099\">a randomized trial of coronary artery bypass surgery. <\/a>Comparability of entry characteristics and survival in randomized patients and nonrandomized patients meeting randomization criteria. J Am Coll Cardiol 1984; (1):114-28.<\/p>\n<p style=\"text-align: justify;\">Farwell JR, <em>et al<\/em>. <a href=\"https:\/\/www.ncbi.nlm.nih.gov\/pubmed\/2242106\">Phenobarbital for febrile seizures\u2013effects on intelligence and on seizure recurrence.<\/a> N Engl J Med 1990;322(6):364-9.<\/p>\n<p style=\"text-align: justify;\">Key TJ, <em>et al<\/em>. <a href=\"https:\/\/www.ncbi.nlm.nih.gov\/pubmed\/19297458\">Mortality in British vegetarians: results from the European Prospective Investigation into Cancer and Nutrition <\/a>(EPIC-Oxford). Am J Clin Nutr 2009; 89(5):1613S-1619S.<\/p>\n<p style=\"text-align: justify;\">Odgaard-Jensen J, <em>et al<\/em>. <a href=\"https:\/\/www.ncbi.nlm.nih.gov\/pubmed\/21491415\">Randomisation to protect against selection bias in healthcare trials. <\/a>Cochrane Database Syst Rev 2011 Apr 13; (4): MR000012. <a href=\"https:\/\/www.ncbi.nlm.nih.gov\/pubmed\/21491415\">https:\/\/www.ncbi.nlm.nih.gov\/pubmed\/21491415<\/a><\/p>\n<p style=\"text-align: justify;\">Schoenberg BS,<em> et al<\/em>. <a href=\"https:\/\/www.ncbi.nlm.nih.gov\/pubmed\/4000484\">Prevalence\u00a0 of Parkinson\u2019s disease in the biracial population of Copiah County,<\/a> Mississippi. Neurology 1985;35(6):841-5.<\/p>\n<p style=\"text-align: justify;\">Sundt TM Jr. <a href=\"https:\/\/www.ncbi.nlm.nih.gov\/pubmed\/3547132\">Was the international randomized trial of extracranial-intracranial arterial bypass representative of the population at risk<\/a>? N Engl J Med 1987;316(13):814-6.<\/p>\n<p style=\"text-align: justify;\">Hern\u00e1n MA, <em>et al<\/em>. <a href=\"https:\/\/www.ncbi.nlm.nih.gov\/pubmed\/18414087\">Cigarette smoking and dementia: potential selection bias in the elderly. <\/a>Epidemiology. 2008 May;19(3):448-50. doi: 10.1097\/EDE.0b013e31816bbe14<\/p>\n<p style=\"text-align: justify;\">Saltaji H, <em>et al<\/em>. <a href=\"https:\/\/www.ncbi.nlm.nih.gov\/pubmed\/28813182\">Impact of Selection Bias on Treatment Effect Size Estimates in Randomized Trials of Oral Health Interventions: A Meta-epidemiological Study. <\/a>J Dent Res. 2018 Jan;97(1):5-13. doi: 10.1177\/0022034517725049. Epub 2017 Aug 16.<\/p>\n<p style=\"text-align: justify;\">Evans DJ, <em>et al<\/em>. <a href=\"https:\/\/www.ncbi.nlm.nih.gov\/pubmed\/11207220\">Evidence of selection bias in preterm survival studies: a systematic review. <\/a>Arch Dis Child Fetal Neonatal Ed. 2001 Mar;84(2):F79-84. Review.<\/p>\n<p style=\"text-align: justify;\">Odgaard-Jensen J, <em>et al<\/em>.\u00a0 <a href=\"https:\/\/www.ncbi.nlm.nih.gov\/pubmed\/21491415\">Randomisation to protect against selection bias in healthcare trials.<\/a> Cochrane Database Syst Rev. 2011 Apr 13;(4):MR000012. doi: 10.1002\/14651858.MR000012.pub3.<\/p>\n<p style=\"text-align: justify;\"><strong>Essa fonte pode ser recuperada dinamicamente pelo PubMed:<\/strong><\/p>\n<p style=\"text-align: justify;\">Salway TJ, Morgan J, Ferlatte O, Hawkins B, Lachowsky NJ, Gilbert M. <a href=\"https:\/\/www.ncbi.nlm.nih.gov\/pubmed\/31135260?dopt=Abstract\">A Systematic Review of Characteristics of Nonprobability Community Venue Samples of Sexual Minority Individuals and Associated Methods for Assessing Selection Bias.<\/a><\/p>\n<p>[\/vc_column_text][\/vc_column][\/vc_row]<\/p>\n<\/div>","protected":false},"excerpt":{"rendered":"<p>[vc_row bg_type=&#8221;bg_color&#8221; css=&#8221;.vc_custom_1572747881603{padding-top: 10px !important;padding-bottom: 10px !important;}&#8221; bg_color_value=&#8221;#f7f7f7&#8243;][vc_column width=&#8221;1\/3&#8243;][vc_column_text]Nome original do vi\u00e9s: Selection bias[\/vc_column_text][\/vc_column][vc_column width=&#8221;1\/3&#8243;][vc_column_text]Tradutor: Ana Luiza Cabrera Martimbianco Primeiro revisor: Rafael Leite Pacheco Segundo revisor: Rachel Riera[\/vc_column_text][\/vc_column][\/vc_row][vc_row][vc_column][vc_separator][\/vc_column][\/vc_row][vc_row][vc_column][vc_column_text] Introdu\u00e7\u00e3o Os participantes de um estudo podem diferir sistematicamente da popula\u00e7\u00e3o de interesse. Por exemplo, os participantes inclu\u00eddos em um estudo de vacina contra influenza podem ser&hellip;<\/p>\n","protected":false},"author":1,"featured_media":0,"parent":0,"menu_order":0,"comment_status":"closed","ping_status":"closed","template":"","meta":{"footnotes":""},"class_list":["post-1988","page","type-page","status-publish","hentry","description-off"],"_links":{"self":[{"href":"https:\/\/oxfordbrazilebm.com\/index.php\/wp-json\/wp\/v2\/pages\/1988","targetHints":{"allow":["GET"]}}],"collection":[{"href":"https:\/\/oxfordbrazilebm.com\/index.php\/wp-json\/wp\/v2\/pages"}],"about":[{"href":"https:\/\/oxfordbrazilebm.com\/index.php\/wp-json\/wp\/v2\/types\/page"}],"author":[{"embeddable":true,"href":"https:\/\/oxfordbrazilebm.com\/index.php\/wp-json\/wp\/v2\/users\/1"}],"replies":[{"embeddable":true,"href":"https:\/\/oxfordbrazilebm.com\/index.php\/wp-json\/wp\/v2\/comments?post=1988"}],"version-history":[{"count":1,"href":"https:\/\/oxfordbrazilebm.com\/index.php\/wp-json\/wp\/v2\/pages\/1988\/revisions"}],"predecessor-version":[{"id":1991,"href":"https:\/\/oxfordbrazilebm.com\/index.php\/wp-json\/wp\/v2\/pages\/1988\/revisions\/1991"}],"wp:attachment":[{"href":"https:\/\/oxfordbrazilebm.com\/index.php\/wp-json\/wp\/v2\/media?parent=1988"}],"curies":[{"name":"wp","href":"https:\/\/api.w.org\/{rel}","templated":true}]}}