{"id":1987,"date":"2020-04-13T02:13:23","date_gmt":"2020-04-13T01:13:23","guid":{"rendered":"http:\/\/oxfordbrazilebm.com\/?page_id=1987"},"modified":"2020-04-13T02:13:23","modified_gmt":"2020-04-13T01:13:23","slug":"vies-de-espectro","status":"publish","type":"page","link":"https:\/\/oxfordbrazilebm.com\/index.php\/vies-de-espectro\/","title":{"rendered":"Vi\u00e9s de espectro"},"content":{"rendered":"<div class=\"wpb-content-wrapper\"><p>[vc_row bg_type=&#8221;bg_color&#8221; css=&#8221;.vc_custom_1572747881603{padding-top: 10px !important;padding-bottom: 10px !important;}&#8221; bg_color_value=&#8221;#f7f7f7&#8243;][vc_column width=&#8221;1\/3&#8243;][vc_column_text]<b>Nome original do vi\u00e9s: <\/b>Spectrum bias[\/vc_column_text][\/vc_column][vc_column width=&#8221;1\/3&#8243;][vc_column_text]<strong>Tradutor: <\/strong>Carolina Oliveira Cruz Latorraca<\/p>\n<p><strong>Primeiro revisor: <\/strong>Rafael Leite Pacheco<\/p>\n<p><strong>Segundo revisor: <\/strong>Enderson Miranda<\/p>\n<p><strong>Terceiro revisor: <\/strong>Rachel Riera[\/vc_column_text][\/vc_column][\/vc_row][vc_row][vc_column]<div class=\"ult-spacer spacer-69df90c8ef957\" data-id=\"69df90c8ef957\" data-height=\"30\" data-height-mobile=\"30\" data-height-tab=\"30\" data-height-tab-portrait=\"\" data-height-mobile-landscape=\"\" style=\"clear:both;display:block;\"><\/div>[vc_separator]<div class=\"ult-spacer spacer-69df90c8ef9ac\" data-id=\"69df90c8ef9ac\" data-height=\"30\" data-height-mobile=\"30\" data-height-tab=\"30\" data-height-tab-portrait=\"\" data-height-mobile-landscape=\"\" style=\"clear:both;display:block;\"><\/div>[\/vc_column][\/vc_row][vc_row][vc_column][vc_column_text]<\/p>\n<p style=\"text-align: justify;\"><strong>Introdu\u00e7\u00e3o<\/strong><\/p>\n<p style=\"text-align: justify;\">Um teste diagn\u00f3stico ideal deveria ter alta sensibilidade (probabilidade do teste ser positivo em quem tem a doen\u00e7a) e alta especificidade (probabilidade do teste ser negativo em quem n\u00e3o tem a doen\u00e7a). Por\u00e9m, a sensibilidade e a especificidade de testes diagn\u00f3sticos podem ser afetadas pelas diferentes espectros\/caracter\u00edsticas de pacientes (como a gravidade da condi\u00e7\u00e3o) e cen\u00e1rios diferentes (como diferentes desenhos de estudo, aten\u00e7\u00e3o prim\u00e1ria ou terci\u00e1ria), e isso seria o vi\u00e9s de espectro.<\/p>\n<p style=\"text-align: justify;\"><strong>\u00a0<\/strong><\/p>\n<p style=\"text-align: justify;\"><strong>Exemplos<\/strong><\/p>\n<p style=\"text-align: justify;\">Uma revis\u00e3o sistem\u00e1tica avaliou a acur\u00e1cia diagn\u00f3stica do anticorpo anti-pept\u00eddeo citrulinado (anti-CCP) no diagn\u00f3stico de artrite reumatoide e incluiu 151 estudos prim\u00e1rios com diferentes desenhos. Os estudos de caso-controle, que inclu\u00edram indiv\u00edduos com (casos) e sem (controle) artrite reumatoide, superestimaram a sensibilidade do teste anti-CCP.<\/p>\n<p style=\"text-align: justify;\">Uma revis\u00e3o sobre estudos de acur\u00e1cia de testes para diagn\u00f3stico de s\u00edndrome do t\u00fanel do carpo mostrou que tanto a sensibilidade quanto a especificidade foram superestimadas em estudos do tipo caso-controle. O desempenho do teste tamb\u00e9m pode variar baseado nas caracter\u00edsticas da popula\u00e7\u00e3o afetada, por exemplo, em um estudo avaliando o desempenho de um teste de exerc\u00edcio para doen\u00e7a arterial coronariana.<\/p>\n<p style=\"text-align: justify;\"><strong>Impacto<\/strong><\/p>\n<p style=\"text-align: justify;\">O vi\u00e9s de espectro pode ter efeitos variados na sensibilidade e especificidade. Existem evid\u00eancias consistentes a utiliza\u00e7\u00e3o de estudos caso-controle para avalia\u00e7\u00e3o da acur\u00e1cia diagn\u00f3stica, a sensibilidade e a especificidade aumentam.<\/p>\n<p style=\"text-align: justify;\">Uma revis\u00e3o de metan\u00e1lises de estudos de acur\u00e1cia diagn\u00f3stica descobriu que a maior superestimativa da acur\u00e1cia ocorreu em estudos que inclu\u00edram casos graves e controles saud\u00e1veis (raz\u00e3o de chances relativa do diagn\u00f3stico, 4,9, intervalo de confian\u00e7a de 95% 0,6 a 37).<\/p>\n<p style=\"text-align: justify;\">Casos graves s\u00e3o mais f\u00e1ceis de detectar, e portanto, aumentam a estimativa da sensibilidade, enquanto controles saud\u00e1veis ocasionam menos resultados falso-positivos, e por sua vez, superestimam a especificidade. Estudos que utilizaram outros desenhos de caso-controle produzem estimativas similares aos estudos de coorte.<\/p>\n<p style=\"text-align: justify;\">Estudos que incluem pacientes n\u00e3o consecutivos est\u00e3o associados com uma superestimativa de 50% da raz\u00e3o de chances para o diagn\u00f3stico quando comparados com estudos com pacientes consecutivos.<\/p>\n<p style=\"text-align: justify;\"><strong>Passos para preven\u00e7\u00e3o<\/strong><\/p>\n<p style=\"text-align: justify;\">Estudos prim\u00e1rios de acur\u00e1cia diagn\u00f3stica devem recrutar indiv\u00edduos que representam a popula\u00e7\u00e3o em que o teste ser\u00e1 normalmente utilizado, como orientado pelas ferramentas STARD (<em>Standards for Reporting of Diagnostic Accuracy Studies<\/em>) e pelo PRISMA DTA (<em>PRISMA extension for Diagnostic Test Accuracy<\/em>). Idealmente, os indiv\u00edduos devem ser recrutados de forma consecutiva. Se isso falhar, a mistura dos casos na amostra do estudo deve ser explicitamente apresentada.<\/p>\n<p style=\"text-align: justify;\">Revis\u00f5es sistem\u00e1ticas de acur\u00e1cia diagn\u00f3stica devem incluir an\u00e1lises de subgrupos pr\u00e9-especificadas considerando todas as caracter\u00edsticas (espectro) clinicamente relevantes dos pacientes.<\/p>\n<p style=\"text-align: justify;\">Ao se utilizar um teste diagn\u00f3stico em particular, os profissionais da sa\u00fade devem estar cientes das diferen\u00e7as das caracter\u00edsticas\/espectro entre os pacientes ou popula\u00e7\u00f5es que est\u00e3o atendendo e os indiv\u00edduos inclu\u00eddos na pesquisa. Essa informa\u00e7\u00e3o pode ser utilizada para considerar potenciais mudan\u00e7as na sensibilidade e especificidade do teste, e seu efeito nos valores preditivos.<\/p>\n<p>[\/vc_column_text][\/vc_column][\/vc_row][vc_row][vc_column]<div class=\"ult-spacer spacer-69df90c8ef9dc\" data-id=\"69df90c8ef9dc\" data-height=\"30\" data-height-mobile=\"30\" data-height-tab=\"30\" data-height-tab-portrait=\"\" data-height-mobile-landscape=\"\" style=\"clear:both;display:block;\"><\/div>[vc_separator]<div class=\"ult-spacer spacer-69df90c8efa07\" data-id=\"69df90c8efa07\" data-height=\"30\" data-height-mobile=\"30\" data-height-tab=\"30\" data-height-tab-portrait=\"\" data-height-mobile-landscape=\"\" style=\"clear:both;display:block;\"><\/div>[\/vc_column][\/vc_row][vc_row bg_type=&#8221;bg_color&#8221; bg_color_value=&#8221;#f7f7f7&#8243; css=&#8221;.vc_custom_1572747847655{padding-top: 20px !important;padding-bottom: 20px !important;}&#8221;][vc_column][vc_column_text]<\/p>\n<p style=\"text-align: justify;\"><strong>Link para o original:<\/strong> <a href=\"https:\/\/catalogofbias.org\/biases\/spectrum-bias\/\">https:\/\/catalogofbias.org\/biases\/spectrum-bias\/<\/a><\/p>\n<p style=\"text-align: justify;\"><strong>\u00a0<\/strong><\/p>\n<p style=\"text-align: justify;\"><strong>Deve ser citado como:\u00a0 <\/strong>Catalogue of Bias Collaboration. Pluddemann A, Banerjee A, O\u2019Sullivan J; <strong>Spectrum bias<\/strong>. In: Sackett Catalogue Of Bias 2019. <a href=\"https:\/\/catalogofbias.org\/biases\/spectrum-bias\/\">https:\/\/catalogofbias.org\/biases\/spectrum-bias\/<\/a> \u200e<\/p>\n<p style=\"text-align: justify;\"><strong>\u00a0<\/strong><\/p>\n<p style=\"text-align: justify;\"><strong>Fontes<\/strong><\/p>\n<p style=\"text-align: justify;\">Bossuyt PM STARD Group, et al. <a href=\"https:\/\/www.ncbi.nlm.nih.gov\/pubmed\/26511519\">STARD 2015: an updated list of essential items for reporting diagnostic accuracy studies.<\/a> BMJ. 2015 Oct 28;351:h5527.<\/p>\n<p style=\"text-align: justify;\">Boyer K et al. <a href=\"https:\/\/www.ncbi.nlm.nih.gov\/pubmed\/19446966\">Effects of bias on the results of diagnostic studies of carpal tunnel syndrome.<\/a> J Hand Surg Am. 2009 Jul-Aug;34(6):1006-13.<\/p>\n<p style=\"text-align: justify;\">McInnes MDF et al. <a href=\"https:\/\/www.ncbi.nlm.nih.gov\/pubmed\/29362800\">Preferred Reporting Items for a Systematic Review and Meta-analysis of Diagnostic Test Accuracy Studies: The PRISMA-DTA Statement.<\/a>JAMA. 2018 Jan 23;319(4):388-396.<\/p>\n<p style=\"text-align: justify;\">Moons KG et al. <a href=\"https:\/\/www.ncbi.nlm.nih.gov\/pubmed\/9116087\">Limitations of sensitivity, specificity, likelihood ratio, and bayes\u2019 theorem in assessing diagnostic probabilities: a clinical example.<\/a>Epidemiology. 1997 Jan;8(1):12-7.<\/p>\n<p style=\"text-align: justify;\">Rutjes AW et al <a href=\"https:\/\/www.ncbi.nlm.nih.gov\/pubmed\/16477057\">Evidence of bias and variation in diagnostic accuracy studies.<\/a> CMAJ. 2006 Feb 14;174(4):469-76.<\/p>\n<p style=\"text-align: justify;\">Usher-Smith JA et al. <a href=\"https:\/\/www.ncbi.nlm.nih.gov\/pubmed\/27334281\">The spectrum effect in tests for risk prediction, screening, and diagnosis.<\/a> BMJ. 2016 Jun 22;353:i3139.<\/p>\n<p style=\"text-align: justify;\">Whiting PF et al. <a href=\"https:\/\/www.ncbi.nlm.nih.gov\/pubmed\/23958378\">A systematic review classifies sources of bias and variation in diagnostic test accuracy studies.<\/a> J Clin Epidemiol. 2013 Oct;66(10):1093-104.<\/p>\n<p>[\/vc_column_text][\/vc_column][\/vc_row]<\/p>\n<\/div>","protected":false},"excerpt":{"rendered":"<p>[vc_row bg_type=&#8221;bg_color&#8221; css=&#8221;.vc_custom_1572747881603{padding-top: 10px !important;padding-bottom: 10px !important;}&#8221; bg_color_value=&#8221;#f7f7f7&#8243;][vc_column width=&#8221;1\/3&#8243;][vc_column_text]Nome original do vi\u00e9s: Spectrum bias[\/vc_column_text][\/vc_column][vc_column width=&#8221;1\/3&#8243;][vc_column_text]Tradutor: Carolina Oliveira Cruz Latorraca Primeiro revisor: Rafael Leite Pacheco Segundo revisor: Enderson Miranda Terceiro revisor: Rachel Riera[\/vc_column_text][\/vc_column][\/vc_row][vc_row][vc_column][vc_separator][\/vc_column][\/vc_row][vc_row][vc_column][vc_column_text] Introdu\u00e7\u00e3o Um teste diagn\u00f3stico ideal deveria ter alta sensibilidade (probabilidade do teste ser positivo em quem tem a doen\u00e7a) e alta especificidade (probabilidade&hellip;<\/p>\n","protected":false},"author":1,"featured_media":0,"parent":0,"menu_order":0,"comment_status":"closed","ping_status":"closed","template":"","meta":{"footnotes":""},"class_list":["post-1987","page","type-page","status-publish","hentry","description-off"],"_links":{"self":[{"href":"https:\/\/oxfordbrazilebm.com\/index.php\/wp-json\/wp\/v2\/pages\/1987","targetHints":{"allow":["GET"]}}],"collection":[{"href":"https:\/\/oxfordbrazilebm.com\/index.php\/wp-json\/wp\/v2\/pages"}],"about":[{"href":"https:\/\/oxfordbrazilebm.com\/index.php\/wp-json\/wp\/v2\/types\/page"}],"author":[{"embeddable":true,"href":"https:\/\/oxfordbrazilebm.com\/index.php\/wp-json\/wp\/v2\/users\/1"}],"replies":[{"embeddable":true,"href":"https:\/\/oxfordbrazilebm.com\/index.php\/wp-json\/wp\/v2\/comments?post=1987"}],"version-history":[{"count":1,"href":"https:\/\/oxfordbrazilebm.com\/index.php\/wp-json\/wp\/v2\/pages\/1987\/revisions"}],"predecessor-version":[{"id":1993,"href":"https:\/\/oxfordbrazilebm.com\/index.php\/wp-json\/wp\/v2\/pages\/1987\/revisions\/1993"}],"wp:attachment":[{"href":"https:\/\/oxfordbrazilebm.com\/index.php\/wp-json\/wp\/v2\/media?parent=1987"}],"curies":[{"name":"wp","href":"https:\/\/api.w.org\/{rel}","templated":true}]}}