{"id":1986,"date":"2020-04-13T02:04:42","date_gmt":"2020-04-13T01:04:42","guid":{"rendered":"http:\/\/oxfordbrazilebm.com\/?page_id=1986"},"modified":"2020-04-13T02:04:42","modified_gmt":"2020-04-13T01:04:42","slug":"vies-de-local-de-encaminhamento","status":"publish","type":"page","link":"https:\/\/oxfordbrazilebm.com\/index.php\/vies-de-local-de-encaminhamento\/","title":{"rendered":"Vi\u00e9s de local de encaminhamento"},"content":{"rendered":"<div class=\"wpb-content-wrapper\"><p>[vc_row bg_type=&#8221;bg_color&#8221; css=&#8221;.vc_custom_1572747881603{padding-top: 10px !important;padding-bottom: 10px !important;}&#8221; bg_color_value=&#8221;#f7f7f7&#8243;][vc_column width=&#8221;1\/3&#8243;][vc_column_text]<b>Nome original do vi\u00e9s: <\/b>Referral filter bias[\/vc_column_text][\/vc_column][vc_column width=&#8221;1\/3&#8243;][vc_column_text]<strong>Tradutor: <\/strong>Carolina Oliveira Cruz Latorraca<\/p>\n<p><strong>Primeiro revisor: <\/strong>Rafael Leite Pacheco<\/p>\n<p><strong>Segundo revisor: <\/strong>Enderson Miranda<\/p>\n<p><strong>Terceiro revisor: <\/strong>Rachel Riera[\/vc_column_text][\/vc_column][\/vc_row][vc_row][vc_column]<div class=\"ult-spacer spacer-69ee6092d1161\" data-id=\"69ee6092d1161\" data-height=\"30\" data-height-mobile=\"30\" data-height-tab=\"30\" data-height-tab-portrait=\"\" data-height-mobile-landscape=\"\" style=\"clear:both;display:block;\"><\/div>[vc_separator]<div class=\"ult-spacer spacer-69ee6092d1180\" data-id=\"69ee6092d1180\" data-height=\"30\" data-height-mobile=\"30\" data-height-tab=\"30\" data-height-tab-portrait=\"\" data-height-mobile-landscape=\"\" style=\"clear:both;display:block;\"><\/div>[\/vc_column][\/vc_row][vc_row][vc_column][vc_column_text]<\/p>\n<p style=\"text-align: justify;\"><strong>Introdu\u00e7\u00e3o<\/strong><\/p>\n<p style=\"text-align: justify;\">O vi\u00e9s de local de encaminhamento foi listado por David Sackett em 1979 e indica que os participantes de um estudo podem n\u00e3o representar devidamente a popula\u00e7\u00e3o alvo, e portanto, os resultados de um estudo podem n\u00e3o ser aplic\u00e1veis e ter baixa validade externa.<\/p>\n<p style=\"text-align: justify;\"><strong>Exemplo<\/strong><\/p>\n<p style=\"text-align: justify;\">Pessoas com hipertens\u00e3o arterial da comunidade podem ter caracter\u00edsticas diferentes de pessoas com hipertens\u00e3o arterial estudadas em hospitais. Estes \u00faltimos pacientes est\u00e3o mais propensos a ter caracter\u00edsticas incomuns, hipertens\u00e3o mais grave e de causas secund\u00e1rias. Pode ser que eles, ent\u00e3o, n\u00e3o representem a popula\u00e7\u00e3o geral com hipertens\u00e3o arterial.<\/p>\n<p style=\"text-align: justify;\"><strong>Impacto<\/strong><\/p>\n<p style=\"text-align: justify;\">At\u00e9 onde sabemos, o vi\u00e9s de local de referenciamento n\u00e3o foi avaliado formalmente. Por\u00e9m, o impacto do vi\u00e9s de sele\u00e7\u00e3o \u00e9 considerado como relevante neste vi\u00e9s.<\/p>\n<p style=\"text-align: justify;\"><strong>Passos para preven\u00e7\u00e3o<\/strong><\/p>\n<p style=\"text-align: justify;\">M\u00e9todos e desenhos de estudo para minimizar o vi\u00e9s de sele\u00e7\u00e3o podem tamb\u00e9m levar em considera\u00e7\u00e3o o vi\u00e9s de local de encaminhamento, para garantir que uma amostra devidamente representativa da popula\u00e7\u00e3o seja recrutada para o estudo. A interpreta\u00e7\u00e3o dos resultados do estudo deve sempre considerar se os crit\u00e9rios de inclus\u00e3o ou caracter\u00edsticas da amostra permitem a generaliza\u00e7\u00e3o dos dados para a popula\u00e7\u00e3o alvo.<\/p>\n<p>[\/vc_column_text][\/vc_column][\/vc_row][vc_row][vc_column]<div class=\"ult-spacer spacer-69ee6092d1190\" data-id=\"69ee6092d1190\" data-height=\"30\" data-height-mobile=\"30\" data-height-tab=\"30\" data-height-tab-portrait=\"\" data-height-mobile-landscape=\"\" style=\"clear:both;display:block;\"><\/div>[vc_separator]<div class=\"ult-spacer spacer-69ee6092d119d\" data-id=\"69ee6092d119d\" data-height=\"30\" data-height-mobile=\"30\" data-height-tab=\"30\" data-height-tab-portrait=\"\" data-height-mobile-landscape=\"\" style=\"clear:both;display:block;\"><\/div>[\/vc_column][\/vc_row][vc_row bg_type=&#8221;bg_color&#8221; bg_color_value=&#8221;#f7f7f7&#8243; css=&#8221;.vc_custom_1572747847655{padding-top: 20px !important;padding-bottom: 20px !important;}&#8221;][vc_column][vc_column_text]<\/p>\n<p style=\"text-align: justify;\"><strong>Link para o original: <\/strong><a href=\"https:\/\/catalogofbias.org\/biases\/referral-filter-bias\/\">https:\/\/catalogofbias.org\/biases\/referral-filter-bias\/<\/a><\/p>\n<p style=\"text-align: justify;\"><strong>\u00a0<\/strong><\/p>\n<p style=\"text-align: justify;\"><strong>Deve ser citado como: <\/strong>Catalogue Of Bias Collaboration. Bankhead C, Nunan D, Aronson JK. Referral filter bias. In: Catalogue Of Biases 2019.\u00a0 <a href=\"https:\/\/catalogofbias.org\/?post_type=biases&amp;p=9748&amp;preview=true\">https:\/\/catalogofbias.org\/biases\/referral-filter-bias\/<\/a> \u200e<\/p>\n<p style=\"text-align: justify;\"><strong>Fonte:<\/strong><\/p>\n<p style=\"text-align: justify;\">Sackett DL. <a href=\"http:\/\/www.jameslindlibrary.org\/sackett-dl-1979\/\">Bias in analytic research<\/a>. J Chron Dis 1979; 32: 51-63<\/p>\n<p>[\/vc_column_text][\/vc_column][\/vc_row]<\/p>\n<\/div>","protected":false},"excerpt":{"rendered":"<p>[vc_row bg_type=&#8221;bg_color&#8221; css=&#8221;.vc_custom_1572747881603{padding-top: 10px !important;padding-bottom: 10px !important;}&#8221; bg_color_value=&#8221;#f7f7f7&#8243;][vc_column width=&#8221;1\/3&#8243;][vc_column_text]Nome original do vi\u00e9s: Referral filter bias[\/vc_column_text][\/vc_column][vc_column width=&#8221;1\/3&#8243;][vc_column_text]Tradutor: Carolina Oliveira Cruz Latorraca Primeiro revisor: Rafael Leite Pacheco Segundo revisor: Enderson Miranda Terceiro revisor: Rachel Riera[\/vc_column_text][\/vc_column][\/vc_row][vc_row][vc_column][vc_separator][\/vc_column][\/vc_row][vc_row][vc_column][vc_column_text] Introdu\u00e7\u00e3o O vi\u00e9s de local de encaminhamento foi listado por David Sackett em 1979 e indica que os participantes de um estudo&hellip;<\/p>\n","protected":false},"author":1,"featured_media":0,"parent":0,"menu_order":0,"comment_status":"closed","ping_status":"closed","template":"","meta":{"footnotes":""},"class_list":["post-1986","page","type-page","status-publish","hentry","description-off"],"_links":{"self":[{"href":"https:\/\/oxfordbrazilebm.com\/index.php\/wp-json\/wp\/v2\/pages\/1986","targetHints":{"allow":["GET"]}}],"collection":[{"href":"https:\/\/oxfordbrazilebm.com\/index.php\/wp-json\/wp\/v2\/pages"}],"about":[{"href":"https:\/\/oxfordbrazilebm.com\/index.php\/wp-json\/wp\/v2\/types\/page"}],"author":[{"embeddable":true,"href":"https:\/\/oxfordbrazilebm.com\/index.php\/wp-json\/wp\/v2\/users\/1"}],"replies":[{"embeddable":true,"href":"https:\/\/oxfordbrazilebm.com\/index.php\/wp-json\/wp\/v2\/comments?post=1986"}],"version-history":[{"count":1,"href":"https:\/\/oxfordbrazilebm.com\/index.php\/wp-json\/wp\/v2\/pages\/1986\/revisions"}],"predecessor-version":[{"id":1989,"href":"https:\/\/oxfordbrazilebm.com\/index.php\/wp-json\/wp\/v2\/pages\/1986\/revisions\/1989"}],"wp:attachment":[{"href":"https:\/\/oxfordbrazilebm.com\/index.php\/wp-json\/wp\/v2\/media?parent=1986"}],"curies":[{"name":"wp","href":"https:\/\/api.w.org\/{rel}","templated":true}]}}