{"id":1975,"date":"2020-04-12T05:10:48","date_gmt":"2020-04-12T04:10:48","guid":{"rendered":"http:\/\/oxfordbrazilebm.com\/?page_id=1975"},"modified":"2020-04-12T05:10:48","modified_gmt":"2020-04-12T04:10:48","slug":"vies-de-memoria","status":"publish","type":"page","link":"https:\/\/oxfordbrazilebm.com\/index.php\/vies-de-memoria\/","title":{"rendered":"Vi\u00e9s de mem\u00f3ria"},"content":{"rendered":"<div class=\"wpb-content-wrapper\"><p>[vc_row bg_type=&#8221;bg_color&#8221; css=&#8221;.vc_custom_1572747881603{padding-top: 10px !important;padding-bottom: 10px !important;}&#8221; bg_color_value=&#8221;#f7f7f7&#8243;][vc_column width=&#8221;1\/3&#8243;][vc_column_text]<b>Nome original do vi\u00e9s: <\/b>Recall bias[\/vc_column_text][\/vc_column][vc_column width=&#8221;1\/3&#8243;][vc_column_text]<strong>Tradutor: <\/strong>Carolina Oliveira Cruz Latorraca<\/p>\n<p><strong>Primeiro revisor: <\/strong>Rafael Leite Pacheco<\/p>\n<p><strong>Segundo revisor: <\/strong>Lu\u00eds Eduardo Fontes<\/p>\n<p><strong>Terceiro revisor: <\/strong>Rachel Riera[\/vc_column_text][\/vc_column][\/vc_row][vc_row][vc_column]<div class=\"ult-spacer spacer-69d7ac564202a\" data-id=\"69d7ac564202a\" data-height=\"30\" data-height-mobile=\"30\" data-height-tab=\"30\" data-height-tab-portrait=\"\" data-height-mobile-landscape=\"\" style=\"clear:both;display:block;\"><\/div>[vc_separator]<div class=\"ult-spacer spacer-69d7ac564205b\" data-id=\"69d7ac564205b\" data-height=\"30\" data-height-mobile=\"30\" data-height-tab=\"30\" data-height-tab-portrait=\"\" data-height-mobile-landscape=\"\" style=\"clear:both;display:block;\"><\/div>[\/vc_column][\/vc_row][vc_row][vc_column][vc_column_text]<\/p>\n<p style=\"text-align: justify;\"><strong>Introdu\u00e7\u00e3o<\/strong><\/p>\n<p style=\"text-align: justify;\">O vi\u00e9s de mem\u00f3ria \u00e9 um erro sistem\u00e1tico que ocorre quando os participantes n\u00e3o se lembram de eventos ou experi\u00eancias pr\u00e9vias de forma acurada ou omitem detalhes. A acur\u00e1cia e a quantidade de mem\u00f3ria podem ser influenciadas por eventos e experi\u00eancias subsequentes. O vi\u00e9s de mem\u00f3ria \u00e9 um problema em estudos que utilizam dados auto-relatados, como estudos de caso-controle e em coortes hist\u00f3ricos.<\/p>\n<p style=\"text-align: justify;\">Em estudos de caso-controle, os pesquisadores devem tomar cuidado para fazer as perguntas da mesma forma a todos os participantes para n\u00e3o influenciar suas respostas. O vi\u00e9s de mem\u00f3ria pode afetar mais o estudo quando os participantes apresentam dificuldades de lembrar coisas em geral, e quando o intervalo de tempo entre a pergunta e o evento \u00e9 maior.<\/p>\n<p style=\"text-align: justify;\">Outros problemas que influenciam a mem\u00f3ria incluem idade, n\u00edvel educacional, situa\u00e7\u00e3o socioecon\u00f4mica e a dimens\u00e3o da doen\u00e7a na vida do paciente. Al\u00e9m disso, h\u00e1bitos pouco aceitos socialmente, como fumar ou manter uma alimenta\u00e7\u00e3o pouco saud\u00e1vel, tendem a ser menos relatados, e, assim, sujeitos ao vi\u00e9s de mem\u00f3ria. Cren\u00e7as preexistentes tamb\u00e9m podem impactar as lembran\u00e7as de eventos pr\u00e9vios.<\/p>\n<p style=\"text-align: justify;\"><strong>Exemplos<\/strong><\/p>\n<p style=\"text-align: justify;\">Os pais de crian\u00e7as diagnosticadas com c\u00e2ncer provavelmente lembram mais das infec\u00e7\u00f5es que os filhos tiveram desde pequenos do que os pais de crian\u00e7as sem c\u00e2ncer. Isso pode levar \u00e0 observa\u00e7\u00e3o de uma associa\u00e7\u00e3o completa ou parcial equivocada entre as infec\u00e7\u00f5es vividas na inf\u00e2ncia e o desenvolvimento de c\u00e2ncer. O vi\u00e9s de mem\u00f3ria pode ser particularmente problem\u00e1tico quando o evento de interesse aconteceu h\u00e1 muito tempo.<\/p>\n<p style=\"text-align: justify;\">Esse vi\u00e9s pode fazer com que as associa\u00e7\u00f5es observadas pare\u00e7am maiores ou menores. Por exemplo, quando os indiv\u00edduos se lembram menos sobre a quantidade que consumiram de alimentos n\u00e3o-saud\u00e1veis do que o que realmente foi consumido, as associa\u00e7\u00f5es observadas ir\u00e3o subestimar o risco para os desfechos estudados. Quando as pessoas lembram que consumiram mais frutas e verduras do que o que foi realmente consumido (um h\u00e1bito socialmente desejado), uma associa\u00e7\u00e3o de prote\u00e7\u00e3o pode sugerir mostrando que comer mais verduras e legumes reduz o risco de desenvolver doen\u00e7as.<\/p>\n<p style=\"text-align: justify;\">No come\u00e7o dos anos 2000, muita publicidade foi dada \u00e0 suspeita de que a vacina tr\u00edplice viral (sarampo, caxumba e rub\u00e9ola) estava associada ou possivelmente era causa de autismo em crian\u00e7as (foi descoberto, posteriormente, que essa associa\u00e7\u00e3o surgiu de dados fraudulentos e a publica\u00e7\u00e3o onde isso foi afirmado foi retirada) (Andrews 2002).<\/p>\n<p style=\"text-align: justify;\">Os pesquisadores descobriram que pais de crian\u00e7as com autismo diagnosticadas depois disso tendiam a se lembrar mais que os primeiros sinais do transtorno surgiam logo ap\u00f3s a aplica\u00e7\u00e3o da vacina, do que os pais de crian\u00e7as com autismo diagnosticadas antes do per\u00edodo em que essa associa\u00e7\u00e3o equivocada foi amplamente difundida.<\/p>\n<p style=\"text-align: justify;\"><strong>Impacto<\/strong><\/p>\n<p style=\"text-align: justify;\">Uma revis\u00e3o de estudos sobre eventos emocionalmente perturbadores descobriu que v\u00edtimas de assaltos ou pessoas que vivenciaram situa\u00e7\u00f5es de guerra tendiam a potencializar suas lembran\u00e7as dos eventos vividos. Resultados de lembran\u00e7as v\u00edvidas e duradouras que foram incorporadas atrav\u00e9s de eventos chocantes ou surpreendentes (flashes de mem\u00f3ria) sugerem que as lembran\u00e7as de eventos emocionais de tal porte ou se estabilizam ou tem seu impacto diminu\u00eddo ao longo do tempo.<\/p>\n<p style=\"text-align: justify;\">Uma revis\u00e3o sistem\u00e1tica sobre vi\u00e9s em estudos de diagn\u00f3stico por imagem descobriu que os potenciais efeitos do vi\u00e9s de mem\u00f3ria s\u00e3o pouco estudados nesse tipo de pesquisa e podem causar vi\u00e9s na pesquisa em radiologia.<\/p>\n<p style=\"text-align: justify;\"><strong>Passos para preven\u00e7\u00e3o<\/strong><\/p>\n<p style=\"text-align: justify;\">Estudos de coorte prospectivo tem como objetivo evitar os problemas de lembran\u00e7as de dados perguntando as informa\u00e7\u00f5es no momento em que o participante entra no estudo. Por\u00e9m, muitos estudos ainda solicitam informa\u00e7\u00f5es do passado, o que aumenta o risco do vi\u00e9s de mem\u00f3ria e os pesquisadores devem ficar atentos a isso.<\/p>\n<p style=\"text-align: justify;\">Estrat\u00e9gias que podem reduzir o vi\u00e9s de mem\u00f3ria incluem: sele\u00e7\u00e3o cuidadosa das perguntas feitas aos participantes, escolha de m\u00e9todo apropriado de coleta de dados, escolha de pessoas com diagn\u00f3stico recente da doen\u00e7a, uso de desenho de estudo prospectivo, que \u00e9 o \u00fanico tipo de estudo que garante que o vi\u00e9s de mem\u00f3ria n\u00e3o esteja presente.<\/p>\n<p style=\"text-align: justify;\">Estudos de caso-controle s\u00e3o \u00fateis para efici\u00eancia e em situa\u00e7\u00f5es em que a doen\u00e7a de interesse \u00e9 rara, por\u00e9m eles apresentam alto risco de vi\u00e9s de mem\u00f3ria. Esses estudos devem ser planejados com cuidado para que a forma de coleta dos dados n\u00e3o influencie as respostas dos participantes.<\/p>\n<p>[\/vc_column_text][\/vc_column][\/vc_row][vc_row][vc_column]<div class=\"ult-spacer spacer-69d7ac564206d\" data-id=\"69d7ac564206d\" data-height=\"30\" data-height-mobile=\"30\" data-height-tab=\"30\" data-height-tab-portrait=\"\" data-height-mobile-landscape=\"\" style=\"clear:both;display:block;\"><\/div>[vc_separator]<div class=\"ult-spacer spacer-69d7ac5642084\" data-id=\"69d7ac5642084\" data-height=\"30\" data-height-mobile=\"30\" data-height-tab=\"30\" data-height-tab-portrait=\"\" data-height-mobile-landscape=\"\" style=\"clear:both;display:block;\"><\/div>[\/vc_column][\/vc_row][vc_row bg_type=&#8221;bg_color&#8221; bg_color_value=&#8221;#f7f7f7&#8243; css=&#8221;.vc_custom_1572747847655{padding-top: 20px !important;padding-bottom: 20px !important;}&#8221;][vc_column][vc_column_text]<\/p>\n<p style=\"text-align: justify;\"><strong>Link para o original:\u00a0 <\/strong><a href=\"https:\/\/catalogofbias.org\/biases\/recall-bias\/\">https:\/\/catalogofbias.org\/biases\/recall-bias\/<\/a><\/p>\n<p style=\"text-align: justify;\"><strong>\u00a0<\/strong><\/p>\n<p style=\"text-align: justify;\"><strong>Deve ser citado como: <\/strong>Catalogue of Bias Collaboration, Spencer EA, Brassey J, Mahtani K. Recall bias. In: Catalogue Of Bias 2017. <a href=\"https:\/\/www.catalogueofbiases.org\/biases\/recall-bias\">https:\/\/www.catalogueofbiases.org\/biases\/recall-bias<\/a>.<\/p>\n<p style=\"text-align: justify;\"><strong>Fontes<\/strong><\/p>\n<p style=\"text-align: justify;\">Andrews N et al. <a href=\"https:\/\/www.ncbi.nlm.nih.gov\/pmc\/articles\/PMC1755823\/pdf\/v087p00493.pdf\">Recall bias, MMR, and autism. <\/a>Arch Dis Child. 2002 Dec; 87(6): 493\u2013494. doi:\u00a0 10.1136\/adc.87.6.493<\/p>\n<p style=\"text-align: justify;\">Auvinen A et al.\u00a0 <a href=\"https:\/\/www.ncbi.nlm.nih.gov\/pubmed\/17106332\">Epidemiological risk assessment of mobile phones and cancer: where can we improve?<\/a> Eur J Cancer Prev. 2006 Dec;15(6):516-23.<\/p>\n<p style=\"text-align: justify;\">Barry D. <a href=\"https:\/\/www.ncbi.nlm.nih.gov\/pubmed\/8961466\">Differential recall bias and spurious associations in case\/control studies. <\/a>Stat Med. 1996 Dec 15;15(23):2603-16. PMID:8961466<\/p>\n<p style=\"text-align: justify;\">Boone D et al.\u00a0 <a href=\"https:\/\/www.ncbi.nlm.nih.gov\/pubmed\/21960159\">Systematic review: bias in imaging studies \u2013 the effect of manipulating clinical context, recall bias and reporting intensity.<\/a> Eur Radiol. 2012 Mar;22(3):495-505. doi: 10.1007\/s00330-011-2294-0. Epub 2011 Sep 30.<\/p>\n<p style=\"text-align: justify;\">Chouinard E et al.\u00a0 <a href=\"https:\/\/www.ncbi.nlm.nih.gov\/pubmed\/7869070\">Recall bias in case-control studies: an empirical analysis and theoretical framework.<\/a> J Clin Epidemiol. 1995 Feb;48(2):245-54.<\/p>\n<p style=\"text-align: justify;\">Coughlin SS. <a href=\"https:\/\/www.ncbi.nlm.nih.gov\/pubmed\/2319285\">Recall bias in epidemiologic studies.<\/a>.J Clin Epidemiol. 1990;43(1):87-91.<\/p>\n<p style=\"text-align: justify;\">Drews CD et al.\u00a0 <a href=\"https:\/\/www.ncbi.nlm.nih.gov\/pubmed\/2083997\">The impact of differential recall on the results of case-control studies.<\/a> Int J Epidemiol. 1990 Dec;19(4):1107-12.<\/p>\n<p style=\"text-align: justify;\">Hatziandreu EJ et al.\u00a0 <a href=\"https:\/\/www.ncbi.nlm.nih.gov\/pubmed\/2751017\">The reliability of self-reported cigarette consumption in the United States.<\/a> Am J Public Health. 1989 Aug;79(8):1020-3<\/p>\n<p style=\"text-align: justify;\">Porta M, et al. <a href=\"http:\/\/irea.ir\/files\/site1\/pages\/dictionary.pdf\">A dictionary of epidemiology. 6th edition.<\/a> New York: Oxford University Press: 2014<\/p>\n<p style=\"text-align: justify;\">Sackett DL. <a href=\"https:\/\/drive.google.com\/drive\/folders\/0B65aSNYe6xdjUWk3c25EejNtUlU\">Bias in analytic research.<\/a> J Chron Dis 1979; 32: 51-63.<\/p>\n<p style=\"text-align: justify;\">Vrijheid M, et al.\u00a0 <a href=\"https:\/\/www.ncbi.nlm.nih.gov\/pubmed\/18493271\">Recall bias in the assessment of exposure to mobile phones.<\/a> J Expo Sci Environ Epidemiol. 2009 May;19(4):369-81. doi: 10.1038\/jes.2008.27.<\/p>\n<h3 style=\"text-align: justify;\"><strong>PubMed feed<\/strong><\/h3>\n<p style=\"text-align: justify;\">Esta fonte pode ser recuperada dinamicamente a partir do PubMed:<\/p>\n<p style=\"text-align: justify;\">Pedrotti D, Cavalheiro CP, Casagrande L, de Ara\u00fajo FB, Pettorossi Imparato JC, de Oliveira Rocha R, Lenzi TL. <a href=\"https:\/\/www.ncbi.nlm.nih.gov\/pubmed\/31153548?dopt=Abstract\">Does selective carious tissue removal of soft dentin increase the restorative failure risk in primary teeth?: Systematic review and meta-analysis.<\/a><\/p>\n<p>[\/vc_column_text][\/vc_column][\/vc_row]<\/p>\n<\/div>","protected":false},"excerpt":{"rendered":"<p>[vc_row bg_type=&#8221;bg_color&#8221; css=&#8221;.vc_custom_1572747881603{padding-top: 10px !important;padding-bottom: 10px !important;}&#8221; bg_color_value=&#8221;#f7f7f7&#8243;][vc_column width=&#8221;1\/3&#8243;][vc_column_text]Nome original do vi\u00e9s: Recall bias[\/vc_column_text][\/vc_column][vc_column width=&#8221;1\/3&#8243;][vc_column_text]Tradutor: Carolina Oliveira Cruz Latorraca Primeiro revisor: Rafael Leite Pacheco Segundo revisor: Lu\u00eds Eduardo Fontes Terceiro revisor: Rachel Riera[\/vc_column_text][\/vc_column][\/vc_row][vc_row][vc_column][vc_separator][\/vc_column][\/vc_row][vc_row][vc_column][vc_column_text] Introdu\u00e7\u00e3o O vi\u00e9s de mem\u00f3ria \u00e9 um erro sistem\u00e1tico que ocorre quando os participantes n\u00e3o se lembram de eventos ou experi\u00eancias pr\u00e9vias&hellip;<\/p>\n","protected":false},"author":1,"featured_media":0,"parent":0,"menu_order":0,"comment_status":"closed","ping_status":"closed","template":"","meta":{"footnotes":""},"class_list":["post-1975","page","type-page","status-publish","hentry","description-off"],"_links":{"self":[{"href":"https:\/\/oxfordbrazilebm.com\/index.php\/wp-json\/wp\/v2\/pages\/1975","targetHints":{"allow":["GET"]}}],"collection":[{"href":"https:\/\/oxfordbrazilebm.com\/index.php\/wp-json\/wp\/v2\/pages"}],"about":[{"href":"https:\/\/oxfordbrazilebm.com\/index.php\/wp-json\/wp\/v2\/types\/page"}],"author":[{"embeddable":true,"href":"https:\/\/oxfordbrazilebm.com\/index.php\/wp-json\/wp\/v2\/users\/1"}],"replies":[{"embeddable":true,"href":"https:\/\/oxfordbrazilebm.com\/index.php\/wp-json\/wp\/v2\/comments?post=1975"}],"version-history":[{"count":1,"href":"https:\/\/oxfordbrazilebm.com\/index.php\/wp-json\/wp\/v2\/pages\/1975\/revisions"}],"predecessor-version":[{"id":1981,"href":"https:\/\/oxfordbrazilebm.com\/index.php\/wp-json\/wp\/v2\/pages\/1975\/revisions\/1981"}],"wp:attachment":[{"href":"https:\/\/oxfordbrazilebm.com\/index.php\/wp-json\/wp\/v2\/media?parent=1975"}],"curies":[{"name":"wp","href":"https:\/\/api.w.org\/{rel}","templated":true}]}}