{"id":1974,"date":"2020-04-12T04:59:22","date_gmt":"2020-04-12T03:59:22","guid":{"rendered":"http:\/\/oxfordbrazilebm.com\/?page_id=1974"},"modified":"2020-04-12T05:00:49","modified_gmt":"2020-04-12T04:00:49","slug":"vies-de-opiniao-previa","status":"publish","type":"page","link":"https:\/\/oxfordbrazilebm.com\/index.php\/vies-de-opiniao-previa\/","title":{"rendered":"Vi\u00e9s de opini\u00e3o pr\u00e9via"},"content":{"rendered":"<div class=\"wpb-content-wrapper\"><p>[vc_row bg_type=&#8221;bg_color&#8221; css=&#8221;.vc_custom_1572747881603{padding-top: 10px !important;padding-bottom: 10px !important;}&#8221; bg_color_value=&#8221;#f7f7f7&#8243;][vc_column width=&#8221;1\/3&#8243;][vc_column_text]<b>Nome original do vi\u00e9s: <\/b>Previous opinion bias[\/vc_column_text][\/vc_column][vc_column width=&#8221;1\/3&#8243;][vc_column_text]<strong>Tradutor: <\/strong>Carolina Oliveira Cruz Latorraca<\/p>\n<p><strong>Primeiro revisor: <\/strong>Rafael Leite Pacheco<\/p>\n<p><strong>Segundo revisor: <\/strong>Lu\u00eds Eduardo Fontes<\/p>\n<p><strong>Terceiro revisor: <\/strong>Rachel Riera[\/vc_column_text][\/vc_column][\/vc_row][vc_row][vc_column]<div class=\"ult-spacer spacer-69f0c0c5299cc\" data-id=\"69f0c0c5299cc\" data-height=\"30\" data-height-mobile=\"30\" data-height-tab=\"30\" data-height-tab-portrait=\"\" data-height-mobile-landscape=\"\" style=\"clear:both;display:block;\"><\/div>[vc_separator]<div class=\"ult-spacer spacer-69f0c0c5299f8\" data-id=\"69f0c0c5299f8\" data-height=\"30\" data-height-mobile=\"30\" data-height-tab=\"30\" data-height-tab-portrait=\"\" data-height-mobile-landscape=\"\" style=\"clear:both;display:block;\"><\/div>[\/vc_column][\/vc_row][vc_row][vc_column][vc_column_text]<\/p>\n<p style=\"text-align: justify;\"><strong>Introdu\u00e7\u00e3o<\/strong><\/p>\n<p style=\"text-align: justify;\">O vi\u00e9s de opini\u00e3o pr\u00e9via descreve como o processo diagn\u00f3stico pode ser influenciado por um investigador que tem conhecimento de um teste pr\u00e9vio, resultados ou diagn\u00f3sticos em um paciente. Ter uma opini\u00e3o pr\u00e9via pode ter o efeito de influenciar a probabilidade de um sintoma ou sinal ser registrado como presente ou de um diagn\u00f3stico ser inclu\u00eddo ou exclu\u00eddo.<\/p>\n<p style=\"text-align: justify;\"><strong>Exemplos<\/strong><\/p>\n<p style=\"text-align: justify;\">Um m\u00e9dico solicita a seu colega que examine um paciente que est\u00e1 doente. A forma na qual o primeiro m\u00e9dico pede que o segundo fa\u00e7a o atendimento \u00e9 vital para n\u00e3o introduzir vieses. Se o m\u00e9dico perguntar: <em>&#8216;Voc\u00ea pode examinar o cora\u00e7\u00e3o deste paciente, eu acho que ele tem um murm\u00fario&#8217;<\/em>, isso introduz o vi\u00e9s de opini\u00e3o pr\u00e9via, j\u00e1 que ser\u00e1 dif\u00edcil considerar que o paciente tenha outra coisa que n\u00e3o seja um murm\u00fario no cora\u00e7\u00e3o. O vi\u00e9s de opini\u00e3o pr\u00e9via ocorre se um colega passa adiante um diagn\u00f3stico: <em>&#8216;Voc\u00ea pode examinar este paciente, eu acho que ele tem trombose venosa profunda&#8217;<\/em>; ou se uma opini\u00e3o sobre tratamento \u00e9 feita: <em>&#8216;Eu n\u00e3o acho que esse paciente se beneficiar\u00e1 com esse tratamento, voc\u00ea acha tamb\u00e9m<\/em>?&#8217;.<\/p>\n<p style=\"text-align: justify;\"><strong>Impacto<\/strong><\/p>\n<p style=\"text-align: justify;\">\u00c9 dif\u00edcil de determinar o impacto do vi\u00e9s de opini\u00e3o pr\u00e9via. Ele impactar\u00e1 na decis\u00e3o de realizar testes subsequentes, na acur\u00e1cia do diagn\u00f3stico, ou no desfecho ou decis\u00e3o de tratamento. Em \u00e1reas como departamentos de emerg\u00eancia, onde existe a necessidade de trabalhar com rapidez e com in\u00fameros colegas, o vi\u00e9s de opini\u00e3o pr\u00e9via pode levar a erros. O vi\u00e9s de opini\u00e3o pr\u00e9via \u00e9 muito similar ao vi\u00e9s de confirma\u00e7\u00e3o, em que ideias iniciais ou preconcebidas sobre algo levam \u00e0 coleta de informa\u00e7\u00f5es que confirmem tal opini\u00e3o.<\/p>\n<p style=\"text-align: justify;\"><strong>Passos para preven\u00e7\u00e3o<\/strong><\/p>\n<p style=\"text-align: justify;\">Para reduzir a incerteza, os profissionais da sa\u00fade normalmente consultam colegas para uma segunda opini\u00e3o. Uma forma de minimizar o vi\u00e9s de opini\u00e3o pr\u00e9via \u00e9 fazer perguntas abertas: <em>&#8216;voc\u00ea pode examinar esse paciente, eu preciso de uma segunda opini\u00e3o&#8217;<\/em>, e n\u00e3o fazer perguntas que direcionam a uma resposta: <em>&#8216;voc\u00ea poderia confirmar se&#8230;<\/em>&#8216;.<\/p>\n<p style=\"text-align: justify;\">Para reduzir vieses como o vi\u00e9s de opini\u00e3o pr\u00e9via, todo pesquisador e profissional da sa\u00fade deve se esfor\u00e7ar em observar e usar a melhor informa\u00e7\u00e3o dispon\u00edvel, do melhor jeito, tendo no\u00e7\u00e3o que a percep\u00e7\u00e3o de algu\u00e9m pode ser enganosa.<\/p>\n<p>[\/vc_column_text][\/vc_column][\/vc_row][vc_row][vc_column]<div class=\"ult-spacer spacer-69f0c0c529a12\" data-id=\"69f0c0c529a12\" data-height=\"30\" data-height-mobile=\"30\" data-height-tab=\"30\" data-height-tab-portrait=\"\" data-height-mobile-landscape=\"\" style=\"clear:both;display:block;\"><\/div>[vc_separator]<div class=\"ult-spacer spacer-69f0c0c529a27\" data-id=\"69f0c0c529a27\" data-height=\"30\" data-height-mobile=\"30\" data-height-tab=\"30\" data-height-tab-portrait=\"\" data-height-mobile-landscape=\"\" style=\"clear:both;display:block;\"><\/div>[\/vc_column][\/vc_row][vc_row bg_type=&#8221;bg_color&#8221; bg_color_value=&#8221;#f7f7f7&#8243; css=&#8221;.vc_custom_1572747847655{padding-top: 20px !important;padding-bottom: 20px !important;}&#8221;][vc_column][vc_column_text]<\/p>\n<p style=\"text-align: justify;\"><strong>Link para o original:\u00a0 <\/strong><a href=\"https:\/\/catalogofbias.org\/biases\/previous-opinion-bias\/\">https:\/\/catalogofbias.org\/biases\/previous-opinion-bias\/<\/a><\/p>\n<p style=\"text-align: justify;\"><strong>\u00a0<\/strong><\/p>\n<p style=\"text-align: justify;\"><strong>Deve ser citado como: <\/strong>Catalogue of Bias Collaboration, Heneghan C, Spencer EA. In: Catalogue of\u00a0 Bias 2017. Previous opinion bias. <a href=\"https:\/\/catalogofbias.org\/biases\/previous-opinion-bias\/\">https:\/\/catalogofbias.org\/biases\/previous-opinion-bias\/<\/a><\/p>\n<p style=\"text-align: justify;\"><strong>Fonte:<\/strong><\/p>\n<p style=\"text-align: justify;\">Sackett DL. Bias in analytic research. J Chron Dis 1979; 32: 51-63.<\/p>\n<p>[\/vc_column_text][\/vc_column][\/vc_row]<\/p>\n<\/div>","protected":false},"excerpt":{"rendered":"<p>[vc_row bg_type=&#8221;bg_color&#8221; css=&#8221;.vc_custom_1572747881603{padding-top: 10px !important;padding-bottom: 10px !important;}&#8221; bg_color_value=&#8221;#f7f7f7&#8243;][vc_column width=&#8221;1\/3&#8243;][vc_column_text]Nome original do vi\u00e9s: Previous opinion bias[\/vc_column_text][\/vc_column][vc_column width=&#8221;1\/3&#8243;][vc_column_text]Tradutor: Carolina Oliveira Cruz Latorraca Primeiro revisor: Rafael Leite Pacheco Segundo revisor: Lu\u00eds Eduardo Fontes Terceiro revisor: Rachel Riera[\/vc_column_text][\/vc_column][\/vc_row][vc_row][vc_column][vc_separator][\/vc_column][\/vc_row][vc_row][vc_column][vc_column_text] Introdu\u00e7\u00e3o O vi\u00e9s de opini\u00e3o pr\u00e9via descreve como o processo diagn\u00f3stico pode ser influenciado por um investigador que tem conhecimento de&hellip;<\/p>\n","protected":false},"author":1,"featured_media":0,"parent":0,"menu_order":0,"comment_status":"closed","ping_status":"closed","template":"","meta":{"footnotes":""},"class_list":["post-1974","page","type-page","status-publish","hentry","description-off"],"_links":{"self":[{"href":"https:\/\/oxfordbrazilebm.com\/index.php\/wp-json\/wp\/v2\/pages\/1974","targetHints":{"allow":["GET"]}}],"collection":[{"href":"https:\/\/oxfordbrazilebm.com\/index.php\/wp-json\/wp\/v2\/pages"}],"about":[{"href":"https:\/\/oxfordbrazilebm.com\/index.php\/wp-json\/wp\/v2\/types\/page"}],"author":[{"embeddable":true,"href":"https:\/\/oxfordbrazilebm.com\/index.php\/wp-json\/wp\/v2\/users\/1"}],"replies":[{"embeddable":true,"href":"https:\/\/oxfordbrazilebm.com\/index.php\/wp-json\/wp\/v2\/comments?post=1974"}],"version-history":[{"count":1,"href":"https:\/\/oxfordbrazilebm.com\/index.php\/wp-json\/wp\/v2\/pages\/1974\/revisions"}],"predecessor-version":[{"id":1977,"href":"https:\/\/oxfordbrazilebm.com\/index.php\/wp-json\/wp\/v2\/pages\/1974\/revisions\/1977"}],"wp:attachment":[{"href":"https:\/\/oxfordbrazilebm.com\/index.php\/wp-json\/wp\/v2\/media?parent=1974"}],"curies":[{"name":"wp","href":"https:\/\/api.w.org\/{rel}","templated":true}]}}