{"id":1903,"date":"2020-04-08T02:31:57","date_gmt":"2020-04-08T01:31:57","guid":{"rendered":"http:\/\/oxfordbrazilebm.com\/?page_id=1903"},"modified":"2020-04-08T02:31:57","modified_gmt":"2020-04-08T01:31:57","slug":"vies-de-popularidade","status":"publish","type":"page","link":"https:\/\/oxfordbrazilebm.com\/index.php\/vies-de-popularidade\/","title":{"rendered":"Vi\u00e9s de popularidade"},"content":{"rendered":"<div class=\"wpb-content-wrapper\"><p>[vc_row bg_type=&#8221;bg_color&#8221; css=&#8221;.vc_custom_1572747881603{padding-top: 10px !important;padding-bottom: 10px !important;}&#8221; bg_color_value=&#8221;#f7f7f7&#8243;][vc_column width=&#8221;1\/3&#8243;][vc_column_text]<b>Nome original do vi\u00e9s: <\/b>Popularity bias[\/vc_column_text][\/vc_column][vc_column width=&#8221;1\/3&#8243;][vc_column_text]<strong>Tradutor: <\/strong>Carolina Oliveira Cruz Latorraca<\/p>\n<p><strong>Primeiro revisor: <\/strong>Rafael Leite Pacheco<\/p>\n<p><strong>Segundo revisor: <\/strong>Enderson Miranda<\/p>\n<p><strong>Terceiro revisor: <\/strong>Rachel Riera[\/vc_column_text][\/vc_column][\/vc_row][vc_row][vc_column]<div class=\"ult-spacer spacer-69ea968b97678\" data-id=\"69ea968b97678\" data-height=\"30\" data-height-mobile=\"30\" data-height-tab=\"30\" data-height-tab-portrait=\"\" data-height-mobile-landscape=\"\" style=\"clear:both;display:block;\"><\/div>[vc_separator]<div class=\"ult-spacer spacer-69ea968b97699\" data-id=\"69ea968b97699\" data-height=\"30\" data-height-mobile=\"30\" data-height-tab=\"30\" data-height-tab-portrait=\"\" data-height-mobile-landscape=\"\" style=\"clear:both;display:block;\"><\/div>[\/vc_column][\/vc_row][vc_row][vc_column][vc_column_text]<\/p>\n<p style=\"text-align: justify;\"><strong>Introdu\u00e7\u00e3o<\/strong><\/p>\n<p style=\"text-align: justify;\">Segundo David Sackett, o vi\u00e9s de popularidade ocorre quando &#8220;<em>a admiss\u00e3o de pacientes em algumas pr\u00e1ticas, institui\u00e7\u00f5es ou procedimentos (cirurgia, aut\u00f3psia) \u00e9 influenciada pelo interesse promovido pela condi\u00e7\u00e3o apresentada e suas poss\u00edveis causas&#8230;&#8221;<\/em> (Sackett 1979)<\/p>\n<p style=\"text-align: justify;\">A defini\u00e7\u00e3o original de David Sackett permite alguma ambiguidade. O vi\u00e9s de popularidade pode resultar de um maior conhecimento\/interesse da popula\u00e7\u00e3o geral\u00a0 sobre uma condi\u00e7\u00e3o, fazendo com que a condi\u00e7\u00e3o se torne &#8220;moda&#8221; e mais provavelmente citada como causa de algum sintoma relativamente inespec\u00edfico.<\/p>\n<p style=\"text-align: justify;\">Por exemplo, na \u00faltima d\u00e9cada, o conhecimento da popula\u00e7\u00e3o sobre a doen\u00e7a cel\u00edaca (condi\u00e7\u00e3o autoimune devido \u00e0 intoler\u00e2ncia ao gl\u00faten) tem levado ao aumento do n\u00famero de reportagens na m\u00eddia sobre essa doen\u00e7a e a uma suposta rela\u00e7\u00e3o com s\u00edndromes de intoler\u00e2ncia ao gl\u00faten. Pessoas com quadro de desconforto abdominal podem, assim, suspeitar que tenham doen\u00e7a cel\u00edaca e, portanto, procurar os servi\u00e7os de sa\u00fade.<\/p>\n<p style=\"text-align: justify;\">Al\u00e9m disso, um provedor de servi\u00e7o de sa\u00fade pode ser o instigador do aumento de interesse\/ popularidade de uma certa doen\u00e7a ou condi\u00e7\u00e3o. Propagandas feitas pelo provedor para testar uma condi\u00e7\u00e3o que poderia ter passado despercebida, ou que poderia n\u00e3o causar claros problemas de sa\u00fade, podem levar a um aumento na &#8220;popularidade&#8221; da apresenta\u00e7\u00e3o de certos sintomas ou preocupa\u00e7\u00f5es sobre uma condi\u00e7\u00e3o.<\/p>\n<p style=\"text-align: justify;\">As duas situa\u00e7\u00f5es levam ao vi\u00e9s de sele\u00e7\u00e3o. Um estudo pode ser influenciado pelo vi\u00e9s de popularidade se grupos de pessoas passaram por certas interven\u00e7\u00f5es ou observa\u00e7\u00f5es enquanto outros grupos n\u00e3o, j\u00e1 que com o passar do tempo a situa\u00e7\u00e3o investigada pode n\u00e3o est\u00e1 mais &#8220;na moda&#8221;. Essas diferen\u00e7as entre os grupos podem afetar os desfechos do estudo.<\/p>\n<p style=\"text-align: justify;\">Existe tamb\u00e9m a tend\u00eancia de itens mais populares serem recomendados mais frequentemente e itens menos populares serem raramente recomendados.<\/p>\n<p style=\"text-align: justify;\"><strong>Exemplos<\/strong><\/p>\n<p style=\"text-align: justify;\">A decis\u00e3o de Jade Goody em assumir publicamente o seu diagn\u00f3stico de c\u00e2ncer em 2009 levou a um aumento massivo no n\u00famero de mulheres jovens buscando por exames de rastreamento de c\u00e2ncer. Cerca de 500.000 mulheres a mais apareceram para realizar o exame do colo do \u00fatero (papanicolau). Por\u00e9m, em 2017, quando as mensagens p\u00fablicas diminu\u00edram, o n\u00famero de exames foi o menor em 20 anos. (Guardian 2018)<\/p>\n<p style=\"text-align: justify;\"><strong>Impacto<\/strong><\/p>\n<p style=\"text-align: justify;\">At\u00e9 onde sabemos, n\u00e3o h\u00e1 nenhum estudo formal para avaliar o impacto do vi\u00e9s de popularidade. O impacto do vi\u00e9s de sele\u00e7\u00e3o foi discutido no registro &#8220;vi\u00e9s de sele\u00e7\u00e3o&#8221; deste cat\u00e1logo.<\/p>\n<p style=\"text-align: justify;\"><strong>Passos para preven\u00e7\u00e3o<\/strong><\/p>\n<p style=\"text-align: justify;\">A randomiza\u00e7\u00e3o com sigilo de aloca\u00e7\u00e3o adequada tem como objetivo reduzir o vi\u00e9s de sele\u00e7\u00e3o e pode ajudar a prevenir o vi\u00e9s de popularidade. Al\u00e9m disso, estudos com controles hist\u00f3ricos devem ser transparentes sobre seu potencial para o vi\u00e9s de sele\u00e7\u00e3o e relatar como este vi\u00e9s foi controlado. Qualquer an\u00e1lise sobre incid\u00eancia ou utiliza\u00e7\u00e3o de um servi\u00e7o deve levar em conta as mensagens p\u00fablicas que podem influenciar sua popularidade, e, portanto, analisar os em um longo prazo para diminuir varia\u00e7\u00f5es em seu uso.<\/p>\n<p>[\/vc_column_text][\/vc_column][\/vc_row][vc_row][vc_column]<div class=\"ult-spacer spacer-69ea968b976a9\" data-id=\"69ea968b976a9\" data-height=\"30\" data-height-mobile=\"30\" data-height-tab=\"30\" data-height-tab-portrait=\"\" data-height-mobile-landscape=\"\" style=\"clear:both;display:block;\"><\/div>[vc_separator]<div class=\"ult-spacer spacer-69ea968b976b7\" data-id=\"69ea968b976b7\" data-height=\"30\" data-height-mobile=\"30\" data-height-tab=\"30\" data-height-tab-portrait=\"\" data-height-mobile-landscape=\"\" style=\"clear:both;display:block;\"><\/div>[\/vc_column][\/vc_row][vc_row bg_type=&#8221;bg_color&#8221; bg_color_value=&#8221;#f7f7f7&#8243; css=&#8221;.vc_custom_1572747847655{padding-top: 20px !important;padding-bottom: 20px !important;}&#8221;][vc_column][vc_column_text]<strong>Link para o original: <\/strong><a href=\"https:\/\/catalogofbias.org\/biases\/popularity-bias\/\">https:\/\/catalogofbias.org\/biases\/popularity-bias\/<\/a><\/p>\n<p><strong>\u00a0<\/strong><\/p>\n<p><strong>Deve ser citado como: <\/strong>Catalogue of Bias Collaboration, Spencer EA, Brassey J, Heneghan C. Popularity bias. In: Catalogue Of Bias 2017: <a href=\"http:\/\/www.catalogueofbiases.org\/biases\/popularitybias\">www.catalogueofbiases.org\/biases\/popularitybias<\/a><\/p>\n<p>&nbsp;<\/p>\n<p><strong>Fontes<\/strong><\/p>\n<p>Sackett DL. <a href=\"http:\/\/www.jameslindlibrary.org\/sackett-dl-1979\/\">Bias in analytic research<\/a>. J Chron Dis 1979; 32: 51-63<\/p>\n<p><a href=\"https:\/\/www.theguardian.com\/society\/shortcuts\/2018\/jan\/21\/whatever-happened-to-the-jade-goody-effect\">Whatever happened to the Jade Goody effect?<\/a> <a href=\"https:\/\/www.theguardian.com\/society\/shortcuts\/2018\/jan\/21\/whatever-happened-to-the-jade-goody-effect\">https:\/\/www.theguardian.com\/society\/shortcuts\/2018\/jan\/21\/whatever-happened-to-the-jade-goody-effect<\/a>[\/vc_column_text][\/vc_column][\/vc_row]<\/p>\n<\/div>","protected":false},"excerpt":{"rendered":"<p>[vc_row bg_type=&#8221;bg_color&#8221; css=&#8221;.vc_custom_1572747881603{padding-top: 10px !important;padding-bottom: 10px !important;}&#8221; bg_color_value=&#8221;#f7f7f7&#8243;][vc_column width=&#8221;1\/3&#8243;][vc_column_text]Nome original do vi\u00e9s: Popularity bias[\/vc_column_text][\/vc_column][vc_column width=&#8221;1\/3&#8243;][vc_column_text]Tradutor: Carolina Oliveira Cruz Latorraca Primeiro revisor: Rafael Leite Pacheco Segundo revisor: Enderson Miranda Terceiro revisor: Rachel Riera[\/vc_column_text][\/vc_column][\/vc_row][vc_row][vc_column][vc_separator][\/vc_column][\/vc_row][vc_row][vc_column][vc_column_text] Introdu\u00e7\u00e3o Segundo David Sackett, o vi\u00e9s de popularidade ocorre quando &#8220;a admiss\u00e3o de pacientes em algumas pr\u00e1ticas, institui\u00e7\u00f5es ou procedimentos (cirurgia, aut\u00f3psia) \u00e9&hellip;<\/p>\n","protected":false},"author":1,"featured_media":0,"parent":0,"menu_order":0,"comment_status":"closed","ping_status":"closed","template":"","meta":{"footnotes":""},"class_list":["post-1903","page","type-page","status-publish","hentry","description-off"],"_links":{"self":[{"href":"https:\/\/oxfordbrazilebm.com\/index.php\/wp-json\/wp\/v2\/pages\/1903","targetHints":{"allow":["GET"]}}],"collection":[{"href":"https:\/\/oxfordbrazilebm.com\/index.php\/wp-json\/wp\/v2\/pages"}],"about":[{"href":"https:\/\/oxfordbrazilebm.com\/index.php\/wp-json\/wp\/v2\/types\/page"}],"author":[{"embeddable":true,"href":"https:\/\/oxfordbrazilebm.com\/index.php\/wp-json\/wp\/v2\/users\/1"}],"replies":[{"embeddable":true,"href":"https:\/\/oxfordbrazilebm.com\/index.php\/wp-json\/wp\/v2\/comments?post=1903"}],"version-history":[{"count":1,"href":"https:\/\/oxfordbrazilebm.com\/index.php\/wp-json\/wp\/v2\/pages\/1903\/revisions"}],"predecessor-version":[{"id":1907,"href":"https:\/\/oxfordbrazilebm.com\/index.php\/wp-json\/wp\/v2\/pages\/1903\/revisions\/1907"}],"wp:attachment":[{"href":"https:\/\/oxfordbrazilebm.com\/index.php\/wp-json\/wp\/v2\/media?parent=1903"}],"curies":[{"name":"wp","href":"https:\/\/api.w.org\/{rel}","templated":true}]}}