{"id":1867,"date":"2020-04-04T03:48:32","date_gmt":"2020-04-04T02:48:32","guid":{"rendered":"http:\/\/oxfordbrazilebm.com\/?page_id=1867"},"modified":"2020-04-04T03:48:32","modified_gmt":"2020-04-04T02:48:32","slug":"vies-de-referencia-unilateral","status":"publish","type":"page","link":"https:\/\/oxfordbrazilebm.com\/index.php\/vies-de-referencia-unilateral\/","title":{"rendered":"Vi\u00e9s de refer\u00eancia unilateral"},"content":{"rendered":"<div class=\"wpb-content-wrapper\"><p>[vc_row bg_type=&#8221;bg_color&#8221; css=&#8221;.vc_custom_1572747881603{padding-top: 10px !important;padding-bottom: 10px !important;}&#8221; bg_color_value=&#8221;#f7f7f7&#8243;][vc_column width=&#8221;1\/3&#8243;][vc_column_text]<b>Nome original do vi\u00e9s: <\/b>One-sided reference bias[\/vc_column_text][\/vc_column][vc_column width=&#8221;1\/3&#8243;][vc_column_text]<strong>Tradutor: <\/strong>Ana Luiza Cabrera Martimbianco<\/p>\n<p><strong>Primeiro revisor:\u00a0 <\/strong>Rafael Leite Pacheco<\/p>\n<p><strong>Segundo revisor: <\/strong>Rachel Riera[\/vc_column_text][\/vc_column][\/vc_row][vc_row][vc_column]<div class=\"ult-spacer spacer-69e14ae4250c7\" data-id=\"69e14ae4250c7\" data-height=\"30\" data-height-mobile=\"30\" data-height-tab=\"30\" data-height-tab-portrait=\"\" data-height-mobile-landscape=\"\" style=\"clear:both;display:block;\"><\/div>[vc_separator]<div class=\"ult-spacer spacer-69e14ae4250eb\" data-id=\"69e14ae4250eb\" data-height=\"30\" data-height-mobile=\"30\" data-height-tab=\"30\" data-height-tab-portrait=\"\" data-height-mobile-landscape=\"\" style=\"clear:both;display:block;\"><\/div>[\/vc_column][\/vc_row][vc_row][vc_column][vc_column_text]<\/p>\n<p style=\"text-align: justify;\"><strong>Introdu\u00e7\u00e3o<\/strong><\/p>\n<p style=\"text-align: justify;\">O vi\u00e9s de refer\u00eancia unilateral ocorre quando o autor de um estudo cita apenas publica\u00e7\u00f5es que demonstram apenas um lado da evid\u00eancia dispon\u00edvel. Esse vi\u00e9s pode surgir quando os pesquisadores citam publica\u00e7\u00f5es que apoiam seus conceitos pr\u00e9vios ou hip\u00f3teses, ignorando evid\u00eancias que n\u00e3o est\u00e3o de acordo com seu ponto de vista. Isso pode acontecer em qualquer estudo, mas um problema espec\u00edfico pode surgir quando ele ocorre em revis\u00f5es de literatura, que devem supostamente representar uma cole\u00e7\u00e3o abrangente de todas as informa\u00e7\u00f5es relevantes, juntamente com a descri\u00e7\u00e3o e a avalia\u00e7\u00e3o da qualidade e do conte\u00fado. O resultado pode representar de modo equivocado o total de evid\u00eancias dispon\u00edveis e pode levar a alega\u00e7\u00f5es falsas ou pesquisas adicionais desnecess\u00e1rias.<\/p>\n<p>&nbsp;<\/p>\n<p>&nbsp;<\/p>\n<p style=\"text-align: justify;\"><strong>Exemplo<\/strong><\/p>\n<p>&nbsp;<\/p>\n<p style=\"text-align: justify;\"><strong>Tabela 1. <\/strong>N\u00famero de artigos com sele\u00e7\u00e3o positiva, neutra ou negativa das refer\u00eancias sobre o medicamento de interesse. Um artigo n\u00e3o apresentou refer\u00eancias em Ingl\u00eas.<\/p>\n<table>\n<tbody>\n<tr>\n<td width=\"101\"><\/td>\n<td width=\"84\"><strong>Sele\u00e7\u00e3o positiva<\/strong><\/td>\n<td width=\"84\"><strong>Sele\u00e7\u00e3o neutra<\/strong><\/td>\n<td width=\"84\"><strong>Sele\u00e7\u00e3o negativa<\/strong><\/td>\n<td width=\"84\"><strong>Vi\u00e9s n\u00e3o poss\u00edvel<\/strong><\/td>\n<td width=\"82\"><strong>Total <\/strong><\/td>\n<td width=\"82\"><strong>Valor de p<\/strong><\/td>\n<\/tr>\n<tr>\n<td colspan=\"7\" width=\"601\">Todos os medicamentos controlados<\/td>\n<\/tr>\n<tr>\n<td width=\"101\">Qualquer idioma<\/p>\n<p>Apenas ingl\u00eas<\/td>\n<td width=\"84\">44<\/p>\n<p>&nbsp;<\/p>\n<p>38<\/td>\n<td width=\"84\">10<\/p>\n<p>&nbsp;<\/p>\n<p>8<\/td>\n<td width=\"84\">22<\/p>\n<p>&nbsp;<\/p>\n<p>20<\/td>\n<td width=\"84\">35<\/p>\n<p>&nbsp;<\/p>\n<p>44<\/td>\n<td width=\"82\">111<\/p>\n<p>&nbsp;<\/p>\n<p>110<\/td>\n<td width=\"82\">&lt;0,01<\/p>\n<p>&nbsp;<\/p>\n<p>&lt;0,05<\/td>\n<\/tr>\n<tr>\n<td colspan=\"7\" width=\"601\">Medicamentos controlados pelos autores<\/td>\n<\/tr>\n<tr>\n<td width=\"101\">Qualquer idioma<\/p>\n<p>Apenas ingl\u00eas<\/td>\n<td width=\"84\">30<\/p>\n<p>&nbsp;<\/p>\n<p>26<\/td>\n<td width=\"84\">9<\/p>\n<p>&nbsp;<\/p>\n<p>9<\/td>\n<td width=\"84\">19<\/p>\n<p>&nbsp;<\/p>\n<p>18<\/td>\n<td width=\"84\">53<\/p>\n<p>&nbsp;<\/p>\n<p>57<\/td>\n<td width=\"82\">111<\/p>\n<p>&nbsp;<\/p>\n<p>110<\/td>\n<td width=\"82\">&lt;0,20<\/p>\n<p>&nbsp;<\/p>\n<p>&lt;0,30<\/td>\n<\/tr>\n<\/tbody>\n<\/table>\n<p>&nbsp;<\/p>\n<p>&nbsp;<\/p>\n<p style=\"text-align: justify;\"><strong>Tabela 2. <\/strong>N\u00famero de artigos com sele\u00e7\u00e3o positiva, neutra ou negativa das refer\u00eancias sobre o medicamento de interesse, apresentado de acordo com a classifica\u00e7\u00e3o da cita\u00e7\u00e3o do peri\u00f3dico pelo <em>Science Citation Index<\/em> (SCI): SCI inferior, igual ou superior \u00e0 classifica\u00e7\u00e3o dos artigos n\u00e3o citados.\u00a0 Os peri\u00f3dicos mais citados (com o fator de impacto mais alto) receberam as menores classifica\u00e7\u00f5es.<\/p>\n<p>&nbsp;<\/p>\n<table>\n<tbody>\n<tr>\n<td width=\"69\"><\/td>\n<td colspan=\"3\" width=\"186\"><strong>Sele\u00e7\u00e3o positiva<\/strong><\/td>\n<td colspan=\"3\" width=\"180\"><strong>Sele\u00e7\u00e3o neutra<\/strong><\/td>\n<td colspan=\"3\" width=\"160\"><strong>Sele\u00e7\u00e3o negativa<\/strong><\/td>\n<\/tr>\n<tr>\n<td width=\"69\"><\/td>\n<td width=\"65\"><strong>Baixo<\/strong><\/td>\n<td width=\"65\"><strong>Igual<\/strong><\/td>\n<td width=\"56\"><strong>Alta <\/strong><\/td>\n<td width=\"66\"><strong>Baixa<\/strong><\/td>\n<td width=\"57\"><strong>Igual<\/strong><\/td>\n<td width=\"57\"><strong>Alta <\/strong><\/td>\n<td width=\"51\"><strong>Baixa<\/strong><\/td>\n<td width=\"63\"><strong>Igual<\/strong><\/td>\n<td width=\"46\"><strong>Alta <\/strong><\/td>\n<\/tr>\n<tr>\n<td colspan=\"10\" width=\"594\">Todos os medicamentos controlados<\/td>\n<\/tr>\n<tr>\n<td width=\"69\">Qualquer idioma<\/p>\n<p>Apenas ingl\u00eas<\/td>\n<td width=\"65\">22<\/p>\n<p>&nbsp;<\/p>\n<p>15<\/td>\n<td width=\"65\">3<\/p>\n<p>&nbsp;<\/p>\n<p>6<\/td>\n<td width=\"56\">19<\/p>\n<p>&nbsp;<\/p>\n<p>17<\/td>\n<td width=\"66\">2<\/p>\n<p>&nbsp;<\/p>\n<p>0<\/td>\n<td width=\"57\">7<\/p>\n<p>&nbsp;<\/p>\n<p>8<\/td>\n<td width=\"57\">1<\/p>\n<p>&nbsp;<\/p>\n<p>0<\/td>\n<td width=\"51\">12<\/p>\n<p>&nbsp;<\/p>\n<p>12<\/td>\n<td width=\"63\">2<\/p>\n<p>&nbsp;<\/p>\n<p>3<\/td>\n<td width=\"46\">8<\/p>\n<p>&nbsp;<\/p>\n<p>5<\/td>\n<\/tr>\n<\/tbody>\n<\/table>\n<p style=\"text-align: justify;\"><em>&#8220;Recuperar a literatura por meio da busca em listas de refer\u00eancia pode produzir uma amostra tendenciosa de artigos, e o vi\u00e9s de refer\u00eancia unilateral pode tamb\u00e9m tornar as conclus\u00f5es de um artigo menos confi\u00e1veis&#8221; (G\u00f8tzsche, 1987). <\/em><\/p>\n<p>&nbsp;<\/p>\n<p style=\"text-align: justify;\"><strong>Impacto<\/strong><\/p>\n<p style=\"text-align: justify;\">Uma an\u00e1lise de vi\u00e9s de refer\u00eancia unilateral examinou listas de refer\u00eancia de artigos que relataram ensaios cl\u00ednicos sobre artrite reumatoide. Dos 111 artigos analisados, 22 mostraram uma sele\u00e7\u00e3o negativa de refer\u00eancias e 44 uma sele\u00e7\u00e3o positiva (enquanto 35 n\u00e3o foram pass\u00edveis de an\u00e1lise porque todas as refer\u00eancias apresentaram o mesmo resultado).<\/p>\n<p style=\"text-align: justify;\">Uma an\u00e1lise de vi\u00e9s de refer\u00eancia unilateral em artigos de revis\u00e3o narrativa que abordavam interven\u00e7\u00f5es para controle de \u00e1caros da poeira em domic\u00edlios de pessoas com asma mostrou que a maioria das revis\u00f5es tinha vi\u00e9s de refer\u00eancia. O ensaio cl\u00ednico randomizado mais citado teve apenas sete participantes por grupo, e o estudos n\u00e3o randomizado mais citado incluiu apenas dez participantes por grupo, mas afirmou resultados muito positivos.<\/p>\n<p style=\"text-align: justify;\">Uma an\u00e1lise de uma rede de cita\u00e7\u00f5es para artigos que relataram as hip\u00f3teses de h\u00e1 ac\u00famulo de prote\u00edna beta-amiloide no c\u00e9rebro de pessoas com doen\u00e7a de Alzheimer levou a alega\u00e7\u00f5es infundadas devido \u00e0 presen\u00e7a de vi\u00e9s de refer\u00eancia (Greenberg SA. 2009). O autor deste estudo concluiu que o uso unilateral de cita\u00e7\u00f5es pode ser usado para &#8220;gerar cascatas de informa\u00e7\u00f5es resultando em autoridade infundada de afirma\u00e7\u00f5es&#8221;.<\/p>\n<p>&nbsp;<\/p>\n<p style=\"text-align: justify;\"><strong>Passos para preven\u00e7\u00e3o<\/strong><\/p>\n<p style=\"text-align: justify;\">Pesquisadores precisam come\u00e7ar com uma busca sistem\u00e1tica e imparcial da literatura sobre o t\u00f3pico de interesse. Os autores devem apresentar seu estudo no contexto de todas as informa\u00e7\u00f5es dispon\u00edveis sobre o t\u00f3pico de interesse, que deve incluir refer\u00eancias de artigos que apoiam e n\u00e3o apoiam as conclus\u00f5es de seu estudo, caso existam. Os autores de revis\u00f5es de literatura devem seguir um protocolo pr\u00e9-publicado e relatar as buscas usadas para encontrar os estudos, as bases de dados pesquisadas e como os artigos foram selecionados para inclus\u00e3o na revis\u00e3o.<\/p>\n<p>[\/vc_column_text][\/vc_column][\/vc_row][vc_row][vc_column]<div class=\"ult-spacer spacer-69e14ae4250fc\" data-id=\"69e14ae4250fc\" data-height=\"30\" data-height-mobile=\"30\" data-height-tab=\"30\" data-height-tab-portrait=\"\" data-height-mobile-landscape=\"\" style=\"clear:both;display:block;\"><\/div>[vc_separator]<div class=\"ult-spacer spacer-69e14ae42510a\" data-id=\"69e14ae42510a\" data-height=\"30\" data-height-mobile=\"30\" data-height-tab=\"30\" data-height-tab-portrait=\"\" data-height-mobile-landscape=\"\" style=\"clear:both;display:block;\"><\/div>[\/vc_column][\/vc_row][vc_row bg_type=&#8221;bg_color&#8221; bg_color_value=&#8221;#f7f7f7&#8243; css=&#8221;.vc_custom_1572747847655{padding-top: 20px !important;padding-bottom: 20px !important;}&#8221;][vc_column][vc_column_text]<strong>Link para o original<\/strong>: <a href=\"https:\/\/catalogofbias.org\/biases\/one-sided-reference-bias\/\">https:\/\/catalogofbias.org\/biases\/one-sided-reference-bias\/<\/a><\/p>\n<p>&nbsp;<\/p>\n<p><strong>Deve ser citado como<\/strong>:\u00a0 Catalogue of Bias Collaboration. Spencer EA, Heneghan C. Confirmation bias. In: Catalogue Of Bias 2018. <a href=\"https:\/\/catalogofbias.org\/?post_type=biases&amp;p=9734&amp;preview=true\">www.catalogueofbiases.org\/biases\/confirmationbias<\/a>.<\/p>\n<p>&nbsp;<\/p>\n<p><strong>Fontes<\/strong>:<\/p>\n<p>Dickersin K. <a href=\"https:\/\/www.ncbi.nlm.nih.gov\/pubmed\/3120884\">Reference bias in reports of drug trials.<\/a> Br Med J (Clin Res Ed). 1987 Oct 24; 295(6605):1066-7.<\/p>\n<p>G\u00f8tzsche PC.<a href=\"https:\/\/www.ncbi.nlm.nih.gov\/pubmed\/3117277\"> Reference bias in reports of drug trials.<\/a> BMJ 1987; 295: 654-656<\/p>\n<p>Greenberg SA.<a href=\"https:\/\/www.ncbi.nlm.nih.gov\/pubmed\/19622839\"> How citation distortions create unfounded authority: analysis of a citation network. <\/a>BMJ 2009;339:b2680.<\/p>\n<p>Sackett DL.<a href=\"https:\/\/drive.google.com\/drive\/folders\/0B65aSNYe6xdjUWk3c25EejNtUlU\"> Bias in analytic research.<\/a> J Chron Dis 1979; 32: 51-63<\/p>\n<p>Schmidt LM, Gotzsche PC.<a href=\"https:\/\/www.ncbi.nlm.nih.gov\/pubmed\/15833223\"> Of mites and men: reference bias in narrative review articles: a systematic review. <\/a>J Fam Pract. 2005 Apr;54(4):334-8.<\/p>\n<p>&nbsp;<\/p>\n<p><strong>As seguintes fontes podem ser recuperadas dinamicamente a partir do PubMed:<\/strong><\/p>\n<p>McPhail S, Beller E, Haines T. <a href=\"https:\/\/www.ncbi.nlm.nih.gov\/pubmed\/21126374?dopt=Abstract\">Reference bias: presentation of extreme health states prior to EQ-VAS improves health-related quality of life scores. a randomised cross-over trial.<\/a><\/p>\n<p>Schmidt LM, Gotzsche PC. <a href=\"https:\/\/www.ncbi.nlm.nih.gov\/pubmed\/15833223?dopt=Abstract\">Of mites and men: reference bias in narrative review articles: a systematic review.<\/a><\/p>\n<p>Groot W. <a href=\"https:\/\/www.ncbi.nlm.nih.gov\/pubmed\/15609183?dopt=Abstract\">Scale of reference bias and the evolution of health.<\/a><\/p>\n<p>Dickersin K. <a href=\"https:\/\/www.ncbi.nlm.nih.gov\/pubmed\/3120884?dopt=Abstract\">Reference bias in reports of drug trials.<\/a><\/p>\n<p>G\u00f8tzsche PC. <a href=\"https:\/\/www.ncbi.nlm.nih.gov\/pubmed\/3117277?dopt=Abstract\">Reference bias in reports of drug trials.<\/a>[\/vc_column_text][\/vc_column][\/vc_row]<\/p>\n<\/div>","protected":false},"excerpt":{"rendered":"<p>[vc_row bg_type=&#8221;bg_color&#8221; css=&#8221;.vc_custom_1572747881603{padding-top: 10px !important;padding-bottom: 10px !important;}&#8221; bg_color_value=&#8221;#f7f7f7&#8243;][vc_column width=&#8221;1\/3&#8243;][vc_column_text]Nome original do vi\u00e9s: One-sided reference bias[\/vc_column_text][\/vc_column][vc_column width=&#8221;1\/3&#8243;][vc_column_text]Tradutor: Ana Luiza Cabrera Martimbianco Primeiro revisor:\u00a0 Rafael Leite Pacheco Segundo revisor: Rachel Riera[\/vc_column_text][\/vc_column][\/vc_row][vc_row][vc_column][vc_separator][\/vc_column][\/vc_row][vc_row][vc_column][vc_column_text] Introdu\u00e7\u00e3o O vi\u00e9s de refer\u00eancia unilateral ocorre quando o autor de um estudo cita apenas publica\u00e7\u00f5es que demonstram apenas um lado da evid\u00eancia dispon\u00edvel. Esse vi\u00e9s&hellip;<\/p>\n","protected":false},"author":1,"featured_media":0,"parent":0,"menu_order":0,"comment_status":"closed","ping_status":"closed","template":"","meta":{"footnotes":""},"class_list":["post-1867","page","type-page","status-publish","hentry","description-off"],"_links":{"self":[{"href":"https:\/\/oxfordbrazilebm.com\/index.php\/wp-json\/wp\/v2\/pages\/1867","targetHints":{"allow":["GET"]}}],"collection":[{"href":"https:\/\/oxfordbrazilebm.com\/index.php\/wp-json\/wp\/v2\/pages"}],"about":[{"href":"https:\/\/oxfordbrazilebm.com\/index.php\/wp-json\/wp\/v2\/types\/page"}],"author":[{"embeddable":true,"href":"https:\/\/oxfordbrazilebm.com\/index.php\/wp-json\/wp\/v2\/users\/1"}],"replies":[{"embeddable":true,"href":"https:\/\/oxfordbrazilebm.com\/index.php\/wp-json\/wp\/v2\/comments?post=1867"}],"version-history":[{"count":1,"href":"https:\/\/oxfordbrazilebm.com\/index.php\/wp-json\/wp\/v2\/pages\/1867\/revisions"}],"predecessor-version":[{"id":1868,"href":"https:\/\/oxfordbrazilebm.com\/index.php\/wp-json\/wp\/v2\/pages\/1867\/revisions\/1868"}],"wp:attachment":[{"href":"https:\/\/oxfordbrazilebm.com\/index.php\/wp-json\/wp\/v2\/media?parent=1867"}],"curies":[{"name":"wp","href":"https:\/\/api.w.org\/{rel}","templated":true}]}}