{"id":1850,"date":"2020-04-03T03:45:11","date_gmt":"2020-04-03T02:45:11","guid":{"rendered":"http:\/\/oxfordbrazilebm.com\/?page_id=1850"},"modified":"2020-04-28T13:05:36","modified_gmt":"2020-04-28T12:05:36","slug":"vies-de-ponto-de-inicio","status":"publish","type":"page","link":"https:\/\/oxfordbrazilebm.com\/index.php\/vies-de-ponto-de-inicio\/","title":{"rendered":"Vi\u00e9s de ponto de in\u00edcio"},"content":{"rendered":"<div class=\"wpb-content-wrapper\"><p>[vc_row bg_type=&#8221;bg_color&#8221; css=&#8221;.vc_custom_1572747881603{padding-top: 10px !important;padding-bottom: 10px !important;}&#8221; bg_color_value=&#8221;#f7f7f7&#8243;][vc_column width=&#8221;1\/3&#8243;][vc_column_text]<b>Nome original do vi\u00e9s: <\/b>Starting time bias[\/vc_column_text][\/vc_column][vc_column width=&#8221;1\/3&#8243;][vc_column_text]<strong>Tradutor: <\/strong>Carolina de Oliveira Cruz Latorraca<\/p>\n<p><strong>Primeiro revisor: <\/strong>Rafael Leite Pacheco<\/p>\n<p><strong>Segundo revisor: <\/strong>Rachel Riera[\/vc_column_text][\/vc_column][\/vc_row][vc_row][vc_column]<div class=\"ult-spacer spacer-69d364a1e5551\" data-id=\"69d364a1e5551\" data-height=\"30\" data-height-mobile=\"30\" data-height-tab=\"30\" data-height-tab-portrait=\"\" data-height-mobile-landscape=\"\" style=\"clear:both;display:block;\"><\/div>[vc_separator]<div class=\"ult-spacer spacer-69d364a1e557b\" data-id=\"69d364a1e557b\" data-height=\"30\" data-height-mobile=\"30\" data-height-tab=\"30\" data-height-tab-portrait=\"\" data-height-mobile-landscape=\"\" style=\"clear:both;display:block;\"><\/div>[\/vc_column][\/vc_row][vc_row][vc_column][vc_column_text]<\/p>\n<p style=\"text-align: justify;\"><strong>Introdu\u00e7\u00e3o<\/strong><\/p>\n<p style=\"text-align: justify;\">Em 1979, David Sackett descreveu o vi\u00e9s de momento do in\u00edcio na sua lista de vieses como \u201ca falha em identificar um ponto de in\u00edcio universal para uma exposi\u00e7\u00e3o ou doen\u00e7a que pode levar ao um erro sistem\u00e1tico de classifica\u00e7\u00e3o&#8221; (Sackett 1979). Este vi\u00e9s est\u00e1 relacionado com vi\u00e9s de sele\u00e7\u00e3o e vi\u00e9s de controle n\u00e3o-concorrente e pode ser um exemplo de vi\u00e9s cronol\u00f3gico.<\/p>\n<p style=\"text-align: justify;\"><strong>Exemplos<\/strong><\/p>\n<p style=\"text-align: justify;\">Por favor, acesse os textos de vi\u00e9s de sele\u00e7\u00e3o e vi\u00e9s cronol\u00f3gico dispon\u00edveis no cat\u00e1logo para encontrar os exemplos.<\/p>\n<p style=\"text-align: justify;\"><strong>Impacto<\/strong><\/p>\n<p style=\"text-align: justify;\">O impacto do vi\u00e9s cronol\u00f3gico e do vi\u00e9s de sele\u00e7\u00e3o est\u00e3o descritos nas suas respectivas p\u00e1ginas do cat\u00e1logo de vi\u00e9s.<\/p>\n<p style=\"text-align: justify;\"><strong>Passos para preven\u00e7\u00e3o<\/strong><\/p>\n<p style=\"text-align: justify;\">Os passos para preven\u00e7\u00e3o relevantes para o vi\u00e9s cronol\u00f3gico e o vi\u00e9s de sele\u00e7\u00e3o est\u00e3o descritos nas suas respectivas p\u00e1ginas do cat\u00e1logo de vi\u00e9s.<\/p>\n<p>[\/vc_column_text][\/vc_column][\/vc_row][vc_row][vc_column]<div class=\"ult-spacer spacer-69d364a1e5594\" data-id=\"69d364a1e5594\" data-height=\"30\" data-height-mobile=\"30\" data-height-tab=\"30\" data-height-tab-portrait=\"\" data-height-mobile-landscape=\"\" style=\"clear:both;display:block;\"><\/div>[vc_separator]<div class=\"ult-spacer spacer-69d364a1e55a8\" data-id=\"69d364a1e55a8\" data-height=\"30\" data-height-mobile=\"30\" data-height-tab=\"30\" data-height-tab-portrait=\"\" data-height-mobile-landscape=\"\" style=\"clear:both;display:block;\"><\/div>[\/vc_column][\/vc_row][vc_row bg_type=&#8221;bg_color&#8221; bg_color_value=&#8221;#f7f7f7&#8243; css=&#8221;.vc_custom_1572747847655{padding-top: 20px !important;padding-bottom: 20px !important;}&#8221;][vc_column][vc_column_text]<strong>Link para o original: <\/strong><a href=\"https:\/\/catalogofbias.org\/biases\/starting-time-bias\/\">https:\/\/catalogofbias.org\/biases\/starting-time-bias\/<\/a><\/p>\n<p>&nbsp;<\/p>\n<p><strong>Deve ser citado como: <\/strong>Catalogue of Bias Collaboration. Heneghan C. Starting time bias. In: Catalogue Of Bias 2019:\u00a0 <a href=\"https:\/\/catalogofbias.org\/?post_type=biases&amp;p=9204&amp;preview=true\">https:\/\/catalogofbias.org\/biases\/starting-time-bias\/<\/a> \u200e<\/p>\n<p><strong>\u00a0<\/strong><\/p>\n<p><strong>Fonte<\/strong><\/p>\n<p>Sackett DL. <a href=\"https:\/\/www.ncbi.nlm.nih.gov\/pubmed\/447779\">Bias in analytic research<\/a>. J Chron Dis 1979; 32: 51-63.[\/vc_column_text][\/vc_column][\/vc_row]<\/p>\n<\/div>","protected":false},"excerpt":{"rendered":"<p>[vc_row bg_type=&#8221;bg_color&#8221; css=&#8221;.vc_custom_1572747881603{padding-top: 10px !important;padding-bottom: 10px !important;}&#8221; bg_color_value=&#8221;#f7f7f7&#8243;][vc_column width=&#8221;1\/3&#8243;][vc_column_text]Nome original do vi\u00e9s: Starting time bias[\/vc_column_text][\/vc_column][vc_column width=&#8221;1\/3&#8243;][vc_column_text]Tradutor: Carolina de Oliveira Cruz Latorraca Primeiro revisor: Rafael Leite Pacheco Segundo revisor: Rachel Riera[\/vc_column_text][\/vc_column][\/vc_row][vc_row][vc_column][vc_separator][\/vc_column][\/vc_row][vc_row][vc_column][vc_column_text] Introdu\u00e7\u00e3o Em 1979, David Sackett descreveu o vi\u00e9s de momento do in\u00edcio na sua lista de vieses como \u201ca falha em identificar um ponto de&hellip;<\/p>\n","protected":false},"author":1,"featured_media":0,"parent":0,"menu_order":0,"comment_status":"closed","ping_status":"closed","template":"","meta":{"footnotes":""},"class_list":["post-1850","page","type-page","status-publish","hentry","description-off"],"_links":{"self":[{"href":"https:\/\/oxfordbrazilebm.com\/index.php\/wp-json\/wp\/v2\/pages\/1850","targetHints":{"allow":["GET"]}}],"collection":[{"href":"https:\/\/oxfordbrazilebm.com\/index.php\/wp-json\/wp\/v2\/pages"}],"about":[{"href":"https:\/\/oxfordbrazilebm.com\/index.php\/wp-json\/wp\/v2\/types\/page"}],"author":[{"embeddable":true,"href":"https:\/\/oxfordbrazilebm.com\/index.php\/wp-json\/wp\/v2\/users\/1"}],"replies":[{"embeddable":true,"href":"https:\/\/oxfordbrazilebm.com\/index.php\/wp-json\/wp\/v2\/comments?post=1850"}],"version-history":[{"count":3,"href":"https:\/\/oxfordbrazilebm.com\/index.php\/wp-json\/wp\/v2\/pages\/1850\/revisions"}],"predecessor-version":[{"id":2487,"href":"https:\/\/oxfordbrazilebm.com\/index.php\/wp-json\/wp\/v2\/pages\/1850\/revisions\/2487"}],"wp:attachment":[{"href":"https:\/\/oxfordbrazilebm.com\/index.php\/wp-json\/wp\/v2\/media?parent=1850"}],"curies":[{"name":"wp","href":"https:\/\/api.w.org\/{rel}","templated":true}]}}