{"id":1810,"date":"2020-03-26T13:33:41","date_gmt":"2020-03-26T13:33:41","guid":{"rendered":"http:\/\/oxfordbrazilebm.com\/?page_id=1810"},"modified":"2020-03-26T13:33:49","modified_gmt":"2020-03-26T13:33:49","slug":"covid-19-identificando-sinais-e-sintomas","status":"publish","type":"page","link":"https:\/\/oxfordbrazilebm.com\/index.php\/covid-19-identificando-sinais-e-sintomas\/","title":{"rendered":"COVID-19: Identificando sinais e sintomas"},"content":{"rendered":"<p>Tradutores: Carolina de Oliveira Cruz Latorraca, Rafael Leite Pacheco, Ana Luiza Cabrera Martimbianco<\/p>\n<hr \/>\n<p style=\"text-align: justify;\"><strong>Por que monitorar sintomas?<\/strong><\/p>\n<p style=\"text-align: justify;\">Um melhor entendimento dos sinais e sintomas pode ajudar os servi\u00e7os de sa\u00fade e a popula\u00e7\u00e3o geral a tomar decis\u00f5es embasadas com rela\u00e7\u00e3o ao COVID-19. As informa\u00e7\u00f5es dispon\u00edveis normalmente s\u00f3 oferecem poucos dados sobre os sinais e sintomas mais comuns, mas falham em relatar de forma adequada informa\u00e7\u00f5es adicionais e necess\u00e1rias para ajudar a reduzir as incertezas. Por exemplo, s\u00e3o similares os sinais e sintomas em pessoas de idades diferentes, com condi\u00e7\u00f5es de sa\u00fade pr\u00e9 ou j\u00e1 existentes, em uso de medica\u00e7\u00f5es ou em cen\u00e1rios e pa\u00edses diferentes?<\/p>\n<p style=\"text-align: justify;\"><strong>O que estamos fazendo?<\/strong><\/p>\n<p style=\"text-align: justify;\">Para ajudar a fornecer algum esclarecimento, n\u00f3s estamos realizando uma revis\u00e3o r\u00e1pida das revis\u00f5es sistem\u00e1ticas dispon\u00edveis e relatos de caso individuais que relataram sinais e sintomas e incluiremos informa\u00e7\u00f5es adicionais importantes quando poss\u00edvel. A revis\u00e3o da evid\u00eancia formar\u00e1 a base de um monitoramento de sintomas que ser\u00e1 regularmente atualizado conforme novas evid\u00eancias surgem.<\/p>\n<p style=\"text-align: justify;\"><strong>Qual o pr\u00f3ximo passo?<\/strong><\/p>\n<p style=\"text-align: justify;\">N\u00f3s vamos compartilhar os nossos achados via banco de dados do Google em breve. Se voc\u00ea conhece qualquer banco de dados \/ publica\u00e7\u00f5es \/ atualiza\u00e7\u00f5es relevantes fornecendo ou avaliando sinais e sintomas do COVID-19 e gostaria de compartilh\u00e1-los, por favor, envie e-mail para Dr David Nunan: <a href=\"mailto:david.nunan@phc.ox.ac.uk\">david.nunan@phc.ox.ac.uk<\/a><\/p>\n<hr \/>\n<p style=\"text-align: justify;\"><strong>Transpar\u00eancia do processo de produ\u00e7\u00e3o e divulga\u00e7\u00e3o:<\/strong> o artigo n\u00e3o teve revis\u00e3o por pares; ele n\u00e3o deve substituir o julgamento cl\u00ednico individual e as fontes citadas devem ser checadas. O ponto de vista expresso neste coment\u00e1rio representa o ponto de vista dos autores e n\u00e3o necessariamente o ponto de vista da institui\u00e7\u00e3o sede, o NHS, o NIHR, ou o Departamento de Sa\u00fade. Os pontos de vista n\u00e3o substituem a recomenda\u00e7\u00e3o do m\u00e9dico.<\/p>\n<p><strong>Link para o original:<\/strong> https:\/\/www.cebm.net\/covid-19\/covid-19-signs-and-symptoms-tracker\/<\/p>\n<p><strong>Autores<\/strong><\/p>\n<p>David Nunan \u00e9 pesquisador s\u00eanior do Centre for Evidence-Based Medicine, Nuffield Department of Primary Care Health Sciences, University of Oxford. Ele \u00e9 editor do BMJ Evidence-Based Medicine jornal e Diretor do <em>PG Certificate<\/em> em <em>Teaching Evidence-Based Health Care.<\/em><\/p>\n<p>Jon Brassey \u00e9 diretor da Trip Database Ltd, l\u00edder de \u00a0\u201cKnowledge Mobilisation\u201d na Public Health Wales (NHS) e editor associado no BMJ Evidence-Based Medicine<\/p>\n<p>Carl Heneghan\u00a0\u00e9 editor chefe do\u00a0<a href=\"https:\/\/ebm.bmj.com\/content\/22\/6\/202\">BMJ EBM<\/a>\u00a0e professor de Evidence-based Medicine, Centre for Evidence-Based Medicine no Nuffield Department of Primary Care Health Sciences, University of Oxford.<\/p>\n<p>Kamal R. Mahtani \u00e9 m\u00e9dico (\u201cgeneral practitioner\u201d), professor associado e Diretor adjunto do Centre for Evidence-Based Medicine, Nuffield Department of Primary Care Health Sciences, University of Oxford. Ele \u00e9 um editor associado do BMJ Evidence-Based Medicine journal e diretor do The Evidence-based Healthcare MSc in Systematic Reviews.<\/p>\n<p>Jeffrey Aronson\u00a0\u00e9 m\u00e9dico e farmacologista cl\u00ednico trabalhando no Centre for Evidence-Based Medicine no Nuffield Department of Primary Care Health Sciences, University of Oxford. Ele \u00e9 editor associado BMJ EBM e Presidente Em\u00e9rito da British Pharmacological Society.<\/p>\n","protected":false},"excerpt":{"rendered":"<p>Tradutores: Carolina de Oliveira Cruz Latorraca, Rafael Leite Pacheco, Ana Luiza Cabrera Martimbianco Por que monitorar sintomas? Um melhor entendimento dos sinais e sintomas pode ajudar os servi\u00e7os de sa\u00fade e a popula\u00e7\u00e3o geral a tomar decis\u00f5es embasadas com rela\u00e7\u00e3o ao COVID-19. As informa\u00e7\u00f5es dispon\u00edveis normalmente s\u00f3 oferecem poucos dados sobre os sinais e sintomas&hellip;<\/p>\n","protected":false},"author":1,"featured_media":0,"parent":0,"menu_order":0,"comment_status":"closed","ping_status":"closed","template":"","meta":{"footnotes":""},"class_list":["post-1810","page","type-page","status-publish","hentry","description-off"],"_links":{"self":[{"href":"https:\/\/oxfordbrazilebm.com\/index.php\/wp-json\/wp\/v2\/pages\/1810","targetHints":{"allow":["GET"]}}],"collection":[{"href":"https:\/\/oxfordbrazilebm.com\/index.php\/wp-json\/wp\/v2\/pages"}],"about":[{"href":"https:\/\/oxfordbrazilebm.com\/index.php\/wp-json\/wp\/v2\/types\/page"}],"author":[{"embeddable":true,"href":"https:\/\/oxfordbrazilebm.com\/index.php\/wp-json\/wp\/v2\/users\/1"}],"replies":[{"embeddable":true,"href":"https:\/\/oxfordbrazilebm.com\/index.php\/wp-json\/wp\/v2\/comments?post=1810"}],"version-history":[{"count":3,"href":"https:\/\/oxfordbrazilebm.com\/index.php\/wp-json\/wp\/v2\/pages\/1810\/revisions"}],"predecessor-version":[{"id":1813,"href":"https:\/\/oxfordbrazilebm.com\/index.php\/wp-json\/wp\/v2\/pages\/1810\/revisions\/1813"}],"wp:attachment":[{"href":"https:\/\/oxfordbrazilebm.com\/index.php\/wp-json\/wp\/v2\/media?parent=1810"}],"curies":[{"name":"wp","href":"https:\/\/api.w.org\/{rel}","templated":true}]}}