{"id":1803,"date":"2020-03-25T14:12:22","date_gmt":"2020-03-25T14:12:22","guid":{"rendered":"http:\/\/oxfordbrazilebm.com\/?page_id=1803"},"modified":"2020-03-25T14:12:29","modified_gmt":"2020-03-25T14:12:29","slug":"as-condicoes-climaticas-influenciam-a-transmissao-do-coronavirus-sars-cov-2","status":"publish","type":"page","link":"https:\/\/oxfordbrazilebm.com\/index.php\/as-condicoes-climaticas-influenciam-a-transmissao-do-coronavirus-sars-cov-2\/","title":{"rendered":"As condi\u00e7\u00f5es clim\u00e1ticas influenciam a transmiss\u00e3o do coronav\u00edrus (SARS-CoV-2)?"},"content":{"rendered":"<p>Tradutores: Tatiane Bomfim Ribeiro, Rachel Riera<\/p>\n<hr \/>\n<p style=\"text-align: justify;\"><span style=\"color: #800080;\"><strong>Veredito:<\/strong> Embora muitos dados ainda n\u00e3o tenham sido revisados \u200b\u200bpor pares, as evid\u00eancias recentes sugerem que as condi\u00e7\u00f5es clim\u00e1ticas podem influenciar a transmiss\u00e3o do novo coronav\u00edrus (<a style=\"color: #800080;\" href=\"https:\/\/www.who.int\/emergencies\/diseases\/novel-coronavirus-2019\/technical-guidance\/naming-the-coronavirus-disease-(covid-2019)-and-the-virus-that-causes-it\">SARS-CoV-2<\/a>), e o clima frio e seco parece aumentar a dissemina\u00e7\u00e3o. Esse fen\u00f4meno pode ocorrer por meio de dois mecanismos: estabilidade do v\u00edrus e efeito do clima no hospedeiro. O efeito do clima \u00e9 m\u00ednimo e todas as estimativas est\u00e3o sujeitas a vieses significativos, refor\u00e7ando a necessidade de medidas de sa\u00fade p\u00fablica robustas.<\/span><\/p>\n<p style=\"text-align: justify;\"><strong>CONTEXTO<\/strong><\/p>\n<p style=\"text-align: justify;\">A maioria dos pa\u00edses do mundo implementou agora um conjunto de estrat\u00e9gias para reduzir a transmiss\u00e3o do novo coronav\u00edrus (<a href=\"https:\/\/www.who.int\/emergencies\/diseases\/novel-coronavirus-2019\/technical-guidance\/naming-the-coronavirus-disease-(covid-2019)-and-the-virus-that-causes-it\">SARS-CoV-2<\/a>) e mitigar os efeitos do COVID-19. Sabe-se que o v\u00edrus se originou na cidade portu\u00e1ria de Wuhan, na prov\u00edncia central de Hubei, na China. No momento em que o primeiro caso foi identificado, Wuhan estava no inverno, quando as <a href=\"https:\/\/www.climatestotravel.com\/climate\/china\/wuhan\">temperaturas m\u00e9dias<\/a> podem variar de 1 <sup>o<\/sup>C a 11 <sup>o<\/sup>C. Em 21 de mar\u00e7o de 2020, a China registrou 81.008 casos do novo coronav\u00edrus com 3.255 mortes. No entanto, pela primeira vez, a China tamb\u00e9m n\u00e3o registrou novos casos locais. Uma revis\u00e3o r\u00e1pida das evid\u00eancias foi realizada para explorar se as condi\u00e7\u00f5es clim\u00e1ticas podem influenciar a dissemina\u00e7\u00e3o do <a href=\"https:\/\/www.who.int\/emergencies\/diseases\/novel-coronavirus-2019\/technical-guidance\/naming-the-coronavirus-disease-(covid-2019)-and-the-virus-that-causes-it\">SARS-CoV-2.<\/a><\/p>\n<p style=\"text-align: justify;\"><strong>EVID\u00caNCIAS ATUAIS<\/strong><\/p>\n<p style=\"text-align: justify;\"><strong>Estudos explorando o efeito do clima, principalmente temperatura e umidade, na transmiss\u00e3o de COVID-19<\/strong><\/p>\n<p style=\"text-align: justify;\">Para investigar o efeito da temperatura ambiente na transmiss\u00e3o do coronav\u00edrus, um <a href=\"https:\/\/www.medrxiv.org\/content\/10.1101\/2020.02.22.20025791v1\">estudo transversal<\/a> avaliou a associa\u00e7\u00e3o entre o n\u00famero de casos de COVID-19\u00a0 e a temperatura m\u00e9dia local em 429 cidades, principalmente chinesas. Os autores descobriram que, para cada aumento de 1 <sup>o<\/sup>C na temperatura m\u00ednima, havia uma redu\u00e7\u00e3o no n\u00famero acumulado de casos de 0,86.<\/p>\n<p style=\"text-align: justify;\">Um <a href=\"https:\/\/www.medrxiv.org\/content\/10.1101\/2020.02.13.20022806v2\">estudo de modelagem<\/a> sugeriu que uma redu\u00e7\u00e3o transit\u00f3ria da incid\u00eancia poderia ocorrer, mas advertiu: \u201cA chegada da primavera e do ver\u00e3o, por exemplo, pode dar a impress\u00e3o de que o SARS-CoV-2 foi controlado com sucesso, por\u00e9m as infec\u00e7\u00f5es podem aumentar novamente na temporada de inverno 2020-2021\u201d.<\/p>\n<p style=\"text-align: justify;\">Outro <a href=\"https:\/\/www.medrxiv.org\/content\/10.1101\/2020.03.12.20034728v1\">estudo de modelagem<\/a> mostrou que a propaga\u00e7\u00e3o atual do coronav\u00edrus sugere uma prefer\u00eancia pelo clima frio e seco. Os autores tamb\u00e9m relatam que a epidemia de SARS-CoV 2002-3 estava ligada a condi\u00e7\u00f5es clim\u00e1ticas semelhantes. Se a pandemia do COVID-19 seguir as tend\u00eancias do SARS CoV-2, ent\u00e3o o pior cen\u00e1rio de uma pandemia global s\u00edncrona pareceria improv\u00e1vel, enquanto surtos globais sazonais ass\u00edncronos seriam muito mais prov\u00e1veis.<\/p>\n<p style=\"text-align: justify;\">A<a href=\"https:\/\/www.medrxiv.org\/content\/10.1101\/2020.03.12.20034728v1\"> an\u00e1lise<\/a> do surto de SARS em Hong Kong, Guangzhou, Pequim e Taiyuan demonstrou que a temperatura ambiente ideal associada aos casos de SARS estava entre 16<sup> o<\/sup>C e 28 <sup>o<\/sup>C, o que pode estimular o crescimento do v\u00edrus. Redu\u00e7\u00f5es ou aumentos acentuados da temperatura ambiente relacionados ao per\u00edodo de frio levaram a um aumento dos casos de SARS devido \u00e0 poss\u00edvel influ\u00eancia do clima no sistema imunol\u00f3gico humano. Este estudo sugeriu que maior possibilidade de que a SARS volte a ocorrer na primavera comparada ao outono ou inverno.<\/p>\n<p style=\"text-align: justify;\">\u00c9 importante observar que todos esses estudos s\u00e3o potencialmente enviesados \u200b\u200bpor fatores de confus\u00e3o n\u00e3o controlados. Portanto, qualquer conclus\u00e3o sobre as previs\u00f5es destes estudos possui alta incerteza. Outros v\u00edrus circulantes, como \u00a0o v\u00edrus da gripe, seguem um efeito sazonal e, portanto, as taxas de coinfec\u00e7\u00e3o diminuem, o que pode impactar a mortalidade. A avalia\u00e7\u00e3o das exposi\u00e7\u00f5es \u00e9 <a href=\"https:\/\/pubmed.ncbi.nlm.nih.gov\/11914312\/\">suscet\u00edvel a erros<\/a> que podem distorcer sistematicamente a exposi\u00e7\u00e3o em n\u00edvel de grupo. Por exemplo, agrupar casos de acordo com os dias de exposi\u00e7\u00e3o pode introduzir um erro sistem\u00e1tico se as exposi\u00e7\u00f5es atuais para o caso variarem significativamente ou se outras medidas estiverem sendo introduzidas, como por exemplo, o isolamento social.<\/p>\n<p style=\"text-align: justify;\"><a href=\"https:\/\/www.medrxiv.org\/content\/10.1101\/2020.03.15.20036426v1\">Dois estudos adicionais relatam<\/a> que \u201c<em>a mortalidade di\u00e1ria de COVID-19 est\u00e1 positivamente associada \u00e0 faixa de temperatura diurna (DTR), mas negativamente associada \u00e0 umidade relativa<\/em>\u201d.<\/p>\n<p style=\"text-align: justify;\">Os <a href=\"https:\/\/www.medrxiv.org\/content\/10.1101\/2020.03.05.20031872v1%5D\">resultados<\/a> sugerem que a temperatura se correlaciona positivamente com as taxas de infec\u00e7\u00e3o, enquanto se correlaciona negativamente com a umidade. \u00c9 prov\u00e1vel que a temperatura e a umidade contribuam no m\u00e1ximo com 18% da varia\u00e7\u00e3o na transmiss\u00e3o. Outras vari\u00e1veis, como medidas de sa\u00fade p\u00fablica, s\u00e3o respons\u00e1veis \u200b\u200bpelo restante. Uma <a href=\"https:\/\/papers.ssrn.com\/sol3\/papers.cfm?abstract_id=3551767\">investiga\u00e7\u00e3o adicional<\/a> da influ\u00eancia da temperatura e da umidade do ar na transmiss\u00e3o de SARS-CoV-2 observou que para cada 1 <sup>o<\/sup>C de aumento na temperatura e 1% de aumento na umidade relativa do ar, diminu\u00eda o coeficiente R em 0,0383 e 0,0224, respectivamente.<\/p>\n<p style=\"text-align: justify;\">Um estudo de modelagem, publicado em 29 de fevereiro, apresentou a seguinte figura para representar a rela\u00e7\u00e3o entre a temperatura e o n\u00famero previsto de casos, considerando o per\u00edodo compreendido entre o primeiro caso relatado e 29 de fevereiro de 2020 (a zona cinza representa o intervalo de confian\u00e7a de 95% dos valores previstos):<\/p>\n<p style=\"text-align: justify;\"><img loading=\"lazy\" decoding=\"async\" class=\"wp-image-1805 aligncenter\" src=\"http:\/\/oxfordbrazilebm.com\/wp-content\/uploads\/2020\/03\/fig1-clima-300x172.png\" alt=\"\" width=\"521\" height=\"299\" srcset=\"https:\/\/oxfordbrazilebm.com\/wp-content\/uploads\/2020\/03\/fig1-clima-300x172.png 300w, https:\/\/oxfordbrazilebm.com\/wp-content\/uploads\/2020\/03\/fig1-clima.png 768w\" sizes=\"auto, (max-width: 521px) 100vw, 521px\" \/><\/p>\n<p style=\"text-align: justify;\">Nem todos os estudos que foram encontrados sugeriram o clima como um fator influenciador na transmiss\u00e3o. Uma <a href=\"https:\/\/www.medrxiv.org\/content\/10.1101\/2020.02.12.20022467v1.full.pdf\">an\u00e1lise<\/a> do n\u00famero reprodutivo (R0) de (SARS-CoV-2) em toda a China mostrou que as altera\u00e7\u00f5es isoladas no clima (ou seja, aumento de temperatura e umidade) n\u00e3o necessariamente levariam a um decl\u00ednio nos casos. O R0 entre os locais estudados foi calculado usando dados incompletos de contagem de casos relatados, com a data do relat\u00f3rio, ao inv\u00e9s da data de in\u00edcio do quadro, o que adiciona imprecis\u00e3o a qualquer estimativa.<\/p>\n<p style=\"text-align: justify;\">Um estudo adicional sobre o papel <a href=\"https:\/\/papers.ssrn.com\/sol3\/papers.cfm?abstract_id=3552677\">dos fatores ambientais nas taxas de transmiss\u00e3o do COVID-19<\/a> relata que o clima, isoladamente, n\u00e3o pode explicar a variabilidade do R0 nas prov\u00edncias chinesas, cidades ou outros pa\u00edses.<\/p>\n<p style=\"text-align: justify;\"><strong>CONCLUS\u00d5ES<\/strong><\/p>\n<ul>\n<li style=\"text-align: justify;\">Novos dados sugerem que o clima frio e seco pode facilitar a dissemina\u00e7\u00e3o do novo coronav\u00edrus (2019-nCoV).<\/li>\n<li style=\"text-align: justify;\">No entanto, \u00e9 necess\u00e1rio cuidado ao considerar as implica\u00e7\u00f5es desses achados, que podem estar sujeitas a fatores de confus\u00e3o. Al\u00e9m disso, muitos destes novos dados para 2019-nCoV ainda precisam ser revistos por pares.<\/li>\n<li style=\"text-align: justify;\">Embora os climas mais quentes possam retardar a propaga\u00e7\u00e3o de 2019-nCoV, confiar apenas nas mudan\u00e7as clim\u00e1ticas isoladamente \u00e9 improv\u00e1vel que seja uma medida suficiente para retardar a transmiss\u00e3o do COVID-19.<\/li>\n<\/ul>\n<hr \/>\n<p style=\"text-align: justify;\"><strong>Transpar\u00eancia do processo de produ\u00e7\u00e3o e divulga\u00e7\u00e3o:<\/strong> o artigo n\u00e3o teve revis\u00e3o por pares; ele n\u00e3o deve substituir o julgamento cl\u00ednico individual e as fontes citadas devem ser checadas. O ponto de vista expresso neste coment\u00e1rio representa o ponto de vista dos autores e n\u00e3o necessariamente o ponto de vista da institui\u00e7\u00e3o sede, o NHS, o NIHR, ou o Departamento de Sa\u00fade. Os pontos de vista n\u00e3o substituem a recomenda\u00e7\u00e3o do m\u00e9dico.<\/p>\n<p><strong>Autores<\/strong><\/p>\n<p>Jon Brassey \u00e9 diretor da Trip Database Ltd, l\u00edder de \u00a0\u201cKnowledge Mobilisation\u201d na Public Health Wales (NHS) e editor associado no BMJ Evidence-Based Medicine<\/p>\n<p>Carl Heneghan\u00a0\u00e9 editor chefe do\u00a0<a href=\"https:\/\/ebm.bmj.com\/content\/22\/6\/202\">BMJ EBM<\/a>\u00a0e professor de Evidence-based Medicine, Centre for Evidence-Based Medicine no Nuffield Department of Primary Care Health Sciences, University of Oxford.<\/p>\n<p>Kamal R. Mahtani \u00e9 m\u00e9dico (\u201cgeneral practitioner\u201d), professor associado e Diretor adjunto do Centre for Evidence-Based Medicine, Nuffield Department of Primary Care Health Sciences, University of Oxford. Ele \u00e9 um editor associado do BMJ Evidence-Based Medicine journal e diretor do The Evidence-based Healthcare MSc in Systematic Reviews.<\/p>\n<p>Jeffrey Aronson\u00a0\u00e9 m\u00e9dico e farmacologista cl\u00ednico trabalhando no Centre for Evidence-Based Medicine no Nuffield Department of Primary Care Health Sciences, University of Oxford. Ele \u00e9 editor associado BMJ EBM e Presidente Em\u00e9rito da British Pharmacological Society.<\/p>\n<p><strong>TERMOS USADOS PARA A BUSCA DE EVID\u00caNCIAS<\/strong><\/p>\n<p>Os autores buscaram no Google Scholar, PubMed e medRxiv os seguintes termos:<\/p>\n<p>(Covid-19 OR SARS) AND (weather OR temperature OR humidity)<\/p>\n","protected":false},"excerpt":{"rendered":"<p>Tradutores: Tatiane Bomfim Ribeiro, Rachel Riera Veredito: Embora muitos dados ainda n\u00e3o tenham sido revisados \u200b\u200bpor pares, as evid\u00eancias recentes sugerem que as condi\u00e7\u00f5es clim\u00e1ticas podem influenciar a transmiss\u00e3o do novo coronav\u00edrus (SARS-CoV-2), e o clima frio e seco parece aumentar a dissemina\u00e7\u00e3o. Esse fen\u00f4meno pode ocorrer por meio de dois mecanismos: estabilidade do v\u00edrus&hellip;<\/p>\n","protected":false},"author":1,"featured_media":0,"parent":0,"menu_order":0,"comment_status":"closed","ping_status":"closed","template":"","meta":{"footnotes":""},"class_list":["post-1803","page","type-page","status-publish","hentry","description-off"],"_links":{"self":[{"href":"https:\/\/oxfordbrazilebm.com\/index.php\/wp-json\/wp\/v2\/pages\/1803","targetHints":{"allow":["GET"]}}],"collection":[{"href":"https:\/\/oxfordbrazilebm.com\/index.php\/wp-json\/wp\/v2\/pages"}],"about":[{"href":"https:\/\/oxfordbrazilebm.com\/index.php\/wp-json\/wp\/v2\/types\/page"}],"author":[{"embeddable":true,"href":"https:\/\/oxfordbrazilebm.com\/index.php\/wp-json\/wp\/v2\/users\/1"}],"replies":[{"embeddable":true,"href":"https:\/\/oxfordbrazilebm.com\/index.php\/wp-json\/wp\/v2\/comments?post=1803"}],"version-history":[{"count":2,"href":"https:\/\/oxfordbrazilebm.com\/index.php\/wp-json\/wp\/v2\/pages\/1803\/revisions"}],"predecessor-version":[{"id":1806,"href":"https:\/\/oxfordbrazilebm.com\/index.php\/wp-json\/wp\/v2\/pages\/1803\/revisions\/1806"}],"wp:attachment":[{"href":"https:\/\/oxfordbrazilebm.com\/index.php\/wp-json\/wp\/v2\/media?parent=1803"}],"curies":[{"name":"wp","href":"https:\/\/api.w.org\/{rel}","templated":true}]}}