{"id":1797,"date":"2020-03-25T13:57:24","date_gmt":"2020-03-25T13:57:24","guid":{"rendered":"http:\/\/oxfordbrazilebm.com\/?page_id=1797"},"modified":"2020-03-25T13:57:27","modified_gmt":"2020-03-25T13:57:27","slug":"disseminacao-do-sars-cov-2-por-fluidos-oculares","status":"publish","type":"page","link":"https:\/\/oxfordbrazilebm.com\/index.php\/disseminacao-do-sars-cov-2-por-fluidos-oculares\/","title":{"rendered":"Dissemina\u00e7\u00e3o do SARS-CoV-2 por fluidos oculares"},"content":{"rendered":"<p>Tradutores: Luis Eduardo Fontes, Ana Luiza Cabrera Martimbianco, Rachel Riera<\/p>\n<hr \/>\n<p style=\"text-align: justify;\">A morte do oftalmologista chin\u00eas <a href=\"https:\/\/www.bbc.co.uk\/news\/world-asia-china-51403795\">Li Wenliang<\/a> em Wuhan no m\u00eas passado levantou muitas preocupa\u00e7\u00f5es. Avaliamos aqui uma delas: a possibilidade de que o \u03b2-coronav\u00edrus, que causa COVID-19 e SARS-CoV-2 (tamb\u00e9m chamado 2019-nCoV), possa afetar os olhos e causar conjuntivite, e potencialmente ser transmitido por meio de fluidos oculares (estando o paciente com conjuntivite ou n\u00e3o ).<\/p>\n<p style=\"text-align: justify;\">O SARS-COV-2 \u00e9 um v\u00edrus de RNA de fita-simples encapsulado que possui uma <a href=\"https:\/\/www.ncbi.nlm.nih.gov\/pmc\/articles\/PMC3630917\/\">glicoprote\u00edna apiculada<\/a> e interage com o um receptor de liga\u00e7\u00e3o. O receptor \u00e9 a <a href=\"https:\/\/linkinghub.elsevier.com\/retrieve\/pii\/S0092867420302294\">enzima conversora de angiotensina 2<\/a> (ECA-2), que \u00e9 <a href=\"https:\/\/doi.org\/10.1007\/s11684-020-0754-0\">expressa<\/a> nas membranas de muitas c\u00e9lulas do corpo, incluindo os tratos respirat\u00f3rio, renal e intestinal, e as c\u00e9lulas card\u00edacas e imunol\u00f3gicas. O SARS-CoV-2 foi <a href=\"https:\/\/jamanetwork.com\/journals\/jama\/fullarticle\/2762997\">detectado<\/a> no sangue, escarro, urina, fezes e secre\u00e7\u00f5es respirat\u00f3rias de pacientes infectados. A <a href=\"https:\/\/pubmed.ncbi.nlm.nih.gov\/28367520\">ECA-2<\/a> \u00e9 encontrada no humor aquoso e na retina, mas n\u00e3o nos epit\u00e9lios conjuntival ou corneano.<\/p>\n<p style=\"text-align: justify;\">O coronav\u00edrus, ligado ao seu receptor na superf\u00edcie celular, \u00e9 internalizado por endocitose, replicado, e liberado para infectar outras c\u00e9lulas. A infec\u00e7\u00e3o pode levar \u00e0 desregula\u00e7\u00e3o de citocinas, respons\u00e1vel pela doen\u00e7a respirat\u00f3ria aguda potencialmente fatal.<\/p>\n<p style=\"text-align: justify;\">Os v\u00edrus que causam doen\u00e7as respirat\u00f3rias tamb\u00e9m podem causar <a href=\"https:\/\/pubmed.ncbi.nlm.nih.gov\/23471620\/\">complica\u00e7\u00f5es oculares<\/a> em indiv\u00edduos infectados, e podem estabelecer infec\u00e7\u00f5es respirat\u00f3rias ap\u00f3s a exposi\u00e7\u00e3o ocular. Por exemplo, em <a href=\"https:\/\/www.ncbi.nlm.nih.gov\/pmc\/articles\/PMC4136304\/\">fur\u00f5es<\/a>, aeross\u00f3is dos v\u00edrus influenza podem mediar a transmiss\u00e3o respirat\u00f3ria do v\u00edrus para animais saud\u00e1veis.<\/p>\n<p style=\"text-align: justify;\">Alguns coronav\u00edrus podem causar <a href=\"https:\/\/wwwnc.cdc.gov\/eid\/article\/11\/8\/05-0110_article\">conjuntivite em humanos<\/a>. No entanto, o dom\u00ednio de liga\u00e7\u00e3o ao receptor n\u00e3o \u00e9 o mesmo para todos os coronav\u00edrus, e isso fornece evid\u00eancias insuficientes para demonstrar que o SARS-CoV-2 \u00e9 transmiss\u00edvel pela conjuntiva. O SARS-CoV-1 (anteriormente SARS-CoV) se liga ao ACE-2 e parece infectar <a href=\"https:\/\/linkinghub.elsevier.com\/retrieve\/pii\/S0092867420302294\">linhagens celulares semelhantes<\/a> <em>in vitro<\/em>. Como os receptores da ECA-2 n\u00e3o foram observados na conjuntiva ou na c\u00f3rnea, a transmiss\u00e3o a partir de got\u00edculas propagadas pode ocorrer quando part\u00edculas virais nas l\u00e1grimas s\u00e3o drenadas, pelo <a href=\"https:\/\/www.ncbi.nlm.nih.gov\/pubmed\/32189463\">ducto nasolacrimal<\/a>, para o trato respirat\u00f3rio.<\/p>\n<p style=\"text-align: justify;\"><strong>SARS-CoV-1<\/strong><\/p>\n<p style=\"text-align: justify;\">O v\u00edrus SARS-CoV-1 n\u00e3o foi detectado pela rea\u00e7\u00e3o em cadeia da polimerase com transcriptase reversa (RT-PCR) nem isolado por cultura viral de l\u00e1grimas ou <a href=\"https:\/\/www.ncbi.nlm.nih.gov\/pmc\/articles\/PMC1772218\/\">raspados conjuntivais<\/a> obtidos de 20 pacientes com infec\u00e7\u00e3o por SARS-CoV-1, durante o surto de Hong Kong em 2003. Por outro lado, amostras de l\u00e1grimas foram <a href=\"https:\/\/bjo.bmj.com\/content\/88\/7\/861\">positivas para RNA viral<\/a> durante os primeiros nove dias da doen\u00e7a em tr\u00eas dos 36 pacientes com infec\u00e7\u00e3o por SARS-CoV-1 em Cingapura.<\/p>\n<p style=\"text-align: justify;\">SAR<strong>S-CoV-2<\/strong><\/p>\n<p style=\"text-align: justify;\">Um <a href=\"https:\/\/www.medrxiv.org\/content\/10.1101\/2020.02.11.20021956v1\">estudo<\/a> de swabs conjuntivais de pacientes com COVID-19, mas sem sintomas oculares, mostrou um resultado claramente positivo e dois resultados provavelmente positivos para o RNA viral. Em 31 pacientes com infec\u00e7\u00e3o por SARS-CoV-2, nove dos quais foram gravemente afetados, <a href=\"https:\/\/onlinelibrary.wiley.com\/doi\/10.1002\/jmv.25725\">amostras de l\u00e1grimas e secre\u00e7\u00f5es conjuntivais <\/a>apresentaram resultados positivos por RT-PCR em apenas um paciente com conjuntivite.<\/p>\n<p style=\"text-align: justify;\">Tamb\u00e9m houve <a href=\"https:\/\/doi.org\/10.1016\/S0140-6736(20)30313-5\">relatos<\/a> de um m\u00e9dico que cuidou de pacientes com COVID-19 e que desenvolveu conjuntivite &#8220;v\u00e1rios dias antes do in\u00edcio da pneumonia&#8221;, e um <a href=\"https:\/\/www.eurosurveillance.org\/content\/10.2807\/1560-7917.ES.2020.25.6.2000094\">paciente chin\u00eas<\/a> na Fran\u00e7a que apresentou febre, rigidez, fadiga, conjuntivite e tosse. A <a href=\"https:\/\/www.who.int\/docs\/default-source\/coronaviruse\/who-china-joint-mission-on-covid-19-final-report.pdf\">miss\u00e3o conjunta OMS-China no COVID-19<\/a> estimou a incid\u00eancia de congest\u00e3o conjuntival em 0,8%, com base em um estudo com 55.924 casos laboratorialmente confirmados de infec\u00e7\u00e3o por COVID-19.<\/p>\n<p style=\"text-align: justify;\"><strong>Outros coronav\u00edrus<\/strong><\/p>\n<p style=\"text-align: justify;\">O HCoV-NL63, o coronav\u00edrus de New Haven, foi<a href=\"https:\/\/www.ncbi.nlm.nih.gov\/pubmed\/15034574\"> identificado<\/a> pela primeira vez em um beb\u00ea com bronquiolite e conjuntivite e, posteriormente, em <a href=\"https:\/\/wwwnc.cdc.gov\/eid\/article\/11\/8\/05-0110_article\">tr\u00eas crian\u00e7as<\/a> com conjuntivite associada a infec\u00e7\u00f5es do trato respirat\u00f3rio por HCoV-NL63. No entanto, os relatos cl\u00ednicos sugerem uma baixa incid\u00eancia de conjuntivite com outros coronav\u00edrus. Por exemplo, conjuntivite foi registrada em 6 de 261 (2%) casos de infec\u00e7\u00e3o por coronav\u00edrus da <a href=\"https:\/\/www.ncbi.nlm.nih.gov\/pmc\/articles\/PMC6074457\/\">s\u00edndrome respirat\u00f3ria do Oriente M\u00e9dio (MERS-CoV)<\/a>. Os swabs conjuntivais de 5 de 76 \u00a0(7%) <a href=\"https:\/\/www.ncbi.nlm.nih.gov\/pubmed\/24786259\">dromed\u00e1rios<\/a>, hospedeiros animais, mostraram-se positivos para o RNA viral.<\/p>\n<p style=\"text-align: justify;\"><strong>Recomenda\u00e7\u00f5es para oftalmologistas<\/strong><\/p>\n<p style=\"text-align: justify;\">A proximidade entre os oftalmologistas e seus pacientes levantou preocupa\u00e7\u00f5es de que eles estejam em risco de serem infectados pela transmiss\u00e3o por meio de got\u00edculas de tosse ou espirro. Para pacientes assintom\u00e1ticos e sem fatores de risco, a <a href=\"https:\/\/www.aao.org\/headline\/alert-important-coronavirus-context\">Academia Americana de Oftalmologistas<\/a> (AAO) e o <a href=\"https:\/\/www.rcophth.ac.uk\/wp-content\/uploads\/2020\/03\/Coronavirus-RCOphth-update-March-19th.pdf\">Royal College of Ophthalmologists do Reino Unido<\/a> (RCOphth) recomendam medidas gen\u00e9ricas para proteger os oftalmologistas contra infec\u00e7\u00f5es, e incluem pr\u00e1ticas de desinfec\u00e7\u00e3o intensivas,\u00a0 protetores pl\u00e1sticos para l\u00e2mpadas de fenda, redu\u00e7\u00e3o ou elimina\u00e7\u00e3o de conversas com o paciente durante o exame com l\u00e2mpada de fenda, reduzir o tempo gasto com o paciente na l\u00e2mpada de fenda e considerar se as investiga\u00e7\u00f5es oftalmol\u00f3gicas, como imagens oculares, s\u00e3o cr\u00edticas para o processo de tomada de decis\u00e3o. Ambas as organiza\u00e7\u00f5es recomendaram o cancelamento de tratamentos n\u00e3o urgentes.<\/p>\n<p style=\"text-align: justify;\"><strong>Conclus\u00f5es<\/strong><\/p>\n<ul>\n<li style=\"text-align: justify;\">As evid\u00eancias at\u00e9 agora s\u00e3o de que secre\u00e7\u00f5es conjuntivais e l\u00e1grimas de pacientes com infec\u00e7\u00e3o por SARS-CoV-2 podem conter RNA viral.<\/li>\n<li style=\"text-align: justify;\">Menos de 1% dos pacientes com infec\u00e7\u00e3o ter\u00e3o conjuntivite. Eles podem representar um risco maior do que aqueles sem sintomas oculares.<\/li>\n<li style=\"text-align: justify;\">Os profissionais de sa\u00fade devem assumir que os fluidos oculares de todos os pacientes s\u00e3o potencialmente infectantes.<\/li>\n<li style=\"text-align: justify;\">Os profissionais de sa\u00fade devem usar prote\u00e7\u00e3o ocular ao lidar com pacientes que t\u00eam ou podem ter COVID-19.<\/li>\n<\/ul>\n<hr \/>\n<p style=\"text-align: justify;\"><strong>Transpar\u00eancia do processo de produ\u00e7\u00e3o e divulga\u00e7\u00e3o:<\/strong> o artigo n\u00e3o teve revis\u00e3o por pares; ele n\u00e3o deve substituir o julgamento cl\u00ednico individual e as fontes citadas devem ser checadas. O ponto de vista expresso neste coment\u00e1rio representa o ponto de vista dos autores e n\u00e3o necessariamente o ponto de vista da institui\u00e7\u00e3o sede, o NHS, o NIHR, ou o Departamento de Sa\u00fade. Os pontos de vista n\u00e3o substituem a recomenda\u00e7\u00e3o do m\u00e9dico.<\/p>\n<p><strong>Link para o original: <\/strong><a href=\"https:\/\/www.cebm.net\/spreading-sars-cov-2-through-ocular-fluids\/\">https:\/\/www.cebm.net\/spreading-sars-cov-2-through-ocular-fluids\/<\/a><\/p>\n<p><strong>Deve ser citado como: <\/strong>Robin E Ferner, Philip I Murray, Professor of Ophthalmology, University of Birmingham, UK and Jeffrey K Aronson. <a href=\"https:\/\/www.cebm.net\/spreading-sars-cov-2-through-ocular-fluids\/\">https:\/\/www.cebm.net\/spreading-sars-cov-2-through-ocular-fluids\/<\/a><\/p>\n","protected":false},"excerpt":{"rendered":"<p>Tradutores: Luis Eduardo Fontes, Ana Luiza Cabrera Martimbianco, Rachel Riera A morte do oftalmologista chin\u00eas Li Wenliang em Wuhan no m\u00eas passado levantou muitas preocupa\u00e7\u00f5es. Avaliamos aqui uma delas: a possibilidade de que o \u03b2-coronav\u00edrus, que causa COVID-19 e SARS-CoV-2 (tamb\u00e9m chamado 2019-nCoV), possa afetar os olhos e causar conjuntivite, e potencialmente ser transmitido por&hellip;<\/p>\n","protected":false},"author":1,"featured_media":0,"parent":0,"menu_order":0,"comment_status":"closed","ping_status":"closed","template":"","meta":{"footnotes":""},"class_list":["post-1797","page","type-page","status-publish","hentry","description-off"],"_links":{"self":[{"href":"https:\/\/oxfordbrazilebm.com\/index.php\/wp-json\/wp\/v2\/pages\/1797","targetHints":{"allow":["GET"]}}],"collection":[{"href":"https:\/\/oxfordbrazilebm.com\/index.php\/wp-json\/wp\/v2\/pages"}],"about":[{"href":"https:\/\/oxfordbrazilebm.com\/index.php\/wp-json\/wp\/v2\/types\/page"}],"author":[{"embeddable":true,"href":"https:\/\/oxfordbrazilebm.com\/index.php\/wp-json\/wp\/v2\/users\/1"}],"replies":[{"embeddable":true,"href":"https:\/\/oxfordbrazilebm.com\/index.php\/wp-json\/wp\/v2\/comments?post=1797"}],"version-history":[{"count":5,"href":"https:\/\/oxfordbrazilebm.com\/index.php\/wp-json\/wp\/v2\/pages\/1797\/revisions"}],"predecessor-version":[{"id":1802,"href":"https:\/\/oxfordbrazilebm.com\/index.php\/wp-json\/wp\/v2\/pages\/1797\/revisions\/1802"}],"wp:attachment":[{"href":"https:\/\/oxfordbrazilebm.com\/index.php\/wp-json\/wp\/v2\/media?parent=1797"}],"curies":[{"name":"wp","href":"https:\/\/api.w.org\/{rel}","templated":true}]}}