{"id":1542,"date":"2020-01-25T15:15:23","date_gmt":"2020-01-25T15:15:23","guid":{"rendered":"http:\/\/oxfordbrazilebm.com\/?page_id=1542"},"modified":"2020-01-25T20:43:11","modified_gmt":"2020-01-25T20:43:11","slug":"pagina-de-vies-em-construcao","status":"publish","type":"page","link":"https:\/\/oxfordbrazilebm.com\/index.php\/pagina-de-vies-em-construcao\/","title":{"rendered":"P\u00e1gina de Vi\u00e9s em Constru\u00e7\u00e3o"},"content":{"rendered":"\n<p class=\"has-large-font-size\">Este vi\u00e9s j\u00e1 foi traduzido e em breve estar\u00e1 dispon\u00edvel!<\/p>\n","protected":false},"excerpt":{"rendered":"<p>Este vi\u00e9s j\u00e1 foi traduzido e em breve estar\u00e1 dispon\u00edvel!<\/p>\n","protected":false},"author":1,"featured_media":0,"parent":0,"menu_order":0,"comment_status":"closed","ping_status":"closed","template":"","meta":{"footnotes":""},"class_list":["post-1542","page","type-page","status-publish","hentry","description-off"],"_links":{"self":[{"href":"https:\/\/oxfordbrazilebm.com\/index.php\/wp-json\/wp\/v2\/pages\/1542","targetHints":{"allow":["GET"]}}],"collection":[{"href":"https:\/\/oxfordbrazilebm.com\/index.php\/wp-json\/wp\/v2\/pages"}],"about":[{"href":"https:\/\/oxfordbrazilebm.com\/index.php\/wp-json\/wp\/v2\/types\/page"}],"author":[{"embeddable":true,"href":"https:\/\/oxfordbrazilebm.com\/index.php\/wp-json\/wp\/v2\/users\/1"}],"replies":[{"embeddable":true,"href":"https:\/\/oxfordbrazilebm.com\/index.php\/wp-json\/wp\/v2\/comments?post=1542"}],"version-history":[{"count":4,"href":"https:\/\/oxfordbrazilebm.com\/index.php\/wp-json\/wp\/v2\/pages\/1542\/revisions"}],"predecessor-version":[{"id":1562,"href":"https:\/\/oxfordbrazilebm.com\/index.php\/wp-json\/wp\/v2\/pages\/1542\/revisions\/1562"}],"wp:attachment":[{"href":"https:\/\/oxfordbrazilebm.com\/index.php\/wp-json\/wp\/v2\/media?parent=1542"}],"curies":[{"name":"wp","href":"https:\/\/api.w.org\/{rel}","templated":true}]}}