{"id":1458,"date":"2019-11-15T15:18:27","date_gmt":"2019-11-15T15:18:27","guid":{"rendered":"http:\/\/oxfordbrazilebm.com\/?page_id=1458"},"modified":"2019-11-15T15:18:27","modified_gmt":"2019-11-15T15:18:27","slug":"vies-de-idioma","status":"publish","type":"page","link":"https:\/\/oxfordbrazilebm.com\/index.php\/vies-de-idioma\/","title":{"rendered":"Vi\u00e9s de idioma"},"content":{"rendered":"<div class=\"wpb-content-wrapper\"><p>[vc_row bg_type=&#8221;bg_color&#8221; css=&#8221;.vc_custom_1572747881603{padding-top: 10px !important;padding-bottom: 10px !important;}&#8221; bg_color_value=&#8221;#f7f7f7&#8243;][vc_column width=&#8221;1\/3&#8243;][vc_column_text]<b>Nome original do vi\u00e9s: <\/b>Language bias[\/vc_column_text][\/vc_column][vc_column width=&#8221;1\/3&#8243;][vc_column_text]<strong>Tradutor: <\/strong>Carolina Oliveira Cruz Latorraca, Rafael Leite Pacheco, Rachel Riera[\/vc_column_text][\/vc_column][\/vc_row][vc_row][vc_column]<div class=\"ult-spacer spacer-69f0bf529ccf7\" data-id=\"69f0bf529ccf7\" data-height=\"30\" data-height-mobile=\"30\" data-height-tab=\"30\" data-height-tab-portrait=\"\" data-height-mobile-landscape=\"\" style=\"clear:both;display:block;\"><\/div>[vc_separator]<div class=\"ult-spacer spacer-69f0bf529cd28\" data-id=\"69f0bf529cd28\" data-height=\"30\" data-height-mobile=\"30\" data-height-tab=\"30\" data-height-tab-portrait=\"\" data-height-mobile-landscape=\"\" style=\"clear:both;display:block;\"><\/div>[\/vc_column][\/vc_row][vc_row][vc_column][vc_column_text]<\/p>\n<p style=\"text-align: justify;\">Publica\u00e7\u00e3o dos resultados dos estudos em um idioma espec\u00edfico.<\/p>\n<p style=\"text-align: justify;\"><strong>Introdu\u00e7\u00e3o<\/strong><\/p>\n<p style=\"text-align: justify;\">A l\u00edngua inglesa tem sido o idioma predominante das publica\u00e7\u00f5es de pesquisas em sa\u00fade. Publica\u00e7\u00f5es em outros idiomas \u00e0s vezes podem ser consideradas como tendo import\u00e2ncia secund\u00e1ria. Estudos com resultados positivos tamb\u00e9m t\u00eam maior probabilidade de serem publicados em Ingl\u00eas. Ler e utilizar apenas estudos publicados em Ingl\u00eas pode promover acesso enviesado a algum tema, e pode levar a resultados enviesados nas revis\u00f5es sistem\u00e1ticas<\/p>\n<p style=\"text-align: justify;\"><strong>Exemplos<\/strong><\/p>\n<p style=\"text-align: justify;\">Em 1997, um estudo do Lancet avaliou o idioma utilizado para publicar resultados de ensaios cl\u00ednicos randomizados (ECRs) realizados em regi\u00f5es da Europa que falam a l\u00edngua alem\u00e3. Os autores descobriram que estudos com resultados estatisticamente significantes tinham maior probabilidade de serem publicados em Ingl\u00eas do que em Alem\u00e3o.<\/p>\n<p style=\"text-align: justify;\"><strong>Impacto<\/strong><\/p>\n<p style=\"text-align: justify;\">Pesquisas avaliando o efeito do vi\u00e9s de idioma nos achados de revis\u00f5es sistem\u00e1ticas ainda n\u00e3o encontraram evid\u00eancias quantific\u00e1veis sobre esse vi\u00e9s, por\u00e9m encontraram uma diferen\u00e7a estatisticamente significante na propor\u00e7\u00e3o de estudos com resultados positivos e negativos publicados em Ingl\u00eas em compara\u00e7\u00e3o com outros idiomas. Um ter\u00e7o dos artigos na l\u00edngua alem\u00e3 relataram resultados significativos, em compara\u00e7\u00e3o com dois ter\u00e7os de artigos publicados em Ingl\u00eas (p = 0,002).<\/p>\n<p style=\"text-align: justify;\"><strong>Passos para preven\u00e7\u00e3o<\/strong><\/p>\n<p style=\"text-align: justify;\">Os pesquisadores devem ficar atentos para encontrar e utilizar pesquisas publicadas em outros idiomas al\u00e9m do seu idioma de origem e do Ingl\u00eas. Idealmente, revis\u00f5es n\u00e3o devem excluir estudos por causa do idioma em que s\u00e3o publicados.<\/p>\n<p>[\/vc_column_text][\/vc_column][\/vc_row][vc_row][vc_column]<div class=\"ult-spacer spacer-69f0bf529cd44\" data-id=\"69f0bf529cd44\" data-height=\"30\" data-height-mobile=\"30\" data-height-tab=\"30\" data-height-tab-portrait=\"\" data-height-mobile-landscape=\"\" style=\"clear:both;display:block;\"><\/div>[vc_separator]<div class=\"ult-spacer spacer-69f0bf529cd5d\" data-id=\"69f0bf529cd5d\" data-height=\"30\" data-height-mobile=\"30\" data-height-tab=\"30\" data-height-tab-portrait=\"\" data-height-mobile-landscape=\"\" style=\"clear:both;display:block;\"><\/div>[\/vc_column][\/vc_row][vc_row bg_type=&#8221;bg_color&#8221; bg_color_value=&#8221;#f7f7f7&#8243; css=&#8221;.vc_custom_1572747847655{padding-top: 20px !important;padding-bottom: 20px !important;}&#8221;][vc_column][vc_column_text]<strong>Link para o original: <\/strong><u><a href=\"https:\/\/catalogofbias.org\/biases\/language-bias\/\">https:\/\/catalogofbias.org\/biases\/language-bias\/<\/a><\/u><\/p>\n<p><strong>\u00a0<\/strong><\/p>\n<p><strong>Deve ser citado como:<\/strong><\/p>\n<p>Catalogue of Bias Collaboration, Brassey J, Spencer EA, Heneghan C. Langauge bias. In: Catalogue Of Bias 2017: <a href=\"https:\/\/www.catalogueofbias.org\/biases\/language-bias\">https:\/\/www.catalogueofbias.org\/biases\/language-bias<\/a><\/p>\n<p><strong>\u00a0<\/strong><\/p>\n<p><strong>Fontes<\/strong><\/p>\n<p>Egger M et al.<a href=\"https:\/\/www.ncbi.nlm.nih.gov\/pubmed\/9251637\"> Language bias in randomised controlled trials published in English and German.<\/a> Lancet. 1997 Aug 2;350(9074):326-9.<\/p>\n<p>J\u00fcni P et al. <a href=\"http:\/\/www.ncbi.nlm.nih.gov\/pubmed\/11914306\">Direction and impact of language bias in meta-analyses of controlled trials: empirical study., <\/a>Int J Epidemiol., 2002 Feb;31(1):115-23<\/p>\n<p>Moher D et al. <a href=\"http:\/\/www.ncbi.nlm.nih.gov\/pubmed\/?term=moher+2003+language+bias\">The inclusion of reports of randomised trials published in languages other than English in systematic reviews<\/a>. Health Technol Assess., 2003;7(41):1-90<\/p>\n<p>Sackett DL.<a href=\"https:\/\/drive.google.com\/drive\/folders\/0B65aSNYe6xdjUWk3c25EejNtUlU\"> Bias in analytic research.<\/a> J Chron Dis 1979; 32: 51-63<\/p>\n<p>&nbsp;<\/p>\n<h4><strong>PubMed feed<\/strong><\/h4>\n<p>Estas fontes podem ser recuperadas a partir do PubMed:<\/p>\n<p>Yatawatte H, Poellabauer C, Schneider S, Latham S. <a href=\"https:\/\/www.ncbi.nlm.nih.gov\/pubmed\/30441227?dopt=Abstract\">Deviations of acoustic low-level descriptors in speech features of a set of triplets, one with autism.<\/a>[\/vc_column_text][\/vc_column][\/vc_row]<\/p>\n<\/div>","protected":false},"excerpt":{"rendered":"<p>[vc_row bg_type=&#8221;bg_color&#8221; css=&#8221;.vc_custom_1572747881603{padding-top: 10px !important;padding-bottom: 10px !important;}&#8221; bg_color_value=&#8221;#f7f7f7&#8243;][vc_column width=&#8221;1\/3&#8243;][vc_column_text]Nome original do vi\u00e9s: Language bias[\/vc_column_text][\/vc_column][vc_column width=&#8221;1\/3&#8243;][vc_column_text]Tradutor: Carolina Oliveira Cruz Latorraca, Rafael Leite Pacheco, Rachel Riera[\/vc_column_text][\/vc_column][\/vc_row][vc_row][vc_column][vc_separator][\/vc_column][\/vc_row][vc_row][vc_column][vc_column_text] Publica\u00e7\u00e3o dos resultados dos estudos em um idioma espec\u00edfico. Introdu\u00e7\u00e3o A l\u00edngua inglesa tem sido o idioma predominante das publica\u00e7\u00f5es de pesquisas em sa\u00fade. Publica\u00e7\u00f5es em outros idiomas \u00e0s vezes podem&hellip;<\/p>\n","protected":false},"author":1,"featured_media":0,"parent":0,"menu_order":0,"comment_status":"closed","ping_status":"closed","template":"","meta":{"footnotes":""},"class_list":["post-1458","page","type-page","status-publish","hentry","description-off"],"_links":{"self":[{"href":"https:\/\/oxfordbrazilebm.com\/index.php\/wp-json\/wp\/v2\/pages\/1458","targetHints":{"allow":["GET"]}}],"collection":[{"href":"https:\/\/oxfordbrazilebm.com\/index.php\/wp-json\/wp\/v2\/pages"}],"about":[{"href":"https:\/\/oxfordbrazilebm.com\/index.php\/wp-json\/wp\/v2\/types\/page"}],"author":[{"embeddable":true,"href":"https:\/\/oxfordbrazilebm.com\/index.php\/wp-json\/wp\/v2\/users\/1"}],"replies":[{"embeddable":true,"href":"https:\/\/oxfordbrazilebm.com\/index.php\/wp-json\/wp\/v2\/comments?post=1458"}],"version-history":[{"count":1,"href":"https:\/\/oxfordbrazilebm.com\/index.php\/wp-json\/wp\/v2\/pages\/1458\/revisions"}],"predecessor-version":[{"id":1459,"href":"https:\/\/oxfordbrazilebm.com\/index.php\/wp-json\/wp\/v2\/pages\/1458\/revisions\/1459"}],"wp:attachment":[{"href":"https:\/\/oxfordbrazilebm.com\/index.php\/wp-json\/wp\/v2\/media?parent=1458"}],"curies":[{"name":"wp","href":"https:\/\/api.w.org\/{rel}","templated":true}]}}