{"id":1410,"date":"2019-11-13T20:16:04","date_gmt":"2019-11-13T20:16:04","guid":{"rendered":"http:\/\/oxfordbrazilebm.com\/?page_id=1410"},"modified":"2019-11-13T20:26:07","modified_gmt":"2019-11-13T20:26:07","slug":"vies-de-deteccao","status":"publish","type":"page","link":"https:\/\/oxfordbrazilebm.com\/index.php\/vies-de-deteccao\/","title":{"rendered":"Vi\u00e9s de detec\u00e7\u00e3o"},"content":{"rendered":"<div class=\"wpb-content-wrapper\"><p>[vc_row bg_type=&#8221;bg_color&#8221; css=&#8221;.vc_custom_1572747881603{padding-top: 10px !important;padding-bottom: 10px !important;}&#8221; bg_color_value=&#8221;#f7f7f7&#8243;][vc_column width=&#8221;1\/3&#8243;][vc_column_text]<b>Nome original do vi\u00e9s:\u00a0<\/b> Detection bias[\/vc_column_text][\/vc_column][vc_column width=&#8221;1\/3&#8243;][vc_column_text]<strong>Tradutor: <\/strong>Ana Luiza Cabrera Martimbianco<\/p>\n<p><strong>Primeiro revisor: <\/strong>Rafael Leite Pacheco<\/p>\n<p><strong>Segundo revisor: <\/strong>Rachel Riera[\/vc_column_text][\/vc_column][\/vc_row][vc_row][vc_column]<div class=\"ult-spacer spacer-69e4c0078fafb\" data-id=\"69e4c0078fafb\" data-height=\"30\" data-height-mobile=\"30\" data-height-tab=\"30\" data-height-tab-portrait=\"\" data-height-mobile-landscape=\"\" style=\"clear:both;display:block;\"><\/div>[vc_separator]<div class=\"ult-spacer spacer-69e4c0078fb1e\" data-id=\"69e4c0078fb1e\" data-height=\"30\" data-height-mobile=\"30\" data-height-tab=\"30\" data-height-tab-portrait=\"\" data-height-mobile-landscape=\"\" style=\"clear:both;display:block;\"><\/div>[\/vc_column][\/vc_row][vc_row][vc_column][vc_column_text]<\/p>\n<p style=\"text-align: justify;\">Diferen\u00e7as sistem\u00e1ticas entre grupos com rela\u00e7\u00e3o a como os desfechos s\u00e3o determinados.<\/p>\n<p>&nbsp;<\/p>\n<p style=\"text-align: justify;\"><strong>Introdu\u00e7\u00e3o<\/strong><\/p>\n<p style=\"text-align: justify;\">Um teste ou tratamento para uma doen\u00e7a pode ter um desempenho diferente de acordo com as caracter\u00edsticas dos participantes do estudo, que por si s\u00f3 podem influenciar a probabilidade de detec\u00e7\u00e3o da doen\u00e7a ou a efetividade do tratamento. O vi\u00e9s de detec\u00e7\u00e3o pode ocorrer em estudos onde os grupos diferem na forma como as informa\u00e7\u00f5es dos desfechos s\u00e3o coletadas ou na forma como os desfechos s\u00e3o verificados.<\/p>\n<p style=\"text-align: justify;\">\n<p style=\"text-align: justify;\"><strong>Exemplo<\/strong><\/p>\n<p style=\"text-align: justify;\">Homens maiores t\u00eam pr\u00f3statas maiores, o que dificulta o diagn\u00f3stico de c\u00e2ncer de pr\u00f3stata por meio de bi\u00f3psia (\u00e9 mais dif\u00edcil atingir o alvo). Portanto, homens com pr\u00f3statas maiores s\u00e3o menos propensos a terem o diagn\u00f3stico preciso de c\u00e2ncer de pr\u00f3stata. Assim, uma associa\u00e7\u00e3o real entre obesidade e risco de c\u00e2ncer de pr\u00f3stata pode ser subestimada.<\/p>\n<p style=\"text-align: justify;\">Este fato foi demonstrado por pesquisadores que descobriram que a obesidade aumentava o risco de c\u00e2ncer de pr\u00f3stata. Sem considerar o tamanho da pr\u00f3stata, no entanto, a rela\u00e7\u00e3o entre obesidade e c\u00e2ncer de pr\u00f3stata \u00e9 subestimada.<\/p>\n<p style=\"text-align: justify;\">\n<p style=\"text-align: justify;\"><strong>Tabela 1.<\/strong> Associa\u00e7\u00e3o entre peso corporal e incid\u00eancia de c\u00e2ncer de pr\u00f3stata antes e depois do ajuste para o volume prost\u00e1tico.<\/p>\n<table>\n<tbody>\n<tr>\n<td width=\"113\">Peso\/ Modelo de associa\u00e7\u00e3o<\/td>\n<td width=\"227\">Modelo de linha de base *, raz\u00e3o de chances (IC95%)<\/td>\n<td width=\"214\">Modelo de linha de base ajustado para o volume prost\u00e1tico**, raz\u00e3o de chances (IC95%)<\/td>\n<\/tr>\n<tr>\n<td width=\"113\">Normal<\/td>\n<td width=\"227\">1<\/td>\n<td width=\"214\">1<\/td>\n<\/tr>\n<tr>\n<td width=\"113\">Sobrepeso<\/td>\n<td width=\"227\">1,41 (1,01 a 1,97)<\/td>\n<td width=\"214\">1,52 (1,08 a 2,14)<\/td>\n<\/tr>\n<tr>\n<td width=\"113\">Obesidade<\/td>\n<td width=\"227\">1,59 (1,09 a 2,33)<\/td>\n<td width=\"214\">1,77 (1,20 a 2,62)<\/td>\n<\/tr>\n<tr>\n<td width=\"113\">Volume da pr\u00f3stata (por 10ml)<\/td>\n<td width=\"227\">NA<\/td>\n<td width=\"214\">0,92 (0,88 a 0,97)<\/td>\n<\/tr>\n<\/tbody>\n<\/table>\n<p style=\"text-align: justify;\"><em>* Modelo considera pareamento e ajustes de acordo com a hist\u00f3ria familiar, n\u00edvel de PSA e exame de toque retal durante o seguimento. ** Modelo considera pareamento e ajustes de acordo com a hist\u00f3ria familiar, n\u00edvel de PSA e exame de toque retal durante o seguimento e o volume da pr\u00f3stata.<\/em><\/p>\n<p style=\"text-align: justify;\">Valores subestimados da associa\u00e7\u00e3o entre obesidade e risco global de c\u00e2ncer de pr\u00f3stata pode existir na literatura (Rundle A et al., 2017).<\/p>\n<p style=\"text-align: justify;\"><strong>\u00a0<\/strong><\/p>\n<p style=\"text-align: justify;\"><strong>Impacto<\/strong><\/p>\n<p style=\"text-align: justify;\">O vi\u00e9s de detec\u00e7\u00e3o pode superestimar ou subestimar o tamanho do efeito. Por exemplo, uma revis\u00e3o sistem\u00e1tica recente mostrou que, em m\u00e9dia, a presen\u00e7a de avaliadores \u2018n\u00e3o cegos\u2019 de desfechos em estudos randomizados aumentaram o <em>odds ratio<\/em> (raz\u00e3o de chances) em 36%.<\/p>\n<p style=\"text-align: justify;\">Outros estudos t\u00eam sugerido que o risco de um segundo c\u00e2ncer de mama pode ser maior entre mulheres que usam estatinas e menores entre mulheres que usam antibi\u00f3ticos, quando comparadas a um grupo de mulheres que n\u00e3o fazem esses tratamentos. `<\/p>\n<p style=\"text-align: justify;\">Em um estudo de coorte de sobreviventes de c\u00e2ncer de mama, houve diferen\u00e7as sistem\u00e1ticas em rela\u00e7\u00e3o \u00e0 quantidade de exames de rastreamento que essas mulheres realizaram, dependendo dos medicamentos que elas usavam. Isso significa que qualquer associa\u00e7\u00e3o observada pode ter sido afetada pelo vi\u00e9s de detec\u00e7\u00e3o.<\/p>\n<p style=\"text-align: justify;\">Um estudo de coorte que investigou a rela\u00e7\u00e3o entre tabagismo e risco de c\u00e2ncer basocelular ou escamoso observou que fumantes tinham riscos significativamente menores de carcinoma basocelular, mas maiores de carcinoma de c\u00e9lulas escamosas. Ex-fumantes tinham riscos semelhantes para cada c\u00e2ncer, assim como os que nunca fumaram. No entanto, quando os pesquisadores analisaram mais detalhadamente descobriram que os fumantes realizaram menos exames e procedimentos de pele do que os participantes que nunca fumaram.<\/p>\n<p style=\"text-align: justify;\">\n<p style=\"text-align: justify;\"><strong>Passos para preven\u00e7\u00e3o<\/strong><\/p>\n<p style=\"text-align: justify;\">Estudos de interven\u00e7\u00e3o devem ser planejados para assegurar que todos os grupos tenham chance equivalente de serem afetados por fatores conhecidos que influenciam a detec\u00e7\u00e3o. O uso de m\u00e9todos de randomiza\u00e7\u00e3o em estudos de interven\u00e7\u00e3o tamb\u00e9m visa gerar grupos semelhantes com rela\u00e7\u00e3o aos fatores desconhecidos. Nos estudos observacionais, as potenciais fontes de vi\u00e9s de detec\u00e7\u00e3o devem ser investigadas e, se identificadas, ajustadas ou estratificadas para esclarecer as associa\u00e7\u00f5es de interesse observadas.<\/p>\n<p style=\"text-align: justify;\">Ajuste estat\u00edstico para as diferen\u00e7as identificadas pode ser usado para ajudar a reduzir o problema. Por exemplo, ajuste para a idade com o objetivo de evitar discrep\u00e2ncias na idade que possam levar a uma observa\u00e7\u00e3o esp\u00faria de associa\u00e7\u00e3o \/ efeito. O vi\u00e9s de detec\u00e7\u00e3o tamb\u00e9m pode ser devido ao conhecimento das interven\u00e7\u00f5es alocadas pelos avaliadores dos desfechos; portanto, estes devem ser cegados para a interven\u00e7\u00e3o.<\/p>\n<p>[\/vc_column_text][\/vc_column][\/vc_row][vc_row][vc_column]<div class=\"ult-spacer spacer-69e4c0078fb2f\" data-id=\"69e4c0078fb2f\" data-height=\"30\" data-height-mobile=\"30\" data-height-tab=\"30\" data-height-tab-portrait=\"\" data-height-mobile-landscape=\"\" style=\"clear:both;display:block;\"><\/div>[vc_separator]<div class=\"ult-spacer spacer-69e4c0078fb42\" data-id=\"69e4c0078fb42\" data-height=\"30\" data-height-mobile=\"30\" data-height-tab=\"30\" data-height-tab-portrait=\"\" data-height-mobile-landscape=\"\" style=\"clear:both;display:block;\"><\/div>[\/vc_column][\/vc_row][vc_row bg_type=&#8221;bg_color&#8221; bg_color_value=&#8221;#f7f7f7&#8243; css=&#8221;.vc_custom_1572747847655{padding-top: 20px !important;padding-bottom: 20px !important;}&#8221;][vc_column][vc_column_text]<strong>Link para o original:<\/strong> <u><a href=\"https:\/\/catalogofbias.org\/biases\/detection-bias\/\">https:\/\/catalogofbias.org\/biases\/detection-bias\/<\/a><\/u><\/p>\n<p>&nbsp;<\/p>\n<p><strong>Deve ser citado como<\/strong>: Catalogue of Bias Collabaration, O\u2019Sullivan J, Banerjee A, Pluddemann. Detection bias. In: Catalogue of Bias 2017: <a href=\"https:\/\/catalogofbias.org\/biases\/detection-bias\/\">https:\/\/catalogofbias.org\/biases\/detection-bias\/<\/a><\/p>\n<p>&nbsp;<\/p>\n<p><strong>Fontes:<\/strong><\/p>\n<p>Cochrane Methods Bias. <a href=\"http:\/\/methods.cochrane.org\/bias\/assessing-risk-bias-included-studies\">Assessing Risk of Bias in Included Studies<\/a><\/p>\n<p>Hr\u00f3bjartsson A, <em>et al.<\/em> <a href=\"https:\/\/www.ncbi.nlm.nih.gov\/pubmed\/22371859\">Observer bias in randomised clinical trials with binary outcomes: Systematic review of trials with both blinded and non-blinded outcome assessors<\/a>. BMJ 2012;344:e1119.<\/p>\n<p>Dusingize JC, <em>et al.<\/em> QSkin Study. <a href=\"https:\/\/www.ncbi.nlm.nih.gov\/pubmed\/28414022\">Cigarette smoking and the risks of basal cell carcinoma and squamous cell carcinoma. <\/a>J Invest Dermatol. 2017 Apr 13. pii: S0022-202X(17)31412-4. doi: 10.1016\/j.jid.2017.03.027.<\/p>\n<p>Rundle A, <em>et al.<\/em> <a href=\"https:\/\/www.ncbi.nlm.nih.gov\/pubmed\/28349547\">Larger men have larger prostates: Detection bias in epidemiologic studies of obesity and prostate cancer risk.<\/a> Prostate. 2017 Mar 27. doi: 10.1002\/pros.23350.<\/p>\n<p>Wirtz HS et al. <a href=\"https:\/\/www.ncbi.nlm.nih.gov\/pubmed\/28338879\">Evidence for Detection Bias by Medication Use in a Cohort Study of Breast Cancer Survivors<\/a>. Am J Epidemiol (2017) 185 (8): 661-72.<\/p>\n<p>&nbsp;<\/p>\n<p><strong>Essa fonte \u00e9 recuperada dinamicamente a partir do PubMed: <\/strong><\/p>\n<p>Johansson M, Brodersen J, G\u00f8tzsche PC, J\u00f8rgensen KJ. <a href=\"https:\/\/www.ncbi.nlm.nih.gov\/pubmed\/31157404?dopt=Abstract\">Screening for reducing morbidity and mortality in malignant melanoma. <\/a><\/p>\n<p>&nbsp;<\/p>\n<p><strong>Leia mais: <\/strong><a href=\"https:\/\/www.ncbi.nlm.nih.gov\/pubmed?term=systematic%5Bsb%5D%20AND%20(%22detection%20bias%22)\">https:\/\/www.ncbi.nlm.nih.gov\/pubmedterm=systematic%5Bsb%5D%20AND%20(%22detection%20bias%22)<\/a><\/p>\n<p>&nbsp;[\/vc_column_text][\/vc_column][\/vc_row]<\/p>\n<\/div>","protected":false},"excerpt":{"rendered":"<p>[vc_row bg_type=&#8221;bg_color&#8221; css=&#8221;.vc_custom_1572747881603{padding-top: 10px !important;padding-bottom: 10px !important;}&#8221; bg_color_value=&#8221;#f7f7f7&#8243;][vc_column width=&#8221;1\/3&#8243;][vc_column_text]Nome original do vi\u00e9s:\u00a0 Detection bias[\/vc_column_text][\/vc_column][vc_column width=&#8221;1\/3&#8243;][vc_column_text]Tradutor: Ana Luiza Cabrera Martimbianco Primeiro revisor: Rafael Leite Pacheco Segundo revisor: Rachel Riera[\/vc_column_text][\/vc_column][\/vc_row][vc_row][vc_column][vc_separator][\/vc_column][\/vc_row][vc_row][vc_column][vc_column_text] Diferen\u00e7as sistem\u00e1ticas entre grupos com rela\u00e7\u00e3o a como os desfechos s\u00e3o determinados. &nbsp; Introdu\u00e7\u00e3o Um teste ou tratamento para uma doen\u00e7a pode ter um desempenho diferente de&hellip;<\/p>\n","protected":false},"author":1,"featured_media":0,"parent":0,"menu_order":0,"comment_status":"closed","ping_status":"closed","template":"","meta":{"footnotes":""},"class_list":["post-1410","page","type-page","status-publish","hentry","description-off"],"_links":{"self":[{"href":"https:\/\/oxfordbrazilebm.com\/index.php\/wp-json\/wp\/v2\/pages\/1410","targetHints":{"allow":["GET"]}}],"collection":[{"href":"https:\/\/oxfordbrazilebm.com\/index.php\/wp-json\/wp\/v2\/pages"}],"about":[{"href":"https:\/\/oxfordbrazilebm.com\/index.php\/wp-json\/wp\/v2\/types\/page"}],"author":[{"embeddable":true,"href":"https:\/\/oxfordbrazilebm.com\/index.php\/wp-json\/wp\/v2\/users\/1"}],"replies":[{"embeddable":true,"href":"https:\/\/oxfordbrazilebm.com\/index.php\/wp-json\/wp\/v2\/comments?post=1410"}],"version-history":[{"count":2,"href":"https:\/\/oxfordbrazilebm.com\/index.php\/wp-json\/wp\/v2\/pages\/1410\/revisions"}],"predecessor-version":[{"id":1414,"href":"https:\/\/oxfordbrazilebm.com\/index.php\/wp-json\/wp\/v2\/pages\/1410\/revisions\/1414"}],"wp:attachment":[{"href":"https:\/\/oxfordbrazilebm.com\/index.php\/wp-json\/wp\/v2\/media?parent=1410"}],"curies":[{"name":"wp","href":"https:\/\/api.w.org\/{rel}","templated":true}]}}