{"id":1334,"date":"2019-11-07T15:29:45","date_gmt":"2019-11-07T15:29:45","guid":{"rendered":"http:\/\/oxfordbrazilebm.com\/?page_id=1334"},"modified":"2019-11-09T23:50:28","modified_gmt":"2019-11-09T23:50:28","slug":"vies-da-teoria-dominante","status":"publish","type":"page","link":"https:\/\/oxfordbrazilebm.com\/index.php\/vies-da-teoria-dominante\/","title":{"rendered":"Vi\u00e9s da teoria dominante"},"content":{"rendered":"<div class=\"wpb-content-wrapper\"><p>[vc_row bg_type=&#8221;bg_color&#8221; css=&#8221;.vc_custom_1572747881603{padding-top: 10px !important;padding-bottom: 10px !important;}&#8221; bg_color_value=&#8221;#f7f7f7&#8243;][vc_column width=&#8221;1\/3&#8243;][vc_column_text]<b>Nome original do vi\u00e9s: <\/b>All&#8217;s well literature bias[\/vc_column_text][\/vc_column][vc_column width=&#8221;1\/3&#8243;][vc_column_text]<strong>Tradutores: <\/strong>Regis Vieira \/ Carolina de Oliveira Cruz Latorraca<\/p>\n<p><strong>Primeiro revisor:<\/strong> Rafael Leite Pacheco<\/p>\n<p><strong>Segundo revisor: <\/strong>Rachel Riera[\/vc_column_text][\/vc_column][\/vc_row][vc_row][vc_column]<div class=\"ult-spacer spacer-69f0c07ba4688\" data-id=\"69f0c07ba4688\" data-height=\"30\" data-height-mobile=\"30\" data-height-tab=\"30\" data-height-tab-portrait=\"\" data-height-mobile-landscape=\"\" style=\"clear:both;display:block;\"><\/div>[vc_separator]<div class=\"ult-spacer spacer-69f0c07ba46a9\" data-id=\"69f0c07ba46a9\" data-height=\"30\" data-height-mobile=\"30\" data-height-tab=\"30\" data-height-tab-portrait=\"\" data-height-mobile-landscape=\"\" style=\"clear:both;display:block;\"><\/div>[\/vc_column][\/vc_row][vc_row][vc_column][vc_column_text]<\/p>\n<p style=\"text-align: justify;\">Ocorre quando as publica\u00e7\u00f5es omitem ou minimizam controv\u00e9rsias ou resultados d\u00edspares.<\/p>\n<p style=\"text-align: justify;\">\n<p style=\"text-align: justify;\"><strong>Introdu\u00e7\u00e3o<\/strong><\/p>\n<p style=\"text-align: justify;\">O vi\u00e9s de teoria dominante se refere a situa\u00e7\u00f5es em que existe um vi\u00e9s sobre teorias dominantes que, de alguma forma, impedem que evid\u00eancias de teorias opostas sejam publicadas. O mecanismo por meio do qual isso pode acontecer n\u00e3o est\u00e1 claro, mas imagina-se que isso ocorra de forma inconsciente, ou consciente por aqueles que t\u00eam interesse em manter a teoria atual como dominante.<\/p>\n<p style=\"text-align: justify;\">\n<p style=\"text-align: justify;\">\n<p style=\"text-align: justify;\"><strong>Exemplos<\/strong><\/p>\n<p style=\"text-align: justify;\">\n<table>\n<tbody>\n<tr>\n<td width=\"566\">\n<p>&#8230;.. <em>(b) O vi\u00e9s de teoria dominante. Sociedades profissionais ou cient\u00edficas podem publicar relatos ou editoriais que omitem ou minimizam controv\u00e9rsias ou resultados diferentes. Por exemplo, o debate sobre o &#8216;controle&#8217; e as complica\u00e7\u00f5es do diabetes, mostrado nos editoriais do New England J Med 294: 1004, 1976 e 296: 1228-1229, 1977.<\/em><\/p>\n<p><em>Sackett DL. Bias in Analytical Research<\/em><\/td>\n<\/tr>\n<\/tbody>\n<\/table>\n<p style=\"text-align: justify;\">\n<p style=\"text-align: justify;\">Sackett estava se referindo aos editoriais que podem ser um reposit\u00f3rio do vi\u00e9s de teoria dominante devido \u00e0 predomin\u00e2ncia de uma opini\u00e3o.<\/p>\n<p style=\"text-align: justify;\">\n<p style=\"text-align: justify;\">No exemplo do NEJM, por quase 50 anos, desde que o tratamento com insulina foi iniciado, proponentes de abordagem terap\u00eauticas de controle &#8216;r\u00edgido&#8217;, &#8216;firme&#8217; ou &#8216;qu\u00edmico&#8217; da glicemia citavam evid\u00eancias retrospectivas sobre diminui\u00e7\u00e3o ou retardo do desenvolvimento de nefropatia e retinopatia quando os n\u00edveis de glicose eram normalizados pelo uso dessa abordagem. Profissionais com opini\u00f5es opostas a essas apontavam para as complica\u00e7\u00f5es apresentadas em muitos desses pacientes. (Cahill 1976)<\/p>\n<p style=\"text-align: justify;\">\n<p style=\"text-align: justify;\"><strong>Impacto<\/strong><\/p>\n<p style=\"text-align: justify;\">At\u00e9 onde sabemos, n\u00e3o existem estudos avaliando formalmente o impacto deste vi\u00e9s. N\u00f3s consideramos que sua natureza subjetiva fa\u00e7a com que ele seja dif\u00edcil de ser quantificado. Artigos individuais, por\u00e9m, podem ter o potencial de ter implica\u00e7\u00f5es significativas em pol\u00edticas e pr\u00e1ticas em sa\u00fade.<\/p>\n<p style=\"text-align: justify;\">\n<p style=\"text-align: justify;\"><strong>Passos para preven\u00e7\u00e3o<\/strong><\/p>\n<p style=\"text-align: justify;\">Mecanismos para apoiar submiss\u00f5es de publica\u00e7\u00f5es de diferentes autores, praticar revis\u00f5es por pares justas, evitar nepotismos e evitar conflitos, devem ajudar a prevenir esse vi\u00e9s.<\/p>\n<p>[\/vc_column_text][\/vc_column][\/vc_row][vc_row][vc_column]<div class=\"ult-spacer spacer-69f0c07ba46b9\" data-id=\"69f0c07ba46b9\" data-height=\"30\" data-height-mobile=\"30\" data-height-tab=\"30\" data-height-tab-portrait=\"\" data-height-mobile-landscape=\"\" style=\"clear:both;display:block;\"><\/div>[vc_separator]<div class=\"ult-spacer spacer-69f0c07ba46c6\" data-id=\"69f0c07ba46c6\" data-height=\"30\" data-height-mobile=\"30\" data-height-tab=\"30\" data-height-tab-portrait=\"\" data-height-mobile-landscape=\"\" style=\"clear:both;display:block;\"><\/div>[\/vc_column][\/vc_row][vc_row bg_type=&#8221;bg_color&#8221; bg_color_value=&#8221;#f7f7f7&#8243; css=&#8221;.vc_custom_1572747847655{padding-top: 20px !important;padding-bottom: 20px !important;}&#8221;][vc_column][vc_column_text]<strong>Link para o original: <\/strong><u><a href=\"https:\/\/catalogofbias.org\/biases\/alls-well-literature-bias\/\">https:\/\/catalogofbias.org\/biases\/alls-well-literature-bias\/<\/a><\/u><\/p>\n<p><strong>\u00a0<\/strong><\/p>\n<p><strong>Deve ser citado como: <\/strong>Catalogue of Bias Collaboration. Spencer EA, Heneghan C. All\u2019s well literature bias. In: Catalogue Of Biases 2018: <a href=\"http:\/\/www.catalogueofbiases.org\/biases\/allswellliteraturebias\">www.catalogueofbiases.org\/biases\/allswellliteraturebias<\/a><\/p>\n<p><strong>\u00a0<\/strong><\/p>\n<p><strong>Fontes:<\/strong><\/p>\n<p>Sackett DL. <u><a href=\"http:\/\/www.jameslindlibrary.org\/sackett-dl-1979\/\">Bias in analytic research.<\/a><\/u> J Chron Dis 1979; 32: 51-63.<\/p>\n<p>Cahill GF Jr, Etzwiler LD, Freinkel N. <u><a href=\"https:\/\/www.ncbi.nlm.nih.gov\/pubmed\/1256496\">Editorial: \u201cControl\u201d and diabetes. <\/a><\/u>N Engl J Med. 1976 Apr 29;294(18):1004-5. No abstract available.[\/vc_column_text][\/vc_column][\/vc_row]<\/p>\n<\/div>","protected":false},"excerpt":{"rendered":"<p>[vc_row bg_type=&#8221;bg_color&#8221; css=&#8221;.vc_custom_1572747881603{padding-top: 10px !important;padding-bottom: 10px !important;}&#8221; bg_color_value=&#8221;#f7f7f7&#8243;][vc_column width=&#8221;1\/3&#8243;][vc_column_text]Nome original do vi\u00e9s: All&#8217;s well literature bias[\/vc_column_text][\/vc_column][vc_column width=&#8221;1\/3&#8243;][vc_column_text]Tradutores: Regis Vieira \/ Carolina de Oliveira Cruz Latorraca Primeiro revisor: Rafael Leite Pacheco Segundo revisor: Rachel Riera[\/vc_column_text][\/vc_column][\/vc_row][vc_row][vc_column][vc_separator][\/vc_column][\/vc_row][vc_row][vc_column][vc_column_text] Ocorre quando as publica\u00e7\u00f5es omitem ou minimizam controv\u00e9rsias ou resultados d\u00edspares. Introdu\u00e7\u00e3o O vi\u00e9s de teoria dominante se refere a situa\u00e7\u00f5es&hellip;<\/p>\n","protected":false},"author":1,"featured_media":0,"parent":0,"menu_order":0,"comment_status":"closed","ping_status":"closed","template":"","meta":{"footnotes":""},"class_list":["post-1334","page","type-page","status-publish","hentry","description-off"],"_links":{"self":[{"href":"https:\/\/oxfordbrazilebm.com\/index.php\/wp-json\/wp\/v2\/pages\/1334","targetHints":{"allow":["GET"]}}],"collection":[{"href":"https:\/\/oxfordbrazilebm.com\/index.php\/wp-json\/wp\/v2\/pages"}],"about":[{"href":"https:\/\/oxfordbrazilebm.com\/index.php\/wp-json\/wp\/v2\/types\/page"}],"author":[{"embeddable":true,"href":"https:\/\/oxfordbrazilebm.com\/index.php\/wp-json\/wp\/v2\/users\/1"}],"replies":[{"embeddable":true,"href":"https:\/\/oxfordbrazilebm.com\/index.php\/wp-json\/wp\/v2\/comments?post=1334"}],"version-history":[{"count":2,"href":"https:\/\/oxfordbrazilebm.com\/index.php\/wp-json\/wp\/v2\/pages\/1334\/revisions"}],"predecessor-version":[{"id":1378,"href":"https:\/\/oxfordbrazilebm.com\/index.php\/wp-json\/wp\/v2\/pages\/1334\/revisions\/1378"}],"wp:attachment":[{"href":"https:\/\/oxfordbrazilebm.com\/index.php\/wp-json\/wp\/v2\/media?parent=1334"}],"curies":[{"name":"wp","href":"https:\/\/api.w.org\/{rel}","templated":true}]}}